{"id":3142,"date":"2022-02-17T16:17:42","date_gmt":"2022-02-17T16:17:42","guid":{"rendered":"http:\/\/ipls.org\/projekte\/alleyesonjustice\/?page_id=3142"},"modified":"2022-02-17T16:17:42","modified_gmt":"2022-02-17T16:17:42","slug":"masa-1-2-3","status":"publish","type":"page","link":"https:\/\/ipls.org\/projekte\/alleyesonjustice\/qellimi-i-politikes-1\/objektivi-specifik-1-2\/masa-1-2-3\/","title":{"rendered":"Masa 1.2.3"},"content":{"rendered":"<p>[vc_row][vc_column hide_bg_image_on_tablet=&#8221;&#8221; hide_bg_image_on_mobile=&#8221;&#8221; icons_position=&#8221;left&#8221; css=&#8221;.vc_custom_1509966252982{margin-top: -0.4rem !important;}&#8221;][vc_column_text]<\/p>\n<h2><a name=\"_Toc77083928\"><\/a><a name=\"_Toc77151005\"><\/a><strong>Masa 1.2.3<\/strong><\/h2>\n<p>\u201c<em>Finalizimi i rishikimit t<\/em><em>\u00eb<\/em><em> kuadrit ligjor lidhur me qeverisjen e drejt<\/em><em>\u00eb<\/em><em>sis<\/em><em>\u00eb<\/em><em> bazuar n<\/em><em>\u00eb<\/em><em> komponentin e lidhur me KLGJ, konsultimi dhe miratimi i akteve\u201d.<\/em><\/p>\n<p>Kjo mas\u00eb parashikon rishikimin, pas nj\u00eb pro\u00e7esi analize lidhur me statusin dhe struktur\u00ebn qeveris\u00ebse t\u00eb KLGj<a href=\"#_ftn1\" name=\"_ftnref1\"><sup>[1]<\/sup><\/a>, e kuadrit ligjor lidhur me funksionet dhe p\u00ebrgjegj\u00ebsit\u00eb q\u00eb ka KLGj n\u00eb p\u00ebrmbushje t\u00eb misionit t\u00eb saj p\u00ebr t\u00eb mir\u00ebqeverisur sistemin gjyq\u00ebsor n\u00eb Shqip\u00ebri. Gjithashtu kjo mas\u00eb parashikon edhe konsultimin dhe miratimin e akteve t\u00eb reja q\u00eb do t\u00eb vijn\u00eb si rrjedhoj\u00eb e k\u00ebtij procesi. Pra, kjo mas\u00eb parashikon tre veprimtari t\u00eb nj\u00ebpasnj\u00ebshme: e para, finalizimin e rishikimit t\u00eb kuadrit ligjor, q\u00eb do t\u00eb thot\u00eb sigurimin e nj\u00eb vendimmarrjeje t\u00eb brendshme lidhur me analiz\u00ebn dhe rezultatet\/propozimet e dala prej saj, t\u00eb cilat do t\u00eb duhet t\u00eb ken\u00eb parashikuar ndryshimet konkrete n\u00eb ligj dhe rregullore; e dyta, realizimin e nj\u00eb pro\u00e7esi konsultimi me aktor\u00eb t\u00eb p\u00ebrfshir\u00eb n\u00eb proces q\u00eb plani i veprimit i SND II nuk i detajon; dhe e treta, miratimi i ndryshimeve t\u00eb akteve apo i akteve t\u00eb reja.<\/p>\n<p>Ve\u00e7an\u00ebrisht p\u00ebr dy veprimtarit\u00eb e fundit t\u00eb parashikuara n\u00eb k\u00ebt\u00eb mas\u00eb, konsultimin dhe miratimin e akteve, duke qen\u00eb se n\u00eb rezultatin dhe objektivin nga buron kjo mas\u00eb parashikohet edhe ndryshimi i ligjit q\u00eb prek KLGj-n\u00eb, masa duhet t\u00eb kishte parashikuar s\u00eb paku Ministrin\u00eb e Drejt\u00ebsis\u00eb, por edhe Kuvendin gjithashtu. Vet\u00eb ligji 115\/2016, n\u00eb nenet 71 dhe 93 t\u00eb tij, parashikon dy raste bashk\u00ebpunimi nd\u00ebrmjet Ministris\u00eb s\u00eb Drejt\u00ebsis\u00eb dhe K\u00ebshillit t\u00eb Lart\u00ebGjyq\u00ebsor. Konkretisht, ligji parashikon se Ministri i Drejte\u0308sise\u0308 koordinon zhvillimin dhe zbatimin e politikave shtete\u0308rore dhe te\u0308 strategjise\u0308 sektoriale te\u0308 sektorit te\u0308 drejte\u0308sise\u0308 dhe e\u0308shte\u0308 pe\u0308rgjegje\u0308s pe\u0308r pe\u0308rgatitjen e projektakteve ligjore ne\u0308 fushe\u0308n e drejte\u0308sise\u0308, pe\u0308r te\u0308 cilat merr edhe mendimin e Ke\u0308shillit te\u0308 Larte\u0308 Gjyqe\u0308sor. Gjithashtu, ligji parashikon se Ke\u0308shilli i Larte\u0308 Gjyqe\u0308sor bashke\u0308punon me Ministrin e Drejte\u0308sise\u0308 pe\u0308r te\u0308 siguruar pe\u0308rputhjen e planeve strategjike dhe buxhetore te\u0308 sistemit gjyqe\u0308sor, te\u0308 miratuara nga Ke\u0308shilli, me politikat shtete\u0308rore dhe strategjine\u0308 sektoriale te\u0308 sektorit te\u0308 drejte\u0308sise\u0308. Konkretisht, KLGj: a) shqyrton funksionimin e rregullave te\u0308 procedure\u0308s gjyqe\u0308sore civile, penale ose administrative; b) be\u0308n rekomandime pe\u0308r ndryshimin e rregullave te\u0308 procedure\u0308s gjyqe\u0308sore civile, penale ose administrative; c) jep pe\u0308rgjigje pe\u0308r ke\u0308rkesat e ardhura nga ministrat pe\u0308r te\u0308 dhe\u0308ne\u0308 mendim mbi nje\u0308 projektligj ose ndonje\u0308 c\u0327e\u0308shtje tjete\u0308r qe\u0308 mund te\u0308 ndikoje\u0308 mbi sistemin gjyqe\u0308sor ose gjykatat; dhe c\u0327) mund te\u0308 jape\u0308 mendim mbi nje\u0308 projektligj ose ndonje\u0308 c\u0327e\u0308shtje tjete\u0308r qe\u0308 mund te\u0308 ndikoje\u0308 mbi sistemin gjyqe\u0308sor ose gjykatat, duke ia drejtuar nje\u0308 ministri ose ndonje\u0308 organi tjete\u0308r. Si p\u00ebrfundim, KLGj i propozon Ministrit te\u0308 Drejte\u0308sise\u0308 ushtrimin e nisme\u0308s pe\u0308r ndryshime ligjore ne\u0308 lidhje me c\u0327do c\u0327e\u0308shtje qe\u0308 e\u0308shte\u0308 ne\u0308n pe\u0308rgjegje\u0308sine\u0308 e tij.<\/p>\n<p>Vlen t\u00eb theksohet se edhe sipas instrumentit IPA III (2021-2027), p\u00ebr an\u00ebtar\u00ebsimin e Shqip\u00ebris\u00eb n\u00eb Bashkimin Evropian, ku parashikohen detyrimet e shtetit shqiptar t\u00eb lidhura me financimin q\u00eb b\u00ebhet nga fondet e BE, p\u00ebr KLGj dhe KLP parashikohet se ato do t\u00eb duhet t\u00eb forcojn\u00eb kapacitetet p\u00ebr rregullat q\u00eb ato krijojn\u00eb dhe zbatojn\u00eb p\u00ebr zhvillimin e karrier\u00ebs, nd\u00ebrsa p\u00ebr c\u00ebshtje t\u00eb analiz\u00ebs dhe ndryshimeve t\u00eb legjislacionit parashikohet forcimi i kapaciteteve t\u00eb Ministris\u00eb s\u00eb Drejt\u00ebsis\u00eb.<\/p>\n<p>P\u00ebr k\u00ebt\u00eb mas\u00eb nuk parashikohet indikator, por monitorim me an\u00eb t\u00eb raportimit nga institucioni p\u00ebrgjegj\u00ebs.<\/p>\n<p><strong><em>Konkluzion: <\/em><\/strong><em>Kjo mas<\/em><em>\u00eb<\/em><em> e p<\/em><em>\u00eb<\/em><em>rmbush rezultatin, <\/em><em>\u00eb<\/em><em>sht<\/em><em>\u00eb<\/em><em> n<\/em><em>\u00eb<\/em><em> linj<\/em><em>\u00eb<\/em><em> t<\/em><em>\u00eb<\/em><em> objektivit specifik t<\/em><em>\u00eb<\/em><em> vendosur, por ka nevoj<\/em><em>\u00eb<\/em><em> p<\/em><em>\u00eb<\/em><em>r plot<\/em><em>\u00eb<\/em><em>simin e institucioneve, t<\/em><em>\u00eb<\/em><em> cilat do t<\/em><em>\u00eb<\/em><em> duhet t<\/em><em>\u00eb<\/em><em> marrin pjes<\/em><em>\u00eb<\/em><em> n<\/em><em>\u00eb<\/em><em> k<\/em><em>\u00eb<\/em><em>t<\/em><em>\u00eb<\/em><em> mas<\/em><em>\u00eb<\/em><em>. Q<\/em><em>\u00eb<\/em><em> masa t<\/em><em>\u00eb<\/em><em> mund t<\/em><em>\u00eb<\/em><em> realizohet nuk mjafton vet<\/em><em>\u00eb<\/em><em>m puna e KLGj-s<\/em><em>\u00eb<\/em><em>, e cila <\/em><em>\u00eb<\/em><em>sht<\/em><em>\u00eb<\/em><em> p<\/em><em>\u00eb<\/em><em>rgjegj<\/em><em>\u00eb<\/em><em>se vet<\/em><em>\u00eb<\/em><em>m p<\/em><em>\u00eb<\/em><em>r fazat e para, ato t<\/em><em>\u00eb<\/em><em> studimit, analizimit dhe propozimit\/k<\/em><em>\u00eb<\/em><em>shillimit, por duhet t<\/em><em>\u00eb<\/em><em> zgjidhen detyrat konkrete t<\/em><em>\u00eb<\/em><em>institucioneve t<\/em><em>\u00eb<\/em><em> tjera t<\/em><em>\u00eb<\/em><em> p<\/em><em>\u00eb<\/em><em>rfshira. N<\/em><em>\u00eb<\/em><em>se masa <\/em><em>\u00eb<\/em><em>sht<\/em><em>\u00eb<\/em><em> realizuar apo jo, kjo do t<\/em><em>\u00eb<\/em><em> duhet t<\/em><em>\u00eb<\/em><em> k<\/em><em>\u00eb<\/em><em>rkohet nga disa institucione nj<\/em><em>\u00eb<\/em><em>her<\/em><em>\u00eb<\/em><em>sh (MD dhe Kuvendi)<\/em>.<\/p>\n<p><a href=\"#_ftnref1\" name=\"_ftn1\">[1]<\/a>Plani i veprimit t\u00eb SND II, masa 1.2.1 dhe 1.2.2;[\/vc_column_text][\/vc_column][\/vc_row][vc_row][vc_column icons_position=&#8221;left&#8221;][vc_separator][\/vc_column][\/vc_row]<\/p>\n","protected":false},"excerpt":{"rendered":"<p>[vc_row][vc_column hide_bg_image_on_tablet=&#8221;&#8221; hide_bg_image_on_mobile=&#8221;&#8221; icons_position=&#8221;left&#8221; css=&#8221;.vc_custom_1509966252982{margin-top: -0.4rem !important;}&#8221;][vc_column_text] Masa 1.2.3 \u201cFinalizimi i rishikimit t\u00eb kuadrit ligjor lidhur me qeverisjen e drejt\u00ebsis\u00eb bazuar n\u00eb komponentin e lidhur me KLGJ, konsultimi dhe miratimi i akteve\u201d. Kjo mas\u00eb parashikon rishikimin, pas nj\u00eb pro\u00e7esi analize lidhur me statusin dhe struktur\u00ebn qeveris\u00ebse t\u00eb KLGj[1], e kuadrit ligjor lidhur me funksionet dhe p\u00ebrgjegj\u00ebsit\u00eb q\u00eb ka KLGj n\u00eb&hellip;<\/p>\n","protected":false},"author":1,"featured_media":0,"parent":3133,"menu_order":0,"comment_status":"closed","ping_status":"closed","template":"","meta":{"footnotes":""},"class_list":["post-3142","page","type-page","status-publish","hentry"],"_links":{"self":[{"href":"https:\/\/ipls.org\/projekte\/alleyesonjustice\/wp-json\/wp\/v2\/pages\/3142","targetHints":{"allow":["GET"]}}],"collection":[{"href":"https:\/\/ipls.org\/projekte\/alleyesonjustice\/wp-json\/wp\/v2\/pages"}],"about":[{"href":"https:\/\/ipls.org\/projekte\/alleyesonjustice\/wp-json\/wp\/v2\/types\/page"}],"author":[{"embeddable":true,"href":"https:\/\/ipls.org\/projekte\/alleyesonjustice\/wp-json\/wp\/v2\/users\/1"}],"replies":[{"embeddable":true,"href":"https:\/\/ipls.org\/projekte\/alleyesonjustice\/wp-json\/wp\/v2\/comments?post=3142"}],"version-history":[{"count":1,"href":"https:\/\/ipls.org\/projekte\/alleyesonjustice\/wp-json\/wp\/v2\/pages\/3142\/revisions"}],"predecessor-version":[{"id":3143,"href":"https:\/\/ipls.org\/projekte\/alleyesonjustice\/wp-json\/wp\/v2\/pages\/3142\/revisions\/3143"}],"up":[{"embeddable":true,"href":"https:\/\/ipls.org\/projekte\/alleyesonjustice\/wp-json\/wp\/v2\/pages\/3133"}],"wp:attachment":[{"href":"https:\/\/ipls.org\/projekte\/alleyesonjustice\/wp-json\/wp\/v2\/media?parent=3142"}],"curies":[{"name":"wp","href":"https:\/\/api.w.org\/{rel}","templated":true}]}}