{"id":3149,"date":"2022-02-17T16:25:27","date_gmt":"2022-02-17T16:25:27","guid":{"rendered":"http:\/\/ipls.org\/projekte\/alleyesonjustice\/?page_id=3149"},"modified":"2022-02-17T16:25:27","modified_gmt":"2022-02-17T16:25:27","slug":"masa-1-2-7","status":"publish","type":"page","link":"https:\/\/ipls.org\/projekte\/alleyesonjustice\/qellimi-i-politikes-1\/objektivi-specifik-1-2\/masa-1-2-7\/","title":{"rendered":"Masa 1.2.7"},"content":{"rendered":"<p>[vc_row][vc_column hide_bg_image_on_tablet=&#8221;&#8221; hide_bg_image_on_mobile=&#8221;&#8221; icons_position=&#8221;left&#8221; css=&#8221;.vc_custom_1509966252982{margin-top: -0.4rem !important;}&#8221;][vc_column_text]<\/p>\n<h2><a name=\"_Toc77083928\"><\/a><a name=\"_Toc77151005\"><\/a><strong>Masa 1.2.7<\/strong><\/h2>\n<p><em>\u201c<\/em><em>Finalizimi i rishikimit t<\/em><em>\u00eb<\/em><em> kuadrit ligjor t<\/em><em>\u00eb<\/em><em> lidhur me qeverisjen e drejt<\/em><em>\u00eb<\/em><em>sis<\/em><em>\u00eb<\/em><em> bazuar n<\/em><em>\u00eb<\/em><em> komponentin e lidhur me KLP<\/em><em>\u201d<\/em>.<\/p>\n<p>Kjo mas\u00eb ka t\u00eb nj\u00ebjtin formulim si masa e parashikuar p\u00ebr KLGj dhe kalon n\u00eb t\u00eb nj\u00ebjtin proces analize, parashikuara n\u00eb masat 1.2.5 dhe 1.2.6, sic parashikohet p\u00ebr KLGj. K\u00ebshtu, edhe n\u00eb rastin e KLP parashikohet rishikimi i statusit dhe struktur\u00ebs qeveris\u00ebse t\u00eb KLP, t\u00eb kuadrit ligjor lidhur me funksionet dhe p\u00ebrgjegj\u00ebsit\u00eb q\u00eb ka KLP n\u00eb p\u00ebrmbushje t\u00eb misionit t\u00eb saj p\u00ebr t\u00eb mir\u00ebqeverisur sistemin e prokuroris\u00eb n\u00eb Shqip\u00ebri. Gjithashtu kjo mas\u00eb parashikon edhe konsultimin dhe miratimin e akteve t\u00eb reja q\u00eb do t\u00eb vijn\u00eb si rrjedhoj\u00eb e k\u00ebtij procesi.<\/p>\n<p>P\u00ebr c\u00ebshtjet e vendimmarrjeve t\u00eb brendshme t\u00eb institucionit (struktur\u00eb, organik\u00eb dhe akte t\u00eb KLP-s\u00eb), kjo mas\u00eb\u00ebsht\u00eb e plot\u00eb dhe e qart\u00eb, pasi KLP mund dhe ka p\u00ebr detyr\u00eb t\u2019i \u00e7moj\u00eb vet\u00eb k\u00ebto element\u00eb sesa p\u00ebrputhen me nocionin e mir\u00ebqeverisjes, q\u00eb p\u00ebrfshin veprimin e KLP n\u00eb kushtet e transparenc\u00ebs, pavar\u00ebsis\u00eb, llogaridh\u00ebnies, etj.\u00a0 P\u00ebr \u00e7\u00ebshtjet q\u00eb lidhen me ndryshimet ligjore, kjo mas\u00eb, do t\u00eb duhet t\u00eb kishte parashikuar si institucion p\u00ebrgjegj\u00ebs, s\u00eb paku, Ministrin\u00eb e Drejt\u00ebsis\u00eb dhe Kuvendin. Vet\u00eb ligji 115\/2016, n\u00eb nenet 169 dhe 187, parashikon se \u00ebsht\u00ebMinistri i Drejte\u0308sise\u0308 institucioni pe\u0308rgjegje\u0308s pe\u0308r pe\u0308rgatitjen e projektakteve ligjore ne\u0308 fushe\u0308n e drejte\u0308sise\u0308 penale pasi ka marre\u0308 mendimin e Ke\u0308shillit te\u0308 Larte\u0308 te\u0308 Prokurorise\u0308. KLP nxjerr dhe miraton akte administrative individuale, ne\u0308 lidhje me statusin profesional te\u0308 prokurore\u0308ve te\u0308 vec\u0327ante\u0308 ose te\u0308 zyrtare\u0308ve te\u0308 vec\u0327ante\u0308 te\u0308 administrate\u0308s gjyqe\u0308sore; akte administrative kolektive, ne\u0308lidhje me statusin e te\u0308 gjithe\u0308 prokurore\u0308ve ose zyrtare\u0308ve te\u0308 administrate\u0308s gjyqe\u0308sore; akte normative ne\u0308nligjore, ne\u0308 zbatim te\u0308 ke\u0308tij ligji ose te\u0308 ligjeve te\u0308 tjera, me efekt te\u0308 pe\u0308rgjithshe\u0308m detyrues mbi te\u0308 gjithe\u0308 prokurore\u0308t, administrate\u0308n e prokurorise\u0308, personat private\u0308 dhe organet publike, si dhe akte pe\u0308r miratimin e rregullave te\u0308 brendshme procedurale. Ne\u0308 vec\u0327anti, rregullat procedurale mund te\u0308 pe\u0308rfshijne\u0308 dispozita ne\u0308 lidhje me koordinimin e veprimtarise\u0308 se\u0308 komisioneve, angazhimin e eksperte\u0308ve ne\u0308 pune\u0308n e Ke\u0308shillit, shpe\u0308rndarjen dhe ndarjen e pe\u0308rgjegje\u0308sive te\u0308 administrate\u0308s se\u0308 Ke\u0308shillit, kuorumin e nevojshe\u0308m pe\u0308r mbledhjet e komisioneve, rregulla pe\u0308r publikimin e informacioneve pe\u0308r procedimet e Ke\u0308shillit, etj.<\/p>\n<p>N\u00eb analiz\u00ebn q\u00eb do t\u2019i b\u00ebhet zbatimit ose jo t\u00eb mas\u00ebs do t\u00eb duhet t\u00eb merren parasysh vet\u00ebm k\u00ebto akte, q\u00eb jan\u00eb tag\u00ebr i drejtp\u00ebrdrejt\u00eb i KLP-s\u00eb. P\u00ebr c\u00ebshtjet e tjera q\u00eb lidhen me ligjin, do t\u00eb duhet t\u00eb parashikohen MD dhe Kuvendi.<\/p>\n<p><strong><em>Konkluzion<\/em><\/strong><em>: <\/em><em>Kjo mas<\/em><em>\u00eb<\/em><em> e p<\/em><em>\u00eb<\/em><em>rmbush rezultatin, <\/em><em>\u00eb<\/em><em>sht<\/em><em>\u00eb<\/em><em> n<\/em><em>\u00eb<\/em><em> linj<\/em><em>\u00eb<\/em><em> t<\/em><em>\u00eb<\/em><em> objektivit specifik t<\/em><em>\u00eb<\/em><em> vendosur, por ka nevoj<\/em><em>\u00eb<\/em><em> p<\/em><em>\u00eb<\/em><em>r plot<\/em><em>\u00eb<\/em><em>simin e institucioneve, t<\/em><em>\u00eb<\/em><em> cilat do t<\/em><em>\u00eb<\/em><em> duhet t<\/em><em>\u00eb<\/em><em> marrin pjes<\/em><em>\u00eb<\/em><em> n<\/em><em>\u00eb<\/em><em> k<\/em><em>\u00eb<\/em><em>t<\/em><em>\u00eb<\/em><em> mas<\/em><em>\u00eb<\/em><em>. Q<\/em><em>\u00eb<\/em><em> masa t<\/em><em>\u00eb<\/em><em> mund t<\/em><em>\u00eb<\/em><em> realizohet nuk mjafton vet<\/em><em>\u00eb<\/em><em>m puna e KLP-s<\/em><em>\u00eb<\/em><em>, e cila <\/em><em>\u00eb<\/em><em>sht<\/em><em>\u00eb<\/em><em> p<\/em><em>\u00eb<\/em><em>rgjegj<\/em><em>\u00eb<\/em><em>se vet<\/em><em>\u00eb<\/em><em>m p<\/em><em>\u00eb<\/em><em>r fazat e para, ato t<\/em><em>\u00eb<\/em><em> studimit, analizimit dhe propozimit\/k<\/em><em>\u00eb<\/em><em>shillimit, por duhet t<\/em><em>\u00eb<\/em><em> zgjidhen detyrat konkrete t<\/em><em>\u00eb<\/em><em>institucioneve t<\/em><em>\u00eb<\/em><em> tjera t<\/em><em>\u00eb<\/em><em> p<\/em><em>\u00eb<\/em><em>rfshira. N<\/em><em>\u00eb<\/em><em>se masa <\/em><em>\u00eb<\/em><em>sht<\/em><em>\u00eb<\/em><em> realizuar apo jo, kjo do t<\/em><em>\u00eb<\/em><em> duhet t<\/em><em>\u00eb<\/em><em> k<\/em><em>\u00eb<\/em><em>rkohet nga disa institucione nj<\/em><em>\u00eb<\/em><em>her<\/em><em>\u00eb<\/em><em>sh (MD dhe Kuvendi)<\/em>.[\/vc_column_text][\/vc_column][\/vc_row][vc_row][vc_column icons_position=&#8221;left&#8221;][vc_separator][\/vc_column][\/vc_row]<\/p>\n","protected":false},"excerpt":{"rendered":"<p>[vc_row][vc_column hide_bg_image_on_tablet=&#8221;&#8221; hide_bg_image_on_mobile=&#8221;&#8221; icons_position=&#8221;left&#8221; css=&#8221;.vc_custom_1509966252982{margin-top: -0.4rem !important;}&#8221;][vc_column_text] Masa 1.2.7 \u201cFinalizimi i rishikimit t\u00eb kuadrit ligjor t\u00eb lidhur me qeverisjen e drejt\u00ebsis\u00eb bazuar n\u00eb komponentin e lidhur me KLP\u201d. Kjo mas\u00eb ka t\u00eb nj\u00ebjtin formulim si masa e parashikuar p\u00ebr KLGj dhe kalon n\u00eb t\u00eb nj\u00ebjtin proces analize, parashikuara n\u00eb masat 1.2.5 dhe 1.2.6, sic parashikohet p\u00ebr KLGj. K\u00ebshtu, edhe n\u00eb&hellip;<\/p>\n","protected":false},"author":1,"featured_media":0,"parent":3133,"menu_order":0,"comment_status":"closed","ping_status":"closed","template":"","meta":{"footnotes":""},"class_list":["post-3149","page","type-page","status-publish","hentry"],"_links":{"self":[{"href":"https:\/\/ipls.org\/projekte\/alleyesonjustice\/wp-json\/wp\/v2\/pages\/3149","targetHints":{"allow":["GET"]}}],"collection":[{"href":"https:\/\/ipls.org\/projekte\/alleyesonjustice\/wp-json\/wp\/v2\/pages"}],"about":[{"href":"https:\/\/ipls.org\/projekte\/alleyesonjustice\/wp-json\/wp\/v2\/types\/page"}],"author":[{"embeddable":true,"href":"https:\/\/ipls.org\/projekte\/alleyesonjustice\/wp-json\/wp\/v2\/users\/1"}],"replies":[{"embeddable":true,"href":"https:\/\/ipls.org\/projekte\/alleyesonjustice\/wp-json\/wp\/v2\/comments?post=3149"}],"version-history":[{"count":1,"href":"https:\/\/ipls.org\/projekte\/alleyesonjustice\/wp-json\/wp\/v2\/pages\/3149\/revisions"}],"predecessor-version":[{"id":3150,"href":"https:\/\/ipls.org\/projekte\/alleyesonjustice\/wp-json\/wp\/v2\/pages\/3149\/revisions\/3150"}],"up":[{"embeddable":true,"href":"https:\/\/ipls.org\/projekte\/alleyesonjustice\/wp-json\/wp\/v2\/pages\/3133"}],"wp:attachment":[{"href":"https:\/\/ipls.org\/projekte\/alleyesonjustice\/wp-json\/wp\/v2\/media?parent=3149"}],"curies":[{"name":"wp","href":"https:\/\/api.w.org\/{rel}","templated":true}]}}