{"id":3152,"date":"2022-02-17T16:34:49","date_gmt":"2022-02-17T16:34:49","guid":{"rendered":"http:\/\/ipls.org\/projekte\/alleyesonjustice\/?page_id=3152"},"modified":"2022-02-17T16:34:49","modified_gmt":"2022-02-17T16:34:49","slug":"rezultati-1-2-3","status":"publish","type":"page","link":"https:\/\/ipls.org\/projekte\/alleyesonjustice\/qellimi-i-politikes-1\/objektivi-specifik-1-2\/rezultati-1-2-3\/","title":{"rendered":"Rezultati 1.2.3"},"content":{"rendered":"<p>[vc_row][vc_column hide_bg_image_on_tablet=&#8221;&#8221; hide_bg_image_on_mobile=&#8221;&#8221; icons_position=&#8221;left&#8221; css=&#8221;.vc_custom_1509966252982{margin-top: -0.4rem !important;}&#8221;][vc_column_text]<\/p>\n<h2><a name=\"_Toc77083928\"><\/a><a name=\"_Toc77151005\"><\/a><strong>Rezultati 1.2.3<\/strong><\/h2>\n<p><em>\u201cStrukturat e llogaridh<\/em><em>\u00eb<\/em><em>nies (ILD<\/em><em>)\/<\/em><em>legjislacioni i rishikuar\/ndryshuar, duke p<\/em><em>\u00eb<\/em><em>rfshir<\/em><em>\u00eb<\/em><em>, por pa u kufizuar, n<\/em><em>\u00eb<\/em><em> rregulloret e brendshme\u201d<\/em>.<\/p>\n<p>Rezultati i tret\u00eb q\u00eb parashikon p\u00ebrmbushjen me sukses t\u00eb Objektivit 1.2, t\u00eb analizuar m\u00eblart, \u00ebsht\u00eb q\u00eb ILD, pas nj\u00eb pro\u00e7esi analize, t\u00eb rishikoj\u00eb legjislacionin q\u00eb rregullon veprimtarin\u00eb e saj, rregulloret e brendshme t\u00eb saj dhe aktet e tjera me fuqi t\u00eb p\u00ebrgjithshme, si dhe struktur\u00ebn e ILD-s\u00eb, q\u00eb n\u00ebnkupton organizimin e saj t\u00eb brendsh\u00ebm.<\/p>\n<p>Edhe ky rezultat ka t\u00eb nj\u00ebjt\u00ebn p\u00ebrmbajtje si rezultatet q\u00eb k\u00ebrkohen p\u00ebr KLGj dhe KLP. Megjithat\u00eb, problemi i kalimit t\u00eb nj\u00eb kohe t\u00eb mjaftueshme p\u00ebr t\u00eb b\u00ebr\u00eb k\u00ebt\u00eb analiz\u00eb t\u00eb ligjit dhe akteve n\u00ebnligjore, apo struktur\u00ebs dhe organik\u00ebs s\u00eb ILD n\u00eb funksion t\u00eb veprimit n\u00eb transparenc\u00eb, eficenc\u00eb dhe llogaridh\u00ebnie t\u00eb k\u00ebtij organi, \u00ebsht\u00eb edhe m\u00eb evident, pasi ILD \u00ebsht\u00eb organi m\u00eb i ri i formuar dhe q\u00eb ende nuk \u00ebsht\u00eb plot\u00ebsuar p\u00ebr t\u00eb qen\u00eb t\u00ebr\u00ebsisht efektiv<a href=\"#_ftn1\" name=\"_ftnref1\"><sup>[1]<\/sup><\/a>. P\u00ebr shkak t\u00eb k\u00ebtyre problematikave, ILD b\u00ebri edhe propozime p\u00ebr ndryshime t\u00eb ligjit<a href=\"#_ftn2\" name=\"_ftnref2\"><sup>[2]<\/sup><\/a>, propozime t\u00eb cilat nuk mor\u00ebn miratim p\u00ebr t\u2019u p\u00ebrfshir\u00eb n\u00eb ndryshimet q\u00eb ju b\u00eb ligjit 115\/2016.<\/p>\n<p>E vetmja mas\u00eb q\u00eb parashikohet nga Plani i Veprimit n\u00eb p\u00ebrmbushje t\u00eb pjesshme t\u00eb k\u00ebtij rezultati \u00ebsht\u00eb Masa 1.2.11 \u201cRishikimi dhe konsolidimi i rregulloreve t\u00eb brendshme t\u00eb ILD-s\u00eb\u201d. T\u00eb gjitha masat q\u00eb parashikohen p\u00ebr ILD-n\u00eb kan\u00eb nj\u00eb koh\u00ebzgjatje deri n\u00eb vitin 2022, afat shum\u00eb i shkurt\u00ebr ky si p\u00ebr t\u00eb iniciuar pro\u00e7esin e analiz\u00ebs, kur mbajm\u00eb n\u00eb konsiderat\u00eb se aktet e ILD kan\u00eb m\u00eb pak se nj\u00eb vit q\u00eb aplikohen, ashtu edhe p\u00ebr t\u00eb arritur n\u00eb konkluzione lidhur me efektshm\u00ebrin\u00eb e tyre apo ndryshimet e nevojshme q\u00eb mund t\u00eb p\u00ebrmir\u00ebsonin funksionimin e ILD-s\u00eb.<\/p>\n<p>Rezultati i parashikuar p\u00ebr ILD-n\u00eb\u00ebsht\u00eb nj\u00eb hap m\u00eb tej i rezultatit t\u00eb m\u00ebparsh\u00ebm t\u00eb vendosur n\u00eb SND I (2016-2020), sipas t\u00eb cilit parashikohej \u201cKrijimi i nj\u00eb inspektorati t\u00eb vet\u00ebm t\u00eb pavarur p\u00ebrgjegj\u00ebs p\u00ebr t\u00eb hetuar shkeljet disiplinore t\u00eb gjyqtar\u00ebve dhe prokuror\u00ebve dhe p\u00ebr t\u00eb zhvilluar sh\u00ebrbime t\u00eb tjera inspektimi n\u00eb gjykata dhe prokurori n\u00eb p\u00ebrputhje me standardet evropiane\u201d dhe si mas\u00eb konkrete parashikohej edhe \u201chartimi i rregullave dhe manualeve t\u00eb brendshme\u201d. Por, vonesa n\u00eb ngritjen e k\u00ebtij organi dhe n\u00eb funksionimin e tij, e b\u00ebn t\u00eb v\u00ebshtir\u00eb ecurin\u00eb e k\u00ebtij rezultati n\u00eb vitet 2021-2022.<\/p>\n<p>Referuar Pasaport\u00ebs s\u00eb Indikator\u00ebve t\u00eb SND I nj\u00eb nga Indikator\u00ebt (p\u00ebrkat\u00ebsisht nr.2) kishte t\u00eb b\u00ebnte me p\u00ebrmir\u00ebsimin e administrimit t\u00eb ankesave kund\u00ebr gjyqtar\u00ebve dhe prokuror\u00ebve sipas afateve t\u00eb reja ligjore. N\u00eb k\u00ebt\u00eb dokument p\u00ebrcaktohen edhe targetet p\u00ebr ILD-n\u00eb si dhe metodat e verifikimit. P\u00ebrkat\u00ebsisht, p\u00ebr 2019 do t\u00eb verifikoheshin procedurat e brendshme, manualet e inspektimit, mbrojtja e t\u00eb dh\u00ebnave dhe aksesi n\u00eb publik, 10 inspektor\u00eb t\u00eb pun\u00ebsuar, nd\u00ebrtesa, etj. Si rezultat, p\u00ebr 2020\/2021 indikatori do t\u00eb ishte numri i ankesave t\u00eb marra dhe t\u00eb p\u00ebrpunuara, t\u00eb cilat pjes\u00ebtohen me numrin e ankesave t\u00eb marra deri n\u00eb 30 n\u00ebntor t\u00eb vitit p\u00ebrkat\u00ebs. P\u00ebrpunimi n\u00ebnkupton: vendim p\u00ebrfundimtar t\u00eb arsyetuar nga ILD p\u00ebr hapjen ose jo t\u00eb hetimit, mbylljen pas verifikimit <em>prima facie<\/em> ose rr\u00ebzimin e ankes\u00ebs.<\/p>\n<p>Objektivat n\u00eb Pasaport\u00ebn e Indikator\u00ebve kishin t\u00eb b\u00ebnin me sistemin e ankesave si \u00e7el\u00ebsi p\u00ebr t\u00eb kuptuar mir\u00ebfunksionimin e sistemit llogaridh\u00ebn\u00ebs. Kjo n\u00ebnkupton pavar\u00ebsi n\u00eb ushtrimin e detyr\u00ebs, transparenc\u00eb n\u00eb m\u00ebnyr\u00ebn se si trajtohen ankesat, efikasitet n\u00eb menaxhimin e tyre, koordinim me KLGJ dhe KLP, si dhe harmonizim t\u00eb procedurave midis magjistrat\u00ebve gjyqtar\u00eb dhe atyre prokuror\u00eb. P\u00ebr t\u00eb gjitha k\u00ebto nevojitet koha e duhur p\u00ebr t\u00eb par\u00eb jet\u00ebsimin e tyre. Vet\u00ebm gjat\u00eb zbatimit t\u00eb sa m\u00eb sip\u00ebr, ILD mund t\u00eb jet\u00eb n\u00eb gjendje t\u00eb kuptoj\u00eb\/vler\u00ebsoj\u00eb se sa e pengon ligji t\u00eb ushtroj\u00eb funksionet sipas standarteve t\u00eb lartp\u00ebrmendura dhe sa jan\u00eb faktor\u00eb t\u00eb tjer\u00eb q\u00eb ndikojn\u00eb (psh. rekrutimi i inspektor\u00ebve magjistrat\u00eb, sidomos gjyqtar\u00eb, q\u00eb deri tani nuk kan\u00eb shfaqur interes t\u00eb kandidojn\u00eb p\u00ebr k\u00ebt\u00eb pozicion). Krijimi i nj\u00eb trupe profesionale inspektor\u00ebsh (jurist\u00eb, gjyqtar\u00eb dhe prokuror\u00eb) garanton pavar\u00ebsi n\u00eb ushtrimin e kompetencave, transparenc\u00eb dhe efikasitet n\u00eb procesimin e ankesave.<\/p>\n<p>Edhe pse ekziston koherenc\u00eb e sigurt, q\u00eb do t\u00eb thot\u00eb se aktivitetet e rradhitura jan\u00eb kushte t\u00eb nevojshme dhe t\u00eb mjaftueshme p\u00ebr t\u00eb arritur objektivat specifike, Objektivi Specifik 1.2krijon pjes\u00ebrisht lidhje t\u00eb natyrshme\/harmonikeme parashikimet e SND I dhe Pasaport\u00ebs s\u00eb Indikator\u00ebve t\u00eb saj. Kjo \u00ebsht\u00eb nj\u00eb zgjidhje e diktuar nga rrethanat pasi gjat\u00eb jet\u00ebgjat\u00ebsis\u00eb s\u00eb SND I, ILD nuk ishte krijuar ende dhe Objektivi Specifik, Rezultatet dhe Masat nuk arrit\u00ebn t\u00eb jet\u00ebsohen gjat\u00eb vlefshm\u00ebris\u00eb s\u00eb asaj Strategjie. N\u00eb thelb ato ishin vet\u00ebm \u2018parashikime n\u00eb let\u00ebr\u2019. Nisur nga kjo situat\u00eb, hartuesi i Strategjis\u00eb ka menduar t\u2019i integroj\u00eb ato parashikime n\u00eb SND II, p\u00ebr sa koh\u00eb ka gjykuar q\u00eb ato jan\u00eb t\u00eb vlefshme, duke ri-konsideruar\/rivler\u00ebsuar disa aspekte. Rivler\u00ebsimi ka ardhur edhe si pasoj\u00eb e rolit q\u00eb ka luajtur vet\u00eb ILD gjat\u00eb hartimit t\u00eb SND II, duke dh\u00ebn\u00eb \u2018input\u2019 konkret n\u00eb hartim dhe duke komentuar aspekte t\u00eb saj nisur nga problematikat\/sfidat q\u00eb kan\u00eb lindur nga zbatimi i kuadrit ligjor. Tashm\u00eb ka nj\u00eb \u2018z\u00eb konkret n\u00eb tavolin\u00ebn e Strategjis\u00eb\u2019 q\u00eb duhet marr\u00eb n\u00eb konsiderat\u00eb. P\u00ebr m\u00eb tep\u00ebr vlen t\u00eb theksohet q\u00eb vet\u00eb ILD e ka miratuar strategjin\u00ebe saj institucionale.Nd\u00ebrkoh\u00eb q\u00eb SND I \u00ebsht\u00eb hartuar\/konceptuar n\u00eb nj\u00eb koh\u00eb kur ILD ekzistonte vet\u00ebm n\u00eb let\u00ebr dhe Objektivat, Rezultatet dhe Masat kishin karakter m\u00eb abstrakt.<\/p>\n<p>Edhe parashikimi paraprak i b\u00ebr\u00eb nga Plani i veprimit IPA III, e parashikon p\u00ebrmir\u00ebsimin e rregullave mbi karrier\u00ebn dhe kontrollin e magjistrat\u00ebve n\u00eb nj\u00eb afat kohor deri n\u00eb 2027.<\/p>\n<p><strong><em>Konkluzion<\/em><\/strong><em>: Par<\/em><em>\u00eb<\/em><em> n<\/em><em>\u00eb<\/em><em> t<\/em><em>\u00eb<\/em><em>r<\/em><em>\u00eb<\/em><em>si, edhe pse ky rezultat duket n<\/em><em>\u00eb<\/em><em> linj<\/em><em>\u00eb<\/em><em> t<\/em><em>\u00eb<\/em><em> objektivit dhe n<\/em><em>\u00eb<\/em><em> p<\/em><em>\u00eb<\/em><em>rputhje me t<\/em><em>\u00eb<\/em><em> dhe <\/em><em>\u00eb<\/em><em>sht<\/em><em>\u00eb<\/em><em> n<\/em><em>\u00eb<\/em><em> kronologji me SND I, suksesi i k<\/em><em>\u00eb<\/em><em>tij rezultati <\/em><em>\u00eb<\/em><em>sht<\/em><em>\u00eb<\/em><em> i diskutuesh<\/em><em>\u00eb<\/em><em>m. Shtrirja e tij n<\/em><em>\u00eb<\/em><em> koh<\/em><em>\u00eb<\/em><em> duhet t<\/em><em>\u00eb<\/em><em> jet<\/em><em>\u00eb<\/em><em> m<\/em><em>\u00eb<\/em><em> e gjat<\/em><em>\u00eb<\/em>. <em>Bashk<\/em><em>\u00eb<\/em><em>risht edhe me rezultatet e tjera t<\/em><em>\u00eb<\/em><em> analizuara p<\/em><em>\u00eb<\/em><em>r KLGj dhe KLP, vler<\/em><em>\u00eb<\/em><em>sohet se k<\/em><em>\u00eb<\/em><em>to rezultate jan<\/em><em>\u00eb<\/em><em> n<\/em><em>\u00eb<\/em><em> funksion t<\/em><em>\u00eb<\/em><em> arritjes s<\/em><em>\u00eb<\/em><em> Objektivit Strategjik t<\/em><em>\u00eb<\/em><em> vendosur. Dyshimet q<\/em><em>\u00eb<\/em><em> mund t<\/em><em>\u00eb<\/em><em> ekzistojn<\/em><em>\u00eb<\/em><em> n<\/em><em>\u00eb<\/em><em> lidhje me rezultatet, n<\/em><em>\u00eb<\/em><em> fakt lidhen me vet<\/em><em>\u00eb<\/em><em> q<\/em><em>\u00eb<\/em><em>llimin e Objektivit Specifik 1.2; ushtrimi i kompetencave nga institucionet n<\/em><em>\u00eb<\/em><em> p<\/em><em>\u00eb<\/em><em>rputhje me k<\/em><em>\u00eb<\/em><em>rkesat e zbatueshme dhe standardet evropiane (n<\/em><em>\u00eb<\/em><em> m<\/em><em>\u00eb<\/em><em>nyr<\/em><em>\u00eb<\/em><em> q<\/em><em>\u00eb<\/em><em> ato t<\/em><em>\u00eb<\/em><em> jen<\/em><em>\u00eb<\/em><em> t<\/em><em>\u00eb<\/em><em> pavarura dhe punojn<\/em><em>\u00eb<\/em><em> me profesionaliz<\/em><em>\u00eb<\/em><em>m, efikasitet dhe ruajn<\/em><em>\u00eb<\/em><em> standardet e llogaridh<\/em><em>\u00eb<\/em><em>nies) nuk n<\/em><em>\u00eb<\/em><em>nkupton domosdoshm<\/em><em>\u00eb<\/em><em>risht rishikimin e legjislacionit. Kjo pasi prezumohet q<\/em><em>\u00eb<\/em><em> kuadri ligjor i miratuar n<\/em><em>\u00eb<\/em><em> 2016\/2017 ofron garancit<\/em><em>\u00eb<\/em><em> p<\/em><em>\u00eb<\/em><em>r pavar\u00ebsi, profesionaliz<\/em><em>\u00eb<\/em><em>m, efikasitet dhe standarde llogaridh<\/em><em>\u00eb<\/em><em>nieje. <\/em><\/p>\n<p><a href=\"#_ftnref1\" name=\"_ftn1\">[1]<\/a>ILD nisi nga puna vet\u00ebm n\u00eb shkurt t\u00eb vitit 2020 dhe ka qen\u00eb problematike b\u00ebrja efektive e k\u00ebtij institucioni p\u00ebr shkak t\u00eb munges\u00ebs s\u00eb inspektor\u00ebve, ve\u00e7an\u00ebrisht atyre magjistrat\u00eb. Edhe rekrutimi i inspektor\u00ebve jo-magjistrat\u00eb ka qen\u00eb i v\u00ebshtir\u00eb, dhe deri m\u00eb tani ILD ka vendosur lejimin e kandidimit p\u00ebr nj\u00ebmb\u00ebdhjet\u00eb kandidat\u00eb.<\/p>\n<p><a href=\"#_ftnref2\" name=\"_ftn2\">[2]<\/a>Dy nd\u00ebrhyrjet kryesore t\u00eb propozura lidheshin, s\u00eb pari me heqjen e raportit nd\u00ebrmjet inpektor\u00ebve jomagjistrat\u00eb me ata magjistrat\u00eb, por duke l\u00ebn\u00eb nj\u00eb radh\u00eb preference t\u00eb atyr\u00eb q\u00eb vijn\u00eb nga radh\u00ebt e magjistrat\u00ebve, dhe, s\u00eb dyti, njehsimin e pagave t\u00eb t\u00eb gjith\u00eb inspektor\u00ebve bazuar n\u00eb detyr\u00ebn e nj\u00ebjt\u00eb t\u00eb cil\u00ebn ata ushtrojn\u00eb dhe n\u00eb garancit\u00eb e nj\u00ebjta q\u00eb ligji duhet t\u00eb jap\u00eb.[\/vc_column_text][\/vc_column][\/vc_row][vc_row][vc_column icons_position=&#8221;left&#8221;][vc_separator][\/vc_column][\/vc_row]<\/p>\n","protected":false},"excerpt":{"rendered":"<p>[vc_row][vc_column hide_bg_image_on_tablet=&#8221;&#8221; hide_bg_image_on_mobile=&#8221;&#8221; icons_position=&#8221;left&#8221; css=&#8221;.vc_custom_1509966252982{margin-top: -0.4rem !important;}&#8221;][vc_column_text] Rezultati 1.2.3 \u201cStrukturat e llogaridh\u00ebnies (ILD)\/legjislacioni i rishikuar\/ndryshuar, duke p\u00ebrfshir\u00eb, por pa u kufizuar, n\u00eb rregulloret e brendshme\u201d. Rezultati i tret\u00eb q\u00eb parashikon p\u00ebrmbushjen me sukses t\u00eb Objektivit 1.2, t\u00eb analizuar m\u00eblart, \u00ebsht\u00eb q\u00eb ILD, pas nj\u00eb pro\u00e7esi analize, t\u00eb rishikoj\u00eb legjislacionin q\u00eb rregullon veprimtarin\u00eb e saj, rregulloret e brendshme t\u00eb saj dhe&hellip;<\/p>\n","protected":false},"author":1,"featured_media":0,"parent":3133,"menu_order":0,"comment_status":"closed","ping_status":"closed","template":"","meta":{"footnotes":""},"class_list":["post-3152","page","type-page","status-publish","hentry"],"_links":{"self":[{"href":"https:\/\/ipls.org\/projekte\/alleyesonjustice\/wp-json\/wp\/v2\/pages\/3152","targetHints":{"allow":["GET"]}}],"collection":[{"href":"https:\/\/ipls.org\/projekte\/alleyesonjustice\/wp-json\/wp\/v2\/pages"}],"about":[{"href":"https:\/\/ipls.org\/projekte\/alleyesonjustice\/wp-json\/wp\/v2\/types\/page"}],"author":[{"embeddable":true,"href":"https:\/\/ipls.org\/projekte\/alleyesonjustice\/wp-json\/wp\/v2\/users\/1"}],"replies":[{"embeddable":true,"href":"https:\/\/ipls.org\/projekte\/alleyesonjustice\/wp-json\/wp\/v2\/comments?post=3152"}],"version-history":[{"count":1,"href":"https:\/\/ipls.org\/projekte\/alleyesonjustice\/wp-json\/wp\/v2\/pages\/3152\/revisions"}],"predecessor-version":[{"id":3153,"href":"https:\/\/ipls.org\/projekte\/alleyesonjustice\/wp-json\/wp\/v2\/pages\/3152\/revisions\/3153"}],"up":[{"embeddable":true,"href":"https:\/\/ipls.org\/projekte\/alleyesonjustice\/wp-json\/wp\/v2\/pages\/3133"}],"wp:attachment":[{"href":"https:\/\/ipls.org\/projekte\/alleyesonjustice\/wp-json\/wp\/v2\/media?parent=3152"}],"curies":[{"name":"wp","href":"https:\/\/api.w.org\/{rel}","templated":true}]}}