{"id":3167,"date":"2022-02-17T16:39:03","date_gmt":"2022-02-17T16:39:03","guid":{"rendered":"http:\/\/ipls.org\/projekte\/alleyesonjustice\/?page_id=3167"},"modified":"2022-02-17T16:39:03","modified_gmt":"2022-02-17T16:39:03","slug":"masa-1-2-9","status":"publish","type":"page","link":"https:\/\/ipls.org\/projekte\/alleyesonjustice\/qellimi-i-politikes-1\/objektivi-specifik-1-2\/masa-1-2-9\/","title":{"rendered":"Masa 1.2.9"},"content":{"rendered":"<p>[vc_row][vc_column hide_bg_image_on_tablet=&#8221;&#8221; hide_bg_image_on_mobile=&#8221;&#8221; icons_position=&#8221;left&#8221; css=&#8221;.vc_custom_1509966252982{margin-top: -0.4rem !important;}&#8221;][vc_column_text]<\/p>\n<h2><a name=\"_Toc77083928\"><\/a><a name=\"_Toc77151005\"><\/a><strong>Masa 1.2.9<\/strong><\/h2>\n<p><em>\u201cP<\/em><em>\u00eb<\/em><em>rgatitja e analiz<\/em><em>\u00eb<\/em><em>s s<\/em><em>\u00eb<\/em><em> zbatimit t<\/em><em>\u00eb<\/em><em> reform<\/em><em>\u00eb<\/em><em>s n<\/em><em>\u00eb<\/em><em> sistemin e drejt<\/em><em>\u00eb<\/em><em>sis<\/em><em>\u00eb<\/em><em> bazuar n<\/em><em>\u00eb<\/em><em> komponentin e lidhur me ILD\u201d.<\/em><\/p>\n<p>Kjo mas\u00eb ka t\u00eb nj\u00ebjtin formulim si masat 1.2.5, 1.2.6, 1.2.7t\u00eb parashikuara p\u00ebr KLGj dhe KLP. Duket q\u00eb hartuesi i Strategjis\u00eb\u00a0 i ka kushtuar r\u00ebnd\u00ebsi ruajtjes s\u00eb t\u00eb nj\u00ebjtave standarde p\u00ebr t\u00eb tre institucionet e drejt\u00ebsis\u00eb.<\/p>\n<p>Kjo mas\u00eb (pra 1.2.9) dhe ajo n\u00eb vijim (1.2.10) duket sikur jan\u00eb t\u00eb nd\u00ebrlidhura me nj\u00ebra-tjetr\u00ebn. N\u00eb thelb, synohet t\u00eb p\u00ebrgatiten dy lloj analizash. Fillimisht do t\u00eb p\u00ebrgatitet analiza e zbatimit t\u00eb reform\u00ebs n\u00eb sistem p\u00ebr ILD-n\u00eb, dhe,pastaj, gjetjet\/rekomandimet e k\u00ebsaj analize do t\u00eb pasqyrohen eventualisht n\u00eb analiz\u00ebn p\u00ebr rishikimin e ligjeve q\u00eb rregullojn\u00eb veprimtarin\u00eb e ILD-s\u00eb (masa 1.2.10).<\/p>\n<p>Mbetet e paqart\u00ebse cili institucion do t\u2019a b\u00ebj\u00eb k\u00ebt\u00eb analiz\u00eb, vet\u00eb ILD apo nj\u00eb struktur\u00eb tjet\u00ebr e barazlarguar q\u00eb do t\u00eb analizoj\u00eb edhe pun\u00ebn e institucioneve t\u00eb tjera t\u00eb drejt\u00ebsis\u00eb, krahas ILD-s\u00eb. E themi k\u00ebt\u00eb, pasi puna e ILD-s\u00eb edhe pse mund t\u00eb analizohet n\u00eb m\u00ebnyr\u00eb t\u00eb ve\u00e7uar, ajo duhet par\u00eb edhe n\u00eb k\u00ebndv\u00ebshtrimin e vendimmarrjeve t\u00eb KLGJ-s\u00eb dhe KLP-s\u00eb. K\u00ebshillat jan\u00eb institucionet vendimmarr\u00ebse mbi propozimin dhe hetimin e kryer nga ILD. T\u00ebr\u00ebsia e aktiviteteve t\u00eb t\u00eb tre institucioneve mund t\u00eb jap\u00eb nj\u00eb tabllo t\u00eb qart\u00eb mbi zbatimin e reform\u00ebs p\u00ebr ILD-n\u00eb p\u00ebr sa i takon llogaridh\u00ebnies, p\u00ebrgjegjshm\u00ebris\u00eb dhe profesionalizmit.<\/p>\n<p><strong><em>Konkluzion<\/em><\/strong><em>: Nisur nga sa m<\/em><em>\u00eb<\/em><em> sip<\/em><em>\u00eb<\/em><em>r n<\/em><em>\u00eb<\/em><em> lidhje me rezultatin e synuar (p<\/em><em>\u00eb<\/em><em>rdit<\/em><em>\u00eb<\/em><em>simi i legjislacionit q<\/em><em>\u00eb<\/em><em> n<\/em><em>\u00eb<\/em><em>nkupton rishikim t<\/em><em>\u00eb<\/em><em> ligjeve ose akteve n<\/em><em>\u00eb<\/em><em>nligjore), vler<\/em><em>\u00eb<\/em><em>sohet q<\/em><em>\u00eb<\/em><em> k<\/em><em>\u00eb<\/em><em>to masa jan<\/em><em>\u00eb<\/em><em> n<\/em><em>\u00eb<\/em><em> vetvete t<\/em><em>\u00eb<\/em><em> p<\/em><em>\u00eb<\/em><em>rshtatshme p<\/em><em>\u00eb<\/em><em>r sa koh<\/em><em>\u00eb<\/em><em> do t<\/em><em>\u00eb<\/em><em> merren n<\/em><em>\u00eb<\/em><em> funksion t<\/em><em>\u00eb<\/em><em> k<\/em><em>\u00eb<\/em><em>tij Rezultati dhe Objektivi Strategjik. Gjithsesi mbetet p<\/em><em>\u00eb<\/em><em>r t\u2019u vler<\/em><em>\u00eb<\/em><em>suar \u2018momenti\u2019 kur do t\u00ebkryhet ky p<\/em><em>\u00eb<\/em><em>rdit<\/em><em>\u00eb<\/em><em>sim, duke pasur parasysh jet<\/em><em>\u00eb<\/em><em>gjat<\/em><em>\u00eb<\/em><em>sin<\/em><em>\u00eb<\/em><em> e shkurt<\/em><em>\u00eb<\/em><em>r t<\/em><em>\u00eb<\/em><em> ILD-s<\/em><em>\u00eb<\/em><em> dhe, p<\/em><em>\u00eb<\/em><em>r rrjedhoj<\/em><em>\u00eb,<\/em><em> edhe t<\/em><em>\u00eb<\/em><em> zbatimit t<\/em><em>\u00eb<\/em><em> kuadrit ligjor q<\/em><em>\u00eb<\/em><em> rregullon veprimtarin<\/em><em>\u00eb<\/em><em> e k<\/em><em>\u00eb<\/em><em>tij institucioni.<\/em>[\/vc_column_text][\/vc_column][\/vc_row][vc_row][vc_column icons_position=&#8221;left&#8221;][vc_separator][\/vc_column][\/vc_row]<\/p>\n","protected":false},"excerpt":{"rendered":"<p>[vc_row][vc_column hide_bg_image_on_tablet=&#8221;&#8221; hide_bg_image_on_mobile=&#8221;&#8221; icons_position=&#8221;left&#8221; css=&#8221;.vc_custom_1509966252982{margin-top: -0.4rem !important;}&#8221;][vc_column_text] Masa 1.2.9 \u201cP\u00ebrgatitja e analiz\u00ebs s\u00eb zbatimit t\u00eb reform\u00ebs n\u00eb sistemin e drejt\u00ebsis\u00eb bazuar n\u00eb komponentin e lidhur me ILD\u201d. Kjo mas\u00eb ka t\u00eb nj\u00ebjtin formulim si masat 1.2.5, 1.2.6, 1.2.7t\u00eb parashikuara p\u00ebr KLGj dhe KLP. Duket q\u00eb hartuesi i Strategjis\u00eb\u00a0 i ka kushtuar r\u00ebnd\u00ebsi ruajtjes s\u00eb t\u00eb nj\u00ebjtave standarde p\u00ebr t\u00eb tre&hellip;<\/p>\n","protected":false},"author":1,"featured_media":0,"parent":3133,"menu_order":0,"comment_status":"closed","ping_status":"closed","template":"","meta":{"footnotes":""},"class_list":["post-3167","page","type-page","status-publish","hentry"],"_links":{"self":[{"href":"https:\/\/ipls.org\/projekte\/alleyesonjustice\/wp-json\/wp\/v2\/pages\/3167","targetHints":{"allow":["GET"]}}],"collection":[{"href":"https:\/\/ipls.org\/projekte\/alleyesonjustice\/wp-json\/wp\/v2\/pages"}],"about":[{"href":"https:\/\/ipls.org\/projekte\/alleyesonjustice\/wp-json\/wp\/v2\/types\/page"}],"author":[{"embeddable":true,"href":"https:\/\/ipls.org\/projekte\/alleyesonjustice\/wp-json\/wp\/v2\/users\/1"}],"replies":[{"embeddable":true,"href":"https:\/\/ipls.org\/projekte\/alleyesonjustice\/wp-json\/wp\/v2\/comments?post=3167"}],"version-history":[{"count":1,"href":"https:\/\/ipls.org\/projekte\/alleyesonjustice\/wp-json\/wp\/v2\/pages\/3167\/revisions"}],"predecessor-version":[{"id":3168,"href":"https:\/\/ipls.org\/projekte\/alleyesonjustice\/wp-json\/wp\/v2\/pages\/3167\/revisions\/3168"}],"up":[{"embeddable":true,"href":"https:\/\/ipls.org\/projekte\/alleyesonjustice\/wp-json\/wp\/v2\/pages\/3133"}],"wp:attachment":[{"href":"https:\/\/ipls.org\/projekte\/alleyesonjustice\/wp-json\/wp\/v2\/media?parent=3167"}],"curies":[{"name":"wp","href":"https:\/\/api.w.org\/{rel}","templated":true}]}}