{"id":3170,"date":"2022-02-17T16:41:10","date_gmt":"2022-02-17T16:41:10","guid":{"rendered":"http:\/\/ipls.org\/projekte\/alleyesonjustice\/?page_id=3170"},"modified":"2022-02-17T16:41:10","modified_gmt":"2022-02-17T16:41:10","slug":"masa-1-2-10","status":"publish","type":"page","link":"https:\/\/ipls.org\/projekte\/alleyesonjustice\/qellimi-i-politikes-1\/objektivi-specifik-1-2\/masa-1-2-10\/","title":{"rendered":"Masa 1.2.10"},"content":{"rendered":"<p>[vc_row][vc_column hide_bg_image_on_tablet=&#8221;&#8221; hide_bg_image_on_mobile=&#8221;&#8221; icons_position=&#8221;left&#8221; css=&#8221;.vc_custom_1509966252982{margin-top: -0.4rem !important;}&#8221;][vc_column_text]<\/p>\n<h2><a name=\"_Toc77083928\"><\/a><a name=\"_Toc77151005\"><\/a><strong>Masa 1.2.10<\/strong><\/h2>\n<p><em>\u201c<\/em><em>\u201cP<\/em><em>\u00eb<\/em><em>rgatitja e p<\/em><em>\u00eb<\/em><em>rgjigjes mbi analiz<\/em><em>\u00eb<\/em><em>n e rishikimit t<\/em><em>\u00eb<\/em><em> ligjit mbi statusin dhe struktur<\/em><em>\u00eb<\/em><em>n qeveris<\/em><em>\u00eb<\/em><em>se t<\/em><em>\u00eb<\/em><em> ILD ( draft-propozimet)\u201d<\/em><\/p>\n<p>P\u00ebr sa i takon k\u00ebsaj mase, duke qen\u00eb se ka lidhje t\u00eb natyrshme me <a href=\"http:\/\/ipls.org\/projekte\/alleyesonjustice\/qellimi-i-politikes-1\/objektivi-specifik-1-2\/masa-1-2-9\/\">mas\u00ebn 1.2.9<\/a>, i referohemi analiz\u00ebs s\u00eb m\u00ebsip\u00ebrme.<\/p>\n<p>Gjithsesi, q\u00eb kjo mas\u00eb t\u00eb jet\u00ebsohet, vler\u00ebsohet e nevojshme edhe p\u00ebrfshirja e institucioneve t\u00eb tjera n\u00eb faz\u00ebn e analiz\u00ebs mbi veprimtarin\u00eb e ILD-s\u00eb; p\u00ebr m\u00eb tep\u00ebr q\u00eb ILD \u00ebsht\u00eb e kufizuar n\u00eb hap\u00ebsir\u00ebn p\u00ebr propozime ligjore, pasi ndryshimet ligjore ose mund t\u00eb vijn\u00eb si iniciativ\u00eb ligjore e MD-s\u00eb, ose si propozim deputet\u00ebsh, bazuar n\u00eb sugjerime konkrete t\u00eb paraqitura nga vet\u00eb ILD n\u00eb Kuvend. Procedura t\u00eb tilla parlamentare hasen shpesh n\u00eb Kuvend. N\u00eb t\u00eb gjitha rastet ndryshimet e propozuara nga vet\u00eb ILD do t\u2019i n\u00ebnshtrohen procesit t\u00eb konsultimit publik me institucione t\u00eb tjera t\u00eb drejt\u00ebsis\u00eb, ekzekutivin, shoq\u00ebrin\u00eb civile, partner\u00eb, etj., sipas rastit. M\u00eb tej, miratimi tyre b\u00ebhet me 3\/5 t\u00eb deputet\u00ebve t\u00eb Kuvendit.<\/p>\n<p><strong><em>Konkluzion<\/em><\/strong><em>: Realizimi i mas<\/em><em>\u00eb<\/em><em>s (p<\/em><em>\u00eb<\/em><em>r sa i p<\/em><em>\u00eb<\/em><em>rket ndryshimeve ligjore) varet nga nj<\/em><em>\u00eb<\/em><em> s<\/em><em>\u00eb<\/em><em>r<\/em><em>\u00eb<\/em><em> faktor<\/em><em>\u00eb<\/em><em>sh (teknik<\/em><em>\u00eb<\/em><em> dhe vullnet politik), duke p<\/em><em>\u00eb<\/em><em>rfshir<\/em><em>\u00eb<\/em><em> arritjen e nj<\/em><em>\u00eb<\/em><em> shumice parlamentare t<\/em><em>\u00eb<\/em><em> nevojshme pasi ndryshimi n<\/em><em>\u00eb<\/em><em> Ligjin nr.115\/2016 mund t<\/em><em>\u00eb<\/em><em> b<\/em><em>\u00eb<\/em><em>het vet\u00ebm me shumic<\/em><em>\u00eb<\/em><em>n prej 3\/5 e deput<\/em><em>\u00eb<\/em><em>teve t\u00eb Kuvendit t\u00eb Shqip\u00ebris\u00eb. P\u00ebr rrjedhoj\u00eb kjo mas\u00eb nuk mund t\u00eb jet\u00eb ekskluzivisht p\u00ebrgjegj\u00ebsi e ILD-s\u00eb.<\/em>[\/vc_column_text][\/vc_column][\/vc_row][vc_row][vc_column icons_position=&#8221;left&#8221;][vc_separator][\/vc_column][\/vc_row]<\/p>\n","protected":false},"excerpt":{"rendered":"<p>[vc_row][vc_column hide_bg_image_on_tablet=&#8221;&#8221; hide_bg_image_on_mobile=&#8221;&#8221; icons_position=&#8221;left&#8221; css=&#8221;.vc_custom_1509966252982{margin-top: -0.4rem !important;}&#8221;][vc_column_text] Masa 1.2.10 \u201c\u201cP\u00ebrgatitja e p\u00ebrgjigjes mbi analiz\u00ebn e rishikimit t\u00eb ligjit mbi statusin dhe struktur\u00ebn qeveris\u00ebse t\u00eb ILD ( draft-propozimet)\u201d P\u00ebr sa i takon k\u00ebsaj mase, duke qen\u00eb se ka lidhje t\u00eb natyrshme me mas\u00ebn 1.2.9, i referohemi analiz\u00ebs s\u00eb m\u00ebsip\u00ebrme. Gjithsesi, q\u00eb kjo mas\u00eb t\u00eb jet\u00ebsohet, vler\u00ebsohet e nevojshme edhe p\u00ebrfshirja e&hellip;<\/p>\n","protected":false},"author":1,"featured_media":0,"parent":3133,"menu_order":0,"comment_status":"closed","ping_status":"closed","template":"","meta":{"footnotes":""},"class_list":["post-3170","page","type-page","status-publish","hentry"],"_links":{"self":[{"href":"https:\/\/ipls.org\/projekte\/alleyesonjustice\/wp-json\/wp\/v2\/pages\/3170","targetHints":{"allow":["GET"]}}],"collection":[{"href":"https:\/\/ipls.org\/projekte\/alleyesonjustice\/wp-json\/wp\/v2\/pages"}],"about":[{"href":"https:\/\/ipls.org\/projekte\/alleyesonjustice\/wp-json\/wp\/v2\/types\/page"}],"author":[{"embeddable":true,"href":"https:\/\/ipls.org\/projekte\/alleyesonjustice\/wp-json\/wp\/v2\/users\/1"}],"replies":[{"embeddable":true,"href":"https:\/\/ipls.org\/projekte\/alleyesonjustice\/wp-json\/wp\/v2\/comments?post=3170"}],"version-history":[{"count":1,"href":"https:\/\/ipls.org\/projekte\/alleyesonjustice\/wp-json\/wp\/v2\/pages\/3170\/revisions"}],"predecessor-version":[{"id":3171,"href":"https:\/\/ipls.org\/projekte\/alleyesonjustice\/wp-json\/wp\/v2\/pages\/3170\/revisions\/3171"}],"up":[{"embeddable":true,"href":"https:\/\/ipls.org\/projekte\/alleyesonjustice\/wp-json\/wp\/v2\/pages\/3133"}],"wp:attachment":[{"href":"https:\/\/ipls.org\/projekte\/alleyesonjustice\/wp-json\/wp\/v2\/media?parent=3170"}],"curies":[{"name":"wp","href":"https:\/\/api.w.org\/{rel}","templated":true}]}}