{"id":3173,"date":"2022-02-17T16:42:41","date_gmt":"2022-02-17T16:42:41","guid":{"rendered":"http:\/\/ipls.org\/projekte\/alleyesonjustice\/?page_id=3173"},"modified":"2022-02-17T16:42:41","modified_gmt":"2022-02-17T16:42:41","slug":"masa-1-2-11","status":"publish","type":"page","link":"https:\/\/ipls.org\/projekte\/alleyesonjustice\/qellimi-i-politikes-1\/objektivi-specifik-1-2\/masa-1-2-11\/","title":{"rendered":"Masa 1.2.11"},"content":{"rendered":"<p>[vc_row][vc_column hide_bg_image_on_tablet=&#8221;&#8221; hide_bg_image_on_mobile=&#8221;&#8221; icons_position=&#8221;left&#8221; css=&#8221;.vc_custom_1509966252982{margin-top: -0.4rem !important;}&#8221;][vc_column_text]<\/p>\n<h2><a name=\"_Toc77083928\"><\/a><a name=\"_Toc77151005\"><\/a><strong>Masa 1.2.11<\/strong><\/h2>\n<p><em>\u201c<\/em><em>\u201cRishikimi dhe konsolidimi i rregullave t<\/em><em>\u00eb<\/em><em> brendshme t<\/em><em>\u00eb<\/em><em> ILD-s\u00eb\u201d<\/em><\/p>\n<p>Masa 1.2.11 i referohet rishikimit dhe konsolidimit t\u00eb rregullave t\u00eb brendshme t\u00eb ILD-s\u00eb. Kjo mas\u00eb p\u00ebrmban dy element\u00eb: <em>rishikim dhe konsolidim<\/em>. Rishikimi n\u00ebnkupton nj\u00eb pro\u00e7es analize t\u00eb brendshme, me pasoj\u00eb (p\u00ebr sa koh\u00eb gjetjet e p\u00ebrligjin) nd\u00ebrhyrje n\u00eb aktet n\u00ebnligjore t\u00eb vet\u00eb ILD-s\u00eb. Duke qen\u00eb se b\u00ebhet fjal\u00eb p\u00ebr rregullat e brendshme, institucioni ka mund\u00ebsin\u00eb (kupto: edhe fleksibilitetin) q\u00eb t\u2019i ndryshoj\u00eb ato sa her\u00eb shfaqet nevoja.<\/p>\n<p>Konsolidimi \u00ebsht\u00eb nj\u00eb proces i shtrir\u00eb n\u00eb koh\u00eb, rezultatet e t\u00eb cil\u00ebs vijn\u00eb pas nj\u00eb periudhe kohe dhe vendimmarrjeje t\u00eb caktuar.<\/p>\n<p>P\u00ebr nga m\u00ebnyra se si \u00ebsht\u00eb formuluar kjo mas\u00ebduket m\u00eb shum\u00eb \u2018nj\u00eb rezultat\u2019 sesa nj\u00eb mas\u00eb. Rezultati p\u00ebr k\u00ebt\u00eb objektiv strategjik \u00ebsht\u00eb p\u00ebrdit\u00ebsimi i legjislacionit q\u00eb n\u00ebnkupton rishikim t\u00eb ligjeve ose akteve n\u00ebnligjore. P\u00ebr m\u00eb tep\u00ebr, duke patur parasysh jet\u00ebgjat\u00ebsin\u00eb e ILD-s\u00eb, koh\u00ebn q\u00eb duhet p\u00ebr zbatimin e kuadrit ligjor, efektet q\u00eb pritet t\u00eb vijn\u00eb, si dhe afatet e strategjis\u00eb q\u00eb synohet t\u00eb miratohet, duket sikur kjo mas\u00eb\u00ebsht\u00eb pak e nxituar dhe nuk p\u00ebrputhet t\u00ebr\u00ebsisht n\u00eb portofolin e masave.\u00a0 P\u00ebr sa m\u00eb sip\u00ebr, sugjerohet rivler\u00ebsimi i k\u00ebsaj mase, ose duke e z\u00ebvend\u00ebsuar me nj\u00eb mas\u00eb tjet\u00ebr, ose duke e hequr t\u00ebr\u00ebsisht nga \u2018seria e masave\u2019.<\/p>\n<p><strong><em>Konkluzion<\/em><\/strong><em>: Kjo mas\u00eb duket m\u00eb shum\u00eb si \u2018nj\u00eb rezultat\u2019 sesa nj\u00eb mas\u00eb. N\u00eb cdo rast, sugjerohet rivler<\/em><em>\u00eb<\/em><em>simi i k<\/em><em>\u00eb<\/em><em>saj mase, n<\/em><em>\u00eb<\/em><em> m<\/em><em>\u00eb<\/em><em>nyr<\/em><em>\u00eb<\/em><em> q<\/em><em>\u00eb<\/em><em> t<\/em><em>\u00eb<\/em><em> jet<\/em><em>\u00eb<\/em><em> m<\/em><em>\u00eb<\/em><em> realiste n<\/em><em>\u00eb<\/em><em> funksion t<\/em><em>\u00eb<\/em><em> Objektivit Strategjik dhe rezultateve q<\/em><em>\u00eb<\/em><em> priten t<\/em><em>\u00eb<\/em><em> arrihen, ose z\u00ebvend\u00ebsimi i saj me nj\u00eb mas\u00eb tjet\u00ebr.<\/em>[\/vc_column_text][\/vc_column][\/vc_row][vc_row][vc_column icons_position=&#8221;left&#8221;][vc_separator][\/vc_column][\/vc_row]<\/p>\n","protected":false},"excerpt":{"rendered":"<p>[vc_row][vc_column hide_bg_image_on_tablet=&#8221;&#8221; hide_bg_image_on_mobile=&#8221;&#8221; icons_position=&#8221;left&#8221; css=&#8221;.vc_custom_1509966252982{margin-top: -0.4rem !important;}&#8221;][vc_column_text] Masa 1.2.11 \u201c\u201cRishikimi dhe konsolidimi i rregullave t\u00eb brendshme t\u00eb ILD-s\u00eb\u201d Masa 1.2.11 i referohet rishikimit dhe konsolidimit t\u00eb rregullave t\u00eb brendshme t\u00eb ILD-s\u00eb. Kjo mas\u00eb p\u00ebrmban dy element\u00eb: rishikim dhe konsolidim. Rishikimi n\u00ebnkupton nj\u00eb pro\u00e7es analize t\u00eb brendshme, me pasoj\u00eb (p\u00ebr sa koh\u00eb gjetjet e p\u00ebrligjin) nd\u00ebrhyrje n\u00eb aktet n\u00ebnligjore t\u00eb vet\u00eb&hellip;<\/p>\n","protected":false},"author":1,"featured_media":0,"parent":3133,"menu_order":0,"comment_status":"closed","ping_status":"closed","template":"","meta":{"footnotes":""},"class_list":["post-3173","page","type-page","status-publish","hentry"],"_links":{"self":[{"href":"https:\/\/ipls.org\/projekte\/alleyesonjustice\/wp-json\/wp\/v2\/pages\/3173","targetHints":{"allow":["GET"]}}],"collection":[{"href":"https:\/\/ipls.org\/projekte\/alleyesonjustice\/wp-json\/wp\/v2\/pages"}],"about":[{"href":"https:\/\/ipls.org\/projekte\/alleyesonjustice\/wp-json\/wp\/v2\/types\/page"}],"author":[{"embeddable":true,"href":"https:\/\/ipls.org\/projekte\/alleyesonjustice\/wp-json\/wp\/v2\/users\/1"}],"replies":[{"embeddable":true,"href":"https:\/\/ipls.org\/projekte\/alleyesonjustice\/wp-json\/wp\/v2\/comments?post=3173"}],"version-history":[{"count":1,"href":"https:\/\/ipls.org\/projekte\/alleyesonjustice\/wp-json\/wp\/v2\/pages\/3173\/revisions"}],"predecessor-version":[{"id":3174,"href":"https:\/\/ipls.org\/projekte\/alleyesonjustice\/wp-json\/wp\/v2\/pages\/3173\/revisions\/3174"}],"up":[{"embeddable":true,"href":"https:\/\/ipls.org\/projekte\/alleyesonjustice\/wp-json\/wp\/v2\/pages\/3133"}],"wp:attachment":[{"href":"https:\/\/ipls.org\/projekte\/alleyesonjustice\/wp-json\/wp\/v2\/media?parent=3173"}],"curies":[{"name":"wp","href":"https:\/\/api.w.org\/{rel}","templated":true}]}}