{"id":3176,"date":"2022-02-17T16:44:11","date_gmt":"2022-02-17T16:44:11","guid":{"rendered":"http:\/\/ipls.org\/projekte\/alleyesonjustice\/?page_id=3176"},"modified":"2022-02-17T16:44:11","modified_gmt":"2022-02-17T16:44:11","slug":"masa-1-2-12","status":"publish","type":"page","link":"https:\/\/ipls.org\/projekte\/alleyesonjustice\/qellimi-i-politikes-1\/objektivi-specifik-1-2\/masa-1-2-12\/","title":{"rendered":"Masa 1.2.12"},"content":{"rendered":"<p>[vc_row][vc_column hide_bg_image_on_tablet=&#8221;&#8221; hide_bg_image_on_mobile=&#8221;&#8221; icons_position=&#8221;left&#8221; css=&#8221;.vc_custom_1509966252982{margin-top: -0.4rem !important;}&#8221;][vc_column_text]<\/p>\n<h2><a name=\"_Toc77083928\"><\/a><a name=\"_Toc77151005\"><\/a><strong>Masa 1.2.12<\/strong><\/h2>\n<p><em>\u201c<\/em><em>\u201cP<\/em><em>\u00eb<\/em><em>rgatitja e nj<\/em><em>\u00eb<\/em><em> plani operacional t<\/em><em>\u00eb<\/em><em> ILD p<\/em><em>\u00eb<\/em><em>r trajtimin e ankesave t<\/em><em>\u00eb<\/em><em> prapambetura\u201d<\/em><\/p>\n<p>Masa tjet\u00ebr q\u00eb parashikohet i referohet hartimit t\u00eb nj\u00eb plani operacional t\u00eb ILD-s\u00eb p\u00ebr trajtimin e ankesave t\u00eb prapambetura. Kjo mas\u00eb lidhet me at\u00eb q\u00eb ishte parashikuar n\u00eb SND I si target n\u00eb Pasaport\u00ebn e Indikator\u00ebve. Duke qen\u00eb se ILD \u00ebsht\u00eb krijuar n\u00eb vitin e fundit t\u00eb SND I, natyrsh\u00ebm q\u00eb kjo mas\u00eb mbeti e parealizuar dhe \u00ebsht\u00eb p\u00ebrfshir\u00eb n\u00eb list\u00ebn e masave p\u00ebr SND II. Metodologjia q\u00eb do t\u00eb p\u00ebrdoret p\u00ebr trajtimin e \u2018backlog\u2019 merr nj\u00eb r\u00ebnd\u00ebsi t\u00eb ve\u00e7ant\u00eb q\u00eb mund t\u00eb nd\u00ebrlidhet edhe me masat 1.2.9. si dhe 1.2.10. Nd\u00ebrlidhja me k\u00ebto masa mund t\u00eb krijoj\u00eb mbivendosje dhe konfuzion n\u00eb zbatimin e Strategjis\u00eb, prandaj riformulimi me q\u00ebllim sakt\u00ebsimin mund t\u00eb jet\u00eb nj\u00eb hap i nevojsh\u00ebm.<\/p>\n<p><strong><em>Konkluzion<\/em><\/strong><em>:Sugjerohet rivler<\/em><em>\u00eb<\/em><em>simi i k<\/em><em>\u00eb<\/em><em>saj mase dhe harmonizimi me masat 1.2.9 dhe 1.2.10 n<\/em><em>\u00eb<\/em><em> m<\/em><em>\u00eb<\/em><em>nyr<\/em><em>\u00eb<\/em><em> q<\/em><em>\u00eb<\/em><em> t<\/em><em>\u00eb<\/em><em> mos krijohet mbivendosje dhe konfuzion n<\/em><em>\u00eb<\/em><em> zbatimin e Strategjis<\/em><em>\u00eb<\/em><em>.<\/em>[\/vc_column_text][\/vc_column][\/vc_row][vc_row][vc_column icons_position=&#8221;left&#8221;][vc_separator][\/vc_column][\/vc_row]<\/p>\n","protected":false},"excerpt":{"rendered":"<p>[vc_row][vc_column hide_bg_image_on_tablet=&#8221;&#8221; hide_bg_image_on_mobile=&#8221;&#8221; icons_position=&#8221;left&#8221; css=&#8221;.vc_custom_1509966252982{margin-top: -0.4rem !important;}&#8221;][vc_column_text] Masa 1.2.12 \u201c\u201cP\u00ebrgatitja e nj\u00eb plani operacional t\u00eb ILD p\u00ebr trajtimin e ankesave t\u00eb prapambetura\u201d Masa tjet\u00ebr q\u00eb parashikohet i referohet hartimit t\u00eb nj\u00eb plani operacional t\u00eb ILD-s\u00eb p\u00ebr trajtimin e ankesave t\u00eb prapambetura. Kjo mas\u00eb lidhet me at\u00eb q\u00eb ishte parashikuar n\u00eb SND I si target n\u00eb Pasaport\u00ebn e Indikator\u00ebve. Duke qen\u00eb&hellip;<\/p>\n","protected":false},"author":1,"featured_media":0,"parent":3133,"menu_order":0,"comment_status":"closed","ping_status":"closed","template":"","meta":{"footnotes":""},"class_list":["post-3176","page","type-page","status-publish","hentry"],"_links":{"self":[{"href":"https:\/\/ipls.org\/projekte\/alleyesonjustice\/wp-json\/wp\/v2\/pages\/3176","targetHints":{"allow":["GET"]}}],"collection":[{"href":"https:\/\/ipls.org\/projekte\/alleyesonjustice\/wp-json\/wp\/v2\/pages"}],"about":[{"href":"https:\/\/ipls.org\/projekte\/alleyesonjustice\/wp-json\/wp\/v2\/types\/page"}],"author":[{"embeddable":true,"href":"https:\/\/ipls.org\/projekte\/alleyesonjustice\/wp-json\/wp\/v2\/users\/1"}],"replies":[{"embeddable":true,"href":"https:\/\/ipls.org\/projekte\/alleyesonjustice\/wp-json\/wp\/v2\/comments?post=3176"}],"version-history":[{"count":1,"href":"https:\/\/ipls.org\/projekte\/alleyesonjustice\/wp-json\/wp\/v2\/pages\/3176\/revisions"}],"predecessor-version":[{"id":3177,"href":"https:\/\/ipls.org\/projekte\/alleyesonjustice\/wp-json\/wp\/v2\/pages\/3176\/revisions\/3177"}],"up":[{"embeddable":true,"href":"https:\/\/ipls.org\/projekte\/alleyesonjustice\/wp-json\/wp\/v2\/pages\/3133"}],"wp:attachment":[{"href":"https:\/\/ipls.org\/projekte\/alleyesonjustice\/wp-json\/wp\/v2\/media?parent=3176"}],"curies":[{"name":"wp","href":"https:\/\/api.w.org\/{rel}","templated":true}]}}