{"id":3179,"date":"2022-02-17T16:46:47","date_gmt":"2022-02-17T16:46:47","guid":{"rendered":"http:\/\/ipls.org\/projekte\/alleyesonjustice\/?page_id=3179"},"modified":"2022-02-17T16:46:47","modified_gmt":"2022-02-17T16:46:47","slug":"objektivi-specifik-1-3","status":"publish","type":"page","link":"https:\/\/ipls.org\/projekte\/alleyesonjustice\/qellimi-i-politikes-1\/objektivi-specifik-1-3\/","title":{"rendered":"Objektivi Specifik 1.3"},"content":{"rendered":"<p>[vc_row][vc_column hide_bg_image_on_tablet=&#8221;&#8221; hide_bg_image_on_mobile=&#8221;&#8221; icons_position=&#8221;left&#8221; css=&#8221;.vc_custom_1509966252982{margin-top: -0.4rem !important;}&#8221;][vc_column_text]<\/p>\n<h2><a name=\"_Toc77083928\"><\/a><a name=\"_Toc77151005\"><\/a><strong>Objektivi Specifik 1.3<\/strong><\/h2>\n<p><em>Fuqizimi dhe konsolidimi i organeve t\u00eb qeverisjes s\u00eb sistemit t\u00eb drejt\u00ebsis\u00eb n\u00eb p\u00ebrputhje me standardet evropiane, n\u00ebp\u00ebrmjet krijimit dhe zhvillimit t\u00eb kapaciteteve, q\u00eb t\u00eb kryejn\u00eb aktivitetin me pavar\u00ebsi, efi\u00e7enc\u00eb dhe standarde profesionale, dhe ofrimi i sh\u00ebrbimit t\u00eb institucioneve t\u00eb qeverisjes n\u00eb drejt\u00ebsi p\u00ebrmbush rregullat dhe standardet p\u00ebrkat\u00ebse.<\/em><\/p>\n<p>Objektivi 1.3 \u00ebsht\u00eb n\u00eb p\u00ebrputhje me <a href=\"http:\/\/ipls.org\/projekte\/alleyesonjustice\/qellimi-i-politikes-1\/\">Q\u00ebllimin e Politik\u00ebs 1<\/a>. Madje n\u00eb dukje \u00ebsht\u00eb objektivi q\u00eb lidhet n\u00eb m\u00ebnyr\u00eb t\u00eb drejtp\u00ebrdrejt\u00eb me p\u00ebrmbushjen e k\u00ebsaj\u00a0 politike.<\/p>\n<p>Objektivi p\u00ebrfshin veprimtarin\u00eb e tre institucioneve, p\u00ebrkat\u00ebsisht KLGJ, KLP dhe ILD. Ai ka n\u00eb fokus kryesor fuqizimin\/konsolidimin e organeve t\u00eb qeverisjes s\u00eb drejt\u00ebsis\u00eb sipas standardeve evropiane. Ky fuqizim do t\u00eb orientohet n\u00eb dy drejtime: S\u00eb pari, krijimin dhe zhvillimin e kapaciteteve p\u00ebr kryerjen e veprimtaris\u00eb s\u00eb\u00a0 k\u00ebtyre institucioneve me pavar\u00ebsi, eficenc\u00eb dhe standarde profesionale. S\u00eb dyti, sh\u00ebrbimet q\u00eb k\u00ebto institucione ofrojn\u00eb n\u00eb respektim t\u00eb kompetencave t\u00eb tyre, p\u00ebr gjyq\u00ebsorin dhe prokurorin\u00eb, t\u00eb p\u00ebrmbushin rregullat dhe standardet e fush\u00ebs respektive.<\/p>\n<p>Parakusht p\u00ebr funksionimin me pavar\u00ebsi, eficenc\u00eb t\u00eb institucioneve t\u00eb qeverisjes s\u00eb drejt\u00ebsis\u00eb, si dhe p\u00ebr ofrimin nga ana e tyre t\u00eb sh\u00ebrbimeve sipas standardeve \u00ebsht\u00eb konsolidimi i tyre. Ky i fundit\u00a0 n\u00ebnkupton nj\u00ebkoh\u00ebsisht si burime t\u00eb duhura financiare dhe infrastrukturore, ashtu edhe kapacitete t\u00eb p\u00ebrshtatshme njer\u00ebzore p\u00ebr zhvillimin sipas standardeve t\u00eb sh\u00ebrbimeve p\u00ebr administrimin dhe\u00a0 menaxhimin e sistemit gjyq\u00ebsor, dhe at\u00eb\u00a0 t\u00eb prokuroris\u00eb. Kuptohet se sa m\u00eb t\u00eb konsoliduara t\u00eb jen\u00eb institucionet aq m\u00eb shum\u00eb rriten garancit\u00eb q\u00eb ato do t\u00eb ushtrojn\u00eb kompetencat e tyre n\u00eb m\u00ebnyr\u00eb t\u00eb pavarur, me eficienc\u00eb dhe n\u00eb p\u00ebrputhje me standardet m\u00eb t\u00eb mira profesionale. P\u00ebr rrjedhoj\u00eb, edhe ushtrimi\u00a0 kompetencave t\u00eb dh\u00ebna nga Kushtetuta dhe ligji p\u00ebr k\u00ebto organe si em\u00ebrimet, promovimet, transferimet, verifikimet, procedimet disiplinore dhe inspektimet, do t\u00eb jen\u00eb pasoj\u00eb e nj\u00eb procesi meritokracie, duke ndikuar n\u00eb rikthimin e besimit t\u00eb publikut n\u00eb sistem.<\/p>\n<p>Ky Objektiv rrit besueshm\u00ebrin\u00eb n\u00eb veprimtarin\u00eb e k\u00ebtyre institucioneve. Pavar\u00ebsia dhe paan\u00ebsia n\u00eb zbatimin e legjislacionit mbi em\u00ebrimin, transferimin dhe promovimin e gjyqtar\u00ebve, prokuror\u00ebve dhe k\u00ebshilltar\u00ebve ligjor\u00eb, si dhe transparenca n\u00eb procedurat e aplikuara, do t\u00eb rriste besimin tek KLGJ dhe KLP. Nga ana tjet\u00ebr, operimi i k\u00ebtyre organeve n\u00eb p\u00ebrputhje me standardet e fush\u00ebs, do t\u00eb kishte si produkt final vet\u00eb rritjen e eficenc\u00ebs s\u00eb sistemit gjyq\u00ebsor dhe t\u00eb prokuroris\u00eb.\u00a0 Gjithashtu, hetimet q\u00eb kryhen nga ILD duhet t\u00eb jen\u00eb t\u00ebr\u00ebsore, t\u00eb plota, t\u00eb bazuara n\u00eb fakte dhe prova, si dhe transparente. Ato duhet t\u00eb kryhen t\u00eb pa-ndikuara nga influenca t\u00eb jashtme apo t\u00eb brendshme, duke b\u00ebr\u00eb vler\u00ebsim sa m\u00eb objektiv t\u00eb situat\u00ebs. Vet\u00ebm t\u00eb gjitha k\u00ebto s\u00eb bashku do t\u00eb ndikonin n\u00eb besimin e qytetar\u00ebve n\u00eb k\u00ebto institucione dhe n\u00eb vet\u00eb sistemin e \u00a0drejt\u00ebsis\u00eb. Pra, do t\u00eb mund t\u00eb kishim dhe realizimin e nj\u00eb prej q\u00ebllimeve kryesoret t\u00eb Reform\u00ebs n\u00eb Drejt\u00ebsi.<\/p>\n<p>Objektivi\u00a0 \u00ebsht\u00eb formuluar n\u00eb nj\u00eb fjali t\u00eb vetme q\u00eb krijon premisa p\u00ebr paqart\u00ebsi. N\u00eb k\u00ebt\u00eb aspekt, sugjerojm\u00eb shmangien e nj\u00eb nga termave fuqizim\/konsolidim, sa koh\u00eb mbartin t\u00eb nj\u00ebjtin kuptim. Gjithashtu sugjerojm\u00eb q\u00eb termi <em>\u201ckrijimi dhe zhvillimi i kapaciteteve\u201d<\/em> t\u00eb rishihet, pasi sa koh\u00eb institucionet jan\u00eb ngritur e jan\u00eb funksionale, faza e krijimit t\u00eb kapaciteteve duket\u00a0 t\u00eb jet\u00eb tejkaluar dhe, n\u00eb k\u00ebt\u00eb moment, m\u00eb tep\u00ebr kemi t\u00eb b\u00ebjm\u00eb me zhvillim t\u00eb m\u00ebtejshm\u00ebm e rritje t\u00eb kapaciteteve. N\u00eb funksion t\u00eb qart\u00ebsimit t\u00eb gjuh\u00ebs mund t\u00eb shihet dhe pjesa \u201c<em>ofrimin e sh\u00ebrbimit t\u00eb institucioneve t\u00eb qeverisjes n\u00eb drejt\u00ebsi p\u00ebrmbush rregullat dhe standardet p\u00ebrkat\u00ebse\u201d<\/em>, sa koh\u00eb qw nuk del shumw qartw ndryshimi i saj me pjes\u00ebn e dyt\u00eb t\u00eb fjalis\u00eb (\u201c<em>t\u00eb kryejn\u00eb aktivitetin me pavar\u00ebsi, efi\u00e7enc\u00eb dhe standarde profesionale\u201d<\/em>). Qart\u00ebsimi i gjuh\u00ebs do t\u00eb b\u00ebnte m\u00eb t\u00eb kuptuesh\u00ebm edhe vet\u00eb Objektivin n\u00eb raport me rezultatet e pritshme prej tij apo masat respektive.<\/p>\n<p>Objektivi ka relevanc\u00eb n\u00eb raport me nevojat aktuale dhe t\u00eb ardhmen e af\u00ebrt t\u00eb sistemit t\u00eb drejt\u00ebsis\u00eb. Aktualisht jemi n\u00eb faz\u00ebn kur institucionet jan\u00eb ngritur, kan\u00eb infrastruktur\u00eb dhe burime, si dhe, n\u00eb nj\u00eb mas\u00eb t\u00eb konsiderueshme, kan\u00eb plot\u00ebsuar baz\u00ebn e tyre ligjore, si p\u00ebrsa i p\u00ebrket rregullave t\u00eb funksionimit t\u00eb tyre, ashtu edhe n\u00eb raport me rolin dhe kompetencat q\u00eb kan\u00eb kundrejt gjyq\u00ebsorit dhe sistemit t\u00eb prokuroris\u00eb. N\u00eb k\u00ebt\u00eb faz\u00eb, i r\u00ebnd\u00ebsish\u00ebm \u00ebsht\u00eb konsolidimi i tyre n\u00ebp\u00ebrmjet zhvillimit t\u00eb m\u00ebtejsh\u00ebm t\u00eb kapaciteteve, plot\u00ebsimit me burime aty ku ka nevoj\u00eb p\u00ebr KLGJ, KLP, ILD, si dhe aplikimi me paan\u00ebsi, pavar\u00ebsi dhe transparenc\u00eb i rregullave mbi em\u00ebrimet, promovimet dhe transferimet, etik\u00ebn profesionale, procedimet disiplinore, inspektimet, etj. Realizimi i k\u00ebtij objektivi brenda koh\u00ebzgjatjes s\u00eb Strategjis\u00eb vler\u00ebsohet si realist dhe lidhet me pritshm\u00ebrit\u00eb e publikut p\u00ebr nj\u00eb sistem drejt\u00ebsie t\u00eb pavarur dhe cil\u00ebsor.<\/p>\n<p>M\u00eb tej konstatohet q\u00eb ky objektiv specifik ka qen\u00eb pjes\u00ebrisht i till\u00eb\u00a0 tek SND I. Konkretisht, Objektivi 1 parashikonte: <em>Forcimi i pavar\u00ebsis\u00eb, efikasitetit, efektshm\u00ebris\u00eb dhe llogaridh\u00ebnies s\u00eb institucioneve t\u00eb sistemit t\u00eb drejt\u00ebsis\u00eb<\/em>. N\u00eb thelb, t\u00eb dyja formulimet, si e Objektivit 1.3 tek SND II, ashtu edhe ajo e\u00a0 Objektivit 1 tek SND I n\u00ebnkuptojn\u00eb t\u00eb nj\u00ebjt\u00ebn gj\u00eb, pavar\u00ebsisht se SND I p\u00ebrdorte nj\u00eb term m\u00eb gjith\u00ebp\u00ebrfshir\u00ebs. P\u00ebr rrjedhoj\u00eb, ky mbetet nj\u00eb objektiv n\u00ebharmoni me nevojat dhe n\u00eb vijim\u00ebsi t\u00eb politikave n\u00eb sistemin e drejt\u00ebsis\u00eb.<\/p>\n<p>Gjithashtu, Objektivi Specifik 1.3 \u00ebsht\u00eb edhe n\u00eb koherenc\u00eb me dokumentet strategjike t\u00eb vet\u00eb organeve t\u00eb p\u00ebrfshira n\u00eb t\u00eb: KLGJ, KLP dhe ILD.<\/p>\n<p>Ai p\u00ebrkon me Planin Strategjik t\u00eb K\u00ebshillit t\u00eb Lart\u00eb t\u00eb Gjyq\u00ebsorit p\u00ebr Sistemin Gjyq\u00ebsor 2018 &#8211; 2020, konkretisht me Synimin 2 dhe 4 t\u00eb tij, t\u00eb cil\u00ebt parashikojn\u00eb si objektiva t\u00eb KLGJ-s\u00eb, p\u00ebrkat\u00ebsisht \u201cP\u00ebrmir\u00ebsimi i standardeve t\u00eb ekselenc\u00ebs gjyq\u00ebsore, zbatimi dhe monitorimi i zbatimit t\u00eb tyre n\u00eb praktik\u00eb\u201d dhe \u201cFuqizimi i kapaciteteve t\u00eb brendshme t\u00eb KLGJ-s\u00eb.\u201d<\/p>\n<p>Koherenc\u00eb v\u00ebrehet edhe midis k\u00ebtij objektivi dhe objektivit t\u00eb parashikuar n\u00eb Programin 1 t\u00eb KLP-s\u00eb:<em> Administrimi i karrier\u00ebs s\u00eb prokuror\u00ebve bazuar n\u00eb performanc\u00ebn profesionale t\u00eb secilit<\/em>, si dhe nw Programin 3: <em>P\u00ebrgjegjshm\u00ebria e prokuror\u00ebve e garantuar p\u00ebrmes sistemit disiplinor<\/em>\u00a0 t\u00eb \u201cPlanit strategjik 2021 &#8211; 2024 p\u00ebr K\u00ebshillin e Lart\u00eb t\u00eb Prokuroris\u00eb\u201d.<\/p>\n<p>V\u00ebrehet gjithashtu nj\u00eb lidhje edhe me Planine Veprimit dhe PlaninStrategjik t\u00eb Zyr\u00ebs s\u00eb ILD-s\u00eb 2020-2022, konkretisht Objektivi Strategjik 1, i cili parashikon: <em>\u2018Fuqizimin dhe ushtrimin e veprimtaris\u00eb s\u00eb Zyr\u00ebs s\u00eb Inspektorit t\u00eb Lart\u00eb t\u00eb Drejt\u00ebsis\u00eb n\u00eb m\u00ebnyr\u00eb t\u00eb pavarur, eficiente dhe profesionale\u2019; <\/em>si dhe me Objektivin 2:\u00a0 \u2018<em>Zhvillimi i procesit t\u00eb verifikimit, hetimit disiplinor dhe inspektimit n\u00eb p\u00ebrputhje me parimet e procedimit disiplinor dhe standartet nd\u00ebrkomb\u00ebtare\u2019<\/em>.<\/p>\n<p>T\u00eb gjitha k\u00ebto Objektiva t\u00eb sip\u00ebrcituara shkojn\u00eb n\u00eb t\u00eb nj\u00ebjt\u00ebn linj\u00eb me Objektivin Strategjik t\u00eb SND II. Kjo n\u00ebnkupton se \u00ebsht\u00eb nj\u00eb objektiv i p\u00ebrbashk\u00ebt, puna p\u00ebr arritjen e t\u00eb cilit \u00ebsht\u00eb n\u00eb vijim\u00ebsi.<\/p>\n<p>Ky objektiv do t\u00eb finalizohet n\u00eb 3 rezultate t\u00eb pritshme, t\u00eb cilat do t\u00eb analizohen n\u00eb vijim dhe q\u00eb jan\u00eb n\u00eb koherenc\u00eb me t\u00eb. Me realizimin e objektivit do t\u00eb mund\u00ebsohet q\u00eb s\u00eb pari KLGJ, KLP dhe ILD t\u00eb konsolidohen, me kapacitete dhe burime t\u00eb nevojshme p\u00ebr p\u00ebrmbushjen e detyrave dhe p\u00ebrgjegj\u00ebsive, dhe s\u00eb dyti, n\u00eb funksion t\u00eb k\u00ebsaj premise, kompetencat e tyre n\u00eb raport me gjyq\u00ebsorin dhe prokurorin\u00eb t\u00eb ushtrohen sipas standardeve p\u00ebrkat\u00ebse t\u00eb k\u00ebrkuara.<\/p>\n<p>Ajo q\u00eb v\u00ebrehet si mang\u00ebsi n\u00eb trajtimin t\u00ebr\u00ebsor t\u00eb k\u00ebtij objektivi \u00ebsht\u00eb mungesa e masave konkrete t\u00eb parashikuara p\u00ebr arritjen e t\u00eb gjith\u00eb q\u00ebllimeve t\u00eb synuara dhe mungesa e indikator\u00ebve q\u00eb do t\u2019a b\u00ebnte t\u00eb matsh\u00ebm progresin e b\u00ebr\u00eb n\u00eb lidhje me vet\u00eb Objektivin. K\u00ebto mungesa do t\u00eb trajtohen n\u00eb vijim, por duhet theksuar q\u00eb paplot\u00ebsia e tyre ndikon n\u00eb realizimin faktik t\u00eb tij.<\/p>\n<p><strong><em>Konkluzion<\/em><\/strong><em>:Objektivi Specifik1.3 \u00ebsht\u00eb n\u00eb p\u00ebrputhje me Q\u00ebllimin e Politik\u00ebs 1.Ai \u00ebsht\u00eb gjithashtu n\u00eb t\u00eb nj\u00ebjt\u00ebn linj\u00eb vijim\u00ebsie edhe me Objektivin Strategjik 1 t\u00eb SND I. Objektivi p\u00ebrputhet edhe me objektivat e reform\u00ebs n\u00eb drejt\u00ebsi, nj\u00eb nga q\u00ebllimet e\u00a0 s\u00eb cil\u00ebs\u00a0 ka qen\u00eb ushtrimi i kompetencave nga institucionet e drejt\u00ebsis\u00eb, n\u00eb pavar\u00ebsi t\u00eb plot\u00eb (nga pushtetet e tjera), n\u00eb m\u00ebnyre eficiente dhe n\u00eb p\u00ebrputhje me standardet profesionale (q\u00eb n\u00ebnkupton em\u00ebrimet, ngritje n\u00eb detyr\u00eb dhe transferimet bazuar n\u00eb parime t\u00eb meritokracis\u00eb dhe transparenc\u00ebs), si dhe kryerja e verifikimeve\/hetimeve p\u00ebrkat\u00ebse, procedimeve disiplinore dhe inspektimeve bazuar n\u00eb nj\u00eb kuad\u00ebr ligjor t\u00eb qart\u00eb, transparent dhe llogaridh\u00ebn\u00ebs. Ajo q\u00eb mund t\u00eb rishikohet n\u00eb k\u00ebt\u00eb objektiv \u00ebsht\u00eb gjuha, e cila n\u00eb funksion t\u00eb qart\u00ebsimit t\u00eb saj, si\u00e7 u sugjerua m\u00eb sip\u00ebr,\u00a0 do t\u00eb mund\u00ebsonte nj\u00eb kuptim m\u00eb t\u00eb sakt\u00eb p\u00ebr drejtimet e k\u00ebtij objektivi dhe do t\u00eb krijonte koherenc\u00eb m\u00eb t\u00eb madhe me masat dhe rezultatet e pritshme t\u00eb cilat do t\u00eb analizohen m\u00eb posht\u00eb. Nga ana tjet\u00ebr, p\u00ebr realizimin n\u00eb praktik\u00eb t\u00eb tij do t\u00eb ishte e nevojshme plot\u00ebsimi me masa shtes\u00eb, t\u00eb cilat do t\u00eb mund\u00ebsonin aplikimin n\u00eb praktik\u00eb t\u00eb tij. Gjithashtu p\u00ebr matjen e progresit n\u00eb arritjen e k\u00ebtij objektivi, do t\u00eb ishte e nevojshme q\u00eb SND II t\u00eb shtonte indikator\u00ebt q\u00eb do t\u00eb masnin cdo rezultat t\u00eb shprehur n\u00eb k\u00ebt\u00eb Objektiv\u00a0 (shih analiz\u00ebn ne vijim)<\/em>[\/vc_column_text][\/vc_column][\/vc_row][vc_row][vc_column icons_position=&#8221;left&#8221;][vc_separator][\/vc_column][\/vc_row]<\/p>\n","protected":false},"excerpt":{"rendered":"<p>[vc_row][vc_column hide_bg_image_on_tablet=&#8221;&#8221; hide_bg_image_on_mobile=&#8221;&#8221; icons_position=&#8221;left&#8221; css=&#8221;.vc_custom_1509966252982{margin-top: -0.4rem !important;}&#8221;][vc_column_text] Objektivi Specifik 1.3 Fuqizimi dhe konsolidimi i organeve t\u00eb qeverisjes s\u00eb sistemit t\u00eb drejt\u00ebsis\u00eb n\u00eb p\u00ebrputhje me standardet evropiane, n\u00ebp\u00ebrmjet krijimit dhe zhvillimit t\u00eb kapaciteteve, q\u00eb t\u00eb kryejn\u00eb aktivitetin me pavar\u00ebsi, efi\u00e7enc\u00eb dhe standarde profesionale, dhe ofrimi i sh\u00ebrbimit t\u00eb institucioneve t\u00eb qeverisjes n\u00eb drejt\u00ebsi p\u00ebrmbush rregullat dhe standardet p\u00ebrkat\u00ebse. Objektivi 1.3 \u00ebsht\u00eb&hellip;<\/p>\n","protected":false},"author":1,"featured_media":0,"parent":49,"menu_order":0,"comment_status":"closed","ping_status":"closed","template":"","meta":{"footnotes":""},"class_list":["post-3179","page","type-page","status-publish","hentry"],"_links":{"self":[{"href":"https:\/\/ipls.org\/projekte\/alleyesonjustice\/wp-json\/wp\/v2\/pages\/3179","targetHints":{"allow":["GET"]}}],"collection":[{"href":"https:\/\/ipls.org\/projekte\/alleyesonjustice\/wp-json\/wp\/v2\/pages"}],"about":[{"href":"https:\/\/ipls.org\/projekte\/alleyesonjustice\/wp-json\/wp\/v2\/types\/page"}],"author":[{"embeddable":true,"href":"https:\/\/ipls.org\/projekte\/alleyesonjustice\/wp-json\/wp\/v2\/users\/1"}],"replies":[{"embeddable":true,"href":"https:\/\/ipls.org\/projekte\/alleyesonjustice\/wp-json\/wp\/v2\/comments?post=3179"}],"version-history":[{"count":1,"href":"https:\/\/ipls.org\/projekte\/alleyesonjustice\/wp-json\/wp\/v2\/pages\/3179\/revisions"}],"predecessor-version":[{"id":3180,"href":"https:\/\/ipls.org\/projekte\/alleyesonjustice\/wp-json\/wp\/v2\/pages\/3179\/revisions\/3180"}],"up":[{"embeddable":true,"href":"https:\/\/ipls.org\/projekte\/alleyesonjustice\/wp-json\/wp\/v2\/pages\/49"}],"wp:attachment":[{"href":"https:\/\/ipls.org\/projekte\/alleyesonjustice\/wp-json\/wp\/v2\/media?parent=3179"}],"curies":[{"name":"wp","href":"https:\/\/api.w.org\/{rel}","templated":true}]}}