{"id":3239,"date":"2022-02-17T20:45:35","date_gmt":"2022-02-17T20:45:35","guid":{"rendered":"http:\/\/ipls.org\/projekte\/alleyesonjustice\/?page_id=3239"},"modified":"2022-02-17T20:45:35","modified_gmt":"2022-02-17T20:45:35","slug":"rezultati-1-3-2","status":"publish","type":"page","link":"https:\/\/ipls.org\/projekte\/alleyesonjustice\/qellimi-i-politikes-1\/objektivi-specifik-1-3\/rezultati-1-3-2\/","title":{"rendered":"Rezultati 1.3.2"},"content":{"rendered":"<p>[vc_row][vc_column hide_bg_image_on_tablet=&#8221;&#8221; hide_bg_image_on_mobile=&#8221;&#8221; icons_position=&#8221;left&#8221; css=&#8221;.vc_custom_1509966252982{margin-top: -0.4rem !important;}&#8221;][vc_column_text]<\/p>\n<h2><a name=\"_Toc77083928\"><\/a><a name=\"_Toc77151005\"><\/a><strong>Rezultati 1.3.2<\/strong><\/h2>\n<p><em>\u201cKapacitetet (duke p\u00ebrfshir\u00eb proceset, aft\u00ebsit\u00eb dhe menaxhimin) dhe burimet (financiare, pajisje dhe infrastruktur\u00ebn) e KLP-s\u00eb jan\u00eb t\u00eb p\u00ebrshtatshme p\u00ebr t\u00eb zbatuar aktivitetet e saj, dhe KLP em\u00ebron, promovon dhe transferon numrin e k\u00ebrkuar t\u00eb prokuror\u00ebve dhe\/ose t\u00eb k\u00ebshilltar\u00ebve ligjor\u00eb sipas rregullave dhe standardeve t\u00eb k\u00ebrkuara dhe t\u00eb miratuara.\u201d<\/em><\/p>\n<p><em>\u00a0<\/em><\/p>\n<p>Ky rezultat mban parashikime t\u00eb nj\u00ebjta me Rezultatin 1.3.1, dhe ka n\u00eb fokus KLP-n\u00eb. Ai prezumon se me p\u00ebrmbushjen e Objektitivit 1.3, p\u00ebr pjes\u00ebn e KLP, rezultati i pritsh\u00ebm do t\u00eb orientohet n\u00eb dy drejtime. S\u00eb pari, do t\u00eb kemi t\u00eb b\u00ebjm\u00eb me nj\u00eb institucion t\u00eb konsoliduar, me kapacitete dhe burime t\u00eb nevojshme p\u00ebr p\u00ebrmbushjen e detyrave dhe p\u00ebrgjegj\u00ebsive. S\u00eb dyti, n\u00eb funksion t\u00eb k\u00ebsaj premise, kompetencat q\u00eb i jan\u00eb dh\u00ebn\u00eb k\u00ebtij institucioni n\u00eb raport me prokurorin\u00eb do t\u00eb ushtrohen sipas standardeve p\u00ebrkat\u00ebse t\u00eb fush\u00ebs.<\/p>\n<p>KLP-ja \u00ebsht\u00eb institucion funksional prej vitit 2018, n\u00eb konsolidim e sip\u00ebr t\u00eb kapaciteteve dhe performanc\u00ebs s\u00eb saj. Ky institucion \u00ebsht\u00eb drejt finalizimit t\u00eb plot\u00eb t\u00eb baz\u00ebs ligjore p\u00ebr em\u00ebrimin, transferimet, promovimet, matjen e performanc\u00ebs s\u00eb prokuror\u00ebve, procedimeve disiplinore n\u00eb sistemin e prokuroris\u00eb<a href=\"#_ftn1\" name=\"_ftnref1\">[1]<\/a>. Gjithashtu transparenca n\u00eb vendimmarrje, vler\u00ebsohet si nj\u00eb nd\u00ebr\u00a0 arritjet m\u00eb t\u00eb r\u00ebnd\u00ebsishme t\u00eb k\u00ebtij institucioni. N\u00eb vijim t\u00eb pun\u00ebs s\u00eb deritanishme, p\u00ebrgjat\u00eb koh\u00ebzgjatjes s\u00eb SND II, pritet rritja e kapaciteteve dhe zbatimi i p\u00ebrgjegj\u00ebsive n\u00eb raport me prokurorin\u00eb me paan\u00ebsi, bazuar n\u00eb parimet e meritokracis\u00eb. Kjo do t\u00eb mund\u00ebsoj\u00eb arritjen e objektivit p\u00ebr fuqizimin e k\u00ebtij organi dhe veprimin n\u00eb p\u00ebrputhje me standardet e fush\u00ebs. P\u00ebr k\u00ebt\u00eb Rezultati 1.3.2 \u00ebsht\u00eb n\u00eb p\u00ebrputhje me Objektivin 1.3, i pritsh\u00ebm dhe n\u00eb koherenc\u00eb me realitetin.<\/p>\n<p>Ky rezultat \u00ebsht\u00eb n\u00eb vijim\u00ebsi t\u00eb rezultateve t\u00eb synuara nga\u00a0 SND I dhe n\u00eb Planin e Veprimit t\u00eb SND I p\u00ebr vitet 2019\u20132021 t\u00eb SND 1 (konkretisht rezultateve t\u00ebmas\u00ebs 1 t\u00eb n\u00ebnobjektivit 1\/a, si dhe mas\u00ebs 1 t\u00eb n\u00ebnobjektivit 1\/b.)<\/p>\n<p>Po k\u00ebshtu, rezultati \u00ebsht\u00eb rrjedhoj\u00eb logjike me rezultatet e synuara t\u00eb Programit 1 \u201c<em>Administrimi i karrier\u00ebs s\u00eb prokuror\u00ebve bazuar n\u00eb performanc\u00ebn profesionale t\u00eb secilit<\/em>\u201d parashikuar nga Plani Strategjik i KLP p\u00ebr vitin 2021-2024.<\/p>\n<p>Sa\u00a0 i takon formulimit, vlen i nj\u00ebjti sugjerim si p\u00ebr rezultatin m\u00eb sip\u00ebr. Mbeten p\u00ebr t\u2019u qart\u00ebsuar element\u00ebt e p\u00ebrcaktuar si komponent\u00eb p\u00ebrb\u00ebr\u00ebs\u00a0 t\u00eb kapacitetetit t\u00eb institucionit.<\/p>\n<p>Lidhur m\u00eb k\u00ebt\u00eb Rezultat, SND II nuk p\u00ebrmban mas\u00eb konkrete q\u00eb ndikon n\u00eb rritjen e kapaciteteve apo lidhur me burimet e KLP-s\u00eb. Edhe n\u00eb k\u00ebt\u00eb rast, si p\u00ebr KLGj-n\u00eb, e vetmja mas\u00eb e parashikuar i referohet asaj 1.3.1 <em>\u201c<\/em><em>P\u00ebrfundimi i procedurave t\u00eb em\u00ebrimit, promovimit, transferimit t\u00eb magjistrat\u00ebve t\u00eb diplomuar nga SHM<\/em>\u201d. KLP, megjith\u00ebse ka parashikuar n\u00eb Planin Strategjik t\u00eb saj si rezultat t\u00eb pritsh\u00ebm \u201c<em>Administrimin e karrier\u00ebs s\u00eb prokuror\u00ebve bazuar n\u00eb performanc\u00ebn profesionale t\u00eb secilit\u201d<\/em>, nuk ka t\u00eb parashikuara masa konkrete q\u00eb lidhen drejtp\u00ebrdrejt me rritjen e kapaciteteve apo burimeve. P\u00ebr k\u00ebt\u00eb arsye, duhet nj\u00eb koordinim me KLP, mbi masat q\u00eb do duhet t\u00eb nd\u00ebrmerren p\u00ebr realizimin me sukses t\u00eb t\u00eb gjith\u00eb komponent\u00ebve t\u00eb k\u00ebtij rezultati.<\/p>\n<p>Nd\u00ebrkoh\u00eb vjen i nj\u00ebjti sugjerim si m\u00eb sip\u00ebr mbi indikator\u00ebt e matjes s\u00eb Rezultatit 1.3.2. SND II, aktualisht nuk ka t\u00eb p\u00ebrcaktuar indikator\u00eb p\u00ebr matjen e k\u00ebtij rezultati. Edhe n\u00eb k\u00ebt\u00eb rast mund t\u00eb sh\u00ebrbej\u00eb si indikator: <em>\u201c% e prokuror\u00ebve q\u00eb besojn\u00eb se ata jan\u00eb em\u00ebruar \/ ngritur n\u00eb detyr\u00eb bazuar n\u00eb meritokraci dhe sistemin e karrier\u00ebs\u201d<\/em>, i cili, lidhur me pjes\u00ebn e prokuroris\u00eb, do t\u00eb jepte n\u00eb m\u00ebnyr\u00eb sasiore dhe cil\u00ebsore perceptimin mbi arritjen e rezultatit p\u00ebr pjes\u00ebn e zbatimit t\u00eb standardeve n\u00eb ushtrimin e veprimtaris\u00eb s\u00eb saj dhe do e b\u00ebnte at\u00eb m\u00eb realist. P\u00ebr t\u00eb matur burimet e p\u00ebrshtatshme financiare nj\u00eb indikator mund t\u00eb ishte <em>\u201c% e buxhetit t\u00eb shtetit dedikuar KLP n\u00eb raport me projektbuxhetin e propozuar prej vet\u00eb institucionit<\/em>\u201d. P\u00ebr pjes\u00ebn e matjes s\u00eb rritjes s\u00eb kapaciteteve (aft\u00ebsit\u00eb) si indicator mund t\u00eb sh\u00ebrbente <em>\u201c% e k\u00ebshilltar\u00ebve\/administrat\u00ebs s\u00eb KLP-s\u00eb q\u00eb jan\u00eb trajnuar mbi detyrat e tyre funksionale\u201d<\/em><em>.<\/em>Nd\u00ebrkoh\u00eb indikator\u00eb t\u00eb tjer\u00eb, q\u00eb do t\u00eb tregojn\u00eb shkall\u00ebn e p\u00ebrmbushjes s\u00eb k\u00ebtij rezultati, do t\u00eb jen\u00eb n\u00eb var\u00ebsi t\u00eb masave t\u00eb cilat duhet t\u00eb parashikohen p\u00ebr rritjen e kapaciteteve dhe infrastruktur\u00ebs.<\/p>\n<p><strong><em>\u00a0<\/em><\/strong><\/p>\n<p><strong><em>Konkluzion:<\/em><\/strong><em> Rezultati \u00ebsht\u00eb i pritsh\u00ebm dhe i p\u00ebrgjigjet objektivit 1.3. Ai duhet t\u00eb qart\u00ebsoj\u00eb elementet q\u00eb n\u00ebnkuptojn\u00eb kapacitetet, me q\u00ebllim kuptimin m\u00eb t\u00eb qart\u00eb t\u00eb tij, si dhe p\u00ebr identifikimin e masave dhe indikator\u00ebve p\u00ebr matjen e tyre, t\u00eb cilat do ta b\u00ebnin k\u00ebt\u00eb rezultat realist. Gjithashtu hartuesit duhet t\u00eb konsultojn\u00eb me KLP masat q\u00eb do t\u00eb sh\u00ebrbejn\u00eb p\u00ebr arritjen e k\u00ebtyre rezultateve.\u00a0 Gjithashtu, sugjerojm\u00eb q\u00eb p\u00ebr monitorimin e k\u00ebtij rezultati t\u00eb p\u00ebrfshihen si indikator\u00eb: <\/em><em>\u201c% e prokuror\u00ebve q\u00eb besojn\u00eb se prokuror\u00ebt jan\u00eb em\u00ebruar \/ ngritur n\u00eb detyr\u00eb bazuar n\u00eb meritokraci dhe sistemin e karrier\u00ebs\u201d<\/em>, <em>\u201c% e buxhetit t\u00eb shtetit dedikuar KLP-s<\/em><em>\u00eb<\/em><em> n\u00eb raport me projektbuxhetin e parashikuar dhe propozuar prej vet\u00ebinstitucionit\u201d, si dhe <\/em><em>\u201c% e k\u00ebshilltar\u00ebve\/administrat\u00ebs s\u00eb KLP-s\u00eb q\u00eb jan\u00eb trajnuar mbi detyrat e tyre funksionale\u201d<\/em><em>.<\/em><\/p>\n<p><a href=\"#_ftnref1\" name=\"_ftn1\">[1]<\/a>Shih Raportin Vjetor t\u00eb KLP p\u00ebr vitin 2020 t\u00eb KLP, fq 9-10[\/vc_column_text][\/vc_column][\/vc_row][vc_row][vc_column icons_position=&#8221;left&#8221;][vc_separator][\/vc_column][\/vc_row]<\/p>\n","protected":false},"excerpt":{"rendered":"<p>[vc_row][vc_column hide_bg_image_on_tablet=&#8221;&#8221; hide_bg_image_on_mobile=&#8221;&#8221; icons_position=&#8221;left&#8221; css=&#8221;.vc_custom_1509966252982{margin-top: -0.4rem !important;}&#8221;][vc_column_text] Rezultati 1.3.2 \u201cKapacitetet (duke p\u00ebrfshir\u00eb proceset, aft\u00ebsit\u00eb dhe menaxhimin) dhe burimet (financiare, pajisje dhe infrastruktur\u00ebn) e KLP-s\u00eb jan\u00eb t\u00eb p\u00ebrshtatshme p\u00ebr t\u00eb zbatuar aktivitetet e saj, dhe KLP em\u00ebron, promovon dhe transferon numrin e k\u00ebrkuar t\u00eb prokuror\u00ebve dhe\/ose t\u00eb k\u00ebshilltar\u00ebve ligjor\u00eb sipas rregullave dhe standardeve t\u00eb k\u00ebrkuara dhe t\u00eb miratuara.\u201d \u00a0 Ky rezultat&hellip;<\/p>\n","protected":false},"author":1,"featured_media":0,"parent":3179,"menu_order":0,"comment_status":"closed","ping_status":"closed","template":"","meta":{"footnotes":""},"class_list":["post-3239","page","type-page","status-publish","hentry"],"_links":{"self":[{"href":"https:\/\/ipls.org\/projekte\/alleyesonjustice\/wp-json\/wp\/v2\/pages\/3239","targetHints":{"allow":["GET"]}}],"collection":[{"href":"https:\/\/ipls.org\/projekte\/alleyesonjustice\/wp-json\/wp\/v2\/pages"}],"about":[{"href":"https:\/\/ipls.org\/projekte\/alleyesonjustice\/wp-json\/wp\/v2\/types\/page"}],"author":[{"embeddable":true,"href":"https:\/\/ipls.org\/projekte\/alleyesonjustice\/wp-json\/wp\/v2\/users\/1"}],"replies":[{"embeddable":true,"href":"https:\/\/ipls.org\/projekte\/alleyesonjustice\/wp-json\/wp\/v2\/comments?post=3239"}],"version-history":[{"count":1,"href":"https:\/\/ipls.org\/projekte\/alleyesonjustice\/wp-json\/wp\/v2\/pages\/3239\/revisions"}],"predecessor-version":[{"id":3240,"href":"https:\/\/ipls.org\/projekte\/alleyesonjustice\/wp-json\/wp\/v2\/pages\/3239\/revisions\/3240"}],"up":[{"embeddable":true,"href":"https:\/\/ipls.org\/projekte\/alleyesonjustice\/wp-json\/wp\/v2\/pages\/3179"}],"wp:attachment":[{"href":"https:\/\/ipls.org\/projekte\/alleyesonjustice\/wp-json\/wp\/v2\/media?parent=3239"}],"curies":[{"name":"wp","href":"https:\/\/api.w.org\/{rel}","templated":true}]}}