{"id":3245,"date":"2022-02-17T20:55:21","date_gmt":"2022-02-17T20:55:21","guid":{"rendered":"http:\/\/ipls.org\/projekte\/alleyesonjustice\/?page_id=3245"},"modified":"2022-02-17T20:55:21","modified_gmt":"2022-02-17T20:55:21","slug":"rezultati-1-3-3","status":"publish","type":"page","link":"https:\/\/ipls.org\/projekte\/alleyesonjustice\/qellimi-i-politikes-1\/objektivi-specifik-1-3\/rezultati-1-3-3\/","title":{"rendered":"Rezultati 1.3.3"},"content":{"rendered":"<p>[vc_row][vc_column hide_bg_image_on_tablet=&#8221;&#8221; hide_bg_image_on_mobile=&#8221;&#8221; icons_position=&#8221;left&#8221; css=&#8221;.vc_custom_1509966252982{margin-top: -0.4rem !important;}&#8221;][vc_column_text]<\/p>\n<h2><a name=\"_Toc77083928\"><\/a><a name=\"_Toc77151005\"><\/a><strong>Rezultati 1.3.3<\/strong><\/h2>\n<p>\u201c<em>Kapacitetet e ILD-s\u00eb (duke p\u00ebrfshir\u00eb proceset, aft\u00ebsit\u00eb dhe menaxhimin) dhe burimet (financiare, pajisje dhe infrastruktur\u00eb) jan\u00eb forcuar dhe konsoliduar dhe ky institucion ushtron funksionet e tij n\u00eb m\u00ebnyr\u00eb t\u00eb pavarur, efikase dhe profesionale, duke zhvilluar procesin e verifikimit, hetimit disiplinor dhe inspektimit n\u00eb p\u00ebrputhje me parimet e procedimit disiplinor dhe standardet nd\u00ebrkomb\u00ebtare. K\u00ebto aktivitete do t\u00eb kryhen si\u04ab do t\u00eb shihen t\u00eb nevojshme p\u00ebr funksionimin e duhur t\u00eb gjyq\u00ebsorit dhe t\u00eb prokuroris\u00eb dhe n\u00eb p\u00ebrputhje me k\u00ebrkesat ligjore, kuadrin rregullator dhe standardet e k\u00ebrkuara.\u201d<\/em><\/p>\n<p>Edhe ky rezultat, ashtu si dy t\u00eb tjer\u00ebt m\u00eb sip\u00ebr, lidhet me prezumimin se me p\u00ebrmbushjen e Objektitivit 1.3 rezultati i pritsh\u00ebm p\u00ebr ILD-n\u00eb do t\u00eb orientohet n\u00eb tre drejtime. \u00a0S\u00eb pari,\u00a0 kapacitetet dhe burimet e ILD do t\u00eb jen\u00eb\u00a0 t\u00eb p\u00ebrshtatshme p\u00ebr t\u00eb zhvilluar aktivitetin sipas kuadrit kushtetues dhe ligjor. S\u00eb dyti, bazuar n\u00eb k\u00ebto premisa ky institucion do t\u00eb kryej\u00eb funksionet\u00a0 e tij n\u00eb m\u00ebnyr\u00eb t\u00eb pavarur, efikase dhe profesionale, duke zhvilluar procesin e verifikimit, hetimit disiplinor dhe inpektimit n\u00eb p\u00ebrputhje me parimet e procedimit disiplinor dhe standardet nd\u00ebrkomb\u00ebtare. S\u00eb treti, (megjith\u00ebse nuk rezulton qart\u00eb) veprimtaria e k\u00ebtij institucioni do t\u00eb ndikoj\u00eb n\u00eb funksionimin e gjyq\u00ebsorit dhe prokuroris\u00eb, sipas legjislacionit dhe standardeve t\u00eb k\u00ebrkuara p\u00ebrkat\u00ebse q\u00eb lidhen me llogaridh\u00ebnien. Lidhur me k\u00ebt\u00eb t\u00eb fundit do t\u00ebsugjeronim q\u00ebllogaridh\u00ebnia e gjyq\u00ebsorit t\u00eb p\u00ebrfshihet n\u00ebObjektivat dhe Rezultatet e parashikuara n\u00eb funksion t\u00eb Q\u00ebllimit t\u00eb Politik\u00ebs 2, e cila i dedikohet performanc\u00ebs s\u00eb sistemit gjyq\u00ebsor. Gjithashtu, fjalia e fundit mban parashikime t\u00eb p\u00ebrgjithshme dhe paqarta. Duket sikur pjesa \u201c<em>si\u00e7 do t\u00eb shihen t\u00eb nevojshme\u201d,<\/em> l\u00eb nj\u00eb marzh subjektiviteti p\u00ebr ILD- n\u00eb, edhe pse mund t\u00eb mos jet\u00eb ky q\u00ebllimi.\u00a0 P\u00ebr k\u00ebt\u00eb arsye, fjalia e tret\u00eb mund t\u00eb rishikohet n\u00eb funksion t\u00eb qart\u00ebsis\u00eb s\u00eb saj, por edhe pa tejkaluar Q\u00ebllimin e Politik\u00ebs 1 dhe Objektivin Specifik 1.3.<\/p>\n<p>Sa i takon formulimit t\u00eb k\u00ebtij rezultati, vlen i nj\u00ebjti sugjerim si p\u00ebr dy rezultatet paraardh\u00ebse. Mbeten p\u00ebr t\u2019u qart\u00ebsuar element\u00ebt e p\u00ebrcaktuar si komponent\u00eb p\u00ebrb\u00ebr\u00ebs t\u00eb kapacitetit t\u00eb institucionit.<\/p>\n<p>ILD \u00ebsht\u00eb institucion i ngritur dhe funksional prej shkurtit t\u00eb vitit 2020. Gjat\u00eb k\u00ebsaj faze fillestare t\u00eb funksionimit t\u00eb tij \u00ebsht\u00eb plot\u00ebsuar pjes\u00ebrisht organika me inspektor\u00eb dhe nd\u00ebrkoh\u00eb \u00ebsht\u00eb thuajse e plot\u00ebsuar organika me stafin administrativ. Gjithashtu ILD ka plot\u00ebsuar n\u00eb nj\u00eb mas\u00eb t\u00eb madhe baz\u00ebn ligjore t\u00eb organizimit, funksionimit t\u00eb saj dhe ushtrimit t\u00eb kompetencave t\u00eb dh\u00ebna nga ligji dhe Kushtetuta. Po ashtu jan\u00eb nd\u00ebrmarr\u00eb nj\u00eb s\u00ebr\u00eb aktesh dhe masash p\u00ebr adresimin e backlog-ut t\u00eb trash\u00ebguar nga KLD<a href=\"#_ftn1\" name=\"_ftnref1\">[1]<\/a>. N\u00eb k\u00ebt\u00eb moment \u00ebsht\u00eb e r\u00ebnd\u00ebsishme ngritja e m\u00ebtejshme e kapaciteteve t\u00eb institucionit dhe performanca n\u00eb p\u00ebrputhje me parimet e procedimit disiplinor dhe standardet nd\u00ebrkomb\u00ebtare. N\u00eb k\u00ebt\u00eb aspekt Rezultati i parashikuar duket koherent dhe i domosdosh\u00ebm.<\/p>\n<p>Pavar\u00ebsisht pasakt\u00ebsive t\u00eb lartp\u00ebrmendura, Rezultati 1.3.3p\u00ebrmban nj\u00eb rregullim q\u00eb \u00ebsht\u00eb n\u00eb linj\u00eb vazhdim\u00ebsie me parashikimet e SND I. Ai \u00ebsht\u00eb vijim logjik i arritjes s\u00eb objektivave t\u00eb parashikuar n\u00eb \u201cPlanin Strategjik dhe Planin e Veprimit t\u00eb Zyr\u00ebs s\u00eb Inspektorit t\u00eb Lart\u00eb t\u00eb Drejt\u00ebsis\u00eb 2020 -2022\u201d, si dhe t\u00eb nj\u00eb s\u00ebr\u00eb masash t\u00eb parashikuara n\u00eb k\u00ebt\u00eb t\u00eb fundit, me q\u00ebllim arritjen e k\u00ebtyre objektivave.<\/p>\n<p>Sa i p\u00ebrket masave t\u00eb k\u00ebtij rezultati, SND II ka parashikuar nj\u00eb s\u00ebr\u00eb t\u00eb tillash q\u00eb mund\u00ebsojn\u00eb realizimin e tij. Si\u00e7 do t\u00eb analizohet n\u00eb vijim, duhet t\u00eb vler\u00ebsohet koherenca e k\u00ebtyre masave n\u00eb raport me parashikimet strategjike dhe shkall\u00ebn e realizimit t\u00eb tyre n\u00eb Planin e Veprimit t\u00eb ILD-s\u00eb, me q\u00ebllim q\u00eb t\u00eb kemi nj\u00eb koherenc\u00eb m\u00eb t\u00eb madhe midis k\u00ebtyre dy dokumenteve strategjike dhe p\u00ebr t\u2019i b\u00ebr\u00eb rezultatet sa m\u00eb realiste.<\/p>\n<p>P\u00ebr arritjen e k\u00ebtij Rezultati SND II, parashikon dy indikator\u00eb: S\u00eb pari, <em>\u201c<\/em><em>% e procedurave t\u00eb filluara disiplinore p\u00ebr ankesat kund\u00ebr gjyqtar\u00ebve ose prokuror\u00ebve\u201d<\/em> dhe,s\u00eb dyti,<em>\u201cTreguesi i zgjidhjes s\u00eb \u00e7\u00ebshtjeve t\u00eb prapambetura p\u00ebr disiplin\u00ebn e ankesave t\u00eb paraqitura n\u00eb ILD\u201d. <\/em>T\u00eb dy k\u00ebta tregues masin eficienc\u00ebn e k\u00ebtij organi, por nuk japin t\u00eb dh\u00ebna t\u00eb plota mbi zbatimin e standardeve nga ana e tij. Ashtu si tek Rezultatet m\u00eb sip\u00ebr, si indikator mund t\u00eb sh\u00ebrbenin sondazhet e kryera me trup\u00ebn e gjyqtar\u00ebve dhe prokuror\u00ebve p\u00ebr t\u00eb llogaritur p\u00ebrqindjen e atyre q\u00eb mendojn\u00eb se ILD ka ose nuk ka respektuar gjat\u00eb standardet n\u00eb procesin e verifikimit, hetimit disiplinor dhe inspektimit. Nd\u00ebrkoh\u00eb masa dhe tregues p\u00ebr pjes\u00ebn e konsolidimit t\u00eb kapaciteteve dhe burimeve gjejm\u00eb n\u00eb Planin e Veprimit t\u00eb Zyr\u00ebs s\u00eb ILD.<\/p>\n<p><strong><em>Konkluzion<\/em><\/strong><em>: Rezultati \u00ebsht\u00eb i domosdosh\u00ebm dhe i p\u00ebrgjigjet Objektivit Specifik 1.3. Ai duhet t\u00eb qart\u00ebsoj\u00eb elementet q\u00eb n\u00ebnkuptojn\u00eb kapacitetet, me q\u00ebllim kuptimin m\u00eb t\u00eb qart\u00eb t\u00eb tij, si dhe p\u00ebr identifikimin e masave dhe indikator\u00ebve p\u00ebr matjen e tyre. Gjithashtu p\u00ebr t\u2019a b\u00ebr\u00eb sa m\u00eb realist k\u00ebt\u00eb rezultat duhet nj\u00eb koherenc\u00eb m\u00eb e madhe mes masave t\u00eb parashikuara p\u00ebr arritjen e tij dhe afateve t\u00eb parashikuara n\u00eb Planin e Veprimit t\u00eb ILD apo shkall\u00ebs s\u00eb realizimit t\u00eb tyre. <\/em><em>Nd\u00ebrkoh\u00eb q\u00eb masa dhe tregues p\u00ebr pjes\u00ebn e konsolidimit t\u00eb kapaciteteve dhe burimeve gjejm\u00eb n\u00eb Planin e Veprimit t\u00eb Zyr\u00ebs s\u00eb ILD, <\/em><em>sugjerojm\u00ebq\u00eb, n\u00eb kuad\u00ebr t\u00eb monitorim t\u00eb zbatimit t\u00eb SND II, <\/em><em>t\u00eb p\u00ebrfshihet si indikator (bazuar n\u00eb sondazhet e kryera me trup\u00ebn e gjyqtar\u00ebve dhe prokuror\u00ebve) \u201cp\u00ebrqindja e gjyqtar\u00ebve\/prokuror\u00ebve q\u00eb mendojn\u00eb se ILD ka\/nuk ka respektuar gjat\u00eb standardet n\u00eb procesin e verifikimit, hetimit disiplinor dhe inpektimit\u201d.<\/em><\/p>\n<p><a href=\"#_ftnref1\" name=\"_ftn1\">[1]<\/a>Shih p\u00ebr m\u00eb tep\u00ebr: https:\/\/ild.al\/sq\/legjislacion\/akte\/[\/vc_column_text][\/vc_column][\/vc_row][vc_row][vc_column icons_position=&#8221;left&#8221;][vc_separator][\/vc_column][\/vc_row]<\/p>\n","protected":false},"excerpt":{"rendered":"<p>[vc_row][vc_column hide_bg_image_on_tablet=&#8221;&#8221; hide_bg_image_on_mobile=&#8221;&#8221; icons_position=&#8221;left&#8221; css=&#8221;.vc_custom_1509966252982{margin-top: -0.4rem !important;}&#8221;][vc_column_text] Rezultati 1.3.3 \u201cKapacitetet e ILD-s\u00eb (duke p\u00ebrfshir\u00eb proceset, aft\u00ebsit\u00eb dhe menaxhimin) dhe burimet (financiare, pajisje dhe infrastruktur\u00eb) jan\u00eb forcuar dhe konsoliduar dhe ky institucion ushtron funksionet e tij n\u00eb m\u00ebnyr\u00eb t\u00eb pavarur, efikase dhe profesionale, duke zhvilluar procesin e verifikimit, hetimit disiplinor dhe inspektimit n\u00eb p\u00ebrputhje me parimet e procedimit disiplinor dhe standardet&hellip;<\/p>\n","protected":false},"author":1,"featured_media":0,"parent":3179,"menu_order":0,"comment_status":"closed","ping_status":"closed","template":"","meta":{"footnotes":""},"class_list":["post-3245","page","type-page","status-publish","hentry"],"_links":{"self":[{"href":"https:\/\/ipls.org\/projekte\/alleyesonjustice\/wp-json\/wp\/v2\/pages\/3245","targetHints":{"allow":["GET"]}}],"collection":[{"href":"https:\/\/ipls.org\/projekte\/alleyesonjustice\/wp-json\/wp\/v2\/pages"}],"about":[{"href":"https:\/\/ipls.org\/projekte\/alleyesonjustice\/wp-json\/wp\/v2\/types\/page"}],"author":[{"embeddable":true,"href":"https:\/\/ipls.org\/projekte\/alleyesonjustice\/wp-json\/wp\/v2\/users\/1"}],"replies":[{"embeddable":true,"href":"https:\/\/ipls.org\/projekte\/alleyesonjustice\/wp-json\/wp\/v2\/comments?post=3245"}],"version-history":[{"count":1,"href":"https:\/\/ipls.org\/projekte\/alleyesonjustice\/wp-json\/wp\/v2\/pages\/3245\/revisions"}],"predecessor-version":[{"id":3246,"href":"https:\/\/ipls.org\/projekte\/alleyesonjustice\/wp-json\/wp\/v2\/pages\/3245\/revisions\/3246"}],"up":[{"embeddable":true,"href":"https:\/\/ipls.org\/projekte\/alleyesonjustice\/wp-json\/wp\/v2\/pages\/3179"}],"wp:attachment":[{"href":"https:\/\/ipls.org\/projekte\/alleyesonjustice\/wp-json\/wp\/v2\/media?parent=3245"}],"curies":[{"name":"wp","href":"https:\/\/api.w.org\/{rel}","templated":true}]}}