{"id":3248,"date":"2022-02-17T20:56:45","date_gmt":"2022-02-17T20:56:45","guid":{"rendered":"http:\/\/ipls.org\/projekte\/alleyesonjustice\/?page_id=3248"},"modified":"2022-02-17T20:56:45","modified_gmt":"2022-02-17T20:56:45","slug":"masa-1-3-2","status":"publish","type":"page","link":"https:\/\/ipls.org\/projekte\/alleyesonjustice\/qellimi-i-politikes-1\/objektivi-specifik-1-3\/masa-1-3-2\/","title":{"rendered":"Masa 1.3.2"},"content":{"rendered":"<p>[vc_row][vc_column hide_bg_image_on_tablet=&#8221;&#8221; hide_bg_image_on_mobile=&#8221;&#8221; icons_position=&#8221;left&#8221; css=&#8221;.vc_custom_1509966252982{margin-top: -0.4rem !important;}&#8221;][vc_column_text]<\/p>\n<h2><a name=\"_Toc77083928\"><\/a><a name=\"_Toc77151005\"><\/a><strong>Masa 1.3.2 <\/strong><\/h2>\n<p><em>\u201cP\u00ebrfundimi i pro\u00e7edurave t\u00eb em\u00ebrimit t\u00eb inspektor\u00ebve magjistrat\u00eb dhe jo-magjistrat\u00eb pran\u00eb ILD, si dhe p\u00ebrfundimi i rekrutimeve t\u00eb stafit t\u00eb Zyr\u00ebs s\u00eb Inspektorit t\u00eb Lart\u00eb t\u00eb Drejt\u00ebsis\u00eb\u201d<\/em><\/p>\n<p>Masa e lartp\u00ebrmendur, s\u00eb bashku me ato t\u00eb renditura m\u00eb posht\u00eb p\u00ebrb\u00ebjn\u00eb hapat e nevojsh\u00ebm q\u00eb duhen ndjekur n\u00eb funksion t\u00eb realizimit t\u00eb Rezultatit 1.3.3. Ajo duhet t\u00eb nd\u00ebrmerret me q\u00ebllim p\u00ebrmbushjen e Rezultatit 1.3.3 dhe arritjen e synimeve t\u00eb Objektivit Specifik 1.3.<\/p>\n<p>Masa 1.3.2, e renditur e para ka, t\u00eb b\u00ebj\u00eb me p\u00ebrfundimin e procedurave t\u00eb rekrutimit t\u00eb stafit (em\u00ebrim t\u00eb inspektor\u00ebve magjistrat\/jo magjistrat si dhe t\u00eb administrat\u00ebs mb\u00ebshtes\u00ebse). Pa plot\u00ebsimin e vakancave n\u00eb burimet njer\u00ebzore, ILD nuk mund t\u00eb jet\u00eb t\u00ebr\u00ebsisht funksionale n\u00eb kryerjen e kompetencave q\u00eb i ka caktuar ligji. Kjo mas\u00eb krijon vijim t\u00eb natyrsh\u00ebm edhe me masat (aktivitetet) q\u00eb ishin parashikuar n\u00eb SND I, ku n\u00eb aktivitetin 1.03 parashikohej rekrutimi i punonj\u00ebsve<a href=\"#_ftn1\" name=\"_ftnref1\"><sup>[1]<\/sup><\/a>. Edhe SND I e ka vler\u00ebsuar se rekrutimi s\u00eb bashku me infrastruktur\u00ebn (godina duke p\u00ebrfshir\u00eb mobilimin, pajisjet p\u00ebrkat\u00ebse t\u00eb IT) jan\u00eb kushte baz\u00eb p\u00ebr krijimin dhe funksionimin e institucionit. Nd\u00ebrkoh\u00eb kjo mas\u00eb \u00ebsht\u00eb n\u00eb koherenc\u00eb me mas\u00ebn \u201c<em>Plot\u00ebsimi i vendeve vakante n\u00eb Institucion<\/em>\u201d, parashikuar n\u00eb kuad\u00ebr t\u00eb Objektivit Specifik 1.2 \u201c<em>Sigurimi i autonomis\u00eb financiare dhe administrative t\u00eb Zyr\u00ebs s\u00eb Inspektorit t\u00eb Lart\u00eb t\u00eb Drejt\u00ebsis\u00eb\u201d <\/em>t\u00eb parashikuar n\u00eb Planin e Veprimit t\u00eb k\u00ebtij Institucioni. Afati p\u00ebr realizimin e k\u00ebsaj mase sipas Plan veprimit t\u00eb ILD \u00ebsht\u00eb 2020-2021. P\u00ebr k\u00ebt\u00eb arsye, duhet rivler\u00ebsuar p\u00ebrmbushja e saj n\u00eb p\u00ebrputhje me gjendjen aktuale. Nd\u00ebrkoh\u00eb ILD ka dhe indikator\u00eb p\u00ebr matjen e saj, t\u00eb dh\u00ebnat e t\u00eb cil\u00ebve mund t\u00eb huazohen p\u00ebr matjen e realizimit t\u00eb saj.<\/p>\n<p><strong><em>Konkluzione<\/em><\/strong><em>:Duke qen\u00eb se ILD ka ende vakanca n\u00eb struktur\u00ebn e saj, si p\u00ebr inspektor\u00eb ashtu edhe p\u00ebr staf administrativ, masa vler\u00ebsohet si e duhur dhe n\u00eb p\u00ebrputhje me situat\u00ebn aktuale me q\u00ebllim arritjen e rezultatit t\u00eb k\u00ebrkuar p\u00ebr ILD-n\u00eb.<\/em><\/p>\n<p><a href=\"#_ftnref1\" name=\"_ftn1\">[1]<\/a><a href=\"https:\/\/www.drejtesia.gov.al\/\u00ebp-content\/uploads\/2018\/06\/278-2016_fletore_zyrtare_SND.pdf\">https:\/\/www.drejtesia.gov.al\/\u00ebp-content\/uploads\/2018\/06\/278-2016_fletore_zyrtare_SND.pdf<\/a>[\/vc_column_text][\/vc_column][\/vc_row][vc_row][vc_column icons_position=&#8221;left&#8221;][vc_separator][\/vc_column][\/vc_row]<\/p>\n","protected":false},"excerpt":{"rendered":"<p>[vc_row][vc_column hide_bg_image_on_tablet=&#8221;&#8221; hide_bg_image_on_mobile=&#8221;&#8221; icons_position=&#8221;left&#8221; css=&#8221;.vc_custom_1509966252982{margin-top: -0.4rem !important;}&#8221;][vc_column_text] Masa 1.3.2 \u201cP\u00ebrfundimi i pro\u00e7edurave t\u00eb em\u00ebrimit t\u00eb inspektor\u00ebve magjistrat\u00eb dhe jo-magjistrat\u00eb pran\u00eb ILD, si dhe p\u00ebrfundimi i rekrutimeve t\u00eb stafit t\u00eb Zyr\u00ebs s\u00eb Inspektorit t\u00eb Lart\u00eb t\u00eb Drejt\u00ebsis\u00eb\u201d Masa e lartp\u00ebrmendur, s\u00eb bashku me ato t\u00eb renditura m\u00eb posht\u00eb p\u00ebrb\u00ebjn\u00eb hapat e nevojsh\u00ebm q\u00eb duhen ndjekur n\u00eb funksion t\u00eb realizimit t\u00eb Rezultatit&hellip;<\/p>\n","protected":false},"author":1,"featured_media":0,"parent":3179,"menu_order":0,"comment_status":"closed","ping_status":"closed","template":"","meta":{"footnotes":""},"class_list":["post-3248","page","type-page","status-publish","hentry"],"_links":{"self":[{"href":"https:\/\/ipls.org\/projekte\/alleyesonjustice\/wp-json\/wp\/v2\/pages\/3248","targetHints":{"allow":["GET"]}}],"collection":[{"href":"https:\/\/ipls.org\/projekte\/alleyesonjustice\/wp-json\/wp\/v2\/pages"}],"about":[{"href":"https:\/\/ipls.org\/projekte\/alleyesonjustice\/wp-json\/wp\/v2\/types\/page"}],"author":[{"embeddable":true,"href":"https:\/\/ipls.org\/projekte\/alleyesonjustice\/wp-json\/wp\/v2\/users\/1"}],"replies":[{"embeddable":true,"href":"https:\/\/ipls.org\/projekte\/alleyesonjustice\/wp-json\/wp\/v2\/comments?post=3248"}],"version-history":[{"count":1,"href":"https:\/\/ipls.org\/projekte\/alleyesonjustice\/wp-json\/wp\/v2\/pages\/3248\/revisions"}],"predecessor-version":[{"id":3249,"href":"https:\/\/ipls.org\/projekte\/alleyesonjustice\/wp-json\/wp\/v2\/pages\/3248\/revisions\/3249"}],"up":[{"embeddable":true,"href":"https:\/\/ipls.org\/projekte\/alleyesonjustice\/wp-json\/wp\/v2\/pages\/3179"}],"wp:attachment":[{"href":"https:\/\/ipls.org\/projekte\/alleyesonjustice\/wp-json\/wp\/v2\/media?parent=3248"}],"curies":[{"name":"wp","href":"https:\/\/api.w.org\/{rel}","templated":true}]}}