{"id":3254,"date":"2022-02-17T21:03:14","date_gmt":"2022-02-17T21:03:14","guid":{"rendered":"http:\/\/ipls.org\/projekte\/alleyesonjustice\/?page_id=3254"},"modified":"2022-02-17T21:03:14","modified_gmt":"2022-02-17T21:03:14","slug":"masa-1-3-4","status":"publish","type":"page","link":"https:\/\/ipls.org\/projekte\/alleyesonjustice\/qellimi-i-politikes-1\/objektivi-specifik-1-3\/masa-1-3-4\/","title":{"rendered":"Masa 1.3.4"},"content":{"rendered":"<p>[vc_row][vc_column hide_bg_image_on_tablet=&#8221;&#8221; hide_bg_image_on_mobile=&#8221;&#8221; icons_position=&#8221;left&#8221; css=&#8221;.vc_custom_1509966252982{margin-top: -0.4rem !important;}&#8221;][vc_column_text]<\/p>\n<h2><a name=\"_Toc77083928\"><\/a><a name=\"_Toc77151005\"><\/a><strong>Masa 1.3.4 <\/strong><\/h2>\n<p><em>\u201cP\u00ebrgatitja e raporteve t\u00eb analiz\u00ebs s\u00eb grupeve t\u00eb pun\u00ebs p\u00ebr evidentimin dhe kategorizimin e ankesave t\u00eb mbartura nga institucionet e tjera, sipas objektit\u201d.<\/em><\/p>\n<p>N\u00eb pik\u00ebn 1.3.4 vler\u00ebsohet si mas\u00eb e nevojshme kategorizimi i ankesave t\u00eb mbartuara. Kjo nuk \u00ebsht\u00eb gj\u00eb tjet\u00ebr ve\u00e7se hartimi i nj\u00eb metodologjie p\u00ebr adresimin e backlog-ut. Nga m\u00ebnyra se si \u00ebsht\u00eb formuluar duket sikur ka nj\u00eb mbivendosje me mas\u00ebn 1.2.12 t\u00eb p\u00ebrmendur m\u00eb sip\u00ebr (1.2.12 \u201cP\u00ebrgatitja e nj\u00eb plani operacional t\u00eb ILD-s\u00eb p\u00ebr trajtimin e ankesave te prapambetura\u201d).<\/p>\n<p>Gjithashtu kjo mas\u00eb p\u00ebrkon edhe me Planin Strategjik t\u00eb ILD 2020-2022, konkretisht me mas\u00ebn 1 \u201c<em>Ngritja e grupeve t\u00eb pun\u00ebs p\u00ebr evidentimin dhe kategorizimin e ankesave t\u00eb mbartura nga institucionet e tjera<\/em>\u201d, si dhe \u201c<em>Shqyrtimi me prioritet i ankesave sipas gjetjeve t\u00eb grupeve t\u00eb pun\u00ebs p\u00ebr evidentimin dhe kategorizimin e ankesave t\u00eb mbartura nga institucionet e tjera, sipas objektit<\/em>,\u201d t\u00eb cilat jan\u00eb n\u00eb p\u00ebrmbushje t\u00eb Objektivit Specifik 2.4 \u201c<em>Rritja e numrit t\u00eb ankesave t\u00eb trajtuara ne p\u00ebrputhje me afatet ligjore. <\/em>K\u00ebto masajan\u00eb p\u00ebrkat\u00ebsisht me afat p\u00ebrfundimtar dhjetor 2020 dhe mars 2021.\u00a0 P\u00ebr k\u00ebt\u00eb arsye duhet rishikuar relevanca e mas\u00ebs 1.3.4 me veprimtarin\u00eb e Zyr\u00ebs s\u00eb Inspektoritt\u00eb Lart\u00eb t\u00eb Drejt\u00ebsis\u00eb dhe gjendjen aktuale t\u00eb trajtimit t\u00eb backlog-ut.<\/p>\n<p>Gjithashtu sugjerojm\u00eb q\u00eb strategjia duhet t\u00eb ndaj\u00eb n\u00eb objektiva t\u00eb posa\u00e7\u00ebm, llogaridh\u00ebnien e gjyq\u00ebsorit, pjes\u00eb e t\u00eb cil\u00ebs jan\u00eb dhe vendimet e marra n\u00eb kuad\u00ebr t\u00eb proceseve disiplinore, adresimi i ankesave, shqyrtimi i backlog-ut, me vet\u00eb rritjen e kapacitetit t\u00eb ILD-s-s\u00eb dhe kryerjen e veprimtaris\u00eb sipas standardeve. K\u00ebrkohet nj\u00eb ndarje m\u00eb e qart\u00eb mes Objektivit 1.3 dhe llogaridh\u00ebnies s\u00eb gjyq\u00ebsorit t\u00eb p\u00ebrfshir\u00eb n\u00eb masat n\u00eb kuad\u00ebr t\u00eb Objektivit 2.4.<\/p>\n<p><strong><em>Konkluzion<\/em><\/strong><em>:P\u00ebr sa m\u00eb sip\u00ebr sugjerohet rishikim\/riformulim i k\u00ebsaj mase n\u00eb raport me mas\u00ebn 1.2.12 si dhe me masat e parashikuara n\u00eb <\/em><em>Planin Strategjik t\u00eb Zyr\u00ebs s\u00eb Inspektorit t\u00eb Lart\u00eb t\u00eb Drejt\u00ebsis\u00eb 2020 -2022, p\u00ebr t\u00eb shmangur cdo <\/em><em>paqart\u00ebsi n\u00eb zbatim, si dhe p\u00ebr relevanc\u00eb me gjendjen aktuale. <\/em><em>Gjithashtu sugjerojm\u00eb nj\u00eb ndarje m\u00eb t\u00eb qart\u00eb mes Objektivave, Masave dhe Rezultateve q\u00eb lidhen me forcimin e kapaciteteve t\u00eb ILD-s<\/em><em>\u00eb<\/em><em>, me ato q\u00eb lidhen me llogaridh\u00ebnien e gjyq\u00ebsorit (q\u00ebreflektohet nd\u00ebr t\u00eb tjera edhe n\u00eb vendimet e dh<\/em><em>\u00eb<\/em><em>na nga ILD p\u00ebr shkeljet disiplinore), t\u00eb parashikuar n\u00eb kuad\u00ebr t\u00eb Q<\/em><em>\u00eb<\/em><em>llimit t\u00eb Politik\u00ebs 2.<\/em>[\/vc_column_text][\/vc_column][\/vc_row][vc_row][vc_column icons_position=&#8221;left&#8221;][vc_separator][\/vc_column][\/vc_row]<\/p>\n","protected":false},"excerpt":{"rendered":"<p>[vc_row][vc_column hide_bg_image_on_tablet=&#8221;&#8221; hide_bg_image_on_mobile=&#8221;&#8221; icons_position=&#8221;left&#8221; css=&#8221;.vc_custom_1509966252982{margin-top: -0.4rem !important;}&#8221;][vc_column_text] Masa 1.3.4 \u201cP\u00ebrgatitja e raporteve t\u00eb analiz\u00ebs s\u00eb grupeve t\u00eb pun\u00ebs p\u00ebr evidentimin dhe kategorizimin e ankesave t\u00eb mbartura nga institucionet e tjera, sipas objektit\u201d. N\u00eb pik\u00ebn 1.3.4 vler\u00ebsohet si mas\u00eb e nevojshme kategorizimi i ankesave t\u00eb mbartuara. Kjo nuk \u00ebsht\u00eb gj\u00eb tjet\u00ebr ve\u00e7se hartimi i nj\u00eb metodologjie p\u00ebr adresimin e backlog-ut. Nga&hellip;<\/p>\n","protected":false},"author":1,"featured_media":0,"parent":3179,"menu_order":0,"comment_status":"closed","ping_status":"closed","template":"","meta":{"footnotes":""},"class_list":["post-3254","page","type-page","status-publish","hentry"],"_links":{"self":[{"href":"https:\/\/ipls.org\/projekte\/alleyesonjustice\/wp-json\/wp\/v2\/pages\/3254","targetHints":{"allow":["GET"]}}],"collection":[{"href":"https:\/\/ipls.org\/projekte\/alleyesonjustice\/wp-json\/wp\/v2\/pages"}],"about":[{"href":"https:\/\/ipls.org\/projekte\/alleyesonjustice\/wp-json\/wp\/v2\/types\/page"}],"author":[{"embeddable":true,"href":"https:\/\/ipls.org\/projekte\/alleyesonjustice\/wp-json\/wp\/v2\/users\/1"}],"replies":[{"embeddable":true,"href":"https:\/\/ipls.org\/projekte\/alleyesonjustice\/wp-json\/wp\/v2\/comments?post=3254"}],"version-history":[{"count":1,"href":"https:\/\/ipls.org\/projekte\/alleyesonjustice\/wp-json\/wp\/v2\/pages\/3254\/revisions"}],"predecessor-version":[{"id":3255,"href":"https:\/\/ipls.org\/projekte\/alleyesonjustice\/wp-json\/wp\/v2\/pages\/3254\/revisions\/3255"}],"up":[{"embeddable":true,"href":"https:\/\/ipls.org\/projekte\/alleyesonjustice\/wp-json\/wp\/v2\/pages\/3179"}],"wp:attachment":[{"href":"https:\/\/ipls.org\/projekte\/alleyesonjustice\/wp-json\/wp\/v2\/media?parent=3254"}],"curies":[{"name":"wp","href":"https:\/\/api.w.org\/{rel}","templated":true}]}}