{"id":3257,"date":"2022-02-17T21:04:37","date_gmt":"2022-02-17T21:04:37","guid":{"rendered":"http:\/\/ipls.org\/projekte\/alleyesonjustice\/?page_id=3257"},"modified":"2022-02-17T21:04:37","modified_gmt":"2022-02-17T21:04:37","slug":"masa-1-3-5","status":"publish","type":"page","link":"https:\/\/ipls.org\/projekte\/alleyesonjustice\/qellimi-i-politikes-1\/objektivi-specifik-1-3\/masa-1-3-5\/","title":{"rendered":"Masa 1.3.5"},"content":{"rendered":"<p>[vc_row][vc_column hide_bg_image_on_tablet=&#8221;&#8221; hide_bg_image_on_mobile=&#8221;&#8221; icons_position=&#8221;left&#8221; css=&#8221;.vc_custom_1509966252982{margin-top: -0.4rem !important;}&#8221;][vc_column_text]<\/p>\n<h2><a name=\"_Toc77083928\"><\/a><a name=\"_Toc77151005\"><\/a><strong>Masa 1.3.5 <\/strong><\/h2>\n<p><em>\u201cP\u00ebrgatitja e nd\u00ebrhyrjeve t\u00eb nevojshme p\u00ebr p\u00ebrmir\u00ebsimin infrastrukturor dhe logjistik t\u00eb ILD p\u00ebr pajisjen me ambiente pune\/logjistik\u00eb p\u00ebr t\u00eb gjith\u00eb numrin e punonj\u00ebsve t\u00eb ILD\u201d.<\/em><\/p>\n<p>Si\u00e7 u tha m\u00eb sip\u00ebr, ILD ka vet\u00ebm di\u00e7ka m\u00eb shum\u00eb se \u2018nj\u00eb vit jet\u00eb\u2019. Masa tjet\u00ebr, 1.3.5ka t\u00eb b\u00ebj\u00eb me aspekte infrastrukturore dhe logjistike.Garantimi i infrastruktur\u00ebs s\u00eb nevojshme \u00ebsht\u00eb thelb\u00ebsor n\u00eb ushtrimin e funksioneve, duke pasur parasysh problematikat q\u00eb kan\u00eb hasur shum\u00eb institucione t\u00eb qeverisjes s\u00eb sistemit n\u00eb fillimet e veprimtaris\u00eb s\u00eb tyr\u00eb. Kjo mas\u00eb shkon n\u00eb harmoni me masat e lartp\u00ebrmendura dhe lidhet me aktivitetin 1.03 a. t\u00eb SND I.<\/p>\n<p>Edhe pse kjo mas\u00eb \u00ebsht\u00eb n\u00eb vetvete e nevojshme, lind pyetja sa relevante \u00ebsht\u00eb kjo aktualisht duke pasur parasysh q\u00eb ILD ka tashm\u00eb godin\u00ebn e saj me element\u00ebt infrastrukturor\u00eb t\u00eb nevojsh\u00ebm. P\u00ebr m\u00eb tep\u00ebr n\u00eb Planin e Veprimit t\u00eb Zyr\u00ebs s\u00eb Inspektorit t\u00eb Lart\u00eb t\u00eb Drejt\u00ebsis\u00eb 2020-20022 masat n\u00ebn Objektivin Specifik 1.1 \u201c<em>Zhvillimi i infrastruktur\u00ebs s\u00eb nevojshme p\u00ebr ushtrimin e funksioneve nga ana e Zyr\u00eb s\u00eb Inspektorit t\u00eb Lart\u00eb t\u00eb Drejt\u00ebsis\u00eb n\u00ebp\u00ebrmjet sigurimit t\u00eb hap\u00ebsirave mjediseve, pajisjeve dhe kushteve t\u00eb pun\u00ebs<\/em>\u201d jan\u00eb me afat dhjetor 2020, mars 2021 dhe mars 2022. Prandaj kjo mas\u00eb duhet t\u00eb rishihet n\u00eb raport me masat dhe afatet e parashikuara n\u00eb Plan Veprimin e ILD-s\u00eb me q\u00ebllim relevanc\u00ebn n\u00eb mes dy dokumentave, si dhe me gjendjen aktuale.<\/p>\n<p><strong><em>Konkluzion<\/em><\/strong><em>:Sugjerohet t\u00eb vler\u00ebsohet relevanca e k\u00ebsaj mase p\u00ebrkundrejt\u00eb zhvillimeve dhe ecuris\u00eb kohore q\u00eb prej krijimit t\u00eb ILD-s\u00eb, si dhe p\u00ebr mos krijuar mbivendosje me masat e parashikuara n\u00eb Planin Strategjik t\u00eb ILD-s\u00eb.<\/em>[\/vc_column_text][\/vc_column][\/vc_row][vc_row][vc_column icons_position=&#8221;left&#8221;][vc_separator][\/vc_column][\/vc_row]<\/p>\n","protected":false},"excerpt":{"rendered":"<p>[vc_row][vc_column hide_bg_image_on_tablet=&#8221;&#8221; hide_bg_image_on_mobile=&#8221;&#8221; icons_position=&#8221;left&#8221; css=&#8221;.vc_custom_1509966252982{margin-top: -0.4rem !important;}&#8221;][vc_column_text] Masa 1.3.5 \u201cP\u00ebrgatitja e nd\u00ebrhyrjeve t\u00eb nevojshme p\u00ebr p\u00ebrmir\u00ebsimin infrastrukturor dhe logjistik t\u00eb ILD p\u00ebr pajisjen me ambiente pune\/logjistik\u00eb p\u00ebr t\u00eb gjith\u00eb numrin e punonj\u00ebsve t\u00eb ILD\u201d. Si\u00e7 u tha m\u00eb sip\u00ebr, ILD ka vet\u00ebm di\u00e7ka m\u00eb shum\u00eb se \u2018nj\u00eb vit jet\u00eb\u2019. Masa tjet\u00ebr, 1.3.5ka t\u00eb b\u00ebj\u00eb me aspekte infrastrukturore dhe logjistike.Garantimi i&hellip;<\/p>\n","protected":false},"author":1,"featured_media":0,"parent":3179,"menu_order":0,"comment_status":"closed","ping_status":"closed","template":"","meta":{"footnotes":""},"class_list":["post-3257","page","type-page","status-publish","hentry"],"_links":{"self":[{"href":"https:\/\/ipls.org\/projekte\/alleyesonjustice\/wp-json\/wp\/v2\/pages\/3257","targetHints":{"allow":["GET"]}}],"collection":[{"href":"https:\/\/ipls.org\/projekte\/alleyesonjustice\/wp-json\/wp\/v2\/pages"}],"about":[{"href":"https:\/\/ipls.org\/projekte\/alleyesonjustice\/wp-json\/wp\/v2\/types\/page"}],"author":[{"embeddable":true,"href":"https:\/\/ipls.org\/projekte\/alleyesonjustice\/wp-json\/wp\/v2\/users\/1"}],"replies":[{"embeddable":true,"href":"https:\/\/ipls.org\/projekte\/alleyesonjustice\/wp-json\/wp\/v2\/comments?post=3257"}],"version-history":[{"count":1,"href":"https:\/\/ipls.org\/projekte\/alleyesonjustice\/wp-json\/wp\/v2\/pages\/3257\/revisions"}],"predecessor-version":[{"id":3258,"href":"https:\/\/ipls.org\/projekte\/alleyesonjustice\/wp-json\/wp\/v2\/pages\/3257\/revisions\/3258"}],"up":[{"embeddable":true,"href":"https:\/\/ipls.org\/projekte\/alleyesonjustice\/wp-json\/wp\/v2\/pages\/3179"}],"wp:attachment":[{"href":"https:\/\/ipls.org\/projekte\/alleyesonjustice\/wp-json\/wp\/v2\/media?parent=3257"}],"curies":[{"name":"wp","href":"https:\/\/api.w.org\/{rel}","templated":true}]}}