{"id":3263,"date":"2022-02-17T21:17:10","date_gmt":"2022-02-17T21:17:10","guid":{"rendered":"http:\/\/ipls.org\/projekte\/alleyesonjustice\/?page_id=3263"},"modified":"2022-02-17T21:17:10","modified_gmt":"2022-02-17T21:17:10","slug":"objektivi-specifik-2-1","status":"publish","type":"page","link":"https:\/\/ipls.org\/projekte\/alleyesonjustice\/qellimi-i-politikes-2\/objektivi-specifik-2-1\/","title":{"rendered":"Objektivi specifik 2.1"},"content":{"rendered":"<p>[vc_row][vc_column hide_bg_image_on_tablet=&#8221;&#8221; hide_bg_image_on_mobile=&#8221;&#8221; icons_position=&#8221;left&#8221; css=&#8221;.vc_custom_1509966252982{margin-top: -0.4rem !important;}&#8221;][vc_column_text]<\/p>\n<h2><a name=\"_Toc77083928\"><\/a><a name=\"_Toc77151005\"><\/a><strong>Objektivi specifik 2.1<\/strong><\/h2>\n<p><em>\u201cRishikimii kuadrit ligjor n<\/em><em>\u00eb<\/em><em> lidhje me gjyq<\/em><em>\u00eb<\/em><em>sorin, sipas nevoj<\/em><em>\u00eb<\/em><em>s p<\/em><em>\u00eb<\/em><em>r t<\/em><em>\u00eb<\/em><em> p<\/em><em>\u00eb<\/em><em>rmir<\/em><em>\u00eb<\/em><em>suar m<\/em><em>\u00eb<\/em><em> tej aft<\/em><em>\u00eb<\/em><em>sin<\/em><em>\u00eb<\/em><em>profesionale, aksesueshm<\/em><em>\u00eb<\/em><em>rin<\/em><em>\u00eb<\/em><em>, transparenc<\/em><em>\u00eb<\/em><em>n dhe efi\u00e7enc\u00ebn<\/em><em>\u201d<\/em>.<\/p>\n<p>Objektivi 2.1 parashikon momentin e par\u00eb t\u00eb nd\u00ebrhyrjes q\u00eb duhet b\u00ebr\u00eb n\u00eb funksion t\u00eb rritjes s\u00eb performanc\u00ebs s\u00eb gjyq\u00ebsorit dhe n\u00eb funksion t\u00eb aksesit n\u00eb gjyq\u00ebsor dhe q\u00eb lidhet me rishikimin e gjith\u00eb ligjeve q\u00eb prekin apo ndikojn\u00eb n\u00eb zbatimin e k\u00ebtyre parimeve. Ligji \u00ebsht\u00eb mjeti i par\u00eb, n\u00eb dor\u00eb t\u00eb organit dhe t\u00eb individit, q\u00eb parashikon detyrimet dhe garanton t\u00eb drejtat n\u00eb p\u00ebrmbushjen e k\u00ebtyre detyrimeve. Parimet apo standardet q\u00eb k\u00ebrkon t\u00eb vendos\u00eb p\u00ebr sistemin gjyq\u00ebsor ky objektiv k\u00ebrkojn\u00eb q\u00eb t\u00eb b\u00ebhet nj\u00eb vler\u00ebsim i thelluar i nj\u00eb numri t\u00eb madh ligjesh, materiale dhe procedurale, dhe n\u00eb pjes\u00ebn m\u00eb t\u00eb madhe, ligje organike, t\u00eb nj\u00eb r\u00ebnd\u00ebsie themeleore p\u00ebr t\u00eb drejt\u00ebn n\u00eb Shqip\u00ebri.N\u00ebk\u00ebto ligje duhen identifikuar se cilat jan\u00eb ato rregullime q\u00eb ndikojn\u00eb n\u00eb rritjen e aft\u00ebsis\u00eb profesionale t\u00eb gjyq\u00ebsorit, ato q\u00eb ndikojn\u00eb n\u00eb aksesin n\u00eb gjyq\u00ebsor, ato q\u00eb lidhen me transparenc\u00ebn dhe ato q\u00eb e b\u00ebjn\u00eb sistemin t\u00eb jet\u00eb m\u00eb eficient. Kjo nuk \u00ebsht\u00eb nj\u00eb detyr\u00eb e leht\u00eb, kur kihet parasysh se k\u00ebto parime q\u00ebndrojn\u00eb n\u00eb dispozita q\u00eb jo detyrimisht i referohen parimit, por q\u00ebndrojn\u00eb n\u00eb konceptin e zgjidhjeve q\u00eb ligjv\u00ebn\u00ebsi i ka dh\u00ebn\u00eb instituteve t\u00eb ndryshme t\u00eb s\u00eb drejt\u00ebs, dhe shpesh her\u00eb dalin e interpretohen nga q\u00ebllimi dhe fryma e ligjit.<\/p>\n<p>N\u00eb nj\u00eb v\u00ebshtrim t\u00eb, s\u00eb paku, ligjeve kryesore q\u00ebi rregullojn\u00eb k\u00ebto parime, arrijm\u00eb t\u00eb identifikojm\u00eb disa prej tyre. K\u00ebshtu, \u00e7\u00ebshtjet q\u00eb lidhen me aft\u00ebsit\u00eb profesionale, do t\u00eb duhet t\u00eb k\u00ebrkohen n\u00eb ligjet q\u00eb rregullojn\u00eb kushtet dhe kriteret p\u00ebr t\u00eb qen\u00eb gjyqtar\/prokuror, trajnimin, karrier\u00ebn, vler\u00ebsimin, etj. K\u00ebtu merret parasysh ligji 115\/2016 dhe ligji 96\/2016. Gjithashtu, c\u00ebshtjet e profesionalizmit t\u00eb gjyq\u00ebsorit lidhen edhe me profesionalizmin e administrat\u00ebs gjyq\u00ebsore, duke nisur nga kancelari, si n\u00ebpun\u00ebsi m\u00eb i lart\u00eb gjyq\u00ebsor, e deri tek \u00e7do n\u00ebpun\u00ebs q\u00eb e ka statusin e n\u00ebpun\u00ebsit civil gjyq\u00ebsor.<\/p>\n<p>\u00c7\u00ebshtjet q\u00eb lidhen me aksesin n\u00eb gjykat\u00eb dhe transparenc\u00ebn jan\u00eb\u00e7\u00ebshtje q\u00eb lidhen me ligjet procedurale (Kodi i Procedur\u00ebs Civile, Kodi i Procedur\u00ebs Penale, Ligji p\u00ebr Gjykatat Administrative dhe gjykimin e Mosmarr\u00ebveshjeve Administrative), nd\u00ebrsa p\u00ebr gjykimin n\u00eb Gjykat\u00ebn Kushtetuese jan\u00eb c\u00ebshtje q\u00eb lidhen me ligjin \u201cP\u00ebr Gjykat\u00ebn Kushtetuese t\u00eb Republik\u00ebs s\u00eb Shqip\u00ebris\u00eb\u201d.<\/p>\n<p>Nd\u00ebrsa \u00e7\u00ebshtjet q\u00eb lidhen me eficienc\u00ebnjan\u00eb si \u00e7\u00ebshtje t\u00eb ligjeve procedurale, ashtu edhe t\u00eb ligjeve materiale (Kodi Civil, Ligji p\u00ebr Shoq\u00ebrit\u00eb Tregtare), pasi k\u00ebto t\u00eb fundit parashikojn\u00eb mjete t\u00eb posa\u00e7me q\u00eb mund t\u00eb p\u00ebrdoren nga pal\u00ebt\/gjykata dhe q\u00eb lidhen me eficienc\u00ebn e gjykat\u00ebs. Gjithashtu, eficiencarregullohet edhe nga ligjet mbi organizimin e gjyq\u00ebsorit apo prokuroris\u00eb (Ligji 115\/2016, Ligji 98\/2016, Ligji 97\/2016).<\/p>\n<p>Pra, v\u00ebrehet se kuadri ligjor, i cili do t\u00eb duhet t\u00eb rishikohet p\u00ebr t\u00eb par\u00eb mund\u00ebsin\u00eb e p\u00ebrmir\u00ebsimit t\u00eb tij n\u00eb funksion t\u00eb transparenc\u00ebs, aksesit, eficienc\u00ebsdhe cil\u00ebsis\u00eb n\u00eb gjyq\u00ebsor, \u00ebsht\u00eb shum\u00eb i gjer\u00eb. Megjithat\u00eb, r\u00ebnd\u00ebsia q\u00eb dikton ky proces dhe nevoja q\u00eb k\u00ebto ligje t\u00eb jen\u00eb t\u00eb harmonizuara, si nd\u00ebrmjet tyre, edhe me standardet nd\u00ebrkomb\u00ebtare, e b\u00ebn t\u00eb nevojshme q\u00eb kjo analiz\u00eb t\u00eb jet\u00eb sa m\u00eb e plot\u00eb dhe sa m\u00eb shteruese.<\/p>\n<p>Lidhur me koherenc\u00ebn e k\u00ebtij Objektivi, duke qen\u00eb se n\u00eb maj 2021 hyn\u00eb n\u00eb fuqi ndryshimet e fundit, t\u00eb cilat prek\u00ebn nj\u00eb pjes\u00eb t\u00eb madhe t\u00eb k\u00ebtyre ligjeve t\u00eb lartp\u00ebrmendura dhe kishin n\u00eb fokus, n\u00eb vecanti, mir\u00ebfunksionimin, zhbllokimin dhe b\u00ebrjen e gjyq\u00ebsorit eficient, edhe me pak burime, duhet th\u00ebn\u00eb se ky kontroll do t\u00eb duhet t\u00eb nis\u00eb t\u00eb pakt\u00ebn n\u00eb vitin 2023, duke l\u00ebn\u00eb hap\u00ebsir\u00ebn e nevojshme q\u00eb ndryshimet q\u00eb iu b\u00ebn\u00eb ligjeve t\u00eb japin efektet e tyre.<\/p>\n<p>P\u00ebr p\u00ebrmbushjen e k\u00ebtij objektivi jan\u00eb parashikuar dy Rezultate: i pari lidhet me rishikimin e disa ligjeve procedurale dhe materiale q\u00eb ndikojn\u00eb n\u00eb vendimmarrje dhe n\u00eb procedur\u00ebn e ndjekur nga gjyqtari, pra kompetenca t\u00ebr\u00ebsisht gjyq\u00ebsore, dhe; i dyti lidhet me rishikimin e ligjeve mbi organizmin e pushtetit gjyq\u00ebsor dhe plot\u00ebsimin e disa hap\u00ebsirave me akte n\u00ebnligjore q\u00eb lidhen me funksionimin e gjykatave n\u00eb aspektin institucional, duke pasur n\u00eb v\u00ebmendje administrat\u00ebn gjyq\u00ebsore.<\/p>\n<p>Ky parashikim \u00ebsht\u00eb i sakt\u00eb pasi, sic \u00ebsht\u00eb analizuar m\u00eb lart n\u00eb pjes\u00ebn e analiz\u00ebs s\u00eb Q\u00ebllimit t\u00eb Politik\u00ebs 2, synimet q\u00eb k\u00ebrkohet t\u00eb arrihen p\u00ebrmes saj p\u00ebrfshijn\u00eb ligje t\u00eb natyrave t\u00eb ndryshme. Analiza e tyre m\u00eb vete ndihmon n\u00eb kuptimin, strukturimin dhe nxjerrjen e rekomandimeve mbi ndryshime t\u00eb mundshme.<\/p>\n<p><strong><em>Konkluzion<\/em><\/strong><em>: Parimet apo standardet q\u00eb k\u00ebrkon t\u00eb vendos\u00eb p\u00ebr sistemin gjyq\u00ebsor ky objektiv k\u00ebrkojn\u00eb q\u00eb t\u00eb b\u00ebhet nj\u00eb vler\u00ebsim i thelluar i nj\u00eb numri t\u00eb madh ligjesh, materiale dhe procedurale, dhe n\u00eb pjes\u00ebn m\u00eb t\u00eb madhe, ligje organike, t\u00eb nj\u00eb r\u00ebnd\u00ebsie themeleore p\u00ebr t\u00eb drejt\u00ebn n\u00eb Shqip\u00ebri.R\u00ebnd\u00ebsia q\u00eb dikton ky proces dhe nevoja q\u00eb k\u00ebto ligje t\u00eb jen\u00eb t\u00eb harmonizuara, si nd\u00ebrmjet tyre, edhe me standardet nd\u00ebrkomb\u00ebtare, e b\u00ebn t\u00eb nevojshme q\u00eb kjo analiz\u00eb t\u00eb jet\u00eb sa m\u00eb e plot\u00eb dhe sa m\u00eb shteruese.Duke qen\u00eb se n\u00eb maj 2021 hyn\u00eb n\u00eb fuqi ndryshimet e fundit, t\u00eb cilat prek\u00ebn nj\u00eb pjes\u00eb t\u00eb madhe t\u00eb k\u00ebtyre ligjeve dhe kishin n\u00eb fokus, n\u00eb vecanti, mir\u00ebfunksionimin, zhbllokimin dhe b\u00ebrjen e gjyq\u00ebsorit eficient, edhe me pak burime, ky kontroll do t\u00eb duhet t\u00eb nis\u00eb t\u00eb pakt\u00ebn n\u00eb vitin 2023, duke l\u00ebn\u00eb hap\u00ebsir\u00ebn e nevojshme q\u00eb ndryshimet q\u00eb iu b\u00ebn\u00eb ligjeve t\u00eb japin efektet e tyre.P\u00ebr p\u00ebrmbushjen e k\u00ebtij objektivi jan\u00eb parashikuar dy Rezultate, t\u00eb cilat n\u00ebse do t\u00eb plot\u00ebsohen m\u00eb tej (shih analiz\u00ebn e rezultateve m\u00eb posht\u00eb) dhe do t\u00eb arrihen, e p\u00ebrmbushin plot\u00ebsisht Objektivin Specifik 2.1.<\/em>[\/vc_column_text][\/vc_column][\/vc_row][vc_row][vc_column icons_position=&#8221;left&#8221;][vc_separator][\/vc_column][\/vc_row]<\/p>\n","protected":false},"excerpt":{"rendered":"<p>[vc_row][vc_column hide_bg_image_on_tablet=&#8221;&#8221; hide_bg_image_on_mobile=&#8221;&#8221; icons_position=&#8221;left&#8221; css=&#8221;.vc_custom_1509966252982{margin-top: -0.4rem !important;}&#8221;][vc_column_text] Objektivi specifik 2.1 \u201cRishikimii kuadrit ligjor n\u00eb lidhje me gjyq\u00ebsorin, sipas nevoj\u00ebs p\u00ebr t\u00eb p\u00ebrmir\u00ebsuar m\u00eb tej aft\u00ebsin\u00ebprofesionale, aksesueshm\u00ebrin\u00eb, transparenc\u00ebn dhe efi\u00e7enc\u00ebn\u201d. Objektivi 2.1 parashikon momentin e par\u00eb t\u00eb nd\u00ebrhyrjes q\u00eb duhet b\u00ebr\u00eb n\u00eb funksion t\u00eb rritjes s\u00eb performanc\u00ebs s\u00eb gjyq\u00ebsorit dhe n\u00eb funksion t\u00eb aksesit n\u00eb gjyq\u00ebsor dhe q\u00eb lidhet me rishikimin&hellip;<\/p>\n","protected":false},"author":1,"featured_media":0,"parent":3260,"menu_order":0,"comment_status":"closed","ping_status":"closed","template":"","meta":{"footnotes":""},"class_list":["post-3263","page","type-page","status-publish","hentry"],"_links":{"self":[{"href":"https:\/\/ipls.org\/projekte\/alleyesonjustice\/wp-json\/wp\/v2\/pages\/3263","targetHints":{"allow":["GET"]}}],"collection":[{"href":"https:\/\/ipls.org\/projekte\/alleyesonjustice\/wp-json\/wp\/v2\/pages"}],"about":[{"href":"https:\/\/ipls.org\/projekte\/alleyesonjustice\/wp-json\/wp\/v2\/types\/page"}],"author":[{"embeddable":true,"href":"https:\/\/ipls.org\/projekte\/alleyesonjustice\/wp-json\/wp\/v2\/users\/1"}],"replies":[{"embeddable":true,"href":"https:\/\/ipls.org\/projekte\/alleyesonjustice\/wp-json\/wp\/v2\/comments?post=3263"}],"version-history":[{"count":1,"href":"https:\/\/ipls.org\/projekte\/alleyesonjustice\/wp-json\/wp\/v2\/pages\/3263\/revisions"}],"predecessor-version":[{"id":3264,"href":"https:\/\/ipls.org\/projekte\/alleyesonjustice\/wp-json\/wp\/v2\/pages\/3263\/revisions\/3264"}],"up":[{"embeddable":true,"href":"https:\/\/ipls.org\/projekte\/alleyesonjustice\/wp-json\/wp\/v2\/pages\/3260"}],"wp:attachment":[{"href":"https:\/\/ipls.org\/projekte\/alleyesonjustice\/wp-json\/wp\/v2\/media?parent=3263"}],"curies":[{"name":"wp","href":"https:\/\/api.w.org\/{rel}","templated":true}]}}