{"id":3266,"date":"2022-02-17T21:20:03","date_gmt":"2022-02-17T21:20:03","guid":{"rendered":"http:\/\/ipls.org\/projekte\/alleyesonjustice\/?page_id=3266"},"modified":"2022-02-17T21:20:03","modified_gmt":"2022-02-17T21:20:03","slug":"rezultati-2-1-1","status":"publish","type":"page","link":"https:\/\/ipls.org\/projekte\/alleyesonjustice\/qellimi-i-politikes-2\/objektivi-specifik-2-1\/rezultati-2-1-1\/","title":{"rendered":"Rezultati 2.1.1"},"content":{"rendered":"<p>[vc_row][vc_column hide_bg_image_on_tablet=&#8221;&#8221; hide_bg_image_on_mobile=&#8221;&#8221; icons_position=&#8221;left&#8221; css=&#8221;.vc_custom_1509966252982{margin-top: -0.4rem !important;}&#8221;][vc_column_text]<\/p>\n<h2><a name=\"_Toc77083928\"><\/a><a name=\"_Toc77151005\"><\/a><strong>Rezultati 2.1.1<\/strong><\/h2>\n<p><em>\u201cKodi i Procedur\u00ebs Civile, Ligji p\u00ebr gjykatat administrative dhe gjykimin e mosmarr\u00ebveshjeve administrative dhe \u00a0KodiiFamiljes t\u00eb rishikuar p<\/em><em>\u00eb<\/em><em>r t<\/em><em>\u00eb<\/em><em> rritur transparenc<\/em><em>\u00eb<\/em><em>n dhe efikasitetin dhe p<\/em><em>\u00eb<\/em><em>r t<\/em><em>\u00eb<\/em><em> siguruar aksesueshm<\/em><em>\u00eb<\/em><em>rin<\/em><em>\u00eb,<\/em><em> duke dekurajuar paraqitjen e <\/em><em>\u00e7\u00eb<\/em><em>shtjeve t\u00eb pabazuara\u201d<\/em>.<\/p>\n<p>Rezultati 2.1 k\u00ebrkon q\u00eb t\u00eb realizohet nj\u00eb rishikim i disa ligjeve pro\u00e7edurale dhe materiale p\u00ebr t\u00eb ripar\u00eb dispozitat q\u00eb parashikojn\u00eb respektimin e parimit t\u00eb transparenc\u00ebs, dispozitat q\u00eb rregullojn\u00eb\u00e7\u00ebshtjet e aksesit n\u00eb gjykat\u00eb,\u00a0 apo dispozitat q\u00eb lidhen me b\u00ebrjen e gjykat\u00ebs efikase, p\u00ebrfshir\u00eb rastet kur gjykata pengohet p\u00ebr t\u00eb qen\u00eb eficiente p\u00ebr shkak t\u00eb k\u00ebrkesave t\u00eb pabazuara n\u00eb merita dhe q\u00eb vonojn\u00eb pun\u00ebn e saj.<\/p>\n<p>Ky rezultat \u00ebsht\u00eb n\u00eb p\u00ebrputhje me objektivin q\u00eb synohet t\u00eb arrihet, por nuk \u00ebsht\u00eb i plot\u00ebkur iu referohet ligjeve q\u00eb do t\u00eb duhet t\u00eb analizohen, n\u00eb m\u00ebnyr\u00eb q\u00eb t\u00eb plot\u00ebsohet p\u00ebrmbushja e nj\u00eb komponenti t\u00eb Objektivit Specifik dhe Q\u00ebllimit t\u00eb Politik\u00ebs 2.<\/p>\n<p>K\u00ebshtu, ky rezultat parashikon rishikimin e Kodit t\u00ebProcedur\u00ebs Civile,Ligjit p\u00ebr gjykatat administrative dhe gjykimin e mosmarr\u00ebveshjeve administrativedhe Kodit t\u00eb Familjes, por nuk parashikon ligje t\u00eb tjera baz\u00eb q\u00eb do t\u00eb duhet domosdoshm\u00ebrisht t\u2019i n\u00ebnshtrohen rishikimit p\u00ebr t\u00eb par\u00eb ndikimet q\u00eb mund t\u00eb ket\u00eb n\u00eb rregullimet q\u00eb lidhen me transparenc\u00ebn, aksesin dhe efikasitetin. T\u00eb tilla ligje baz\u00eb jan\u00eb Kodi i Procedur\u00ebs Penale, Kodi Civil dhe Ligji \u201cP\u00ebr shoq\u00ebrit\u00eb tregtare\u201d. T\u00eb tre k\u00ebto ligje parashikojn\u00eb dispozita specifike q\u00eb rregullojn\u00eb\u00e7\u00ebshtjet q\u00eb synon Rezultati 2.1. E nd\u00ebrsa p\u00ebr Kodin e Procedur\u00ebs Penale dhe Kodin Civil nuk ka asnj\u00eb dyshim se pse duhet t\u00eb jen\u00eb pjes\u00eb e rishikimit, p\u00ebr shkak t\u00eb rolit t\u00eb tyre primar n\u00eb rregullimin e procesit gjyq\u00ebsor, n\u00eb balancimin e t\u00eb drejtave t\u00eb pal\u00ebve dhe gjykat\u00ebs, n\u00ebkonceptimin dhe dh\u00ebnien jet\u00eb t\u00eb parimeve n\u00ebp\u00ebrmjet rregullave t\u00eb detyrueshme, afatave, njoftimeve, penaliteteve, etj., vlen\u00a0 t\u00eb theksohetedhe arsyeja p\u00ebr t\u00eb cil\u00ebn\u00a0 duhet t\u2019i ishte n\u00ebnshtruar t\u00eb nj\u00ebjt\u00ebs analiz\u00eb edhe Ligji \u201cP\u00ebr shoq\u00ebrit\u00eb tregtare\u201d. S\u00eb pari, sepse ky ligj, p\u00ebrvecse \u00ebsht\u00eb ligj material, p\u00ebrmban dispozita t\u00eb caktuara t\u00eb natyr\u00ebs procedurale q\u00eb lidhen drejtp\u00ebrdrejt\u00eb me disponimin e gjykat\u00ebs, t\u00eb cilat ndikojn\u00eb n\u00eb eficenc\u00ebn e saj, dhe, s\u00eb dyti, sepse mosmarr\u00ebveshjet tregtare p\u00ebrb\u00ebjn\u00eb nj\u00eb num\u00ebr t\u00eb madh t\u00eb mosmarr\u00ebveshjeve para gjykat\u00ebs, gj\u00eb q\u00eb e shton ndikimin e rregullave q\u00eb e normojn\u00eb ecurin\u00eb e gjykimeve p\u00ebr k\u00ebto mosmarr\u00ebveshje.<\/p>\n<p><strong><em>Konkluzion<\/em><\/strong><em>: Ky rezultat <\/em><em>\u00eb<\/em><em>sht<\/em><em>\u00eb<\/em><em> n<\/em><em>\u00eb<\/em><em> p<\/em><em>\u00eb<\/em><em>rputhje me objektivin q<\/em><em>\u00eb<\/em><em> synohet t<\/em><em>\u00eb<\/em><em> arrihet, por nuk <\/em><em>\u00eb<\/em><em>sht<\/em><em>\u00eb<\/em><em> i plot<\/em><em>\u00eb<\/em><em>kur iu referohet ligjeve q<\/em><em>\u00eb<\/em><em> do t<\/em><em>\u00eb<\/em><em> duhet t<\/em><em>\u00eb<\/em><em> analizohen. Ai nuk ka parashikuar t<\/em><em>\u00eb<\/em><em> gjith<\/em><em>\u00eb<\/em><em> ligjet q<\/em><em>\u00eb<\/em><em> kan<\/em><em>\u00eb<\/em><em> ndikim thelb<\/em><em>\u00eb<\/em><em>sor n<\/em><em>\u00eb<\/em><em> p<\/em><em>\u00eb<\/em><em>rmbushjen e tij, tw tilla siKodi i Procedur\u00ebs Penale, Kodi Civil dhe Ligji \u201cP\u00ebr shoq\u00ebrit\u00eb tregtare\u201d.Nj\u00ebher\u00ebsh me parashikimin e tyre, n\u00eb Rezultat duhet t\u00eb ishin parashikuar edhe masat konkrete p\u00ebr rishikimin e k\u00ebtyre ligjeve, n\u00eb m\u00ebnyr\u00eb t\u00eb ngjashme me masat e parashikuara p\u00ebr ligjet q\u00eb jan\u00eb afishuar tashm\u00eb si pjes\u00eb e Rezultatit.<\/em>[\/vc_column_text][\/vc_column][\/vc_row][vc_row][vc_column icons_position=&#8221;left&#8221;][vc_separator][\/vc_column][\/vc_row]<\/p>\n","protected":false},"excerpt":{"rendered":"<p>[vc_row][vc_column hide_bg_image_on_tablet=&#8221;&#8221; hide_bg_image_on_mobile=&#8221;&#8221; icons_position=&#8221;left&#8221; css=&#8221;.vc_custom_1509966252982{margin-top: -0.4rem !important;}&#8221;][vc_column_text] Rezultati 2.1.1 \u201cKodi i Procedur\u00ebs Civile, Ligji p\u00ebr gjykatat administrative dhe gjykimin e mosmarr\u00ebveshjeve administrative dhe \u00a0KodiiFamiljes t\u00eb rishikuar p\u00ebr t\u00eb rritur transparenc\u00ebn dhe efikasitetin dhe p\u00ebr t\u00eb siguruar aksesueshm\u00ebrin\u00eb, duke dekurajuar paraqitjen e \u00e7\u00ebshtjeve t\u00eb pabazuara\u201d. Rezultati 2.1 k\u00ebrkon q\u00eb t\u00eb realizohet nj\u00eb rishikim i disa ligjeve pro\u00e7edurale dhe materiale p\u00ebr t\u00eb&hellip;<\/p>\n","protected":false},"author":1,"featured_media":0,"parent":3263,"menu_order":0,"comment_status":"closed","ping_status":"closed","template":"","meta":{"footnotes":""},"class_list":["post-3266","page","type-page","status-publish","hentry"],"_links":{"self":[{"href":"https:\/\/ipls.org\/projekte\/alleyesonjustice\/wp-json\/wp\/v2\/pages\/3266","targetHints":{"allow":["GET"]}}],"collection":[{"href":"https:\/\/ipls.org\/projekte\/alleyesonjustice\/wp-json\/wp\/v2\/pages"}],"about":[{"href":"https:\/\/ipls.org\/projekte\/alleyesonjustice\/wp-json\/wp\/v2\/types\/page"}],"author":[{"embeddable":true,"href":"https:\/\/ipls.org\/projekte\/alleyesonjustice\/wp-json\/wp\/v2\/users\/1"}],"replies":[{"embeddable":true,"href":"https:\/\/ipls.org\/projekte\/alleyesonjustice\/wp-json\/wp\/v2\/comments?post=3266"}],"version-history":[{"count":1,"href":"https:\/\/ipls.org\/projekte\/alleyesonjustice\/wp-json\/wp\/v2\/pages\/3266\/revisions"}],"predecessor-version":[{"id":3267,"href":"https:\/\/ipls.org\/projekte\/alleyesonjustice\/wp-json\/wp\/v2\/pages\/3266\/revisions\/3267"}],"up":[{"embeddable":true,"href":"https:\/\/ipls.org\/projekte\/alleyesonjustice\/wp-json\/wp\/v2\/pages\/3263"}],"wp:attachment":[{"href":"https:\/\/ipls.org\/projekte\/alleyesonjustice\/wp-json\/wp\/v2\/media?parent=3266"}],"curies":[{"name":"wp","href":"https:\/\/api.w.org\/{rel}","templated":true}]}}