{"id":3269,"date":"2022-02-17T21:21:57","date_gmt":"2022-02-17T21:21:57","guid":{"rendered":"http:\/\/ipls.org\/projekte\/alleyesonjustice\/?page_id=3269"},"modified":"2022-02-17T21:21:57","modified_gmt":"2022-02-17T21:21:57","slug":"masa-2-1-2","status":"publish","type":"page","link":"https:\/\/ipls.org\/projekte\/alleyesonjustice\/qellimi-i-politikes-2\/objektivi-specifik-2-1\/masa-2-1-2\/","title":{"rendered":"Masa 2.1.2"},"content":{"rendered":"<p>[vc_row][vc_column hide_bg_image_on_tablet=&#8221;&#8221; hide_bg_image_on_mobile=&#8221;&#8221; icons_position=&#8221;left&#8221; css=&#8221;.vc_custom_1509966252982{margin-top: -0.4rem !important;}&#8221;][vc_column_text]<\/p>\n<h2><a name=\"_Toc77083928\"><\/a><a name=\"_Toc77151005\"><\/a><strong>Masa 2.1.2<\/strong><\/h2>\n<p><em>\u201cP<\/em><em>\u00eb<\/em><em>rgatitja, diskutimi dhe miratimi i paket<\/em><em>\u00eb<\/em><em>s s<\/em><em>\u00eb<\/em><em> ndryshimeve t<\/em><em>\u00eb<\/em><em> nevojshme t<\/em><em>\u00eb<\/em><em> KPrC\u201d<\/em>.<\/p>\n<p>Kjo mas\u00eb parashikon hapat q\u00eb duhet t\u00eb ndiqen nga Ministria e Drejt\u00ebsis\u00eb p\u00ebr t\u00eb ndryshuar Kodin e Procedur\u00ebs Civile me synim p\u00ebr t\u00eb leht\u00ebsuar, ndihmuar dhe nxitur b\u00ebrjen efektive t\u00eb disa parimeve q\u00eb k\u00ebrkohen nga ky kod, por edhe nga sistemi i drejt\u00ebsis\u00eb n\u00eb p\u00ebrgjith\u00ebsi dhe q\u00eb lidhen me transparenc\u00ebn, aksesin n\u00eb gjykat\u00eb dhe eficenc\u00ebn gjyq\u00ebsore.<\/p>\n<p>Kjo mas\u00eb\u00ebsht\u00eb e domosdoshme p\u00ebr t\u2019u realizuar n\u00eb p\u00ebrmbushje t\u00eb Rezultatit 2.1 pasi ligji \u00ebsht\u00eb kufizimi i par\u00eb i funksionimit n\u00eb praktik\u00eb t\u00eb k\u00ebtyre parimeve. K\u00ebshtu, dispozitat q\u00eb lidhen me njoftimet, afatet e ngritjes s\u00eb k\u00ebrkesave, afatet e ankimeve, kushtet e depozitimit t\u00eb padive, vendimet e nd\u00ebrmjetme gjat\u00eb procesit gjyq\u00ebsor, rastet e konflikteve t\u00eb kompetencave, mjetet q\u00eb disponon gjykata ndaj disponimeve abuzive t\u00eb pal\u00ebve, parashikimet lidhur me tarifat gjyq\u00ebsore, marr\u00ebdh\u00ebniet me pal\u00ebt e treta n\u00eb proces, si mbrojt\u00ebsit, etj., ndikojn\u00eb drejtp\u00ebrdrejt\u00eb n\u00eb b\u00ebrjen efektive t\u00eb gjykatave, rritjen e aksesit n\u00eb to dhe veprimit t\u00eb tyre n\u00eb kushtet e nj\u00eb transparence t\u00eb plot\u00eb ndaj p\u00ebrdoruesit t\u00eb gjykat\u00ebs.<\/p>\n<p>P\u00ebr realizimin e k\u00ebsaj mase \u00ebsht\u00eb parashikuar se do t\u00eb p\u00ebrmbyllet veprimi brenda vitit 2023 dhe, m\u00eb pas, brenda vitit 2025, do t\u00eb analizohet sesa efektive ishin nd\u00ebrhyrjet. Do t\u00eb ishte m\u00eb realiste q\u00eb p\u00ebr realizimin e k\u00ebsaj mase t\u00eb parashikohej fundi i vitit 2025 pasi duhen marr\u00eb n\u00eb analiz\u00eb efektet q\u00eb do t\u00eb prodhojn\u00eb ndryshimet e fundit t\u00eb KPrC q\u00eb hyn n\u00eb fuqi n\u00eb maj t\u00eb vitit 2021, t\u00eb cilat u realizuan duke pasur si synim rritjen e efektivitetit t\u00eb gjykatave t\u00eb t\u00eb gjitha niveleve, por nga ana tjet\u00ebr, prek\u00ebn edhe parimin e kontradiktorialitetit p\u00ebrpara gjykat\u00ebs, duke lejuar m\u00eb shum\u00eb raste se kur gjykata e realizon procesin n\u00eb dhom\u00eb k\u00ebshillimi, pa pranin\u00eb e pal\u00ebve. Kalimi i nj\u00eb kohe t\u00eb arsyeshme, t\u00eb pakt\u00ebn dy vjecare nga momenti i hyrjes n\u00eb fuqi t\u00eb tyre, \u00ebsht\u00eb e nevojshme p\u00ebr t\u00eb nisur analiz\u00ebn mbi k\u00ebto ndryshime, nd\u00ebrsa analiza e propozimeve t\u00eb e reja mund t\u00eb jen\u00eb gati n\u00eb mbyllje t\u00eb vitit 2025.<\/p>\n<p><strong><em>Konkluzion<\/em><\/strong><em>:Kjo mas<\/em><em>\u00eb\u00eb<\/em><em>sht<\/em><em>\u00eb<\/em><em> e domosdoshme p<\/em><em>\u00eb<\/em><em>r t\u2019u realizuar n<\/em><em>\u00eb<\/em><em> p<\/em><em>\u00eb<\/em><em>rmbushje t<\/em><em>\u00eb<\/em><em> Rezultatit, por afati i vendosur p<\/em><em>\u00eb<\/em><em>r realizimin e mas<\/em><em>\u00eb<\/em><em>s duhet t<\/em><em>\u00eb<\/em><em> ishte m<\/em><em>\u00eb<\/em><em> i gjat<\/em><em>\u00eb<\/em><em>. Kjo lidhet me ndryshimet e KPrC q<\/em><em>\u00eb<\/em><em> hyn<\/em><em>\u00eb<\/em><em> n<\/em><em>\u00eb<\/em><em> fuqi n<\/em><em>\u00eb<\/em><em> maj t<\/em><em>\u00eb<\/em><em> vitit 2021.\u00a0 Pamjaftueshm<\/em><em>\u00eb<\/em><em>ria e koh<\/em><em>\u00eb<\/em><em>s p<\/em><em>\u00eb<\/em><em>r t<\/em><em>\u00eb<\/em><em> analizuar ndikimin e ligjit t<\/em><em>\u00eb<\/em><em> ri, e m<\/em><em>\u00eb<\/em><em> tej arritja e konkluzioneve, rrezikon q<\/em><em>\u00eb<\/em><em> t\u2019a shnd<\/em><em>\u00eb<\/em><em>rroj<\/em><em>\u00eb<\/em><em> k<\/em><em>\u00eb<\/em><em>t<\/em><em>\u00eb<\/em><em> mas<\/em><em>\u00eb<\/em><em> n<\/em><em>\u00eb<\/em><em> jo-realiste dhe jo-efektive<\/em>.[\/vc_column_text][\/vc_column][\/vc_row][vc_row][vc_column icons_position=&#8221;left&#8221;][vc_separator][\/vc_column][\/vc_row]<\/p>\n","protected":false},"excerpt":{"rendered":"<p>[vc_row][vc_column hide_bg_image_on_tablet=&#8221;&#8221; hide_bg_image_on_mobile=&#8221;&#8221; icons_position=&#8221;left&#8221; css=&#8221;.vc_custom_1509966252982{margin-top: -0.4rem !important;}&#8221;][vc_column_text] Masa 2.1.2 \u201cP\u00ebrgatitja, diskutimi dhe miratimi i paket\u00ebs s\u00eb ndryshimeve t\u00eb nevojshme t\u00eb KPrC\u201d. Kjo mas\u00eb parashikon hapat q\u00eb duhet t\u00eb ndiqen nga Ministria e Drejt\u00ebsis\u00eb p\u00ebr t\u00eb ndryshuar Kodin e Procedur\u00ebs Civile me synim p\u00ebr t\u00eb leht\u00ebsuar, ndihmuar dhe nxitur b\u00ebrjen efektive t\u00eb disa parimeve q\u00eb k\u00ebrkohen nga ky kod, por edhe&hellip;<\/p>\n","protected":false},"author":1,"featured_media":0,"parent":3263,"menu_order":0,"comment_status":"closed","ping_status":"closed","template":"","meta":{"footnotes":""},"class_list":["post-3269","page","type-page","status-publish","hentry"],"_links":{"self":[{"href":"https:\/\/ipls.org\/projekte\/alleyesonjustice\/wp-json\/wp\/v2\/pages\/3269","targetHints":{"allow":["GET"]}}],"collection":[{"href":"https:\/\/ipls.org\/projekte\/alleyesonjustice\/wp-json\/wp\/v2\/pages"}],"about":[{"href":"https:\/\/ipls.org\/projekte\/alleyesonjustice\/wp-json\/wp\/v2\/types\/page"}],"author":[{"embeddable":true,"href":"https:\/\/ipls.org\/projekte\/alleyesonjustice\/wp-json\/wp\/v2\/users\/1"}],"replies":[{"embeddable":true,"href":"https:\/\/ipls.org\/projekte\/alleyesonjustice\/wp-json\/wp\/v2\/comments?post=3269"}],"version-history":[{"count":1,"href":"https:\/\/ipls.org\/projekte\/alleyesonjustice\/wp-json\/wp\/v2\/pages\/3269\/revisions"}],"predecessor-version":[{"id":3270,"href":"https:\/\/ipls.org\/projekte\/alleyesonjustice\/wp-json\/wp\/v2\/pages\/3269\/revisions\/3270"}],"up":[{"embeddable":true,"href":"https:\/\/ipls.org\/projekte\/alleyesonjustice\/wp-json\/wp\/v2\/pages\/3263"}],"wp:attachment":[{"href":"https:\/\/ipls.org\/projekte\/alleyesonjustice\/wp-json\/wp\/v2\/media?parent=3269"}],"curies":[{"name":"wp","href":"https:\/\/api.w.org\/{rel}","templated":true}]}}