{"id":3281,"date":"2022-02-17T21:36:06","date_gmt":"2022-02-17T21:36:06","guid":{"rendered":"http:\/\/ipls.org\/projekte\/alleyesonjustice\/?page_id=3281"},"modified":"2022-02-17T21:36:06","modified_gmt":"2022-02-17T21:36:06","slug":"masa-2-1-11","status":"publish","type":"page","link":"https:\/\/ipls.org\/projekte\/alleyesonjustice\/qellimi-i-politikes-2\/objektivi-specifik-2-1\/masa-2-1-11\/","title":{"rendered":"Masa 2.1.11"},"content":{"rendered":"<p>[vc_row][vc_column hide_bg_image_on_tablet=&#8221;&#8221; hide_bg_image_on_mobile=&#8221;&#8221; icons_position=&#8221;left&#8221; css=&#8221;.vc_custom_1509966252982{margin-top: -0.4rem !important;}&#8221;][vc_column_text]<\/p>\n<h2><a name=\"_Toc77083928\"><\/a><a name=\"_Toc77151005\"><\/a><strong>Masa 2.1.11<\/strong><\/h2>\n<p><em>\u201c<\/em><em>P<\/em><em>\u00eb<\/em><em>rgatitja, diskutimi dhe miratimi i paket<\/em><em>\u00eb<\/em><em>s s<\/em><em>\u00eb<\/em><em> rregullave standarde p<\/em><em>\u00eb<\/em><em>r funksionimin e gjykatave<\/em><em>\u201d<\/em>.<\/p>\n<p>Kjo mas\u00eb parashikon q\u00eb KLGj do t\u00eb p\u00ebrgatis\u00eb, brenda vitit 2022, nj\u00eb paket\u00eb rregullash standarde lidhur me procese t\u00eb ndryshme t\u00eb administrimit t\u00eb gjykatave n\u00eb t\u00eb gjitha nivelet, duke nisur nga rregullat p\u00ebr caktimin e numrit t\u00eb gjykatave dhe t\u00eb gjyqtar\u00ebve q\u00eb do t\u00eb jen\u00eb pjes\u00eb e nj\u00eb gjykate (neni 15 dhe neni 22 i ligjit 98\/2016), tek rregullat p\u00ebr krijimin e seksioneve dhe trupave gjykues (neni 23 i ligjit 98\/2016), rregullat p\u00ebr programin dhe procedurat e ndarjes s\u00eb c\u00ebshtjeve me short (neni 25 i ligjit 98\/2016), rregullat p\u00ebr procedur\u00ebn e funksionimit t\u00eb mbledhjes s\u00eb K\u00ebshillit t\u00eb Gjykat\u00ebs (neni 28 i ligjit 98\/2016), rregullat p\u00ebr marr\u00ebdh\u00ebniet me publikun, etj.<\/p>\n<p>Kjo mas\u00eb iu referohet vet\u00ebm rregullave standarde, vendimeve dhe udh\u00ebzimeve q\u00eb nxjerr KLGj, dhe jo ligjeve, p\u00ebr dispozitat q\u00eb ato p\u00ebrmbajn\u00eb p\u00ebr funksionimin e gjykatave. P\u00ebr k\u00ebt\u00eb arsye, sikund\u00ebr \u00ebsht\u00eb shpjeguar edhe m\u00eb lart, kjo mas\u00eb e p\u00ebrmbush pjes\u00ebrisht rezultatin, vet\u00ebm p\u00ebr pjes\u00ebn e legjislacionit sekondar.<\/p>\n<p>Lidhur me afatin e parashikuar p\u00ebr plot\u00ebsimin e k\u00ebsaj mase, viti 2022, duket se ky afat \u00ebsht\u00eb shum\u00eb i af\u00ebrt, n\u00ebse marrim n\u00eb konsiderat\u00eb koh\u00ebn q\u00eb i \u00ebsht\u00eb dashur KLGj p\u00ebr t\u00eb prodhuar akte t\u00eb tilla, numrin e madh t\u00eb akteve q\u00eb KLGj duhet t\u00eb p\u00ebrgatis\u00eb dhe specifikave t\u00eb tyre dhe p\u00ebr m\u00eb tep\u00ebr, n\u00eb kushtet kur p\u00ebrcaktimi i hart\u00ebs s\u00eb re gjyq\u00ebsore \u00ebsht\u00eb elementi i par\u00eb baz\u00eb q\u00eb do t\u00eb p\u00ebrcaktoj\u00eb edhe strategjin\u00eb dhe politikb\u00ebrjen e gjyq\u00ebsorit n\u00eb shp\u00ebrndarje burimesh njer\u00ebzore dhe infrastrukturore.<\/p>\n<p>Kjo \u00ebsht\u00eb arsyeja pse harta e re gjyq\u00ebsore ishte parashikuar p\u00ebr t\u2019u p\u00ebrmbushur brenda SND I (objektivi 1.04) dhe mosp\u00ebrmbushja e saj brenda koh\u00ebs s\u00eb veprimit t\u00eb SND I, deri n\u00eb 2020, sjell pasoj\u00ebn q\u00eb k\u00ebto masa, n\u00eb funksion t\u00eb hart\u00ebs s\u00eb re, t\u00ebmos jen\u00eb t\u00eb natyrshme as n\u00eb 2022.<\/p>\n<p><strong><em>Konkluzion<\/em><\/strong><em>: Kjo mas<\/em><em>\u00eb<\/em><em> e p<\/em><em>\u00eb<\/em><em>rmbush pjes<\/em><em>\u00eb<\/em><em>risht Rezultatin, vet<\/em><em>\u00eb<\/em><em>m p<\/em><em>\u00eb<\/em><em>r pjes<\/em><em>\u00eb<\/em><em>n e legjislacionit sekondar (rregullave standarde, vendimeve dhe udh<\/em><em>\u00eb<\/em><em>zimeve) dhe jo ligjit, sic k<\/em><em>\u00eb<\/em><em>rkohet nga Rezultati. Gjithashtu kjo mas<\/em><em>\u00eb<\/em><em> nuk garanton se do t<\/em><em>\u00eb<\/em><em> jet<\/em><em>\u00eb<\/em><em> e mundshme dhe efektive n<\/em><em>\u00eb<\/em><em> afatin e parashikuar n<\/em><em>\u00eb<\/em><em>se marrim n<\/em><em>\u00eb<\/em><em> konsiderat<\/em><em>\u00eb<\/em><em> p<\/em><em>\u00eb<\/em><em>rvoj<\/em><em>\u00eb<\/em><em>n e deritanishme dhe boshll<\/em><em>\u00eb<\/em><em>kun e madh dhe thelb<\/em><em>\u00eb<\/em><em>sor q<\/em><em>\u00eb<\/em><em> ka shkaktuar mungesa e hart<\/em><em>\u00eb<\/em><em>s s<\/em><em>\u00eb<\/em><em> re gjyq<\/em><em>\u00eb<\/em><em>sore.<\/em>[\/vc_column_text][\/vc_column][\/vc_row][vc_row][vc_column icons_position=&#8221;left&#8221;][vc_separator][\/vc_column][\/vc_row]<\/p>\n","protected":false},"excerpt":{"rendered":"<p>[vc_row][vc_column hide_bg_image_on_tablet=&#8221;&#8221; hide_bg_image_on_mobile=&#8221;&#8221; icons_position=&#8221;left&#8221; css=&#8221;.vc_custom_1509966252982{margin-top: -0.4rem !important;}&#8221;][vc_column_text] Masa 2.1.11 \u201cP\u00ebrgatitja, diskutimi dhe miratimi i paket\u00ebs s\u00eb rregullave standarde p\u00ebr funksionimin e gjykatave\u201d. Kjo mas\u00eb parashikon q\u00eb KLGj do t\u00eb p\u00ebrgatis\u00eb, brenda vitit 2022, nj\u00eb paket\u00eb rregullash standarde lidhur me procese t\u00eb ndryshme t\u00eb administrimit t\u00eb gjykatave n\u00eb t\u00eb gjitha nivelet, duke nisur nga rregullat p\u00ebr caktimin e numrit t\u00eb gjykatave&hellip;<\/p>\n","protected":false},"author":1,"featured_media":0,"parent":3263,"menu_order":0,"comment_status":"closed","ping_status":"closed","template":"","meta":{"footnotes":""},"class_list":["post-3281","page","type-page","status-publish","hentry"],"_links":{"self":[{"href":"https:\/\/ipls.org\/projekte\/alleyesonjustice\/wp-json\/wp\/v2\/pages\/3281","targetHints":{"allow":["GET"]}}],"collection":[{"href":"https:\/\/ipls.org\/projekte\/alleyesonjustice\/wp-json\/wp\/v2\/pages"}],"about":[{"href":"https:\/\/ipls.org\/projekte\/alleyesonjustice\/wp-json\/wp\/v2\/types\/page"}],"author":[{"embeddable":true,"href":"https:\/\/ipls.org\/projekte\/alleyesonjustice\/wp-json\/wp\/v2\/users\/1"}],"replies":[{"embeddable":true,"href":"https:\/\/ipls.org\/projekte\/alleyesonjustice\/wp-json\/wp\/v2\/comments?post=3281"}],"version-history":[{"count":1,"href":"https:\/\/ipls.org\/projekte\/alleyesonjustice\/wp-json\/wp\/v2\/pages\/3281\/revisions"}],"predecessor-version":[{"id":3282,"href":"https:\/\/ipls.org\/projekte\/alleyesonjustice\/wp-json\/wp\/v2\/pages\/3281\/revisions\/3282"}],"up":[{"embeddable":true,"href":"https:\/\/ipls.org\/projekte\/alleyesonjustice\/wp-json\/wp\/v2\/pages\/3263"}],"wp:attachment":[{"href":"https:\/\/ipls.org\/projekte\/alleyesonjustice\/wp-json\/wp\/v2\/media?parent=3281"}],"curies":[{"name":"wp","href":"https:\/\/api.w.org\/{rel}","templated":true}]}}