{"id":3284,"date":"2022-02-17T21:38:35","date_gmt":"2022-02-17T21:38:35","guid":{"rendered":"http:\/\/ipls.org\/projekte\/alleyesonjustice\/?page_id=3284"},"modified":"2022-02-17T21:38:35","modified_gmt":"2022-02-17T21:38:35","slug":"masa-2-1-13","status":"publish","type":"page","link":"https:\/\/ipls.org\/projekte\/alleyesonjustice\/qellimi-i-politikes-2\/objektivi-specifik-2-1\/masa-2-1-13\/","title":{"rendered":"Masa 2.1.13"},"content":{"rendered":"<p>[vc_row][vc_column hide_bg_image_on_tablet=&#8221;&#8221; hide_bg_image_on_mobile=&#8221;&#8221; icons_position=&#8221;left&#8221; css=&#8221;.vc_custom_1509966252982{margin-top: -0.4rem !important;}&#8221;][vc_column_text]<\/p>\n<h2><a name=\"_Toc77083928\"><\/a><a name=\"_Toc77151005\"><\/a><strong>Masa 2.1.13<\/strong><\/h2>\n<p><em>\u201c<\/em><em>P<\/em><em>\u00eb<\/em><em>rgatitja, diskutimi dhe miratimi i paket<\/em><em>\u00eb<\/em><em>s s<\/em><em>\u00eb<\/em><em> legjislacionit dyt<\/em><em>\u00eb<\/em><em>sor mbi n<\/em><em>\u00eb<\/em><em>pun<\/em><em>\u00eb<\/em><em>sit civil<\/em><em>\u00eb<\/em><em> gjyq<\/em><em>\u00eb<\/em><em>sor<\/em><em>\u00eb<\/em><em>\u201d<\/em>.<\/p>\n<p>Kjo mas\u00eb parashikon p\u00ebrgatitjen dhe miratimin e t\u00eb gjitha akteve n\u00ebnligjore nga KLGj, n\u00eb bashk\u00ebpunim me gjykatat, q\u00eb do t\u00eb rregullojn\u00eb c\u00ebshtjet q\u00eb lidhen me n\u00ebpun\u00ebsit civil\u00eb gjyq\u00ebsor\u00eb. \u00cbsht\u00eb e r\u00ebnd\u00ebsishme t\u00eb theksohet se ligji b\u00ebn nj\u00eb ndarje t\u00eb kompetencave, n\u00eb rastin e n\u00ebpun\u00ebsve civil\u00eb gjyq\u00ebsor\u00eb, nd\u00ebrmjet KLGj dhe K\u00ebshillit t\u00eb gjykat\u00ebs.<\/p>\n<p>KLGj \u00ebsht\u00eb p\u00ebrgjegj\u00ebs p\u00ebr organizimin dhe funksionimin e t\u00eb gjitha sh\u00ebrbimeve q\u00eb lidhen me administrimin gjyq\u00ebsor (neni 36 i ligjit 98\/2016). Gjithashtu, KLGj miraton edhe rregulla standarde q\u00eb lidhen me sh\u00ebrbimet e gjykat\u00ebs dhe kushtet q\u00eb duhet t\u00eb plot\u00ebsojn\u00eb n\u00ebpun\u00ebsit civil\u00eb gjyq\u00ebsor\u00eb (neni 41 i ligjit 98\/2016). KLGjmiraton me vendim rregulla te\u0308 holle\u0308sishme pe\u0308r vlere\u0308simin paraprak, krijimin, pe\u0308rbe\u0308rjen dhe kompetencat e Komisionit te\u0308 Pranimit, si dhe pe\u0308r procedure\u0308n e vlere\u0308simit p\u00ebr n\u00ebpun\u00ebsit civil\u00eb gjyq\u00ebsor\u00eb (neni 54 i ligjit 98\/2016), l\u00ebvizjen paralele dhe ngritjen n\u00eb detyr\u00eb (neni 57 dhe 58 i ligjit 98\/2016) dhe pe\u0308r procedure\u0308n pe\u0308r nde\u0308rprerjen e marre\u0308dhe\u0308nies ne\u0308 she\u0308rbimin civil gjyqe\u0308sor (neni 82 i ligjit 98\/2016). Gjithashtu, KLGj \u00ebsht\u00eb p\u00ebrgjegj\u00ebse edhe p\u00ebr miratimin e rregullave te\u0308 holle\u0308sishme pe\u0308r me\u0308nyre\u0308n e pe\u0308rllogaritjes se\u0308 numrit te\u0308 kandidate\u0308ve p\u00ebr kancelar\u00eb qe\u0308 pranohen ne\u0308 programin e formimit fillestar, t\u00eb ofruar nga Shkolla e Magjistratur\u00ebs, dhe verifikimin e kandidate\u0308ve qe\u0308 pranohen ne\u0308 provimin e pranimit (neni 53 i ligjit 98\/2016).<\/p>\n<p>Nd\u00ebrkoh\u00eb, \u00ebsht\u00eb K\u00ebshilli i gjykat\u00ebs ai q\u00eb merr vendime direkte p\u00ebr statusin e n\u00ebpun\u00ebsve civil\u00eb gjyq\u00ebsor\u00eb, miraton struktur\u00ebn dhe organik\u00ebn e administrat\u00ebs s\u00eb gjykat\u00ebs (sipas modelit t\u00eb miratuar nga KLGj), bashk\u00ebpunon me Shkoll\u00ebn e Magjistratur\u00ebs dhe KLGj p\u00ebr c\u00ebshtje q\u00eb lidhen me formimin fillestar dhe vazhdues t\u00eb n\u00ebpun\u00ebsve civil\u00eb gjyq\u00ebsor\u00eb, etj. Gjithashtu, K\u00ebshilli i Gjykat\u00ebs duhet t\u00eb organizoj\u00eb rregullisht takime me p\u00ebrdoruesit e gjykat\u00ebs n\u00eb funksion t\u00eb rritjes s\u00eb efikasitetit dhe cil\u00ebsis\u00eb s\u00eb drejt\u00ebsis\u00eb (neni 38 i ligjit 98\/2016) dhe p\u00ebrgjigjet p\u00ebr ecurin\u00eb e pun\u00ebs s\u00eb n\u00ebpun\u00ebsit civil gjyq\u00ebsor t\u00eb caktuar p\u00ebr marr\u00ebdh\u00ebniet me publikun pran\u00eb gjykat\u00ebs.<\/p>\n<p>Kjo \u00ebsht\u00eb nj\u00eb mas\u00eb shum\u00eb e r\u00ebnd\u00ebsishme, me ndikim t\u00eb drejtp\u00ebrdrejt\u00eb dhe t\u00eb duksh\u00ebm n\u00eb performanc\u00ebn e gjykat\u00ebs. P\u00ebr k\u00ebt\u00eb arsye, p\u00ebrmbushja e saj n\u00eb nj\u00eb koh\u00eb sa m\u00eb t\u00eb shpejt\u00eb\u00ebsht\u00eb tejet e r\u00ebnd\u00ebsishme p\u00ebr pushtetin gjyq\u00ebsor dhe besimin e publikut n\u00eb drejt\u00ebsi. Sipas planit t\u00eb veprimit t\u00eb SND II, kjo mas\u00eb duhet t\u00eb realizohet brenda vitit 2022. P\u00ebr analogji me mas\u00ebn 2.1.11, edhe v\u00ebshtir\u00ebsit\u00eb q\u00eb lidhen me mund\u00ebsin\u00eb e realizimit brenda k\u00ebtij afati kohor t\u00eb mas\u00ebs, jan\u00eb t\u00eb nj\u00ebjta dhe mund t\u2019a b\u00ebjn\u00eb t\u00eb pamundur p\u00ebrmbushjen e saj. Vlen t\u00eb t\u00ebrhiqet v\u00ebmendja se, deri m\u00eb tani, KLGj ka prodhuar nj\u00eb udh\u00ebzim, konkretisht Udh\u00ebzimin nr. 85, dat\u00eb 11.03.2021 \u201cP\u00ebr pro\u00e7esin e plot\u00ebsimit t\u00eb vendeve t\u00eb lira n\u00eb sh\u00ebrbimin civil gjyq\u00ebsor n\u00ebp\u00ebrmjet procedur\u00ebs s\u00eb l\u00ebvizjes paralele, ngritjes n\u00eb detyr\u00eb dhe pranimit n\u00ebp\u00ebrmjet konkurrimit t\u00eb hapur\u201d.<\/p>\n<p><strong><em>Konkluzion<\/em><\/strong><em>: Kjo mas<\/em><em>\u00eb\u00eb<\/em><em>sht<\/em><em>\u00eb<\/em><em> n<\/em><em>\u00eb<\/em><em> p<\/em><em>\u00eb<\/em><em>rputhje me Rezultatin dhe Objektivin Specifik dhe ka nj<\/em><em>\u00eb<\/em><em> r<\/em><em>\u00eb<\/em><em>nd<\/em><em>\u00eb<\/em><em>si t<\/em><em>\u00eb<\/em><em> madhe n<\/em><em>\u00eb<\/em><em> p<\/em><em>\u00eb<\/em><em>rmbushjen me sukses t<\/em><em>\u00eb<\/em><em> tyre. Megjithat<\/em><em>\u00eb<\/em><em>, edhepse kjo <\/em><em>\u00eb<\/em><em>sht<\/em><em>\u00eb<\/em><em> nj<\/em><em>\u00eb<\/em><em> mas<\/em><em>\u00eb<\/em><em> e ngutshme dhe do t<\/em><em>\u00eb<\/em><em> ishte tejet pozitive p<\/em><em>\u00eb<\/em><em>rmbushja e saj n<\/em><em>\u00eb<\/em><em> afatin e caktuar, s<\/em><em>\u00eb<\/em><em>rish n<\/em><em>\u00eb<\/em><em>se marrim n<\/em><em>\u00eb<\/em><em> konsiderat<\/em><em>\u00eb<\/em><em> p<\/em><em>\u00eb<\/em><em>rvoj<\/em><em>\u00eb<\/em><em>n e deritanishme t<\/em><em>\u00eb<\/em><em> KLGj-s<\/em><em>\u00eb<\/em><em> n<\/em><em>\u00eb<\/em><em> nxjerrjen e akteve dhe boshll<\/em><em>\u00eb<\/em><em>kun e madh dhe thelb<\/em><em>\u00eb<\/em><em>sor q<\/em><em>\u00eb<\/em><em> ka shkaktuar mungesa e hart<\/em><em>\u00eb<\/em><em>s s<\/em><em>\u00eb<\/em><em> re gjyq<\/em><em>\u00eb<\/em><em>sore, <\/em><em>\u00eb<\/em><em>sht<\/em><em>\u00eb<\/em><em> e pasigurt<\/em><em>\u00eb<\/em><em> n<\/em><em>\u00eb<\/em><em>se kjo mas<\/em><em>\u00eb\u00eb<\/em><em>sht<\/em><em>\u00eb<\/em><em> realiste dhe n<\/em><em>\u00eb<\/em><em>se do t<\/em><em>\u00eb<\/em><em> jet<\/em><em>\u00eb<\/em><em> efektive n<\/em><em>\u00eb<\/em><em>se realizohet n<\/em><em>\u00eb<\/em><em> nj<\/em><em>\u00eb<\/em><em> koh<\/em><em>\u00eb<\/em><em> kaq t<\/em><em>\u00eb<\/em><em> af<\/em><em>\u00eb<\/em><em>rt.<\/em><\/p>\n<p><strong><em>Konkluzion p\u00ebr t\u00ebdy masat: <\/em><\/strong><em>N\u00eb t\u00eb dy masat e analizuara, organi q\u00eb mbart pesh\u00ebn kryesore n\u00eb p\u00ebrmbushjen e tyre \u00ebsht\u00eb KLGj dhe si pjes\u00ebmarr\u00ebs jan\u00eb parashikuar gjykatat. \u00cbsht\u00eb e r\u00ebnd\u00ebsishme q\u00eb n\u00eb vijim t\u00eb studimit t\u00eb analizohet dhe monitorihet se cilat do t\u00eb jen\u00eb hapat q\u00eb do t\u00eb ndjek\u00eb KLGj p\u00ebr t\u00eb krijuar bashk\u00ebpunim dhe diskutim me gjykatat. Kjo lidhet me faktin se ndryshimet e reform\u00ebs n\u00eb drejt\u00ebsi kishin si q\u00ebllim t\u00eb tyre fuqizimin e brendsh\u00ebm t\u00eb gjykatave (nj\u00eb parashikim n\u00eb reflektim t\u00eb k\u00ebsaj ideje p\u00ebrshembull \u00ebsht\u00ebkrijimi i K\u00ebshillit t\u00eb gjykat\u00ebs) dhe \u00ebsht\u00eb shum\u00eb me interes t\u00eb shihet sesi KLGj dhe gjykatat do t\u00eb bashk\u00ebpunojn\u00eb mes tyre n\u00eb funksion t\u00eb sh\u00ebrbimit m\u00eb t\u00eb mir\u00eb ndaj qytetarit.<\/em>[\/vc_column_text][\/vc_column][\/vc_row][vc_row][vc_column icons_position=&#8221;left&#8221;][vc_separator][\/vc_column][\/vc_row]<\/p>\n","protected":false},"excerpt":{"rendered":"<p>[vc_row][vc_column hide_bg_image_on_tablet=&#8221;&#8221; hide_bg_image_on_mobile=&#8221;&#8221; icons_position=&#8221;left&#8221; css=&#8221;.vc_custom_1509966252982{margin-top: -0.4rem !important;}&#8221;][vc_column_text] Masa 2.1.13 \u201cP\u00ebrgatitja, diskutimi dhe miratimi i paket\u00ebs s\u00eb legjislacionit dyt\u00ebsor mbi n\u00ebpun\u00ebsit civil\u00eb gjyq\u00ebsor\u00eb\u201d. Kjo mas\u00eb parashikon p\u00ebrgatitjen dhe miratimin e t\u00eb gjitha akteve n\u00ebnligjore nga KLGj, n\u00eb bashk\u00ebpunim me gjykatat, q\u00eb do t\u00eb rregullojn\u00eb c\u00ebshtjet q\u00eb lidhen me n\u00ebpun\u00ebsit civil\u00eb gjyq\u00ebsor\u00eb. \u00cbsht\u00eb e r\u00ebnd\u00ebsishme t\u00eb theksohet se ligji b\u00ebn nj\u00eb ndarje&hellip;<\/p>\n","protected":false},"author":1,"featured_media":0,"parent":3263,"menu_order":0,"comment_status":"closed","ping_status":"closed","template":"","meta":{"footnotes":""},"class_list":["post-3284","page","type-page","status-publish","hentry"],"_links":{"self":[{"href":"https:\/\/ipls.org\/projekte\/alleyesonjustice\/wp-json\/wp\/v2\/pages\/3284","targetHints":{"allow":["GET"]}}],"collection":[{"href":"https:\/\/ipls.org\/projekte\/alleyesonjustice\/wp-json\/wp\/v2\/pages"}],"about":[{"href":"https:\/\/ipls.org\/projekte\/alleyesonjustice\/wp-json\/wp\/v2\/types\/page"}],"author":[{"embeddable":true,"href":"https:\/\/ipls.org\/projekte\/alleyesonjustice\/wp-json\/wp\/v2\/users\/1"}],"replies":[{"embeddable":true,"href":"https:\/\/ipls.org\/projekte\/alleyesonjustice\/wp-json\/wp\/v2\/comments?post=3284"}],"version-history":[{"count":1,"href":"https:\/\/ipls.org\/projekte\/alleyesonjustice\/wp-json\/wp\/v2\/pages\/3284\/revisions"}],"predecessor-version":[{"id":3285,"href":"https:\/\/ipls.org\/projekte\/alleyesonjustice\/wp-json\/wp\/v2\/pages\/3284\/revisions\/3285"}],"up":[{"embeddable":true,"href":"https:\/\/ipls.org\/projekte\/alleyesonjustice\/wp-json\/wp\/v2\/pages\/3263"}],"wp:attachment":[{"href":"https:\/\/ipls.org\/projekte\/alleyesonjustice\/wp-json\/wp\/v2\/media?parent=3284"}],"curies":[{"name":"wp","href":"https:\/\/api.w.org\/{rel}","templated":true}]}}