{"id":3293,"date":"2022-02-17T21:44:02","date_gmt":"2022-02-17T21:44:02","guid":{"rendered":"http:\/\/ipls.org\/projekte\/alleyesonjustice\/?page_id=3293"},"modified":"2022-02-17T21:44:02","modified_gmt":"2022-02-17T21:44:02","slug":"masa-2-3-8","status":"publish","type":"page","link":"https:\/\/ipls.org\/projekte\/alleyesonjustice\/qellimi-i-politikes-2\/objektivi-specifik-2-3\/masa-2-3-8\/","title":{"rendered":"Masa 2.3.8"},"content":{"rendered":"<p>[vc_row][vc_column hide_bg_image_on_tablet=&#8221;&#8221; hide_bg_image_on_mobile=&#8221;&#8221; icons_position=&#8221;left&#8221; css=&#8221;.vc_custom_1509966252982{margin-top: -0.4rem !important;}&#8221;][vc_column_text]<\/p>\n<h2><a name=\"_Toc77083928\"><\/a><a name=\"_Toc77151005\"><\/a><strong>Masa 2.3.8<\/strong><\/h2>\n<p>\u201c<em>P<\/em><em>\u00eb<\/em><em>rgatitja dhe unifikimi i metodologjis<\/em><em>\u00eb<\/em><em> s<\/em><em>\u00eb<\/em><em> re p<\/em><em>\u00eb<\/em><em>r trajnimimin e vazhduesh<\/em><em>\u00eb<\/em><em>m bazuar n<\/em><em>\u00eb<\/em><em> rezultatet e analiz<\/em><em>\u00eb<\/em><em>s s<\/em><em>\u00eb<\/em><em> p<\/em><em>\u00eb<\/em><em>rputhshm<\/em><em>\u00eb<\/em><em>ris<\/em><em>\u00eb<\/em>\u201d.<\/p>\n<p>Kjo mas\u00eb parashikon hartimin e nj\u00eb metodologjie t\u00eb re p\u00ebr realizimin e sesioneve t\u00eb trajnimit me synim unifikimin e saj dhe duke e p\u00ebrputhur me k\u00ebrkesat e standardeve evropiane t\u00eb trajnimit gjyq\u00ebsor. Kjo \u00ebsht\u00eb nj\u00eb k\u00ebrkes\u00eb e domosdoshme n\u00eb funksion t\u00eb rritjes s\u00eb cil\u00ebsis\u00eb s\u00eb trajnimeve e cila garanton q\u00eb, s\u00eb pari, ekspert\u00ebt do t\u00eb ndjekin t\u00eb nj\u00ebjt\u00ebn linj\u00eb metodologjike n\u00eb realizimin e aktiviteteve trajnuese. Kjo nuk p\u00ebrb\u00ebn nj\u00eb kufizim t\u00eb liris\u00eb s\u00eb tyre akademike, por p\u00ebrkundrazi, duke qen\u00eb se kjo metodologji e re do t\u00eb kaloj\u00eb\u201ctestin\u201d e verifikimit t\u00eb hartimit t\u00eb saj n\u00eb p\u00ebrputhje me standardet evropiane, ajo p\u00ebrb\u00ebn nj\u00eb garanci m\u00eb shum\u00eb p\u00ebr t\u00eb pasur nj\u00eb uniformitet t\u00eb q\u00ebndruesh\u00ebm n\u00eb m\u00ebnyr\u00ebn sesi realizohen trajnimet. S\u00eb dyti, hartimi i nj\u00eb metodologjie t\u00eb re, t\u00eb p\u00ebrputhur me standardet evropiane, rrit jo vet\u00ebm cil\u00ebsin\u00eb e trajnimit p\u00ebr pjes\u00ebmarr\u00ebsit, por edhe p\u00ebr trajner\u00ebt, dhe duke pasur parasysh se trajner\u00ebt n\u00eb Shkoll\u00ebn e Magjistratur\u00ebs jan\u00eb n\u00eb mas\u00ebn 90 % gjyqtar\u00eb dhe prokuror\u00eb n\u00eb detyr\u00eb, t\u00eb t\u00eb gjitha shkall\u00ebve t\u00eb sistemit, at\u00ebher\u00eb, kjo metodologji ndikon drejtp\u00ebrdrejt\u00eb edhe n\u00eb nivelin e angazhimit t\u00eb tyre, n\u00eb qasjen cil\u00ebsore ndaj trajnimeve dhe n\u00eb aft\u00ebsimin e tyre n\u00eb k\u00ebt\u00eb drejtim.<\/p>\n<p><strong><em>Konkluzion<\/em><\/strong><em>: Kjo mas<\/em><em>\u00eb\u00eb<\/em><em>sht<\/em><em>\u00eb<\/em><em> n<\/em><em>\u00eb<\/em><em> p<\/em><em>\u00eb<\/em><em>rputhje me Rezultatin 2.3.1 dhe Objektivin Specifik 2.3. Gjithashtu, <\/em><em>\u00eb<\/em><em>sht<\/em><em>\u00eb<\/em><em> nj<\/em><em>\u00eb<\/em><em> mas<\/em><em>\u00eb<\/em><em> e avancuar n<\/em><em>\u00eb<\/em><em> krahasim me masat e parashikuara n<\/em><em>\u00eb<\/em><em> SND I dhe ka ndikim t<\/em><em>\u00eb<\/em><em> madh n<\/em><em>\u00eb<\/em><em> forcimin e kapaciteteve t<\/em><em>\u00eb<\/em><em> Shkoll<\/em><em>\u00eb<\/em><em>s n<\/em><em>\u00eb<\/em><em> drejtim t<\/em><em>\u00eb<\/em><em> ofrimit t<\/em><em>\u00eb<\/em><em> trajnimit gjyq<\/em><em>\u00eb<\/em><em>sor, p<\/em><em>\u00eb<\/em><em>rgjegj<\/em><em>\u00eb<\/em><em>si ekskluzive e saj, e parashikuar n<\/em><em>\u00eb<\/em><em> ligj. <\/em>[\/vc_column_text][\/vc_column][\/vc_row][vc_row][vc_column icons_position=&#8221;left&#8221;][vc_separator][\/vc_column][\/vc_row]<\/p>\n","protected":false},"excerpt":{"rendered":"<p>[vc_row][vc_column hide_bg_image_on_tablet=&#8221;&#8221; hide_bg_image_on_mobile=&#8221;&#8221; icons_position=&#8221;left&#8221; css=&#8221;.vc_custom_1509966252982{margin-top: -0.4rem !important;}&#8221;][vc_column_text] Masa 2.3.8 \u201cP\u00ebrgatitja dhe unifikimi i metodologjis\u00eb s\u00eb re p\u00ebr trajnimimin e vazhduesh\u00ebm bazuar n\u00eb rezultatet e analiz\u00ebs s\u00eb p\u00ebrputhshm\u00ebris\u00eb\u201d. Kjo mas\u00eb parashikon hartimin e nj\u00eb metodologjie t\u00eb re p\u00ebr realizimin e sesioneve t\u00eb trajnimit me synim unifikimin e saj dhe duke e p\u00ebrputhur me k\u00ebrkesat e standardeve evropiane t\u00eb trajnimit gjyq\u00ebsor. Kjo&hellip;<\/p>\n","protected":false},"author":1,"featured_media":0,"parent":3287,"menu_order":0,"comment_status":"closed","ping_status":"closed","template":"","meta":{"footnotes":""},"class_list":["post-3293","page","type-page","status-publish","hentry"],"_links":{"self":[{"href":"https:\/\/ipls.org\/projekte\/alleyesonjustice\/wp-json\/wp\/v2\/pages\/3293","targetHints":{"allow":["GET"]}}],"collection":[{"href":"https:\/\/ipls.org\/projekte\/alleyesonjustice\/wp-json\/wp\/v2\/pages"}],"about":[{"href":"https:\/\/ipls.org\/projekte\/alleyesonjustice\/wp-json\/wp\/v2\/types\/page"}],"author":[{"embeddable":true,"href":"https:\/\/ipls.org\/projekte\/alleyesonjustice\/wp-json\/wp\/v2\/users\/1"}],"replies":[{"embeddable":true,"href":"https:\/\/ipls.org\/projekte\/alleyesonjustice\/wp-json\/wp\/v2\/comments?post=3293"}],"version-history":[{"count":1,"href":"https:\/\/ipls.org\/projekte\/alleyesonjustice\/wp-json\/wp\/v2\/pages\/3293\/revisions"}],"predecessor-version":[{"id":3294,"href":"https:\/\/ipls.org\/projekte\/alleyesonjustice\/wp-json\/wp\/v2\/pages\/3293\/revisions\/3294"}],"up":[{"embeddable":true,"href":"https:\/\/ipls.org\/projekte\/alleyesonjustice\/wp-json\/wp\/v2\/pages\/3287"}],"wp:attachment":[{"href":"https:\/\/ipls.org\/projekte\/alleyesonjustice\/wp-json\/wp\/v2\/media?parent=3293"}],"curies":[{"name":"wp","href":"https:\/\/api.w.org\/{rel}","templated":true}]}}