{"id":3308,"date":"2022-02-17T21:59:34","date_gmt":"2022-02-17T21:59:34","guid":{"rendered":"http:\/\/ipls.org\/projekte\/alleyesonjustice\/?page_id=3308"},"modified":"2022-02-17T22:03:24","modified_gmt":"2022-02-17T22:03:24","slug":"objektivi-specifik-2-4","status":"publish","type":"page","link":"https:\/\/ipls.org\/projekte\/alleyesonjustice\/qellimi-i-politikes-2\/objektivi-specifik-2-4\/","title":{"rendered":"Objektivi specifik 2.4"},"content":{"rendered":"<p>[vc_row][vc_column hide_bg_image_on_tablet=&#8221;&#8221; hide_bg_image_on_mobile=&#8221;&#8221; icons_position=&#8221;left&#8221; css=&#8221;.vc_custom_1509966252982{margin-top: -0.4rem !important;}&#8221;][vc_column_text]<\/p>\n<h2><a name=\"_Toc77083928\"><\/a><a name=\"_Toc77151005\"><\/a><strong>Objektivi specifik 2.4<\/strong><\/h2>\n<p>\u201c<em>P\u00ebrmir\u00ebsimi i sistemit gjyq\u00ebsor me q\u00ebllim rritjen e efektivitetit dhe efikasitetit t\u00eb t\u00eb gjitha niveleve t\u00eb sistemit gjyq\u00ebsor, duke p\u00ebrfshir\u00eb GJL-n\u00eb dhe sigurimi i ofrimit t\u00eb drejt\u00ebsis\u00eb transparente, pa vonesa dhe t\u00eb aksesueshme p\u00ebr qytetar\u00ebt. (Sh\u00ebnim: Aktivitetet q\u00eb kan\u00eb t\u00eb b\u00ebjn\u00eb me KLGJ si autoritet qeveris\u00ebs n\u00eb drejt\u00ebsi jan\u00eb integruar n\u00eb k\u00ebt\u00eb Objektiv Specifik p\u00ebr shkak t\u00eb karakterit t\u00eb integruar t\u00eb sistemit gjyq\u00ebsor. Rezultatet e pritshme t\u00eb posht\u00ebsh\u00ebnuara reflektojn\u00eb q\u00ebllimet strategjike t\u00eb shkruara n\u00eb planin strategjik t\u00eb KLGJ).\u201d<\/em><\/p>\n<p>P\u00ebr nga m\u00ebnyra se si \u00ebsht\u00eb formuluar, Objektivi Specifik 2.4\u00a0 p\u00ebrfshin sistemin gjyq\u00ebsor n\u00eb t\u00ebr\u00ebsi (pra t\u00eb tre shkall\u00ebt e sistemit gjyq\u00ebsor). Ai orientohet n\u00eb dy drejtime: S\u00eb pari, n\u00eb funksion t\u00eb rritjes s\u00eb<em>\u201cefektivitetit dhe efikasitetit t\u00eb t\u00eb gjitha niveleve t\u00eb sistemit gjyq\u00ebsor. <\/em>S\u00eb dyti, n\u00eb funksion t\u00eb <em>\u201cofrimit p\u00ebr qytetar\u00ebt t\u00eb drejt\u00ebsis\u00eb transparente, pa vonesa dhe t\u00eb aksesueshme\u201d. <\/em>\u00a0N\u00eb k\u00ebt\u00eb k\u00ebndv\u00ebshtrim, ky objektiv \u00ebsht\u00eb n\u00eb p\u00ebrputhje me Q\u00ebllimin e Politik\u00ebs 2.<\/p>\n<p>Ky Objektiv \u00ebsht\u00eb n\u00eb p\u00ebrputhje me objektivat e Reform\u00ebs n\u00eb Drejt\u00ebsi dhe kuadrin ligjor q\u00eb rregullon qeverisjen dhe organizimin e funksionimin e pushtetit gjyq\u00ebsor. Efektiviteti dhe efikasiteti jan\u00eb objektiva t\u00eb q\u00ebndrueshme n\u00eb koh\u00eb, t\u00eb cilat arrihen n\u00ebp\u00ebrmjet nj\u00eb procesi t\u00eb vazhduesh\u00ebm. N\u00eb k\u00ebt\u00eb aspekt, ky objektiv \u00ebsht\u00eb aktual. \u00c7el\u00ebsi i suksesit t\u00eb tij \u00ebsht\u00eb identifikimi i sakt\u00eb i masave t\u00eb cilat i p\u00ebrshtaten gjendjes aktuale n\u00eb t\u00eb cil\u00ebn ndodhet sistemi i gjy\u00ebsorit.<\/p>\n<p>Ky Objektiv \u00ebsht\u00eb pjes\u00ebrisht i nj\u00ebjt\u00eb me at\u00eb t\u00eb SND I \u2018Objektivi 1: <em>Forcimi i pavar\u00ebsis\u00eb, efikasitetit, efektshm\u00ebris\u00eb dhe llogaridh\u00ebnies s\u00eb institucioneve t\u00eb sistemit t\u00eb drejt\u00ebsis\u00eb\u2019.<\/em> Objektivi ka patur fokus m\u00eb t\u00eb gjer\u00eb, duke p\u00ebrfshir\u00eb t\u00ebr\u00eb sistemin e drejt\u00ebsis\u00eb.\u00a0 Kjo \u00ebsht\u00eb nj\u00eb zgjidhje e diktuar nga rrethanat pasi n\u00eb momentin e hartimit t\u00eb SND I, organet e qeverisjes s\u00eb sistemit t\u00eb drejt\u00ebsis\u00eb nuk ishin b\u00ebr\u00eb ende funksionale. Pas krijimit t\u00eb institucioneve, fokusi ka qen\u00eb miratimi i kuadrit n\u00ebnligjor t\u00eb akteve q\u00eb rregullon veprimtarin\u00eb e vet\u00eb KLGJ. M\u00eb tej, Gjykata e Lart\u00eb nuk ka qen\u00eb funksionale, dhe nj\u00eb pjes\u00eb e sistemit gjyq\u00ebsor (niveli i apelit) \u00ebsht\u00eb prekur ndjesh\u00ebm nga procesi i rivler\u00ebsimit kalimtar. Prandaj Objektivi Specifik, Rezultatet dhe Masat e at\u00ebhereshme nuk arrit\u00ebn t\u00eb realizohen gjat\u00eb vlefshm\u00ebris\u00eb s\u00eb asaj Strategjie. Nisur nga kjo situat\u00eb, me t\u00eb drejt\u00eb ato jan\u00eb p\u00ebrshtatur p\u00ebr t\u2019u integruar n\u00eb SND II.<\/p>\n<p>Objektivi \u00ebsht\u00eb n\u00eb koherenc\u00eb me gjendjen aktuale t\u00eb gjyq\u00ebsorit dhe me pritshm\u00ebrit\u00eb e publikut sa i takon rezultateve t\u00eb aplikimit t\u00eb Reform\u00ebs n\u00eb Drejt\u00ebsi. Ai lidhet me nevoj\u00ebn e ngutshme t\u00eb gjyq\u00ebsorit (t\u00eb gjitha nivelet e tij) p\u00ebr t\u00eb qen\u00eb m\u00eb efikas, m\u00eb eficient, m\u00eb transparent, m\u00eb i aksesuesh\u00ebm dhe p\u00ebr t\u00eb dh\u00ebn\u00eb drejt\u00ebsi pa vones\u00eb. Aktualisht eficienca e sistemit t\u00eb drejt\u00ebsis\u00eb po vihet n\u00eb dyshim. Vakancat e krijuara n\u00eb sistem p\u00ebr shkak t\u00eb procesit t\u00eb rivler\u00ebsimit kalimtar t\u00eb magjistrat\u00ebve (vetting), si dhe backlog-u i akumuluar, e kan\u00eb vendosur gjyq\u00ebsorin dhe organet qeveris\u00ebse t\u00eb tij p\u00ebrball\u00ebzgjidhjes s\u00eb sfidave q\u00eb kan\u00eb t\u00eb b\u00ebjn\u00eb me standardet e \u201cdrejt\u00ebsis\u00eb pa vonesa\u2019 apo dhe me \u201cdrejt\u00ebsin\u00eb e aksesueshme\u201d. P\u00ebr k\u00ebt\u00eb arsye Objektivi \u00ebsht\u00eb n\u00eb koherenc\u00eb me nevojat aktuale t\u00eb sistemit. N\u00eb kushtet kur KLGJ \u00ebsht\u00eb funksionale dhe ka objektiv strategjik aplikimin e parimeve t\u00eb ekselenc\u00ebs s\u00eb gjyq\u00ebsorit, ky Objektiv \u00ebsht\u00eb realist.<\/p>\n<p>Gjithashtu, sa koh\u00eb Q\u00ebllimi i Politik\u00ebs 2 k\u00ebrkon nj\u00eb sistem n\u00eb p\u00ebrputhje me standardet evropiane, sugjerojm\u00eb q\u00eb p\u00ebrve\u00e7 efikasitetit dhe efektivitetit t\u00eb p\u00ebrfshihet edhe pavar\u00ebsia e sistemit gjyq\u00ebsor. Mungesa p\u00ebr vite e besimit tek sistemi i drejt\u00ebsis\u00eb dhe skepticizmi tek rezultatet e deritanishme t\u00eb Reform\u00ebs n\u00eb Drejt\u00ebsi do t\u00eb k\u00ebrkonte rezultate t\u00eb matshme q\u00eb lidhen me pavar\u00ebsin\u00eb. Gjithashtu, pavar\u00ebsia \u00ebsht\u00eb nj\u00eb standard i q\u00ebndruesh\u00ebm, i cili duhet t\u00eb synohet n\u00eb\u00e7do koh\u00eb, n\u00eb m\u00ebnyr\u00eb t\u00eb vazhdueshme. Pavar\u00ebsia e institucioneve t\u00eb qeverisjes s\u00eb gjyq\u00ebsorit (parashikuar n\u00eb Objektivin 1.3) duhet t\u00eb shihet si proces i ndar\u00eb nga pavar\u00ebsia e gjyq\u00ebsorit, sa koh\u00eb masat p\u00ebr arritjen e tyre jan\u00eb t\u00eb ndryshme. Sigurisht q\u00eb transparenca e parashikuar n\u00eb k\u00ebt\u00eb objektiv n\u00eb ofrimin e sh\u00ebrbimve t\u00eb gjyq\u00ebsorit do t\u00eb na jepte t\u00eb dh\u00ebna cil\u00ebsore mbi pavar\u00ebsin\u00eb e k\u00ebtij t\u00eb fundit.<\/p>\n<p>Ky objektiv vjen n\u00eb t\u00eb nj\u00ebjt\u00ebn linj\u00eb me dy strategjit\u00eb sektoriale. Ai p\u00ebrkon me Synimin 1 dhe 3 t\u00eb Planit Strategjik t\u00eb KLGj 2019-2020 : \u201c<em>P\u00ebrshpejtimi i Reform\u00ebs s\u00eb Pushtetit Gjyq\u00ebsor dhe Akordimit t\u00eb Burimeve<\/em>\u201d si dhe \u201c<em>Ofrimi Efikas i Sh\u00ebrbimeve dhe Funksionimi m\u00eb i Mir\u00eb i Gjykatave\u201d<\/em><strong>. <\/strong><\/p>\n<p>P\u00ebrmbushja e k\u00ebtij Objektivi lidhet me 5 Rezultate. S\u00eb pari, nga m\u00ebnyra se si jan\u00eb formuluar k\u00ebto rezultate, n\u00eb pjes\u00ebn m\u00eb t\u00eb madhe t\u00eb tyre duken m\u00eb tep\u00ebr si masa sesa si rezultate e p\u00ebr k\u00ebt\u00eb duhet t\u00eb riformulohen. S\u00eb dyti, jo t\u00eb gjitha k\u00ebto rezultate jan\u00eb n\u00eb p\u00ebrputhje me Objektivin 2.4. Rezultati 2.4.4 mbi fuqizimin dhe rritjen e kapaciteteve t\u00eb KLGJ m\u00eb tep\u00ebr se me k\u00ebt\u00eb objektiv, lidhet me Objektivin 1.3. Sigurisht fuqizimi i kapaciteteve dhe burimeve n\u00eb institucionin qeveris\u00ebs t\u00eb gjyq\u00ebsorit, sjell rritjen e efikasitetit, pavar\u00ebsis\u00eb apo eficenc\u00ebs s\u00eb tij. Por synimi p\u00ebr eficenc\u00eb dhe efektivitet n\u00eb gjyq\u00ebsor nuk sjell si rezultat nd\u00ebrtim dhe fuqizim kapacitetesh t\u00eb KLGJ-s\u00eb. Edhe sikur n\u00eb k\u00ebt\u00eb rast problemi t\u00eb q\u00ebndroj\u00eb tek m\u00ebnyra e formulimit, p\u00ebrs\u00ebri jemi t\u00eb mendimit q\u00eb pavar\u00ebsisht natyr\u00ebs s\u00eb integruar t\u00eb gjyq\u00ebsorit, SND II duhet t\u00eb ndaj\u00eb objektivat, rezultatet dhe masat q\u00eb lidhen me organet e qeverisjes s\u00eb gjyq\u00ebsorit, vecmas nga ato q\u00eb kan\u00eb t\u00eb b\u00ebjn\u00eb me vet\u00eb gjyq\u00ebsorin. N\u00eb k\u00ebt\u00eb m\u00ebnyr\u00eb do t\u00eb ishte m\u00eb i leht\u00eb identifikimi i indikator\u00ebve t\u00eb rezultatit dhe matja e monitorimi i tyre. E nj\u00ebjta gj\u00eb vlen dhe p\u00ebr Rezultatin 2.4.5. N\u00eb k\u00ebt\u00eb Rezultat nuk del e qart\u00eb se si objektivi p\u00ebr gjyq\u00ebsor efikas dhe efektiv, t\u00eb aksesuesh\u00ebm e transparent do t\u00eb sjell\u00eb\u00a0 komunikim dhe koordinim efektiv t\u00eb jasht\u00ebm t\u00eb gjyq\u00ebsorit me partner\u00eb, institucione t\u00eb pavarura apo ILD. P\u00ebr m\u00eb tep\u00ebr, po t\u00eb shohim masat q\u00eb i p\u00ebrkasin k\u00ebtij rezultati (Masat 2.4.6 2.4.7-2.4.8 dhe 2.4.9), v\u00ebm\u00eb re se ato i referohen m\u00eb tep\u00ebr transparenc\u00ebs dhe koordinimit mes institucioneve t\u00eb qeverisjes s\u00eb gjyq\u00ebsorit, sesa vet\u00eb k\u00ebtij t\u00eb fundit. Prandaj, ashtu si dhe p\u00ebr Rezultatin 2.4.4 mendojm\u00eb se ky rezultat nuk i sh\u00ebrben k\u00ebtij objektivi dhe lidhet m\u00eb tep\u00ebr me koordinimin dhe transparenc\u00ebn e vet\u00eb institucioneve t\u00eb qeverisjes s\u00eb gjyq\u00ebsorit.<\/p>\n<p>N\u00ebse i referohemi masave n\u00eb p\u00ebrmbushje t\u00eb k\u00ebtij objektivi, konstatojm\u00eb se ato duhet t\u00eb jen\u00eb t\u00eb plota dhe m\u00eb t\u00ebdetajuara p\u00ebr \u00e7do rezultat t\u00eb pritsh\u00ebm n\u00eb p\u00ebrmbushje t\u00eb synimeve t\u00eb parashikuara n\u00eb Objektivin 2.4. Duke qen\u00eb se efektiviteti dhe efikasiteti, kan\u00eb disa komponent\u00eb t\u00eb matsh\u00ebm n\u00eb vetvete,\u00a0 sugjerojm\u00eb q\u00eb \u00e7do komponent i tyre t\u00eb zb\u00ebrthehet n\u00eb mas\u00eb konkrete. Gjithashtu nuk konstatohen masa p\u00ebr Gjykat\u00ebn e Lart\u00eb, e cila \u00ebsht\u00eb e p\u00ebrfshir\u00eb n\u00eb m\u00ebnyr\u00eb t\u00eb shprehur n\u00eb Objektiv, dhe ku plot\u00ebsimi i struktur\u00ebs s\u00eb saj me personel, dhe adresimi i backlog-ut te krijuar n\u00eb k\u00ebt\u00eb Gjykate dhe n\u00eb t\u00eb gjitha shkall\u00ebt e gjyq\u00ebsorit \u00ebsht\u00eb nj\u00eb nd\u00ebr faktor\u00ebt kryesor\u00eb q\u00eb sot ndikon drejtp\u00ebrdrejt n\u00eb eficenc\u00ebn e sistemit gjyq\u00ebsor. Mungesa e masave apo indikator\u00ebve p\u00ebr matjen e progresit lidhur me adresimin e backlog-ut t\u00eb akumuluar ndikon n\u00eb eficenc\u00ebn dhe efiktivitetin jo vet\u00ebm t\u00eb Gjykat\u00ebs s\u00eb Lart\u00eb, por n\u00eb t\u00eb gjith\u00eb sistemin gjyq\u00ebsor.<\/p>\n<p>Sa i takon indikator\u00ebve p\u00ebr matjen e k\u00ebtij objektivi, konstatojn\u00eb se jan\u00eb t\u00eb kufizuar n\u00eb raport me synimet q\u00eb p\u00ebrmban Objektivi. Nd\u00ebrkoh\u00eb q\u00eb ata mund t\u00eb masin koh\u00ebn n\u00eb dh\u00ebnien e drejt\u00ebsis\u00eb (dhe kjo pa p\u00ebrfshir\u00eb Gjykat\u00ebn e Lart\u00eb), l\u00ebn\u00eb jasht\u00eb fokusit t\u00eb monitorimit nj\u00eb s\u00ebr\u00eb komponent\u00ebsh t\u00eb tjer\u00eb q\u00eb lidhen me efektivitetin dhe efikasitetin e gjyq\u00ebsorit apo transparenc\u00ebn dhe aksesueshm\u00ebrin\u00eb. Gjithashtu k\u00ebto indikatore \u00ebsht\u00eb v\u00ebshtir\u00eb t\u00eb nd\u00ebrlidhen me masat e parashikuara (t\u00eb pakt\u00ebn n\u00eb m\u00ebnyr\u00ebn aktuale t\u00eb formulimit t\u00eb tyre).<\/p>\n<p><strong><em>Konkluzion<\/em><\/strong><em>: Objektivi Specifik 2.4 \u00ebsht\u00eb n\u00eb koherenc\u00eb me nevoj\u00ebn aktuale t\u00eb gjyq\u00ebsorit (n\u00eb t\u00eb gjitha nivelet e tij) p\u00ebr t\u00eb q\u00ebn\u00eb m\u00eb efikas e efektiv, m\u00eb transparent, m\u00eb i aksesuesh\u00ebm dhe p\u00ebr t\u00eb dh\u00ebn\u00eb drejt\u00ebsi pa vones\u00eb. Ky \u00ebsht\u00eb nj\u00eb Objektiv thelb\u00ebsor p\u00ebr mir\u00ebfunksionimin e sistemit gjyq\u00ebsor. Sugjerojm\u00eb q\u00eb p\u00ebrve\u00e7 efikasitetit dhe efektivitetit t\u00eb gjyq\u00ebsorit n\u00eb synimet e k\u00ebtij Objektivi t\u00eb p\u00ebrfshihet dhe pavar\u00ebsia e tij n\u00eb dh\u00ebnien e vendimeve, si nj\u00eb nd\u00ebr prioritetet e Reform\u00ebs n\u00eb Drejt\u00ebsi dhe pritshm\u00ebrit\u00eb legjitime t\u00eb publikut prej k\u00ebsaj t\u00eb fundit. Gjithashtu sugjerojm\u00eb q\u00eb, n\u00eb lidhje me k\u00ebt\u00eb objektiv, t\u00eb rishikohen rezultatet e pritshme, si nga m\u00ebnyra e formulimit t\u00eb tyre (pra t\u00eb p\u00ebrdoret gjuh\u00eb m\u00eb e p\u00ebrshtatshme p\u00ebr rezultate, pasi pjesa m\u00eb e madhe duken si masa), ashtu dhe nga lidhja q\u00eb ato kan\u00eb me Objektivin 2.4.(pasi jo t\u00eb gjitha rezultatet jan\u00eb n\u00eb p\u00ebrmbushje t\u00eb objektivit dhe nj\u00eb pjes\u00eb jan\u00eb m\u00eb t\u00eb p\u00ebrshtatshme p\u00ebr Objektivin 1.3). Vler\u00ebsojm\u00eb se \u00ebsht\u00eb e nevojshme q\u00eb ky objektiv t\u00eb plot\u00ebsohet me masa shtes\u00eb q\u00eb p\u00ebrmbushin rezultatet e parashikuara si t\u00eb pritshme n\u00eb kuad\u00ebr t\u00eb k\u00ebtij objektivi. N\u00eb vijim t\u00eb tyre do t\u00eb identifikoheshin qart\u00eb dhe indikator\u00ebt. Po ashtu, e r\u00ebnd\u00ebsishtme n\u00eb lidhje me k\u00ebt\u00eb objektiv \u00ebsht\u00eb q\u00eb n\u00eb t\u00eb t\u00eb p\u00ebrfshihen vet\u00ebm\u00a0 Rezultate dhe Masa q\u00eb i referohen gjyq\u00ebsorit dhe jo organeve t\u00eb qeverisjes s\u00eb tij, t\u00eb cilat trajtohen n\u00eb objektivat e Q\u00ebllimit t\u00eb Politik\u00ebs 1 apo koordinimit mes institucioneve t\u00eb drejt\u00ebsis\u00eb q\u00eb trajtohen n\u00ebobjektivat e Q\u00ebllimit t\u00eb Politik\u00ebs 4. <\/em>[\/vc_column_text][\/vc_column][\/vc_row][vc_row][vc_column icons_position=&#8221;left&#8221;][vc_separator][\/vc_column][\/vc_row]<\/p>\n","protected":false},"excerpt":{"rendered":"<p>[vc_row][vc_column hide_bg_image_on_tablet=&#8221;&#8221; hide_bg_image_on_mobile=&#8221;&#8221; icons_position=&#8221;left&#8221; css=&#8221;.vc_custom_1509966252982{margin-top: -0.4rem !important;}&#8221;][vc_column_text] Objektivi specifik 2.4 \u201cP\u00ebrmir\u00ebsimi i sistemit gjyq\u00ebsor me q\u00ebllim rritjen e efektivitetit dhe efikasitetit t\u00eb t\u00eb gjitha niveleve t\u00eb sistemit gjyq\u00ebsor, duke p\u00ebrfshir\u00eb GJL-n\u00eb dhe sigurimi i ofrimit t\u00eb drejt\u00ebsis\u00eb transparente, pa vonesa dhe t\u00eb aksesueshme p\u00ebr qytetar\u00ebt. (Sh\u00ebnim: Aktivitetet q\u00eb kan\u00eb t\u00eb b\u00ebjn\u00eb me KLGJ si autoritet qeveris\u00ebs n\u00eb drejt\u00ebsi jan\u00eb integruar&hellip;<\/p>\n","protected":false},"author":1,"featured_media":0,"parent":3260,"menu_order":0,"comment_status":"closed","ping_status":"closed","template":"","meta":{"footnotes":""},"class_list":["post-3308","page","type-page","status-publish","hentry"],"_links":{"self":[{"href":"https:\/\/ipls.org\/projekte\/alleyesonjustice\/wp-json\/wp\/v2\/pages\/3308","targetHints":{"allow":["GET"]}}],"collection":[{"href":"https:\/\/ipls.org\/projekte\/alleyesonjustice\/wp-json\/wp\/v2\/pages"}],"about":[{"href":"https:\/\/ipls.org\/projekte\/alleyesonjustice\/wp-json\/wp\/v2\/types\/page"}],"author":[{"embeddable":true,"href":"https:\/\/ipls.org\/projekte\/alleyesonjustice\/wp-json\/wp\/v2\/users\/1"}],"replies":[{"embeddable":true,"href":"https:\/\/ipls.org\/projekte\/alleyesonjustice\/wp-json\/wp\/v2\/comments?post=3308"}],"version-history":[{"count":3,"href":"https:\/\/ipls.org\/projekte\/alleyesonjustice\/wp-json\/wp\/v2\/pages\/3308\/revisions"}],"predecessor-version":[{"id":3312,"href":"https:\/\/ipls.org\/projekte\/alleyesonjustice\/wp-json\/wp\/v2\/pages\/3308\/revisions\/3312"}],"up":[{"embeddable":true,"href":"https:\/\/ipls.org\/projekte\/alleyesonjustice\/wp-json\/wp\/v2\/pages\/3260"}],"wp:attachment":[{"href":"https:\/\/ipls.org\/projekte\/alleyesonjustice\/wp-json\/wp\/v2\/media?parent=3308"}],"curies":[{"name":"wp","href":"https:\/\/api.w.org\/{rel}","templated":true}]}}