{"id":3313,"date":"2022-02-17T22:11:48","date_gmt":"2022-02-17T22:11:48","guid":{"rendered":"http:\/\/ipls.org\/projekte\/alleyesonjustice\/?page_id=3313"},"modified":"2022-02-17T22:11:48","modified_gmt":"2022-02-17T22:11:48","slug":"rezultati-2-4-1","status":"publish","type":"page","link":"https:\/\/ipls.org\/projekte\/alleyesonjustice\/qellimi-i-politikes-2\/objektivi-specifik-2-4\/rezultati-2-4-1\/","title":{"rendered":"Rezultati 2.4.1"},"content":{"rendered":"<p>[vc_row][vc_column hide_bg_image_on_tablet=&#8221;&#8221; hide_bg_image_on_mobile=&#8221;&#8221; icons_position=&#8221;left&#8221; css=&#8221;.vc_custom_1509966252982{margin-top: -0.4rem !important;}&#8221;][vc_column_text]<\/p>\n<h2><a name=\"_Toc77083928\"><\/a><a name=\"_Toc77151005\"><\/a><strong>Rezultati 2.4.1<\/strong><\/h2>\n<p>\u201c<em>P\u00ebrshpejtimi i Reform\u00ebs n\u00eb Sistemin e Drejt\u00ebsis\u00eb, p\u00ebrfshir\u00eb p\u00ebrmir\u00ebsimin e infrastruktur\u00ebs gjyq\u00ebsore dhe plot\u00ebsimin me personel sa m\u00eb shpejt q\u00eb \u00ebsht\u00eb e mundur<\/em><em>, duke ruajtur fokusin n\u00eb cil\u00ebsin\u00eb e sh\u00ebrbimit. Kjo fush\u00eb p\u00ebrfshin sigurimin e funksionimit optimal t\u00eb Gjykat\u00ebs s\u00eb Lart\u00eb dhe GJKKO<\/em>.\u201d<\/p>\n<p>Nj\u00eb rezultat i pritsh\u00ebm n\u00eb p\u00ebrmbushje t\u00eb Objektivit 2.4 \u00ebsht\u00eb nj\u00eb sistem gjyq\u00ebsor efektiv dhe eficient, i cili performon sipas standardeve m\u00eb t\u00eb larta t\u00eb cil\u00ebsis\u00eb. Dhe n\u00eb k\u00ebt\u00eb linj\u00eb, n\u00eb p\u00ebrputhje me nevojat aktuale t\u00eb sistemit, i cili performon me nj\u00eb num\u00ebr t\u00eb kufizuar gjyqtar\u00ebsh, nj\u00eb rezultat i pritsh\u00ebm, parakusht i eficienc\u00ebs, \u00ebsht\u00eb funksionimi optimal i gjyq\u00ebsorit, n\u00eb t\u00eb gjitha shkall\u00ebt e tij. Kjo, duke filluar me gjykatat q\u00eb nuk kan\u00eb qen\u00eb funksionale dhe jan\u00eb aktualisht t\u00eb paplot\u00ebsuara me staf (Gjykata e Lart\u00eb dhe GJKKO) e deri tek gjykatat e dy shkall\u00ebve t\u00eb para t\u00eb cilat dit\u00eb pas dite, si rezultat i avancimit t\u00eb procesit t\u00eb Vetting-ut, po shtojn\u00eb vakancat.<\/p>\n<p>Prandaj, n\u00eb k\u00ebt\u00eb aspekt, me q\u00ebllim arritjen e efikasitetit dhe eficenc\u00ebs s\u00eb synuar t\u00eb Objektivit 2.4, rezultat i masave q\u00eb duhet t\u00eb nd\u00ebrmerren duhet t\u00eb jen\u00eb gjykata funksionale me personel gjyq\u00ebsor dhe administrativ, t\u00eb nevojsh\u00ebm, i cili duhet t\u00eb reflektoj\u00eb standardet europiane p\u00ebr raportet e personelit me numrin e popullsis\u00eb, si dhe t\u00eb operoj\u00eb sipas standardeve m\u00eb t\u00eb mira t\u00eb menaxhimit t\u00eb burimeve njer\u00ebzore.<\/p>\n<p>Ky rezultat \u00ebsht\u00eb n\u00eb vijim\u00ebsi t\u00eb rezultateve t\u00eb pritshme nga masat e parashikuara n\u00eb kuad\u00ebr t\u00eb Planit Strategjik t\u00eb KLGJ-s\u00eb p\u00ebr vitet 2019-2020. N\u00eb k\u00ebt\u00eb aspekt, masat p\u00ebr arritjen e tij, t\u00eb parashikuara n\u00eb SND II, duhet t\u00eb reflektojn\u00eb dhe t\u00eb jen\u00eb t\u00eb koordinuara me masat q\u00eb KLGJ do t\u00eb parashikoj\u00eb p\u00ebr arritjen e eficienc\u00ebs n\u00eb gjyq\u00ebsor n\u00eb Planin Strategjik p\u00ebr vitet n\u00eb vijim, i cili \u00ebsht\u00eb duke u hartuar.<\/p>\n<p>Sa i takon formulimit, Rezultati 2.4.1 duhet t\u00eb rishikohet n\u00eb t\u00ebr\u00ebsin\u00eb e tij. S\u00eb pari, duke vendosur qart\u00eb rezultatin e pritsh\u00ebm dhe duke shmangur formulime q\u00eb p\u00ebrb\u00ebjn\u00eb masa q\u00eb \u00e7ojn\u00eb n\u00eb arritjen e tij. Nd\u00ebrkoh\u00eb q\u00eb \u201cp\u00ebrshpejtimi i Reform\u00ebs\u201d p\u00ebrb\u00ebn m\u00eb tep\u00ebr nj\u00eb objektiv sesa rezultat, dhe \u201cp\u00ebrmir\u00ebsimi i infrastruktur\u00ebs apo plot\u00ebsimi me personel\u201d, jan\u00eb masa t\u00eb cilat si rezultat sjellin funksionimin optimal t\u00eb sistemit gjy\u00ebsor, si n\u00eb lidhje me burimet njer\u00ebzore ashtu dhe me infrastruktur\u00ebn. Gjithashtu, duke qen\u00eb se plot\u00ebsimi me personel dhe menaxhimi i burimeve njer\u00ebzore jan\u00eb procese t\u00eb nd\u00ebrthurura, sidomos n\u00eb faz\u00ebn kur prurjet nga Shkolla e Magjistratur\u00ebs jan\u00eb t\u00eb limituara, mund t\u00eb shihet mund\u00ebsia q\u00eb Rezultatet 2.4.1 dhe 2.4.2 t\u00eb shkrihen me nj\u00ebri-tjetrin. Sigurisht masat n\u00eb arritjen e tyre do t\u00eb reflektojn\u00eb secilin proces.<\/p>\n<p>S\u00eb dyti, me q\u00ebllim q\u00eb t\u00eb jet\u00eb realist, Rezultati 2.4.1 duhet t\u00eb plot\u00ebsohet m\u00eb tej me masa q\u00eb lidhen me p\u00ebrmir\u00ebsimin e infrastruktur\u00ebs s\u00eb gjykatave, duke u nd\u00ebrlidhur k\u00ebtu edhe me masat p\u00ebr sistemet e teknologjis\u00eb s\u00eb informacionit (t\u00eb parashikuara n\u00eb Objektivin 4.1), si dhe masa q\u00eb sjellin plot\u00ebsimin me personel.<\/p>\n<p>S\u00eb treti, Rezultati duhet t\u00eb sakt\u00ebsohet n\u00eb m\u00ebnyr\u00eb q\u00eb t\u00eb jet\u00eb m\u00eb i matsh\u00ebm dhe i monitoruesh\u00ebm. Shpeshher\u00eb, gjat\u00eb zbatimit t\u00eb SND I jan\u00eb ndeshur paqart\u00ebsi, t\u00eb cilat jan\u00eb reflektuar n\u00eb mos-identifikim t\u00eb institucionit p\u00ebrgjegj\u00ebs p\u00ebr monitorimin. P\u00ebr k\u00ebt\u00eb arsye, rezultatet duhet t\u00eb hartohen duke p\u00ebrdorur gjuh\u00eb t\u00eb qart\u00eb dhe t\u00eb thjesht\u00eb, n\u00eb m\u00ebnyr\u00eb q\u00eb t\u00eb jen\u00eb sa m\u00eb t\u00eb matshme gjat\u00eb zbatimit dhe monitorimit t\u00eb Strategjis\u00eb. N\u00eb k\u00ebt\u00eb aspekt, nj\u00eb tregues p\u00ebr matjen e rezultatit t\u00eb t\u00eb pasurit gjykata funksionale me personel t\u00eb mjaftuesh\u00ebm, n\u00eb gjendjen aktuale t\u00eb sistemit (me nj\u00eb num\u00ebr t\u00eb konsideruesh\u00ebm \u00e7\u00ebshtjesh t\u00eb mbartura), mund t\u00eb jet\u00eb : <em>\u201c numri mesatar i \u00e7\u00ebshtjeve p\u00ebr gjyqtar p\u00ebrgjat\u00eb nj\u00eb viti\u201d,\u00a0 apo \u201cp\u00ebrqindja e numrit t\u00eb rasteve t\u00eb zgjidhura n\u00eb raport me rastet e reja brenda nj\u00eb periudhe kohore\u201d.\u00a0\u00a0\u00a0\u00a0\u00a0\u00a0 <\/em><\/p>\n<p><strong><em>\u00a0<\/em><\/strong><\/p>\n<p><strong><em>Konkluzion<\/em><\/strong><em>: Rezultati i m\u00ebsip\u00ebrm duhet t\u00eb rishikohet n\u00eb t\u00ebr\u00ebsi. Ai duhet t\u00eb riformulohet n\u00eb p\u00ebrputhje me Objektivin 2.4, si dhe me natyr\u00ebn e nj\u00eb rezultati (duke shmangur formulime q\u00eb p\u00ebrkojn\u00eb me natyr\u00ebn e masave apo objektivave). Gjithashtu duhet t\u00eb plot\u00ebsohet me indikator\u00eb t\u00eb cil\u00ebt jan\u00eb t\u00eb matsh\u00ebm dhe t\u00ebmonitoruesh\u00ebm. N\u00eb k\u00ebt\u00eb aspektsugjerojm\u00eb p\u00ebrfshirjen si indikator \u201cnumri mesatar i \u00e7\u00ebshtjeve p\u00ebr gjyqtar p\u00ebrgjat\u00eb nj\u00eb viti\u201d, apo \u201cp\u00ebrqindja e numrit t\u00eb rasteve t\u00eb zgjidhura n\u00eb raport me rastet e reja brenda nj\u00eb periudhe kohore\u201d.\u00a0\u00a0\u00a0\u00a0\u00a0\u00a0 <\/em>[\/vc_column_text][\/vc_column][\/vc_row][vc_row][vc_column icons_position=&#8221;left&#8221;][vc_separator][\/vc_column][\/vc_row]<\/p>\n","protected":false},"excerpt":{"rendered":"<p>[vc_row][vc_column hide_bg_image_on_tablet=&#8221;&#8221; hide_bg_image_on_mobile=&#8221;&#8221; icons_position=&#8221;left&#8221; css=&#8221;.vc_custom_1509966252982{margin-top: -0.4rem !important;}&#8221;][vc_column_text] Rezultati 2.4.1 \u201cP\u00ebrshpejtimi i Reform\u00ebs n\u00eb Sistemin e Drejt\u00ebsis\u00eb, p\u00ebrfshir\u00eb p\u00ebrmir\u00ebsimin e infrastruktur\u00ebs gjyq\u00ebsore dhe plot\u00ebsimin me personel sa m\u00eb shpejt q\u00eb \u00ebsht\u00eb e mundur, duke ruajtur fokusin n\u00eb cil\u00ebsin\u00eb e sh\u00ebrbimit. Kjo fush\u00eb p\u00ebrfshin sigurimin e funksionimit optimal t\u00eb Gjykat\u00ebs s\u00eb Lart\u00eb dhe GJKKO.\u201d Nj\u00eb rezultat i pritsh\u00ebm n\u00eb p\u00ebrmbushje t\u00eb Objektivit&hellip;<\/p>\n","protected":false},"author":1,"featured_media":0,"parent":3308,"menu_order":0,"comment_status":"closed","ping_status":"closed","template":"","meta":{"footnotes":""},"class_list":["post-3313","page","type-page","status-publish","hentry"],"_links":{"self":[{"href":"https:\/\/ipls.org\/projekte\/alleyesonjustice\/wp-json\/wp\/v2\/pages\/3313","targetHints":{"allow":["GET"]}}],"collection":[{"href":"https:\/\/ipls.org\/projekte\/alleyesonjustice\/wp-json\/wp\/v2\/pages"}],"about":[{"href":"https:\/\/ipls.org\/projekte\/alleyesonjustice\/wp-json\/wp\/v2\/types\/page"}],"author":[{"embeddable":true,"href":"https:\/\/ipls.org\/projekte\/alleyesonjustice\/wp-json\/wp\/v2\/users\/1"}],"replies":[{"embeddable":true,"href":"https:\/\/ipls.org\/projekte\/alleyesonjustice\/wp-json\/wp\/v2\/comments?post=3313"}],"version-history":[{"count":1,"href":"https:\/\/ipls.org\/projekte\/alleyesonjustice\/wp-json\/wp\/v2\/pages\/3313\/revisions"}],"predecessor-version":[{"id":3314,"href":"https:\/\/ipls.org\/projekte\/alleyesonjustice\/wp-json\/wp\/v2\/pages\/3313\/revisions\/3314"}],"up":[{"embeddable":true,"href":"https:\/\/ipls.org\/projekte\/alleyesonjustice\/wp-json\/wp\/v2\/pages\/3308"}],"wp:attachment":[{"href":"https:\/\/ipls.org\/projekte\/alleyesonjustice\/wp-json\/wp\/v2\/media?parent=3313"}],"curies":[{"name":"wp","href":"https:\/\/api.w.org\/{rel}","templated":true}]}}