{"id":3316,"date":"2022-02-17T22:14:04","date_gmt":"2022-02-17T22:14:04","guid":{"rendered":"http:\/\/ipls.org\/projekte\/alleyesonjustice\/?page_id=3316"},"modified":"2022-02-17T22:14:04","modified_gmt":"2022-02-17T22:14:04","slug":"rezultati-2-4-2","status":"publish","type":"page","link":"https:\/\/ipls.org\/projekte\/alleyesonjustice\/qellimi-i-politikes-2\/objektivi-specifik-2-4\/rezultati-2-4-2\/","title":{"rendered":"Rezultati 2.4.2"},"content":{"rendered":"<p>[vc_row][vc_column hide_bg_image_on_tablet=&#8221;&#8221; hide_bg_image_on_mobile=&#8221;&#8221; icons_position=&#8221;left&#8221; css=&#8221;.vc_custom_1509966252982{margin-top: -0.4rem !important;}&#8221;][vc_column_text]<\/p>\n<h2><a name=\"_Toc77083928\"><\/a><a name=\"_Toc77151005\"><\/a><strong>Rezultati 2.4.2 <\/strong><\/h2>\n<p><em>\u201cVendosja dhe Zbatimi i Standardeve p\u00ebr Ekselenc\u00eb Gjyq\u00ebsore p\u00ebr zbatimin e praktikave m\u00eb t\u00eb mira t\u00eb manaxhimit t\u00eb burimeve njer\u00ebzore n\u00eb t\u00eb gjith\u00eb nivelet e gjyq\u00ebsorit, duke u fokusuar n\u00eb standarde p\u00ebr t\u00eb siguruar ekselenc\u00eb gjyq\u00ebsore.\u201d<\/em><\/p>\n<p>Ky rezultat lidhet me konceptin e eficienc\u00ebs n\u00eb menaxhimin e burimeve njer\u00ebzore. Efi\u00e7enca e nj\u00eb sistemi \u00ebsht\u00eb e lidhur n\u00eb m\u00ebnyr\u00eb t\u00eb pandashme me kostot. Nj\u00eb sistem, p\u00ebrfshir\u00eb k\u00ebtu dhe gjyq\u00ebsorin, konsiderohet se rrit eficenc\u00ebn e vet, n\u00ebse me t\u00eb nj\u00ebjtat burime, t\u00eb menaxhuara si duhet, jep rezultat m\u00eb t\u00eb lart\u00eb ose ruan eficenc\u00ebn edhe me m\u00eb pak burime njer\u00ebzore.<\/p>\n<p>N\u00eb funksion t\u00ebObjektivit 2.4 q\u00eb synon nj\u00eb gjyq\u00ebsor efektiv dhe efikas, rezultat i pritsh\u00ebm do t\u00eb jet\u00eb nj\u00eb sistem q\u00eb menaxhon n\u00eb m\u00ebnyr\u00eb efikase dhe eficiente burimet e t\u00eb gjitha natyrave, p\u00ebrfshi k\u00ebtu dhe ato njer\u00ebzore. N\u00eb k\u00ebt\u00eb aspekt Rezultati 2.4.2 p\u00ebrputhet me Objektivin 2.4.<\/p>\n<p>Ky rezultat \u00ebsht\u00eb gjithashtu aktual. Vakancat q\u00eb sjell n\u00eb organik\u00ebn e gjykatave aplikimi i procesit t\u00eb Vetingut, dhe prurjet e kufizuara nga Shkolla e Magjistratur\u00ebs, t\u00eb pakt\u00ebn p\u00ebr vitet ku do shtrij\u00eb aplikimin SND II, k\u00ebrkojn\u00eb detyrimisht nj\u00eb menaxhim eficient t\u00eb burimet njer\u00ebzore.\u00a0\u00a0 N\u00eb k\u00ebt\u00eb aspekt nj\u00eb rialokim optimal dhe i p\u00ebrshtatsh\u00ebm i burimeve njer\u00ebzore, brenda sistemit gjyq\u00ebsor, do t\u2019a b\u00ebnte sistemin gjyq\u00ebsor m\u00eb eficient.<\/p>\n<p>Megjith\u00ebse \u201c<em>Sigurimi i burimeve t\u00eb p\u00ebrshtatshme p\u00ebr zbatimin e reformave t\u00eb pushtetit gjyq\u00ebsor, p\u00ebrfshir\u00eb infrastruktur\u00ebn dhe personelin gjyq\u00ebsor<\/em>\u201d dhe \u201c<em>miratimi i hart\u00ebs gjyq\u00ebsore<\/em>\u201d ishte nj\u00eb nd\u00ebr objektivat kryesore t\u00eb Planit Strategjik t\u00eb KLGj-s\u00eb p\u00ebr vitet 2019-2020, ai mbetet ende i paplot\u00ebsuar.<\/p>\n<p>Rezultati n\u00eb vetvete nuk p\u00ebrmbush n\u00eb t\u00ebr\u00ebsi dhe i vet\u00ebm objektivin p\u00ebr eficienc\u00ebn, por \u00ebsht\u00eb nj\u00eb prej rezultateve q\u00eb detyrimisht vjen n\u00eb p\u00ebrmbushje t\u00eb tij dhe q\u00eb synon menaxhim t\u00eb burimeve njer\u00ebzore, n\u00eb t\u00eb gjitha nivelet e gjyq\u00ebsorit, n\u00eb p\u00ebrputhje me standardet evropiane t\u00eb fush\u00ebs. Ky rezultat mund t\u00eb shkrihet m\u00eb rezultatin e par\u00eb, pasi plot\u00ebsimi i personelit s\u00eb bashku me menaxhimin optimal t\u00eb burimeve nj\u00ebrzore sjellin nj\u00ebsistem funksional dhe eficient.<\/p>\n<p>P\u00ebr matjen e k\u00ebtij rezultati do t\u00eb sh\u00ebrbejn\u00eb indikator\u00ebt q\u00eb matin n\u00eb t\u00ebr\u00ebsin\u00eb e tyre eficenc\u00ebn e gjyq\u00ebsorit, indikator\u00ebt e propozuar n\u00eb Rezultatin 2.4.1, si dhe <em>\u201cnumri i stafit administrativ t\u00eb gjykat\u00ebs p\u00ebr nj\u00eb gjyqtar\u201d,<\/em>i cili, krahasuar me mesataren evropiane t\u00eb p\u00ebrpunuar nga CEPEJ, do t\u00eb na jepte t\u00eb dh\u00ebna mbi zbatimin e praktikave m\u00eb t\u00eb mira evropiane.<\/p>\n<p><strong><em>Konkluzion<\/em><\/strong><em>:<\/em><em>Ky rezultat \u00ebsht\u00eb n\u00eb p\u00ebrputhje me Objektivin 2.4. Ai i p\u00ebrgjigjet nevojave aktuale t\u00eb sistemit dhe \u00ebsht\u00eb realist. Sugjerojm\u00eb q\u00eb t\u00eb shkrihet me rezultatin 2.4.1.\u00a0 P\u00ebrvec indikator\u00ebve t\u00eb propozuar p\u00ebr Rezultatin 2.4.1, sugjerojm\u00eb t\u00eb shtohet dhe <\/em><em>\u201cnumri i stafit administrativ t\u00eb gjykat\u00ebs p\u00ebr nj\u00eb gjyqtar\u201d.<\/em>[\/vc_column_text][\/vc_column][\/vc_row][vc_row][vc_column icons_position=&#8221;left&#8221;][vc_separator][\/vc_column][\/vc_row]<\/p>\n","protected":false},"excerpt":{"rendered":"<p>[vc_row][vc_column hide_bg_image_on_tablet=&#8221;&#8221; hide_bg_image_on_mobile=&#8221;&#8221; icons_position=&#8221;left&#8221; css=&#8221;.vc_custom_1509966252982{margin-top: -0.4rem !important;}&#8221;][vc_column_text] Rezultati 2.4.2 \u201cVendosja dhe Zbatimi i Standardeve p\u00ebr Ekselenc\u00eb Gjyq\u00ebsore p\u00ebr zbatimin e praktikave m\u00eb t\u00eb mira t\u00eb manaxhimit t\u00eb burimeve njer\u00ebzore n\u00eb t\u00eb gjith\u00eb nivelet e gjyq\u00ebsorit, duke u fokusuar n\u00eb standarde p\u00ebr t\u00eb siguruar ekselenc\u00eb gjyq\u00ebsore.\u201d Ky rezultat lidhet me konceptin e eficienc\u00ebs n\u00eb menaxhimin e burimeve njer\u00ebzore. Efi\u00e7enca e nj\u00eb&hellip;<\/p>\n","protected":false},"author":1,"featured_media":0,"parent":3308,"menu_order":0,"comment_status":"closed","ping_status":"closed","template":"","meta":{"footnotes":""},"class_list":["post-3316","page","type-page","status-publish","hentry"],"_links":{"self":[{"href":"https:\/\/ipls.org\/projekte\/alleyesonjustice\/wp-json\/wp\/v2\/pages\/3316","targetHints":{"allow":["GET"]}}],"collection":[{"href":"https:\/\/ipls.org\/projekte\/alleyesonjustice\/wp-json\/wp\/v2\/pages"}],"about":[{"href":"https:\/\/ipls.org\/projekte\/alleyesonjustice\/wp-json\/wp\/v2\/types\/page"}],"author":[{"embeddable":true,"href":"https:\/\/ipls.org\/projekte\/alleyesonjustice\/wp-json\/wp\/v2\/users\/1"}],"replies":[{"embeddable":true,"href":"https:\/\/ipls.org\/projekte\/alleyesonjustice\/wp-json\/wp\/v2\/comments?post=3316"}],"version-history":[{"count":1,"href":"https:\/\/ipls.org\/projekte\/alleyesonjustice\/wp-json\/wp\/v2\/pages\/3316\/revisions"}],"predecessor-version":[{"id":3317,"href":"https:\/\/ipls.org\/projekte\/alleyesonjustice\/wp-json\/wp\/v2\/pages\/3316\/revisions\/3317"}],"up":[{"embeddable":true,"href":"https:\/\/ipls.org\/projekte\/alleyesonjustice\/wp-json\/wp\/v2\/pages\/3308"}],"wp:attachment":[{"href":"https:\/\/ipls.org\/projekte\/alleyesonjustice\/wp-json\/wp\/v2\/media?parent=3316"}],"curies":[{"name":"wp","href":"https:\/\/api.w.org\/{rel}","templated":true}]}}