{"id":3328,"date":"2022-02-17T22:32:18","date_gmt":"2022-02-17T22:32:18","guid":{"rendered":"http:\/\/ipls.org\/projekte\/alleyesonjustice\/?page_id=3328"},"modified":"2022-02-17T22:32:18","modified_gmt":"2022-02-17T22:32:18","slug":"masa-2-4-8","status":"publish","type":"page","link":"https:\/\/ipls.org\/projekte\/alleyesonjustice\/qellimi-i-politikes-2\/objektivi-specifik-2-4\/masa-2-4-8\/","title":{"rendered":"Masa 2.4.8"},"content":{"rendered":"<p>[vc_row][vc_column hide_bg_image_on_tablet=&#8221;&#8221; hide_bg_image_on_mobile=&#8221;&#8221; icons_position=&#8221;left&#8221; css=&#8221;.vc_custom_1509966252982{margin-top: -0.4rem !important;}&#8221;][vc_column_text]<\/p>\n<h2><a name=\"_Toc77083928\"><\/a><a name=\"_Toc77151005\"><\/a><strong>Masa 2.4.8 <\/strong><\/h2>\n<p><em>\u201cKrijimi i infrastruktur\u00ebs p\u00ebr t\u00eb ngritur nj\u00eb nj\u00ebsi p\u00ebr pritje t\u00eb publikut pran\u00eb ILD-s\u00eb\u201d.<\/em><\/p>\n<p>Kjo mas\u00eb \u00ebsht\u00eb hartuar n\u00eb funksion t\u00eb realizimit t\u00eb rezultateve q\u00eb kan\u00eb t\u00eb b\u00ebjn\u00eb me krijimin e nj\u00eb zyre p\u00ebr informimin e publikut pran\u00eb ILD-s\u00eb. Kjo mas\u00eb p\u00ebrmban element\u00eb q\u00eb pothuajse \u00e7do institucion i sistemit t\u00eb drejt\u00ebsis\u00eb i ka n\u00eb struktur\u00ebn e vet, pasi kan\u00eb t\u00eb b\u00ebjn\u00eb me ushtrimin e mir\u00ebfillt\u00eb t\u00eb kompetencave q\u00eb ligji u ka dh\u00ebn\u00eb.<\/p>\n<p>Masa nuk vjen n\u00eb koherenc\u00eb me Objektivin 2.4. Nj\u00eb mas\u00eb e till\u00eb m\u00eb tep\u00ebr i sh\u00ebrben transparenc\u00ebs s\u00eb ILD-s\u00eb dhe aksesit t\u00eb qytetar\u00ebve tek ky institucion, me q\u00ebllim bashk\u00ebpunimin e tyre n\u00eb funksion t\u00eb rritjes s\u00eb\u00a0 llogaridh\u00ebnies s\u00eb gjyq\u00ebsorit.<\/p>\n<p>S\u00eb dyti, masa lidhet ngusht\u00ebsisht me konsolidimin e institucionit. Ajo \u00ebsht\u00eb parashikuar si e till\u00eb n\u00eb vet\u00eb Planin Strategjik p\u00ebr Zyr\u00ebn e Inspektorit t\u00eb Lart\u00eb t\u00eb Drejt\u00ebsis\u00eb 2020-2022, si aktivitet p\u00ebr realizimin e Objektivit Strategjik 4:<em>Rritja e transparenc\u00ebs dhe aksesit t\u00eb publikut n\u00eb veprimtarin\u00eb e Zyr\u00ebs s\u00eb Inspektorit t\u00eb lart\u00eb t\u00eb Drejt\u00ebsis\u00eb<\/em>, me afat realizimi muajin mars 2021. N\u00eb k\u00ebt\u00eb aspekt, mendojm\u00eb se masa nuk \u00ebsht\u00eb aktuale apo realiste.<\/p>\n<p><strong><em>Konkluzion<\/em><\/strong><em>: Masa nuk i p\u00ebrgjigjet Objektivit 2.4. Ajo nuk \u00ebsht\u00eb e nevoshme p\u00ebr t\u2019u p\u00ebrfshir\u00eb n\u00eb nivelin e Strategjis\u00eb Nd\u00ebrsektoriale (pra Strategjis\u00eb ombrell\u00eb), sa koh\u00eb gjendet\u00a0 me afat t\u00eb shkurt\u00ebr (mars 2021)\u00a0 n\u00eb strategjin\u00eb e vet\u00eb institucionit. <\/em>[\/vc_column_text][\/vc_column][\/vc_row][vc_row][vc_column icons_position=&#8221;left&#8221;][vc_separator][\/vc_column][\/vc_row]<\/p>\n","protected":false},"excerpt":{"rendered":"<p>[vc_row][vc_column hide_bg_image_on_tablet=&#8221;&#8221; hide_bg_image_on_mobile=&#8221;&#8221; icons_position=&#8221;left&#8221; css=&#8221;.vc_custom_1509966252982{margin-top: -0.4rem !important;}&#8221;][vc_column_text] Masa 2.4.8 \u201cKrijimi i infrastruktur\u00ebs p\u00ebr t\u00eb ngritur nj\u00eb nj\u00ebsi p\u00ebr pritje t\u00eb publikut pran\u00eb ILD-s\u00eb\u201d. Kjo mas\u00eb \u00ebsht\u00eb hartuar n\u00eb funksion t\u00eb realizimit t\u00eb rezultateve q\u00eb kan\u00eb t\u00eb b\u00ebjn\u00eb me krijimin e nj\u00eb zyre p\u00ebr informimin e publikut pran\u00eb ILD-s\u00eb. Kjo mas\u00eb p\u00ebrmban element\u00eb q\u00eb pothuajse \u00e7do institucion i sistemit t\u00eb drejt\u00ebsis\u00eb&hellip;<\/p>\n","protected":false},"author":1,"featured_media":0,"parent":3308,"menu_order":0,"comment_status":"closed","ping_status":"closed","template":"","meta":{"footnotes":""},"class_list":["post-3328","page","type-page","status-publish","hentry"],"_links":{"self":[{"href":"https:\/\/ipls.org\/projekte\/alleyesonjustice\/wp-json\/wp\/v2\/pages\/3328","targetHints":{"allow":["GET"]}}],"collection":[{"href":"https:\/\/ipls.org\/projekte\/alleyesonjustice\/wp-json\/wp\/v2\/pages"}],"about":[{"href":"https:\/\/ipls.org\/projekte\/alleyesonjustice\/wp-json\/wp\/v2\/types\/page"}],"author":[{"embeddable":true,"href":"https:\/\/ipls.org\/projekte\/alleyesonjustice\/wp-json\/wp\/v2\/users\/1"}],"replies":[{"embeddable":true,"href":"https:\/\/ipls.org\/projekte\/alleyesonjustice\/wp-json\/wp\/v2\/comments?post=3328"}],"version-history":[{"count":1,"href":"https:\/\/ipls.org\/projekte\/alleyesonjustice\/wp-json\/wp\/v2\/pages\/3328\/revisions"}],"predecessor-version":[{"id":3329,"href":"https:\/\/ipls.org\/projekte\/alleyesonjustice\/wp-json\/wp\/v2\/pages\/3328\/revisions\/3329"}],"up":[{"embeddable":true,"href":"https:\/\/ipls.org\/projekte\/alleyesonjustice\/wp-json\/wp\/v2\/pages\/3308"}],"wp:attachment":[{"href":"https:\/\/ipls.org\/projekte\/alleyesonjustice\/wp-json\/wp\/v2\/media?parent=3328"}],"curies":[{"name":"wp","href":"https:\/\/api.w.org\/{rel}","templated":true}]}}