{"id":3331,"date":"2022-02-17T22:33:24","date_gmt":"2022-02-17T22:33:24","guid":{"rendered":"http:\/\/ipls.org\/projekte\/alleyesonjustice\/?page_id=3331"},"modified":"2022-02-17T22:33:24","modified_gmt":"2022-02-17T22:33:24","slug":"masa-2-4-9","status":"publish","type":"page","link":"https:\/\/ipls.org\/projekte\/alleyesonjustice\/qellimi-i-politikes-2\/objektivi-specifik-2-4\/masa-2-4-9\/","title":{"rendered":"Masa 2.4.9"},"content":{"rendered":"<p>[vc_row][vc_column hide_bg_image_on_tablet=&#8221;&#8221; hide_bg_image_on_mobile=&#8221;&#8221; icons_position=&#8221;left&#8221; css=&#8221;.vc_custom_1509966252982{margin-top: -0.4rem !important;}&#8221;][vc_column_text]<\/p>\n<h2><a name=\"_Toc77083928\"><\/a><a name=\"_Toc77151005\"><\/a><strong>Masa 2.4.9 <\/strong><\/h2>\n<p><em>\u201cNgritja e kapaciteteve t\u00eb ILD p\u00ebr ofrimin e ndihm\u00ebs\/k\u00ebshillime me publikun p\u00ebr plot\u00ebsimin e formularit t\u00eb ankesave\u201d.<\/em><\/p>\n<p>Kjo mas\u00eb duket sikur plot\u00ebson Mas\u00ebn 2.4.8 pasi ka t\u00eb b\u00ebj\u00eb me ngritjen e kapaciteteve t\u00eb ILD-s\u00eb p\u00ebr ofrimin e sh\u00ebrbimeve p\u00ebr publikun me q\u00ebllim qasjen e k\u00ebtij t\u00eb fundit p\u00ebr sinjalizimin e shkeljeve disipinore nga ana e gjyqtar\u00ebve. Ofrimi i asistenc\u00ebs p\u00ebr plot\u00ebsimin e formularit ndihmon n\u00eb suksesin e nj\u00eb procedimi disiplinor dhe n\u00eb rritjen e vet\u00ebdijes s\u00eb qytetar\u00ebve p\u00ebr t\u00eb drejtat e tyre, p\u00ebr sjelljet\/veprimet\/mosveprimet q\u00eb mund t\u00eb p\u00ebrb\u00ebjn\u00eb shkelje, si dhe m\u00ebnyr\u00ebn se si t\u2019i parashtrojn\u00eb ato n\u00eb m\u00ebnyr\u00eb bind\u00ebse.<\/p>\n<p>Megjithat\u00eb, ashtu sic ushpreh\u00ebm edhe p\u00ebr mas\u00ebn e m\u00ebsip\u00ebrme,\u00a0 dy masat s\u00eb bashku (Masa 2.4.9 dhe 2.4.8), lidhen me fuqizimin\u00a0 kapaciteteve t\u00eb institucionit t\u00eb ILD-s\u00eb n\u00ebfunksion t\u00ebllogaridh\u00ebniess\u00eb gjyq\u00ebsorit, duke rritur gjithashtu transparenc\u00ebn dhe aksesin e publikut n\u00eb k\u00ebt\u00eb institucion. N\u00eb k\u00ebt\u00eb aspekt mendojm\u00eb se kjo mas\u00eb nuk i p\u00ebrgjigjet Objektivit 2.4. q\u00eb ka n\u00eb fokus gjyq\u00ebsorin dhe jo institucionet e qeverisjes s\u00eb tij.<\/p>\n<p>Gjithashtu, kjo mas\u00eb\u00ebsht\u00eb p\u00ebrfshir\u00eb n\u00ebPlanin Strategjik t\u00ebvet\u00eb ILD-s\u00eb n\u00eb kuad\u00ebr t\u00ebObjektivit Specifik 4.1: <em>Rritja e aksesit t\u00eb publikut p\u00ebrmes komunikimit dhe bashk\u00ebpunimit me qytetar\u00ebt.\u201d,<\/em> ku ofrimi i trajnimeve p\u00ebr personat p\u00ebrgjegj\u00ebs p\u00ebr pritjen me publikun shihet si nj\u00eb mas\u00ebme afat realizimi fundin e vitit 2020.\u00a0 P\u00ebr k\u00ebt\u00eb arsye mendojm\u00eb se masa nuk \u00ebsht\u00eb n\u00eb koherenc\u00eb me parashikimet e vet\u00eb ILD-s\u00eb.<\/p>\n<p><strong><em>Konkluzion<\/em><\/strong><em>: Masa nuk i p\u00ebrgjigjet Objektivit 2.4 sepse nuk ka n\u00eb fokus gjyq\u00ebsorin por institucionet e qeverisjes s\u00eb tij. Gjithashtu masa duhet t\u00eb jet\u00eb n\u00eb koherenc\u00eb me parashikimet e Planit t\u00eb Veprimit t\u00eb ILD-s\u00eb. Kjo mas\u00eb, e shoq\u00ebruar edhe me masa t\u00eb tjera, mund t\u00eb q\u00ebndronte n\u00eb Strategji, n\u00ebse Objektivi 2.4 do t\u00eb shtonte si synim dhe llogaridh\u00ebnien e gjyq\u00ebsorit.<\/em>[\/vc_column_text][\/vc_column][\/vc_row][vc_row][vc_column icons_position=&#8221;left&#8221;][vc_separator][\/vc_column][\/vc_row]<\/p>\n","protected":false},"excerpt":{"rendered":"<p>[vc_row][vc_column hide_bg_image_on_tablet=&#8221;&#8221; hide_bg_image_on_mobile=&#8221;&#8221; icons_position=&#8221;left&#8221; css=&#8221;.vc_custom_1509966252982{margin-top: -0.4rem !important;}&#8221;][vc_column_text] Masa 2.4.9 \u201cNgritja e kapaciteteve t\u00eb ILD p\u00ebr ofrimin e ndihm\u00ebs\/k\u00ebshillime me publikun p\u00ebr plot\u00ebsimin e formularit t\u00eb ankesave\u201d. Kjo mas\u00eb duket sikur plot\u00ebson Mas\u00ebn 2.4.8 pasi ka t\u00eb b\u00ebj\u00eb me ngritjen e kapaciteteve t\u00eb ILD-s\u00eb p\u00ebr ofrimin e sh\u00ebrbimeve p\u00ebr publikun me q\u00ebllim qasjen e k\u00ebtij t\u00eb fundit p\u00ebr sinjalizimin e shkeljeve&hellip;<\/p>\n","protected":false},"author":1,"featured_media":0,"parent":3308,"menu_order":0,"comment_status":"closed","ping_status":"closed","template":"","meta":{"footnotes":""},"class_list":["post-3331","page","type-page","status-publish","hentry"],"_links":{"self":[{"href":"https:\/\/ipls.org\/projekte\/alleyesonjustice\/wp-json\/wp\/v2\/pages\/3331","targetHints":{"allow":["GET"]}}],"collection":[{"href":"https:\/\/ipls.org\/projekte\/alleyesonjustice\/wp-json\/wp\/v2\/pages"}],"about":[{"href":"https:\/\/ipls.org\/projekte\/alleyesonjustice\/wp-json\/wp\/v2\/types\/page"}],"author":[{"embeddable":true,"href":"https:\/\/ipls.org\/projekte\/alleyesonjustice\/wp-json\/wp\/v2\/users\/1"}],"replies":[{"embeddable":true,"href":"https:\/\/ipls.org\/projekte\/alleyesonjustice\/wp-json\/wp\/v2\/comments?post=3331"}],"version-history":[{"count":1,"href":"https:\/\/ipls.org\/projekte\/alleyesonjustice\/wp-json\/wp\/v2\/pages\/3331\/revisions"}],"predecessor-version":[{"id":3332,"href":"https:\/\/ipls.org\/projekte\/alleyesonjustice\/wp-json\/wp\/v2\/pages\/3331\/revisions\/3332"}],"up":[{"embeddable":true,"href":"https:\/\/ipls.org\/projekte\/alleyesonjustice\/wp-json\/wp\/v2\/pages\/3308"}],"wp:attachment":[{"href":"https:\/\/ipls.org\/projekte\/alleyesonjustice\/wp-json\/wp\/v2\/media?parent=3331"}],"curies":[{"name":"wp","href":"https:\/\/api.w.org\/{rel}","templated":true}]}}