{"id":3337,"date":"2022-02-17T22:37:59","date_gmt":"2022-02-17T22:37:59","guid":{"rendered":"http:\/\/ipls.org\/projekte\/alleyesonjustice\/?page_id=3337"},"modified":"2022-02-17T22:37:59","modified_gmt":"2022-02-17T22:37:59","slug":"rezultati-2-5-1","status":"publish","type":"page","link":"https:\/\/ipls.org\/projekte\/alleyesonjustice\/qellimi-i-politikes-2\/objektivi-specifik-2-5\/rezultati-2-5-1\/","title":{"rendered":"Rezultati 2.5.1"},"content":{"rendered":"<p>[vc_row][vc_column hide_bg_image_on_tablet=&#8221;&#8221; hide_bg_image_on_mobile=&#8221;&#8221; icons_position=&#8221;left&#8221; css=&#8221;.vc_custom_1509966252982{margin-top: -0.4rem !important;}&#8221;][vc_column_text]<\/p>\n<h2><a name=\"_Toc77083928\"><\/a><a name=\"_Toc77151005\"><\/a><strong>Rezultati 2.5.1<\/strong><\/h2>\n<p><em>\u201cSistemi i ndihm\u00ebs juridike par\u00ebsore dhe dyt\u00ebsore ka funksionalitet t\u00eb plot\u00eb dhe siguron akses t\u00eb barabart\u00eb n\u00eb drejt\u00ebsi p\u00ebr qytetar\u00ebt n\u00eb t\u00eb gjith\u00eb vendin (burimet njer\u00ebzore, zyrat e ndihm\u00ebs juridike par\u00ebsore, avokat\u00ebt ofrues t\u00eb ndihm\u00ebs juridike dyt\u00ebsore; mjetet e duhura, aft\u00ebsia teknike, etj.)\u201d<\/em><\/p>\n<p>Ky rezultat lidhet me dy aspekte: s\u00eb pari, mefunksionalitetin e sistemit t\u00eb ndihm\u00ebs juridike par\u00ebsore dhe dyt\u00ebsore, dhe, s\u00eb dyti, me aplikimin e k\u00ebtij sistemi n\u00eb t\u00eb gjith\u00eb vendin,\u00a0 pa baza diskriminuese, n\u00eb p\u00ebrputhje me kategorit\u00eb q\u00eb p\u00ebrfitojn\u00eb prej saj. Sa i takon pjes\u00ebs s\u00eb vendosur n\u00eb kllapa dhe q\u00eb lidhet me aktivitetet q\u00eb duhet t\u00eb p\u00ebrmbushen p\u00ebr t\u00eb rritur kapacitetet e ndihm\u00ebs juridike, sugjerojm\u00eb q\u00eb ose t\u00eb p\u00ebrfshihen si pjes\u00eb e Rezultatit (konsolidim i burimeve dhe infrastruktr\u00ebs) ose t\u00eb shmangen dhe formulohen si masa.<\/p>\n<p>Rezultati 2.5.1 \u00ebsht\u00eb n\u00eb p\u00ebrputhje me Objektivin 2.5. Si\u00e7 e sqaruam edhe m\u00eb sip\u00ebr n\u00eb kuad\u00ebr t\u00eb Objektivit 2.4, nj\u00eb nga m\u00ebnyrat e arritjes s\u00eb aksesit n\u00eb drejt\u00ebsi \u00ebsht\u00eb funksionimi efektiv i ndihm\u00ebs juridike falas. Nd\u00ebrkoh\u00eb q\u00eb kuadri ligjor p\u00ebr ndihm\u00ebn juridike\u00a0 \u00ebsht\u00eb plot\u00ebsuar, sfid\u00eb mbetet zbatimi i tij n\u00eb t\u00eb gjith\u00eb territorin, aplikimi n\u00eb m\u00ebnyr\u00eb t\u00eb barabart\u00eb, rritja e kapaciteteve t\u00ebNdihm\u00ebs Juridike Falas (NJF) dhe nd\u00ebrgjegj\u00ebsimi\u00a0 i qytetar\u00ebve. Ky rezultat vler\u00ebsohet si realist dhe i domosdosh\u00ebm.<\/p>\n<p>Ky rezultat \u00ebsht\u00eb n\u00eb linj\u00eb vazhdim\u00ebsie me parashikimet e SND I: Objektivi 3<em>: P\u00ebrmir\u00ebsimi i operimit t\u00eb sistemit gjyq\u00ebsor duke forcuar efikasistetin, transparenc\u00ebn dhe aksesueshm\u00ebrin\u00eb\u00a0 e tij n\u00eb p\u00ebrputhje me standardet evropiane; <\/em>Aktiviteti 3.03:<em>Krijimi i nj\u00eb sistemi t\u00eb drejt\u00eb dhe funksional t\u00eb ndihm\u00ebs falas p\u00ebr individ\u00ebt dhe grupet n\u00eb nevoj\u00eb<\/em>.<\/p>\n<p>Masat n\u00eb p\u00ebrmbushje t\u00eb k\u00ebtij Rezultati (2.5.1 -2.5.9) vler\u00ebsohen si t\u00eb plota dhe t\u00eb formuluara qart\u00eb.<\/p>\n<p>Ky rezultat ka p\u00ebr indikator\u00eb<em>\u201c% e aplikimeve t\u00eb pranuara p\u00ebr t\u00eb marr\u00eb ndihm\u00eb juridike paresore falas<\/em>\u201d si dhe \u201c<em>% e aplikimeve t\u00eb pranuara p\u00ebr t\u00eb marr\u00eb ndihm\u00eb juridike dyt\u00ebsore falas<\/em>\u201d. Sa m\u00eb i madh numri i personave q\u00eb p\u00ebrfitojn\u00eb nga ndihma juridike, aq m\u00eb funksional \u00ebsht\u00eb sistemi e p\u00ebr pasoj\u00eb aksesi n\u00eb drejt\u00ebsi i shtresave vulnerab\u00ebl. Nj\u00eb indikator tjet\u00ebr q\u00eb tregon p\u00ebr mat ndikimin e ndihm\u00ebs n\u00eb aksesin ne drejt\u00ebsi \u00ebsht\u00ebdhe indikatori <em>\u201c% e buxhetit t\u00eb shtetit akorduar NJF.\u201d<\/em><\/p>\n<p><strong><em>Konkluzion<\/em><\/strong><em>: Ky rezultat lidhet me funksionalitetin e nj\u00eb prej sistemeve m\u00eb t\u00eb r\u00ebnd\u00ebsishme p\u00ebr aksesin n\u00eb sistemin e drejt\u00ebsis\u00eb, at\u00eb t\u00eb ndihm\u00ebs juridike. Ai \u00ebsht\u00eb n\u00eb p\u00ebrputhje me Objektivin 2.4, aktual dhe i domosdosh\u00ebm.<\/em>[\/vc_column_text][\/vc_column][\/vc_row][vc_row][vc_column icons_position=&#8221;left&#8221;][vc_separator][\/vc_column][\/vc_row]<\/p>\n","protected":false},"excerpt":{"rendered":"<p>[vc_row][vc_column hide_bg_image_on_tablet=&#8221;&#8221; hide_bg_image_on_mobile=&#8221;&#8221; icons_position=&#8221;left&#8221; css=&#8221;.vc_custom_1509966252982{margin-top: -0.4rem !important;}&#8221;][vc_column_text] Rezultati 2.5.1 \u201cSistemi i ndihm\u00ebs juridike par\u00ebsore dhe dyt\u00ebsore ka funksionalitet t\u00eb plot\u00eb dhe siguron akses t\u00eb barabart\u00eb n\u00eb drejt\u00ebsi p\u00ebr qytetar\u00ebt n\u00eb t\u00eb gjith\u00eb vendin (burimet njer\u00ebzore, zyrat e ndihm\u00ebs juridike par\u00ebsore, avokat\u00ebt ofrues t\u00eb ndihm\u00ebs juridike dyt\u00ebsore; mjetet e duhura, aft\u00ebsia teknike, etj.)\u201d Ky rezultat lidhet me dy aspekte: s\u00eb pari,&hellip;<\/p>\n","protected":false},"author":1,"featured_media":0,"parent":3334,"menu_order":0,"comment_status":"closed","ping_status":"closed","template":"","meta":{"footnotes":""},"class_list":["post-3337","page","type-page","status-publish","hentry"],"_links":{"self":[{"href":"https:\/\/ipls.org\/projekte\/alleyesonjustice\/wp-json\/wp\/v2\/pages\/3337","targetHints":{"allow":["GET"]}}],"collection":[{"href":"https:\/\/ipls.org\/projekte\/alleyesonjustice\/wp-json\/wp\/v2\/pages"}],"about":[{"href":"https:\/\/ipls.org\/projekte\/alleyesonjustice\/wp-json\/wp\/v2\/types\/page"}],"author":[{"embeddable":true,"href":"https:\/\/ipls.org\/projekte\/alleyesonjustice\/wp-json\/wp\/v2\/users\/1"}],"replies":[{"embeddable":true,"href":"https:\/\/ipls.org\/projekte\/alleyesonjustice\/wp-json\/wp\/v2\/comments?post=3337"}],"version-history":[{"count":1,"href":"https:\/\/ipls.org\/projekte\/alleyesonjustice\/wp-json\/wp\/v2\/pages\/3337\/revisions"}],"predecessor-version":[{"id":3338,"href":"https:\/\/ipls.org\/projekte\/alleyesonjustice\/wp-json\/wp\/v2\/pages\/3337\/revisions\/3338"}],"up":[{"embeddable":true,"href":"https:\/\/ipls.org\/projekte\/alleyesonjustice\/wp-json\/wp\/v2\/pages\/3334"}],"wp:attachment":[{"href":"https:\/\/ipls.org\/projekte\/alleyesonjustice\/wp-json\/wp\/v2\/media?parent=3337"}],"curies":[{"name":"wp","href":"https:\/\/api.w.org\/{rel}","templated":true}]}}