{"id":3343,"date":"2022-02-17T22:43:58","date_gmt":"2022-02-17T22:43:58","guid":{"rendered":"http:\/\/ipls.org\/projekte\/alleyesonjustice\/?page_id=3343"},"modified":"2022-02-17T22:43:58","modified_gmt":"2022-02-17T22:43:58","slug":"qellimi-i-politikes-3","status":"publish","type":"page","link":"https:\/\/ipls.org\/projekte\/alleyesonjustice\/qellimi-i-politikes-3\/","title":{"rendered":"Q\u00ebllimi i Politik\u00ebs 3"},"content":{"rendered":"<p>[vc_row][vc_column hide_bg_image_on_tablet=&#8221;&#8221; hide_bg_image_on_mobile=&#8221;&#8221; icons_position=&#8221;left&#8221; css=&#8221;.vc_custom_1509966252982{margin-top: -0.4rem !important;}&#8221;][vc_column_text]<\/p>\n<h2><a name=\"_Toc77083928\"><\/a><a name=\"_Toc77151005\"><\/a><strong>Q<\/strong><strong>\u00eb<\/strong><strong>llimi i Politik<\/strong><strong>\u00eb<\/strong><strong>s 3<\/strong><\/h2>\n<p>\u201c<em>Sistemi i drejt<\/em><em>\u00eb<\/em><em>sis<\/em><em>\u00eb<\/em><em> penale po zhvillohet mbi parimet moderne t<\/em><em>\u00eb<\/em><em> drejt<\/em><em>\u00eb<\/em><em>sis<\/em><em>\u00eb<\/em><em> Evropiane, mb<\/em><em>\u00eb<\/em><em>shtet risocializimin, riintegrimin dhe rehabilitimin dhe respektimin e t<\/em><em>\u00eb<\/em><em> drejtave t<\/em><em>\u00eb<\/em><em> njeriut brenda nj<\/em><em>\u00eb<\/em><em> qasje t<\/em><em>\u00eb<\/em><em> integruar dhe me praktika t<\/em><em>\u00eb<\/em><em> forta p<\/em><em>\u00eb<\/em><em>r parandalimin e krimit<\/em>\u201d.<\/p>\n<p>Politika 3 vendos si synim t\u00eb saj q\u00eb sistemi i drejt\u00ebsis\u00eb penale t\u00eb orientohet drejt parandalimit t\u00eb krimit, dhe t\u00eb kujdeset q\u00eb t\u00eb d\u00ebnuarit, n\u00eb p\u00ebrfundim t\u00eb d\u00ebnimit, ose gjat\u00eb koh\u00ebzgjatjes s\u00eb tij, t\u00eb ken\u00eb mund\u00ebsi t\u00eb risocializohen, riintegrohen n\u00eb shoq\u00ebri dhe t\u00eb ken\u00ebmund\u00ebsi reale rehabilitimi. K\u00ebto jan\u00eb parimet moderne t\u00eb drejt\u00ebsis\u00eb evropiane dhe synojn\u00eb q\u00eb sistemi i drejt\u00ebsis\u00eb penale, n\u00ebp\u00ebrmjet institucioneve t\u00eb drejt\u00ebsis\u00eb penale, ato shtet\u00ebrore dhe t\u00eb gjyq\u00ebsorit, t\u00eb fokusohet drejt uljes s\u00eb p\u00ebrgjithshme t\u00eb nivelit t\u00eb kriminalitetit n\u00eb shoq\u00ebri dhe zbutjes s\u00eb pasojave negative q\u00eb vijn\u00eb nga nj\u00eb shoq\u00ebri me probleme t\u00eb kriminalitetit n\u00eb t\u00eb gjitha grupmoshat dhe shtresat e shoq\u00ebris\u00eb.<\/p>\n<p>Arritja e q\u00ebllimeve t\u00eb vendosura n\u00eb k\u00ebt\u00eb politik\u00eb nuk ndikon vet\u00ebm n\u00eb c\u00ebshtjet e kriminalitetit dhe politikave penale, por sh\u00ebnon edhe nj\u00eb hap drejt emancipimit social t\u00eb Shqip\u00ebris\u00eb dhe pranimit t\u00eb diferencave shoq\u00ebrore e respektimit t\u00eb t\u00eb drejtave t\u00eb njeriut.<\/p>\n<p>Lidhur me politikat penale, SND I parashikonte dy fokuse kryesore, s\u00eb pari, rritjen e efikasitetit t\u00eb sistemit t\u00eb drejt\u00ebsis\u00eb penale dhe masave anti-korrupsion n\u00ebp\u00ebrmjet konsolidimit t\u00eb misionit, statusit dhe funksioneve t\u00eb institucioneve t\u00eb drejt\u00ebsis\u00eb penale (Politika 4) dhe rritjen e mbrojtjes s\u00eb t\u00eb drejtave t\u00eb njeriut n\u00eb sistemin e institucioneve t\u00eb vuajtjes s\u00eb d\u00ebnimit (Politika 6). K\u00ebto dy drejtime ishin n\u00eb koherenc\u00eb t\u00eb plot\u00eb edhe me vet\u00eb q\u00ebllimin e reform\u00ebs n\u00eb drejt\u00ebsi, ky\u00e7i i s\u00eb cil\u00ebs ishte pik\u00ebrisht nd\u00ebshkimi i kriminalitetit n\u00ebp\u00ebrmjet nj\u00eb drejt\u00ebsie t\u00eb pavarur dhe forcimi i kapaciteteve shtet\u00ebrore e t\u00eb drejt\u00ebsis\u00eb n\u00eb k\u00ebt\u00eb drejtim.<\/p>\n<p>Formulimi q\u00eb \u00ebsht\u00eb b\u00ebr\u00eb n\u00eb SND II, duke mos parashikuar s\u00ebrish nevoj\u00ebn p\u00ebr konsolidimin e institucioneve t\u00eb hetimit dhe gjykimit t\u00eb veprave penale, vecan\u00ebrisht korrupsionit, nuk \u00ebsht\u00eb i plot\u00eb, pasi nevoja p\u00ebr t\u2019a konsideruar k\u00ebt\u00eb komponent s\u00ebrish si q\u00ebllim t\u00eb reform\u00ebs edhe p\u00ebr kat\u00ebrvje\u00e7arin e dyt\u00eb \u00ebsht\u00eb shum\u00eb e r\u00ebnd\u00ebsishme dhe aktuale. Ky mendim p\u00ebrforcohet edhe nga vet\u00eb objektivat q\u00eb ka vendosur SND II, ku nj\u00eb prej objektivave me m\u00eb shum\u00eb masa \u00ebsht\u00eb pik\u00ebrisht Objektivi 3.2, i cili k\u00ebrkon nj\u00eb sistem prokurorie efikas dhe proaktiv operacional sipas standardeve evropiane dhe hetim efikas, si dhe ndjekja e korrupsionit dhe e krimit t\u00eb organizuar, i cili do t\u00eb trajtohet i plot\u00eb n\u00eb vijim (ku \u00ebsht\u00eb p\u00ebrfshir\u00eb Prokuroria e P\u00ebrgjithshme, SPAK dhe BKH).<\/p>\n<p>Pra, p\u00ebr t\u00eb pasur nj\u00eb vijim\u00ebsi logjike dhe kronologjike, duke iu referuar edhe ngritjes s\u00eb organeve t\u00eb reja, hallka t\u00eb t\u00eb nj\u00ebjtit mekaniz\u00ebm (si p.sh. BKH), t\u00eb cilat nuk ishin parashikuar n\u00eb SND I, do t\u00eb ishte e nevojshme q\u00eb Politika 3 t\u00eb p\u00ebrmbante t\u00eb shprehur r\u00ebnd\u00ebsin\u00eb e funksionimit efikas dhe eficent t\u00eb organeve t\u00eb hetimit. Duke qen\u00eb se nj\u00eb nd\u00ebr \u201cinvestimet\u201d m\u00eb t\u00eb m\u00ebdha n\u00eb sektorin e prokuroris\u00eb ishte ngritja e SPAK dhe BKH, edhe p\u00ebr shkak t\u00eb sensibilitetit t\u00eb lart\u00eb publik q\u00eb kan\u00eb c\u00ebshtjet q\u00eb hetojn\u00eb k\u00ebto organe, mir\u00ebqeverisja e prokuroris\u00eb dhe e hetimit n\u00eb Shqip\u00ebri do t\u00eb varet gjithashtu nga suksesi i k\u00ebtyre organeve. Nuk mund t\u00eb thuhet se n\u00eb kat\u00ebr vitet e SND I u arrit t\u00eb p\u00ebrmbyllej politika penale \u201cnd\u00ebshkuese\u201d, kur organet u krijuan me vones\u00eb dhe filluan t\u00eb japin rezultatet e para vet\u00ebm dy vitet e fundit<a href=\"#_ftn1\" name=\"_ftnref1\"><sup>[1]<\/sup><\/a>. Qasja m\u00eb e p\u00ebrshtatshme k\u00ebrkon nj\u00eb bashk\u00ebekzistenc\u00eb t\u00eb t\u00eb dyja metodave, si nd\u00ebshkuese, edhe restauruese.<\/p>\n<p>Politika 3 realizohet p\u00ebrmes pes\u00eb objektivave: 1. Kodi Penal dhe Kodi i Procedur\u00ebs Penale jan\u00eb p\u00ebrdit\u00ebsuar, duke synuar nj\u00eb qasje t\u00eb integruar t\u00eb zinxhirit t\u00eb institucioneve t\u00eb drejt\u00ebsis\u00eb dhe nj\u00eb qasje restauruese t\u00eb drejt\u00ebsis\u00eb, duke z\u00ebvend\u00ebsuar qasjen nd\u00ebshkuese ekzistuese; 2. Nj\u00eb sistem prokurorie efikas dhe proaktiv operacional sipas standardeve europiane, si dhe hetim efikas, ndjekje t\u00eb korrupsionit dhe krimit t\u00eb organizuar; 3. P\u00ebrmir\u00ebsimi i drejt\u00ebsis\u00eb p\u00ebr t\u00eb mitur, duke garantuar nj\u00eb drejt\u00ebsi miq\u00ebsore ndaj t\u00eb miturve, e cila mbron interesin m\u00eb t\u00eb mir\u00eb t\u00eb tyre; 4. Nj\u00eb sh\u00ebrbim prove efektiv dhe efikas q\u00eb p\u00ebrdor standardet operacionale, metodologjit\u00eb e mbik\u00ebqyrjes dhe menaxhimin e individualizuar t\u00eb \u00e7\u00ebshtjeve, por edhe mb\u00ebshtet ri-socializimin, ri-integrimin dhe rehabilitimin dhe punon n\u00eb p\u00ebrputhje me praktikat dhe standardet m\u00eb t\u00eb mira t\u00eb BE-s\u00eb dhe \u00ebsht\u00eb pranuar nga gjykatat dhe prokuroria si nj\u00eb alternativ\u00eb e mir\u00eb ndaj burgimit; dhe 5. Zhvillimi i nj\u00eb sistemi efikas burgjesh bazuar n\u00eb strategjin\u00eb p\u00ebr reform\u00ebn e burgjeve n\u00eb vazhdim, e cila siguron respekt t\u00eb plot\u00eb p\u00ebr burimet njer\u00ebzore dhe p\u00ebrdor plane individuale p\u00ebr zhvillimin e \u00e7\u00ebshtjeve.<\/p>\n<p>T\u00eb pes\u00eb objektivat s\u00eb bashku e p\u00ebrmbushin Q\u00ebllimin e Politik\u00ebs 3, por n\u00eb k\u00ebt\u00eb Studim \u00ebsht\u00eb vendosur t\u00eb analizohet Objektivi 3.2 p\u00ebr shkak t\u00eb r\u00ebnd\u00ebsis\u00eb emergjente q\u00eb ka ai dhe impaktit t\u00eb lart\u00eb q\u00eb do t\u00eb sillte p\u00ebr sistemin e drejt\u00ebsis\u00eb suksesi i hetimit t\u00eb korrupsionit e krimit t\u00eb organizuar. Gjithashtu, lufta kund\u00ebr k\u00ebtyre fenomeneve \u00ebsht\u00eb nj\u00eb nd\u00ebr k\u00ebrkesat kryesore ndaj Shqip\u00ebris\u00eb p\u00ebr procesin e integrimit evropian.<\/p>\n<p><a href=\"#_ftnref1\" name=\"_ftn1\">[1]<\/a>Sh\u00ebnim i autorit: M\u00eb date\u0308 19 Dhjetor 2019 jane\u0308 eme\u0308ruar 8 (tete\u0308) prokurore\u0308 dhe ka filluar funksionimi i Prokurorise\u0308 se\u0308 Posac\u0327me. Gjate\u0308 vitit 2020 (ne\u0308 datat 31 Janar 2020, 21 Maj 2020 dhe 14 Korrik 2020) jane\u0308 eme\u0308ruar dhe pese\u0308 prokurore\u0308 te\u0308 tjere\u0308. Pe\u0308r dy prokurore\u0308 te\u0308 tjere\u0308, te\u0308 pe\u0308rzgjedhur nga Ke\u0308shilli i Larte\u0308 i Prokurorise\u0308, deri n\u00eb fund t\u00eb vitit 2020 nuk kishte pe\u0308rfunduar akoma procedura e eme\u0308rimit, sepse ata nuk kishin pe\u0308rfunduar akoma vetingun me vendim te\u0308 forme\u0308s se\u0308 prere\u0308. Aktualisht ne\u0308 Prokurorine\u0308 e Posac\u0327me ushtrojne\u0308 funksionet 14 (kat\u00ebrmbe\u0308dhjete\u0308) prokurore\u0308. Marr\u00eb nga www.spak.al.[\/vc_column_text][\/vc_column][\/vc_row][vc_row][vc_column icons_position=&#8221;left&#8221;][vc_separator][\/vc_column][\/vc_row]<\/p>\n","protected":false},"excerpt":{"rendered":"<p>[vc_row][vc_column hide_bg_image_on_tablet=&#8221;&#8221; hide_bg_image_on_mobile=&#8221;&#8221; icons_position=&#8221;left&#8221; css=&#8221;.vc_custom_1509966252982{margin-top: -0.4rem !important;}&#8221;][vc_column_text] Q\u00ebllimi i Politik\u00ebs 3 \u201cSistemi i drejt\u00ebsis\u00eb penale po zhvillohet mbi parimet moderne t\u00eb drejt\u00ebsis\u00eb Evropiane, mb\u00ebshtet risocializimin, riintegrimin dhe rehabilitimin dhe respektimin e t\u00eb drejtave t\u00eb njeriut brenda nj\u00eb qasje t\u00eb integruar dhe me praktika t\u00eb forta p\u00ebr parandalimin e krimit\u201d. Politika 3 vendos si synim t\u00eb saj q\u00eb sistemi i drejt\u00ebsis\u00eb&hellip;<\/p>\n","protected":false},"author":1,"featured_media":0,"parent":0,"menu_order":0,"comment_status":"closed","ping_status":"closed","template":"","meta":{"footnotes":""},"class_list":["post-3343","page","type-page","status-publish","hentry"],"_links":{"self":[{"href":"https:\/\/ipls.org\/projekte\/alleyesonjustice\/wp-json\/wp\/v2\/pages\/3343","targetHints":{"allow":["GET"]}}],"collection":[{"href":"https:\/\/ipls.org\/projekte\/alleyesonjustice\/wp-json\/wp\/v2\/pages"}],"about":[{"href":"https:\/\/ipls.org\/projekte\/alleyesonjustice\/wp-json\/wp\/v2\/types\/page"}],"author":[{"embeddable":true,"href":"https:\/\/ipls.org\/projekte\/alleyesonjustice\/wp-json\/wp\/v2\/users\/1"}],"replies":[{"embeddable":true,"href":"https:\/\/ipls.org\/projekte\/alleyesonjustice\/wp-json\/wp\/v2\/comments?post=3343"}],"version-history":[{"count":1,"href":"https:\/\/ipls.org\/projekte\/alleyesonjustice\/wp-json\/wp\/v2\/pages\/3343\/revisions"}],"predecessor-version":[{"id":3344,"href":"https:\/\/ipls.org\/projekte\/alleyesonjustice\/wp-json\/wp\/v2\/pages\/3343\/revisions\/3344"}],"wp:attachment":[{"href":"https:\/\/ipls.org\/projekte\/alleyesonjustice\/wp-json\/wp\/v2\/media?parent=3343"}],"curies":[{"name":"wp","href":"https:\/\/api.w.org\/{rel}","templated":true}]}}