{"id":3346,"date":"2022-02-17T22:47:55","date_gmt":"2022-02-17T22:47:55","guid":{"rendered":"http:\/\/ipls.org\/projekte\/alleyesonjustice\/?page_id=3346"},"modified":"2022-02-17T22:47:55","modified_gmt":"2022-02-17T22:47:55","slug":"objektivi-specifik-3-2","status":"publish","type":"page","link":"https:\/\/ipls.org\/projekte\/alleyesonjustice\/qellimi-i-politikes-3\/objektivi-specifik-3-2\/","title":{"rendered":"Objektivi specifik 3.2"},"content":{"rendered":"<p>[vc_row][vc_column hide_bg_image_on_tablet=&#8221;&#8221; hide_bg_image_on_mobile=&#8221;&#8221; icons_position=&#8221;left&#8221; css=&#8221;.vc_custom_1509966252982{margin-top: -0.4rem !important;}&#8221;][vc_column_text]<\/p>\n<h2><a name=\"_Toc77083928\"><\/a><a name=\"_Toc77151005\"><\/a><strong>Objektivi specifik 3.2<\/strong><\/h2>\n<p><em>\u201cNj<\/em><em>\u00eb<\/em><em> sistem prokurorie efikas dhe proaktiv operacional sipas standardeve evropiane dhe hetim efikas dhe ndjekja e korrupsionit dhe e krimit t<\/em><em>\u00eb<\/em><em> organizuar\u201d<\/em>.<\/p>\n<p>Objektivi synon q\u00eb prokuroria t\u00eb p\u00ebrmbush\u00eb misionin e saj n\u00eb funksion t\u00eb hetimit t\u00eb gjithansh\u00ebm, t\u00eb pavarur dhe t\u00eb shpejt\u00eb, e vecan\u00ebrisht t\u2019i kushtoj\u00eb nj\u00eb r\u00ebnd\u00ebsi t\u00eb posa\u00e7me rasteve t\u00eb korrupsionit dhe krimit t\u00eb organizuar.<\/p>\n<p>Pra, fillimisht, n\u00eb k\u00ebto raste, prokuroria nxitet t\u00eb b\u00ebj\u00eb nj\u00eb hetim proaktiv, q\u00eb n\u00ebnkupton: s\u00eb pari, at\u00eb lloj hetimi ku procesi i mbledhjes se\u0308 provave kryhet nje\u0308kohe\u0308sisht me lindjen e dyshimit pe\u0308r kryerjen e vepre\u0308s se\u0308 dyshuar penale; s\u00eb dyti, at\u00eb lloj hetimi qe\u0308 niset nga prokurorine\u0308 mungese\u0308 te\u0308 nje\u0308 kalle\u0308zimi; dhe s\u00eb treti, c\u0327do hetim i cili e\u0308shte\u0308 dukshe\u0308m me\u0308 i zgjeruar se kalle\u0308zimi origjinal. M\u00ebtej, prokuroria nxitet t\u00eb punoj\u00eb vecan\u00ebrisht mbi c\u00ebshtje t\u00eb nd\u00ebrlikuara, p\u00ebr shembull, ato c\u0327e\u0308shtje ku subjekt i hetimit e\u0308shte\u0308 nje\u0308 funksionar i larte\u0308 publik, c\u00ebshtjet te\u0308 cilat kane\u0308 nje\u0308 nume\u0308r te\u0308 madh te\u0308 pandehurish, ose nje\u0308 nume\u0308r te\u0308 madh veprash penale qe\u0308 passjellin pasoja te\u0308 re\u0308nda pe\u0308r jete\u0308n dhe pasurine\u0308 e personave ose shkaktojne\u0308 de\u0308m te\u0308 madh ekonomik, te\u0308 cilat rezultojne\u0308 ne\u0308 konfiskimin e aseteve me vlera te\u0308 me\u0308dha, etj.<\/p>\n<p>Gjithashtu, q\u00eb hetimi t\u00eb jet\u00eb efikas, k\u00ebrkohet q\u00eb t\u00eb p\u00ebrdoren teknika t\u00eb posacme t\u00eb hetimit, sic jan\u00ebmetodat speciale te\u0308 hetimit sipas Kodit te\u0308 Procedure\u0308s Penale dhe parashikimeve te\u0308 tjera ligjore, pe\u0308rdorimi i te\u0308 cilave nuk e\u0308shte\u0308 i autorizuar pe\u0308r te\u0308 gjitha llojet e veprave penale. Te\u0308 tilla jan\u00eb veprimet simuluese, infiltrimi ne\u0308 pe\u0308rbe\u0308rje te\u0308 grupit kriminal, dore\u0308zimi i kontrolluar, mbrojtja e de\u0308shmitarit, si dhe teknika te\u0308 tjera si: vendimet pe\u0308r kontroll ne\u0308 rastet e hetimeve te\u0308 veprave penale te\u0308 korrupsionit; sigurimi me ane\u0308 te\u0308 lete\u0308rporosise\u0308 i provave qe\u0308 gjenden jashte\u0308 vendit; sigurimi i provave kompjuterike; pe\u0308rdorimi i provave mjeko-ligjore (ADN, etj.); pe\u0308rdorimi i ekspertize\u0308s kontabe\u0308l; pe\u0308rgjimi elektronik; marrja dhe pe\u0308rdorimi i informacioneve nga vende te\u0308 huaja; pe\u0308rdorimi i bashke\u0308pune\u0308tore\u0308ve te\u0308 drejte\u0308sise\u0308 ose bashke\u0308punimi ne\u0308 marre\u0308veshjet e faje\u0308sise\u0308; etj.<\/p>\n<p>Thelb\u00ebsore \u00ebsht\u00eb q\u00eb ky hetim t\u00eb jet\u00eb i suksessh\u00ebm, pra q\u00eb procedimi t\u00eb d\u00ebrgohet p\u00ebr gjykim, e n\u00eb p\u00ebrfundim t\u00eb tij t\u00eb jepet faj\u00ebsi ndaj t\u00eb pandehurit, ose prokurori t\u00eb arrij\u00eb t\u00eb tregoj\u00eb se veprimet hetimore kane\u0308 qene\u0308 shterruese pavare\u0308sisht vendimit te\u0308 gjykate\u0308s.<\/p>\n<p><strong><em>Konkluzion<\/em><\/strong><em>: Ky objektiv <\/em><em>\u00eb<\/em><em>sht<\/em><em>\u00eb<\/em><em> aktual dhe i realizuesh<\/em><em>\u00eb<\/em><em>m brenda koh<\/em><em>\u00eb<\/em><em>zgjatjes s<\/em><em>\u00eb<\/em><em> SND II p<\/em><em>\u00eb<\/em><em>r shkak t<\/em><em>\u00eb<\/em><em> karakterit t<\/em><em>\u00eb<\/em><em> tij thelb<\/em><em>\u00eb<\/em><em>sor p<\/em><em>\u00eb<\/em><em>r shtetin shqiptar, p<\/em><em>\u00eb<\/em><em>r besimin e publikut n<\/em><em>\u00eb<\/em><em> sistemin e drejt<\/em><em>\u00eb<\/em><em>sis<\/em><em>\u00eb<\/em><em>, p<\/em><em>\u00eb<\/em><em>r krijimin e kultur<\/em><em>\u00eb<\/em><em>s s<\/em><em>\u00eb<\/em><em> nd<\/em><em>\u00eb<\/em><em>shkimit n<\/em><em>\u00eb<\/em><em> vend t<\/em><em>\u00eb<\/em><em> asaj t<\/em><em>\u00eb<\/em><em> pand<\/em><em>\u00eb<\/em><em>shkueshm<\/em><em>\u00eb<\/em><em>ris<\/em><em>\u00eb<\/em><em>, si dhe p<\/em><em>\u00eb<\/em><em>r procesin e integrimit t<\/em><em>\u00eb<\/em><em> vendit n<\/em><em>\u00eb<\/em><em> BE. Rezultatet dhe masat mbi t<\/em><em>\u00eb<\/em><em> cilat mendohet q<\/em><em>\u00eb<\/em><em> t<\/em><em>\u00eb<\/em><em> realizohet ky objektiv do t<\/em><em>\u00eb<\/em><em> analizohen n<\/em><em>\u00eb<\/em><em> vijim dhe n<\/em><em>\u00eb<\/em><em> fund do t<\/em><em>\u00eb<\/em><em> mund t<\/em><em>\u00eb<\/em><em> konkludohet n<\/em><em>\u00eb<\/em><em>se, n<\/em><em>\u00eb<\/em><em> t<\/em><em>\u00eb<\/em><em>r<\/em><em>\u00eb<\/em><em>sin<\/em><em>\u00eb<\/em><em> e tyre, ato e p<\/em><em>\u00eb<\/em><em>rmbushin ose jo objektivin<\/em><em>. Nj\u00eb indikator i vlefsh\u00ebm p\u00ebr matjen e rezultateve n\u00eb drejtim t\u00eb operacionalitetit proaktiv t\u00eb prokuroris\u00eb do t\u00eb ishte \u201c% e rasteve t\u00eb hetimeve proaktive n\u00eb krahasim me rastet e referuara nga policia apo kall\u00ebzimet n\u00eb prokurori\u201d.<\/em>[\/vc_column_text][\/vc_column][\/vc_row][vc_row][vc_column icons_position=&#8221;left&#8221;][vc_separator][\/vc_column][\/vc_row]<\/p>\n","protected":false},"excerpt":{"rendered":"<p>[vc_row][vc_column hide_bg_image_on_tablet=&#8221;&#8221; hide_bg_image_on_mobile=&#8221;&#8221; icons_position=&#8221;left&#8221; css=&#8221;.vc_custom_1509966252982{margin-top: -0.4rem !important;}&#8221;][vc_column_text] Objektivi specifik 3.2 \u201cNj\u00eb sistem prokurorie efikas dhe proaktiv operacional sipas standardeve evropiane dhe hetim efikas dhe ndjekja e korrupsionit dhe e krimit t\u00eb organizuar\u201d. Objektivi synon q\u00eb prokuroria t\u00eb p\u00ebrmbush\u00eb misionin e saj n\u00eb funksion t\u00eb hetimit t\u00eb gjithansh\u00ebm, t\u00eb pavarur dhe t\u00eb shpejt\u00eb, e vecan\u00ebrisht t\u2019i kushtoj\u00eb nj\u00eb r\u00ebnd\u00ebsi t\u00eb posa\u00e7me&hellip;<\/p>\n","protected":false},"author":1,"featured_media":0,"parent":3343,"menu_order":0,"comment_status":"closed","ping_status":"closed","template":"","meta":{"footnotes":""},"class_list":["post-3346","page","type-page","status-publish","hentry"],"_links":{"self":[{"href":"https:\/\/ipls.org\/projekte\/alleyesonjustice\/wp-json\/wp\/v2\/pages\/3346","targetHints":{"allow":["GET"]}}],"collection":[{"href":"https:\/\/ipls.org\/projekte\/alleyesonjustice\/wp-json\/wp\/v2\/pages"}],"about":[{"href":"https:\/\/ipls.org\/projekte\/alleyesonjustice\/wp-json\/wp\/v2\/types\/page"}],"author":[{"embeddable":true,"href":"https:\/\/ipls.org\/projekte\/alleyesonjustice\/wp-json\/wp\/v2\/users\/1"}],"replies":[{"embeddable":true,"href":"https:\/\/ipls.org\/projekte\/alleyesonjustice\/wp-json\/wp\/v2\/comments?post=3346"}],"version-history":[{"count":1,"href":"https:\/\/ipls.org\/projekte\/alleyesonjustice\/wp-json\/wp\/v2\/pages\/3346\/revisions"}],"predecessor-version":[{"id":3347,"href":"https:\/\/ipls.org\/projekte\/alleyesonjustice\/wp-json\/wp\/v2\/pages\/3346\/revisions\/3347"}],"up":[{"embeddable":true,"href":"https:\/\/ipls.org\/projekte\/alleyesonjustice\/wp-json\/wp\/v2\/pages\/3343"}],"wp:attachment":[{"href":"https:\/\/ipls.org\/projekte\/alleyesonjustice\/wp-json\/wp\/v2\/media?parent=3346"}],"curies":[{"name":"wp","href":"https:\/\/api.w.org\/{rel}","templated":true}]}}