{"id":3357,"date":"2022-02-25T17:03:14","date_gmt":"2022-02-25T17:03:14","guid":{"rendered":"http:\/\/ipls.org\/projekte\/alleyesonjustice\/?page_id=3357"},"modified":"2022-02-25T17:03:45","modified_gmt":"2022-02-25T17:03:45","slug":"rezultati-3-2-2","status":"publish","type":"page","link":"https:\/\/ipls.org\/projekte\/alleyesonjustice\/qellimi-i-politikes-3\/objektivi-specifik-3-2\/rezultati-3-2-2\/","title":{"rendered":"Rezultati 3.2.2"},"content":{"rendered":"<p>[vc_row][vc_column hide_bg_image_on_tablet=&#8221;&#8221; hide_bg_image_on_mobile=&#8221;&#8221; icons_position=&#8221;left&#8221; css=&#8221;.vc_custom_1509966252982{margin-top: -0.4rem !important;}&#8221;][vc_column_text]<\/p>\n<h2><a name=\"_Toc77083928\"><\/a><a name=\"_Toc77151005\"><\/a><strong>Rezultati 3.2.2 <\/strong><\/h2>\n<p><em>\u201c<\/em><em>Zyrat e prokuroris<\/em><em>\u00eb<\/em><em> riorganizohen bazuar n<\/em><em>\u00eb<\/em><em> hart<\/em><em>\u00eb<\/em><em>n e re gjyq<\/em><em>\u00eb<\/em><em>sore, t<\/em><em>\u00eb<\/em><em> pajisura dhe operacionet e tyre t<\/em><em>\u00eb<\/em><em> p<\/em><em>\u00eb<\/em><em>rmir<\/em><em>\u00eb<\/em><em>suara, dhe efikasiteti i tyre i q<\/em><em>\u00eb<\/em><em>ndruesh<\/em><em>\u00eb<\/em><em>m<\/em><em>\u201d<\/em><em>.<\/em><\/p>\n<p>Eficenca e sistemit t\u00eb drejt\u00ebsis\u00eb lidhet drejtp\u00ebrdrejt\u00eb me organizimin e kapaciteteve t\u00eb saj dhe kjo vlen si p\u00ebr gjykat\u00ebn, edhe p\u00ebr prokurorin\u00eb. P\u00ebr k\u00ebt\u00eb arsye, nj\u00eb nd\u00ebr rezultatet q\u00eb synohet t\u00eb arrihet lidhet n\u00eb m\u00ebnyr\u00eb konkrete me c\u00ebshtjet e riorganizimit t\u00eb zyrave t\u00eb prokuroris\u00eb pasi t\u00eb miratohet harta e re gjyq\u00ebsore. Ky \u00ebsht\u00eb nj\u00eb proces i cili kryhet nga KLGj n\u00eb bashk\u00ebpunim me MD, por pasojat e k\u00ebtij procesi ndikojn\u00eb n\u00eb t\u00ebr\u00ebsi edhe n\u00eb sistemin e drejt\u00ebsis\u00eb penale, duke nisur nga prokurorit\u00eb, e deri tek burgjet apo sh\u00ebrbimi i prov\u00ebs.<\/p>\n<p><strong><em>Konkluzion<\/em><\/strong><em>: Ky rezultat <\/em><em>\u00eb<\/em><em>sht<\/em><em>\u00eb<\/em><em> n<\/em><em>\u00eb<\/em><em> p<\/em><em>\u00eb<\/em><em>rputhje me objektivin dhe Q<\/em><em>\u00eb<\/em><em>llimin e Politik<\/em><em>\u00eb<\/em><em>s 3. \u00a0Ky rezultat <\/em><em>\u00eb<\/em><em>sht<\/em><em>\u00eb<\/em><em> i nd<\/em><em>\u00eb<\/em><em>rvarur nga p<\/em><em>\u00eb<\/em><em>rcaktimi i hart<\/em><em>\u00eb<\/em><em>s s<\/em><em>\u00eb<\/em><em> re gjyq<\/em><em>\u00eb<\/em><em>sore, ndaj edhe n<\/em><em>\u00eb<\/em><em> SND II nuk ka t<\/em><em>\u00eb<\/em><em> parashikuar nj<\/em><em>\u00eb<\/em><em> mas<\/em><em>\u00eb<\/em><em> konkrete dhe t<\/em><em>\u00eb<\/em><em> posa<\/em><em>\u00e7<\/em><em>me p<\/em><em>\u00eb<\/em><em>r arritjen e k<\/em><em>\u00eb<\/em><em>tij rezultati. Megjithat<\/em><em>\u00eb<\/em><em>, masa 3.2.1 mund t<\/em><em>\u00eb<\/em><em> konsiderohet si nj<\/em><em>\u00eb<\/em><em> mas<\/em><em>\u00eb<\/em><em> q<\/em><em>\u00eb<\/em><em> e p<\/em><em>\u00eb<\/em><em>rmbush k<\/em><em>\u00eb<\/em><em>t<\/em><em>\u00eb<\/em><em> rezultat, pasi ajo i referohet n<\/em><em>\u00eb<\/em><em> t<\/em><em>\u00eb<\/em><em>r<\/em><em>\u00eb<\/em><em>si p<\/em><em>\u00eb<\/em><em>rmir<\/em><em>\u00eb<\/em><em>simit t<\/em><em>\u00eb<\/em><em> menaxhimit strukturor dhe administrimit t<\/em><em>\u00eb<\/em><em> prokuroris<\/em><em>\u00eb<\/em><em>, dhe t<\/em><em>\u00eb<\/em><em> shtrihet ajo n<\/em><em>\u00eb<\/em><em> nj<\/em><em>\u00eb<\/em><em> koh<\/em><em>\u00eb<\/em><em> t<\/em><em>\u00eb<\/em><em> pacaktuar, duke nisur nga viti 2021, sic e parashikon Plani i Veprimit i SND II, e n<\/em><em>\u00eb<\/em><em> vazhdim derisa t<\/em><em>\u00eb<\/em><em> miratohet harta e re gjyq<\/em><em>\u00eb<\/em><em>sore<\/em>.[\/vc_column_text][\/vc_column][\/vc_row][vc_row][vc_column icons_position=&#8221;left&#8221;][vc_separator][\/vc_column][\/vc_row]<\/p>\n","protected":false},"excerpt":{"rendered":"<p>[vc_row][vc_column hide_bg_image_on_tablet=&#8221;&#8221; hide_bg_image_on_mobile=&#8221;&#8221; icons_position=&#8221;left&#8221; css=&#8221;.vc_custom_1509966252982{margin-top: -0.4rem !important;}&#8221;][vc_column_text] Rezultati 3.2.2 \u201cZyrat e prokuroris\u00eb riorganizohen bazuar n\u00eb hart\u00ebn e re gjyq\u00ebsore, t\u00eb pajisura dhe operacionet e tyre t\u00eb p\u00ebrmir\u00ebsuara, dhe efikasiteti i tyre i q\u00ebndruesh\u00ebm\u201d. Eficenca e sistemit t\u00eb drejt\u00ebsis\u00eb lidhet drejtp\u00ebrdrejt\u00eb me organizimin e kapaciteteve t\u00eb saj dhe kjo vlen si p\u00ebr gjykat\u00ebn, edhe p\u00ebr prokurorin\u00eb. P\u00ebr k\u00ebt\u00eb arsye, nj\u00eb nd\u00ebr&hellip;<\/p>\n","protected":false},"author":1,"featured_media":0,"parent":3346,"menu_order":0,"comment_status":"closed","ping_status":"closed","template":"","meta":{"footnotes":""},"class_list":["post-3357","page","type-page","status-publish","hentry"],"_links":{"self":[{"href":"https:\/\/ipls.org\/projekte\/alleyesonjustice\/wp-json\/wp\/v2\/pages\/3357","targetHints":{"allow":["GET"]}}],"collection":[{"href":"https:\/\/ipls.org\/projekte\/alleyesonjustice\/wp-json\/wp\/v2\/pages"}],"about":[{"href":"https:\/\/ipls.org\/projekte\/alleyesonjustice\/wp-json\/wp\/v2\/types\/page"}],"author":[{"embeddable":true,"href":"https:\/\/ipls.org\/projekte\/alleyesonjustice\/wp-json\/wp\/v2\/users\/1"}],"replies":[{"embeddable":true,"href":"https:\/\/ipls.org\/projekte\/alleyesonjustice\/wp-json\/wp\/v2\/comments?post=3357"}],"version-history":[{"count":1,"href":"https:\/\/ipls.org\/projekte\/alleyesonjustice\/wp-json\/wp\/v2\/pages\/3357\/revisions"}],"predecessor-version":[{"id":3358,"href":"https:\/\/ipls.org\/projekte\/alleyesonjustice\/wp-json\/wp\/v2\/pages\/3357\/revisions\/3358"}],"up":[{"embeddable":true,"href":"https:\/\/ipls.org\/projekte\/alleyesonjustice\/wp-json\/wp\/v2\/pages\/3346"}],"wp:attachment":[{"href":"https:\/\/ipls.org\/projekte\/alleyesonjustice\/wp-json\/wp\/v2\/media?parent=3357"}],"curies":[{"name":"wp","href":"https:\/\/api.w.org\/{rel}","templated":true}]}}