{"id":336,"date":"2017-08-04T13:05:57","date_gmt":"2017-08-04T13:05:57","guid":{"rendered":"http:\/\/ipls.org\/projekte\/alleyesonjustice\/?page_id=336"},"modified":"2022-04-08T14:38:24","modified_gmt":"2022-04-08T14:38:24","slug":"home-1","status":"publish","type":"page","link":"https:\/\/ipls.org\/projekte\/alleyesonjustice\/","title":{"rendered":"Homepage"},"content":{"rendered":"<p>[vc_row full_width=&#8221;stretch_row&#8221;][vc_column icons_position=&#8221;left&#8221;][rev_slider_vc alias=&#8221;asdn-1-1&#8243;][\/vc_column][\/vc_row][vc_row full_width=&#8221;stretch_row_content_no_spaces&#8221; content_placement=&#8221;middle&#8221; scheme=&#8221;default&#8221; hide_bg_image_on_tablet=&#8221;&#8221; hide_bg_image_on_mobile=&#8221;&#8221; css=&#8221;.vc_custom_1564477899655{background-color: #f7f7f7 !important;}&#8221;][vc_column width=&#8221;1\/2&#8243; fix_column=&#8221;&#8221; hide_bg_image_on_tablet=&#8221;&#8221; hide_bg_image_on_mobile=&#8221;&#8221; icons_position=&#8221;left&#8221; offset=&#8221;vc_col-xs-12&#8243; el_class=&#8221;custom_position_columns&#8221;]<div id=\"sc_content_186005687\"\r\n\t\tclass=\"sc_content color_style_default sc_content_default sc_content_width_1_2 sc_float_right  vc_custom_1564423402920\"><div class=\"sc_content_container\">[vc_empty_space alter_height=&#8221;biggest&#8221; hide_on_desktop=&#8221;&#8221; hide_on_notebook=&#8221;&#8221; hide_on_tablet=&#8221;&#8221; hide_on_mobile=&#8221;&#8221;]<div id=\"sc_title_847245456\"\r\n\t\tclass=\"sc_title color_style_default sc_title_default\"><h3 class=\"sc_item_title sc_title_title sc_align_left sc_item_title_style_default\">Hyrje<\/h3><\/div><!-- \/.sc_title -->[vc_empty_space alter_height=&#8221;medium&#8221; hide_on_desktop=&#8221;&#8221; hide_on_notebook=&#8221;&#8221; hide_on_tablet=&#8221;&#8221; hide_on_mobile=&#8221;&#8221;][vc_column_text]Analiza e Planit t\u00eb Masave t\u00eb Strategjis\u00eb Nd\u00ebrsektoriale t\u00eb Drejt\u00ebsis\u00eb 2021-2025 \u00ebsht\u00eb realizuar n\u00eb kuad\u00ebr t\u00eb projektit \u201cMe Syt\u00eb nga Drejt\u00ebsia\u201d, financuar nga programi MATRA i Ambasad\u00ebs Hollandeze n\u00eb Shqip\u00ebri dhe zbatuar nga Instituti p\u00ebr Studime Publike e Ligjore (ISPL). Projekti p\u00ebrfshin periudh\u00ebn 2020-2022, periudh\u00eb gjat\u00eb s\u00eb cil\u00ebs u hartua Strategjia Nd\u00ebrsektoriale e Drejt\u00ebsis\u00eb 2021-2025 (SND II) dhe fillon zbatimi i saj pes\u00eb-vje\u00e7ar.<\/p>\n<p>SND II \u00ebsht\u00eb vazhdim i SND I dhe zhvillohet e i p\u00ebrgjigjet nevojave t\u00eb reform\u00ebs n\u00eb drejt\u00ebsi, e konsideruar tashm\u00eb nga t\u00eb gjith\u00eb aktor\u00ebt komb\u00ebtar\u00eb e nd\u00ebrkomb\u00ebtar\u00eb si reforma m\u00eb e r\u00ebnd\u00ebsishme aktualisht n\u00eb Shqip\u00ebri. Ecuria dhe rezultatet e k\u00ebsaj reforme kusht\u00ebzojn\u00eb n\u00eb nj\u00eb mas\u00eb t\u00eb konsiderueshme procesin e integrimit t\u00eb Shqip\u00ebris\u00eb n\u00eb Bashkimin Europian. E udh\u00ebhequr dhe koordinuar nga Ministria e Drejt\u00ebsis\u00eb dhe e mb\u00ebshtetur nga programi Euralius i BE-s\u00eb, Strategjia Nd\u00ebr-sektoriale e Drejt\u00ebsis\u00eb 2021-2025, \u00ebsht\u00eb fryt i nj\u00eb bashk\u00ebpunimi mes gjith\u00eb institucioneve aktuale t\u00eb sistemit t\u00eb drejt\u00ebsis\u00eb, si dhe i nj\u00eb procesi konsultimi me aktor\u00eb t\u00eb ndrysh\u00ebm nd\u00ebrkomb\u00ebtar\u00eb e anatar\u00eb t\u00eb shoq\u00ebris\u00eb civile shqiptare. Ky dokument strategjik b\u00ebhet i zbatuesh\u00ebm n\u00eb m\u00ebnyr\u00eb m\u00eb konkrete p\u00ebrmes nj\u00eb Plani Veprimi t\u00eb integruar dhe nj\u00eb baterie indikator\u00ebsh q\u00eb do t\u00eb mund\u00ebsojn\u00eb monitorimin e vler\u00ebsimin e zbatimit t\u00eb tij.[\/vc_column_text][vc_empty_space alter_height=&#8221;medium&#8221; hide_on_desktop=&#8221;&#8221; hide_on_notebook=&#8221;&#8221; hide_on_tablet=&#8221;&#8221; hide_on_mobile=&#8221;&#8221;]<div id=\"sc_content_1839486460\"\r\n\t\tclass=\"sc_content color_style_default color_style_default sc_content_default sc_float_center inline_wrap\"><div class=\"sc_content_container\"><a href=\"http:\/\/ipls.org\/projekte\/alleyesonjustice\/analiza\/\" id=\"sc_button_889065097\" class=\"sc_button color_style_default sc_button_default sc_button_size_normal sc_button_icon_left\"><span class=\"sc_button_text\"><span class=\"sc_button_title\">LEXO ME TEPER<\/span><\/span><!-- \/.sc_button_text --><\/a><!-- \/.sc_button --><\/div><\/div><!-- \/.sc_content -->[vc_empty_space alter_height=&#8221;biggest&#8221; hide_on_desktop=&#8221;&#8221; hide_on_notebook=&#8221;&#8221; hide_on_tablet=&#8221;&#8221; hide_on_mobile=&#8221;1&#8243;]<\/div><\/div><!-- \/.sc_content -->[\/vc_column][vc_column width=&#8221;1\/2&#8243; hide_bg_image_on_tablet=&#8221;&#8221; hide_bg_image_on_mobile=&#8221;&#8221; icons_position=&#8221;left&#8221; css=&#8221;.vc_custom_1564497534562{background-image: url(https:\/\/ipls.org\/projekte\/alleyesonjustice\/wp-content\/uploads\/2019\/07\/bg-shop-1.png?id=905) !important;background-position: center left !important;background-repeat: no-repeat !important;background-size: contain !important;}&#8221; offset=&#8221;vc_col-xs-12&#8243;][vc_empty_space alter_height=&#8221;biggest&#8221; hide_on_desktop=&#8221;&#8221; hide_on_notebook=&#8221;&#8221; hide_on_tablet=&#8221;&#8221; hide_on_mobile=&#8221;&#8221;][vc_single_image image=&#8221;3203&#8243; img_size=&#8221;full&#8221; alignment=&#8221;center&#8221;][vc_empty_space alter_height=&#8221;biggest&#8221; hide_on_desktop=&#8221;&#8221; hide_on_notebook=&#8221;&#8221; hide_on_tablet=&#8221;&#8221; hide_on_mobile=&#8221;&#8221;][\/vc_column][\/vc_row][vc_row full_width=&#8221;stretch_row&#8221; hide_bg_image_on_tablet=&#8221;&#8221; hide_bg_image_on_mobile=&#8221;&#8221; css=&#8221;.vc_custom_1645121790557{background-image: url(https:\/\/ipls.org\/projekte\/alleyesonjustice\/wp-content\/uploads\/2022\/02\/bg2.jpg?id=3216) !important;background-position: top left !important;background-repeat: no-repeat !important;background-size: cover !important;}&#8221;][vc_column width=&#8221;7\/12&#8243; icons_position=&#8221;left&#8221; offset=&#8221;vc_col-md-5&#8243;][vc_empty_space alter_height=&#8221;biggest&#8221; hide_on_desktop=&#8221;&#8221; hide_on_notebook=&#8221;&#8221; hide_on_tablet=&#8221;&#8221; hide_on_mobile=&#8221;&#8221;]<div id=\"sc_title_1895881526\"\r\n\t\tclass=\"sc_title color_style_default sc_title_default\"><h3 class=\"sc_item_title sc_title_title sc_align_left sc_item_title_style_default\">Disclaimer<\/h3><div class=\"sc_item_descr sc_title_descr sc_align_left\"><p>P\u00ebrmbajtja e ketij studimit, analiza dhe diskutimet tij jan\u00eb p\u00ebrgjegj\u00ebsi e IPLS. Nuk duhet t\u00eb konsiderohen si pasqyrim dhe pik\u00ebpamje e Mbret\u00ebris\u00eb s\u00eb Holand\u00ebs<\/p>\n<\/div><\/div><!-- \/.sc_title -->[vc_single_image image=&#8221;3495&#8243; img_size=&#8221;full&#8221; alignment=&#8221;center&#8221;][vc_empty_space alter_height=&#8221;biggest&#8221; hide_on_desktop=&#8221;&#8221; hide_on_notebook=&#8221;&#8221; hide_on_tablet=&#8221;&#8221; hide_on_mobile=&#8221;&#8221;][\/vc_column][vc_column width=&#8221;1\/2&#8243; icons_position=&#8221;left&#8221;][\/vc_column][\/vc_row][vc_row full_width=&#8221;stretch_row_content_no_spaces&#8221; equal_height=&#8221;yes&#8221; hide_bg_image_on_tablet=&#8221;&#8221; hide_bg_image_on_mobile=&#8221;&#8221; css=&#8221;.vc_custom_1510156507802{background-color: #232e35 !important;}&#8221;][vc_column icons_position=&#8221;left&#8221; offset=&#8221;vc_col-md-7&#8243;]<div id=\"widget_video_1489678808\" class=\"widget_area sc_widget_video vc_widget_video wpb_content_element play-to-left\"><\/div>[\/vc_column][vc_column hide_bg_image_on_tablet=&#8221;&#8221; hide_bg_image_on_mobile=&#8221;&#8221; icons_position=&#8221;left&#8221; offset=&#8221;vc_col-md-5&#8243;]<div class=\"sc_content_wrap sc_push_medium sc_push_hide_on_tablet sc_push_hide_on_mobile\"><div id=\"sc_content_246193243\"\r\n\t\tclass=\"sc_content color_style_default scheme_dark sc_content_default sc_content_width_1_1 sc_float_center sc_shift_x_large_negative  vc_custom_1510239589854\"><div class=\"sc_content_container\">[vc_empty_space alter_height=&#8221;biggest&#8221; hide_on_desktop=&#8221;&#8221; hide_on_notebook=&#8221;&#8221; hide_on_tablet=&#8221;&#8221; hide_on_mobile=&#8221;&#8221; css=&#8221;.vc_custom_1510214066507{margin-bottom: -0.5rem !important;}&#8221;]<div id=\"sc_content_1172730261\"\r\n\t\tclass=\"sc_content color_style_default scheme_dark color_style_default sc_content_default sc_content_width_2_3 sc_float_center sc_margin_medium custom_stretch-content\"><div class=\"sc_content_container\"><div id=\"sc_title_1348109961\"\r\n\t\tclass=\"sc_title color_style_default sc_title_default\"><h3 class=\"sc_item_title sc_title_title sc_align_left sc_item_title_style_default\">Analiza<\/h3><div class=\"sc_item_descr sc_title_descr sc_align_left\"><p>Shkarkoni Analizen e Strategjis\u00eb Nd\u00ebrsektoriale t\u00eb Drejt\u00ebsis\u00eb 2021-2025 n\u00eb format PDF<\/p>\n<\/div><div class=\"sc_item_button sc_button_wrap sc_align_left\"><a href=\"https:\/\/ipls.org\/projekte\/alleyesonjustice\/wp-content\/uploads\/2022\/04\/ANALIZA-E-STRATEGJISE\u0308-NDE\u0308RSEKTORIALE-TE\u0308-DREJTE\u0308SISE\u0308-2021-2025.pdf\" id=\"sc_button_1331508126\" class=\"sc_button color_style_default sc_button_bordered sc_item_button sc_item_button_bordered sc_title_button sc_button_size_normal sc_button_icon_left\"><span class=\"sc_button_text\"><span class=\"sc_button_title\">Shkarko<\/span><\/span><!-- \/.sc_button_text --><\/a><!-- \/.sc_button --><\/div><!-- \/.sc_item_button --><\/div><!-- \/.sc_title -->[vc_empty_space alter_height=&#8221;medium&#8221; hide_on_desktop=&#8221;&#8221; hide_on_notebook=&#8221;&#8221; hide_on_tablet=&#8221;&#8221; hide_on_mobile=&#8221;&#8221;][vc_column_text][\/vc_column_text][vc_empty_space alter_height=&#8221;medium&#8221; hide_on_desktop=&#8221;&#8221; hide_on_notebook=&#8221;&#8221; hide_on_tablet=&#8221;&#8221; hide_on_mobile=&#8221;&#8221;]<\/div><\/div><!-- \/.sc_content -->[vc_empty_space alter_height=&#8221;biggest&#8221; hide_on_desktop=&#8221;&#8221; hide_on_notebook=&#8221;&#8221; hide_on_tablet=&#8221;&#8221; hide_on_mobile=&#8221;&#8221; css=&#8221;.vc_custom_1510214072035{margin-top: -2.5rem !important;}&#8221;]<\/div><\/div><!-- \/.sc_content --><\/div><!-- \/.sc_content_wrap -->[vc_row_inner][vc_column_inner fix_column=&#8221;&#8221; icons_position=&#8221;left&#8221; offset=&#8221;vc_hidden-sm vc_hidden-xs&#8221;][vc_single_image image=&#8221;513&#8243; img_size=&#8221;full&#8221;][\/vc_column_inner][\/vc_row_inner][\/vc_column][\/vc_row][vc_row full_width=&#8221;stretch_row_content_no_spaces&#8221;][vc_column hide_bg_image_on_tablet=&#8221;&#8221; hide_bg_image_on_mobile=&#8221;&#8221; icons_position=&#8221;left&#8221; offset=&#8221;vc_hidden-sm vc_hidden-xs&#8221;]<div id=\"sc_googlemap_1144994713_wrap\" class=\"sc_googlemap_wrap\"><div class=\"sc_googlemap_content_wrap\"><div id=\"sc_googlemap_1144994713\"\r\n\t\t\tclass=\"sc_googlemap sc_googlemap_default\"\r\n\t\t\t style=\"width:100%;height:695px;\"\t\t\tdata-zoom=\"13\"\r\n\t\t\tdata-center=\"\"\r\n\t\t\tdata-style=\"grey\"\r\n\t\t\tdata-cluster-icon=\"https:\/\/ipls.org\/projekte\/alleyesonjustice\/wp-content\/plugins\/trx_addons\/components\/shortcodes\/googlemap\/cluster\/cluster-icon.png\"\r\n\t\t\t><iframe\r\n\t\t\t\t\tsrc=\"https:\/\/maps.google.com\/maps?t=m&output=embed&iwloc=near&z=13&q=Rruga+Asim+Zeneli%2C+Tiran%C3%AB@41.32019,19.8240005\"\r\n\t\t\t\t\taria-label=\"\"><\/iframe><\/div>\t\t\t<div class=\"sc_googlemap_content color_style_default sc_googlemap_content_default\"><div id=\"sc_title_1567788384\"\r\n\t\tclass=\"sc_title color_style_default sc_title_default\"><h3 class=\"sc_item_title sc_title_title sc_align_left sc_item_title_style_default\">Kontaktoni<\/h3><div class=\"sc_item_descr sc_title_descr sc_align_left\"><p>Tel\/Fax: +355 4 2267009<br \/>\nE-Mail: info@ipls.org<br \/>\nSheshi. \"Skenderbej \" Pallati Kultures (QTZHK), kati II, Nr.9, Tirana, Albania.<\/p>\n<\/div><div class=\"sc_item_button sc_button_wrap sc_align_left\"><a href=\"mailto:info@ipls.org\" id=\"sc_button_135081385\" class=\"sc_button color_style_default sc_button_default sc_item_button sc_item_button_default sc_title_button sc_button_size_normal sc_button_icon_left\"><span class=\"sc_button_text\"><span class=\"sc_button_title\">Kontaktoni<\/span><\/span><!-- \/.sc_button_text --><\/a><!-- \/.sc_button --><\/div><!-- \/.sc_item_button --><\/div><!-- \/.sc_title --><\/div>\r\n\t\t<\/div>\r\n\t\t<\/div><!-- \/.sc_googlemap_wrap -->[\/vc_column][\/vc_row][vc_row][vc_column icons_position=&#8221;left&#8221;][vc_column_text]<\/p>\n<p>&nbsp;<\/p>\n<p>[\/vc_column_text][\/vc_column][\/vc_row]<\/p>\n","protected":false},"excerpt":{"rendered":"<p>[vc_row full_width=&#8221;stretch_row&#8221;][vc_column icons_position=&#8221;left&#8221;][rev_slider_vc alias=&#8221;asdn-1-1&#8243;][\/vc_column][\/vc_row][vc_row full_width=&#8221;stretch_row_content_no_spaces&#8221; content_placement=&#8221;middle&#8221; scheme=&#8221;default&#8221; hide_bg_image_on_tablet=&#8221;&#8221; hide_bg_image_on_mobile=&#8221;&#8221; css=&#8221;.vc_custom_1564477899655{background-color: #f7f7f7 !important;}&#8221;][vc_column width=&#8221;1\/2&#8243; fix_column=&#8221;&#8221; hide_bg_image_on_tablet=&#8221;&#8221; hide_bg_image_on_mobile=&#8221;&#8221; icons_position=&#8221;left&#8221; offset=&#8221;vc_col-xs-12&#8243; el_class=&#8221;custom_position_columns&#8221;][\/vc_column][vc_column width=&#8221;1\/2&#8243; hide_bg_image_on_tablet=&#8221;&#8221; hide_bg_image_on_mobile=&#8221;&#8221; icons_position=&#8221;left&#8221; css=&#8221;.vc_custom_1564497534562{background-image: url(https:\/\/ipls.org\/projekte\/alleyesonjustice\/wp-content\/uploads\/2019\/07\/bg-shop-1.png?id=905) !important;background-position: center left !important;background-repeat: no-repeat !important;background-size: contain !important;}&#8221; offset=&#8221;vc_col-xs-12&#8243;][vc_empty_space alter_height=&#8221;biggest&#8221; hide_on_desktop=&#8221;&#8221; hide_on_notebook=&#8221;&#8221; hide_on_tablet=&#8221;&#8221; hide_on_mobile=&#8221;&#8221;][vc_single_image image=&#8221;3203&#8243; img_size=&#8221;full&#8221; alignment=&#8221;center&#8221;][vc_empty_space alter_height=&#8221;biggest&#8221; hide_on_desktop=&#8221;&#8221; hide_on_notebook=&#8221;&#8221; hide_on_tablet=&#8221;&#8221; hide_on_mobile=&#8221;&#8221;][\/vc_column][\/vc_row][vc_row full_width=&#8221;stretch_row&#8221; hide_bg_image_on_tablet=&#8221;&#8221; hide_bg_image_on_mobile=&#8221;&#8221; css=&#8221;.vc_custom_1645121790557{background-image: url(https:\/\/ipls.org\/projekte\/alleyesonjustice\/wp-content\/uploads\/2022\/02\/bg2.jpg?id=3216) !important;background-position: top left !important;background-repeat: no-repeat !important;background-size: cover !important;}&#8221;][vc_column&hellip;<\/p>\n","protected":false},"author":1,"featured_media":0,"parent":0,"menu_order":0,"comment_status":"closed","ping_status":"closed","template":"","meta":{"footnotes":""},"class_list":["post-336","page","type-page","status-publish","hentry"],"_links":{"self":[{"href":"https:\/\/ipls.org\/projekte\/alleyesonjustice\/wp-json\/wp\/v2\/pages\/336","targetHints":{"allow":["GET"]}}],"collection":[{"href":"https:\/\/ipls.org\/projekte\/alleyesonjustice\/wp-json\/wp\/v2\/pages"}],"about":[{"href":"https:\/\/ipls.org\/projekte\/alleyesonjustice\/wp-json\/wp\/v2\/types\/page"}],"author":[{"embeddable":true,"href":"https:\/\/ipls.org\/projekte\/alleyesonjustice\/wp-json\/wp\/v2\/users\/1"}],"replies":[{"embeddable":true,"href":"https:\/\/ipls.org\/projekte\/alleyesonjustice\/wp-json\/wp\/v2\/comments?post=336"}],"version-history":[{"count":55,"href":"https:\/\/ipls.org\/projekte\/alleyesonjustice\/wp-json\/wp\/v2\/pages\/336\/revisions"}],"predecessor-version":[{"id":3110,"href":"https:\/\/ipls.org\/projekte\/alleyesonjustice\/wp-json\/wp\/v2\/pages\/336\/revisions\/3110"}],"wp:attachment":[{"href":"https:\/\/ipls.org\/projekte\/alleyesonjustice\/wp-json\/wp\/v2\/media?parent=336"}],"curies":[{"name":"wp","href":"https:\/\/api.w.org\/{rel}","templated":true}]}}