{"id":3360,"date":"2022-02-25T17:04:50","date_gmt":"2022-02-25T17:04:50","guid":{"rendered":"http:\/\/ipls.org\/projekte\/alleyesonjustice\/?page_id=3360"},"modified":"2022-02-25T17:06:21","modified_gmt":"2022-02-25T17:06:21","slug":"masa3-2-1","status":"publish","type":"page","link":"https:\/\/ipls.org\/projekte\/alleyesonjustice\/qellimi-i-politikes-3\/objektivi-specifik-3-2\/masa3-2-1\/","title":{"rendered":"Masa 3.2.1"},"content":{"rendered":"<p>[vc_row][vc_column hide_bg_image_on_tablet=&#8221;&#8221; hide_bg_image_on_mobile=&#8221;&#8221; icons_position=&#8221;left&#8221; css=&#8221;.vc_custom_1509966252982{margin-top: -0.4rem !important;}&#8221;][vc_column_text]<\/p>\n<h2><a name=\"_Toc77083928\"><\/a><a name=\"_Toc77151005\"><\/a><strong>Masa 3.2.1 <\/strong><\/h2>\n<p><em>\u201c<\/em><em>P<\/em><em>\u00eb<\/em><em>rmir<\/em><em>\u00eb<\/em><em>simi i menaxhimit strukturor dhe administrimit t<\/em><em>\u00eb<\/em><em> prokuroris<\/em><em>\u00eb<\/em><em> n<\/em><em>\u00eb<\/em><em>p<\/em><em>\u00eb<\/em><em>rmjet planifikimit dhe menaxhimit eficient t<\/em><em>\u00eb<\/em><em> burimeve njer<\/em><em>\u00eb<\/em><em>zore (152 shtes<\/em><em>\u00eb<\/em><em>)<\/em><em>\u201d<\/em>.<\/p>\n<p>Kjo mas\u00eb k\u00ebrkon nga PP q\u00eb, s\u00eb pari, t\u00eb p\u00ebrmir\u00ebsoj\u00eb menaxhimin strukturor t\u00eb organit t\u00eb prokuroris\u00eb, n\u00ebp\u00ebrmjet pe\u0308rcaktimit t\u00eb nj\u00eb strukture t\u00eb pe\u0308rgjithshme sa m\u00eb funksionale t\u00eb prokuroris\u00eb dhe, s\u00eb dyti, t\u00eb ndihmoj\u00eb n\u00eb procesin e administrimit t\u00eb prokuroris\u00eb, duke miratuar rregulloren standard te\u0308 organizimit dhe funksionimit te\u0308 prokurorive te\u0308 juridiksionit te\u0308 pe\u0308rgjithshe\u0308m, por gjithashtu duke p\u00ebrcaktuar rregulla t\u00eb detajuara p\u00ebr procedurat e shpe\u0308rndarjes se\u0308 c\u0327e\u0308shtjeve, te\u0308 cilat sigurojne\u0308 transparence\u0308 dhe munde\u0308si te\u0308 mjaftueshme verifikimi, apo kriteret pe\u0308r shpe\u0308rndarjen e c\u0327e\u0308shtjeve, bazuar ne\u0308 ngarkese\u0308n dhe specializimin e prokurore\u0308ve, etj.<\/p>\n<p>Masa vet\u00eb parashikon gjithashtu detyrimin e planifikimit dhe menaxhimit eficent t\u00eb burimeve njer\u00ebzore dhe kjo lidhet drejtp\u00ebrdrejt\u00eb me struktur\u00ebn e prokurorive, p\u00ebrcaktimin e numrit t\u00eb p\u00ebrgjithsh\u00ebm t\u00eb prokuror\u00ebve n\u00eb Republik\u00ebn e Shqip\u00ebris\u00eb, p\u00ebrgjegj\u00ebsi e PP-s\u00eb, numrin e prokuror\u00ebve n\u00eb prokurorit\u00eb e rretheve gjyq\u00ebsore dhe apeleve, n\u00eb bashk\u00ebpunim me KLP, por edhe me c\u00ebshtje q\u00eb lidhen me buxhetin dhe mbar\u00ebvajtjen e pun\u00ebs n\u00eb administrat\u00ebn e prokuroris\u00eb s\u00eb juridiksionit t\u00eb p\u00ebrgjithsh\u00ebm (PP propozon dhe administron buxhetin e prokuroris\u00eb se\u0308 juridiksionit te\u0308 pe\u0308rgjithshe\u0308m).<\/p>\n<p>Masa, n\u00eb tekstin e saj, ka vendosur edhe nj\u00eb parashikim p\u00ebr 152 vende shtes\u00eb. Ky parashikim tregon se nevoja p\u00ebr shtimin e kapaciteteve t\u00eb burimeve njer\u00ebzore n\u00eb prokurori \u00ebsht\u00eb e lart\u00eb dhe emergjente. Megjithat\u00eb, vlen t\u00eb p\u00ebrmendet se n\u00eb formulimin e mas\u00ebs duhet t\u00eb shmangen shifra apo parashikime konkrete.<\/p>\n<p><em><strong>Konkluzion<\/strong>: Kjo mas\u00eb\u00ebsht\u00eb relevante me Rezultatin dhe e realizueshme, edhe pa u miratuar p\u00ebrfundimisht harta gjyq\u00ebsore. Ristrukturimet, l\u00ebvizjet e brendshme, rishp\u00ebrndarja e burimeve, procesi i planifikimit, etj, jan\u00eb veprimtari q\u00eb PP dhe prokurorit\u00eb vet\u00eb do t\u00eb duhet t\u2019i realizojn\u00eb n\u00eb nj\u00eb frekuenc\u00eb, t\u00eb pakt\u00ebn 5-vjecare, me q\u00ebllim rritjen e performanc\u00ebs s\u00eb tyre.<\/em>[\/vc_column_text][\/vc_column][\/vc_row][vc_row][vc_column icons_position=&#8221;left&#8221;][vc_separator][\/vc_column][\/vc_row]<\/p>\n","protected":false},"excerpt":{"rendered":"<p>[vc_row][vc_column hide_bg_image_on_tablet=&#8221;&#8221; hide_bg_image_on_mobile=&#8221;&#8221; icons_position=&#8221;left&#8221; css=&#8221;.vc_custom_1509966252982{margin-top: -0.4rem !important;}&#8221;][vc_column_text] Masa 3.2.1 \u201cP\u00ebrmir\u00ebsimi i menaxhimit strukturor dhe administrimit t\u00eb prokuroris\u00eb n\u00ebp\u00ebrmjet planifikimit dhe menaxhimit eficient t\u00eb burimeve njer\u00ebzore (152 shtes\u00eb)\u201d. Kjo mas\u00eb k\u00ebrkon nga PP q\u00eb, s\u00eb pari, t\u00eb p\u00ebrmir\u00ebsoj\u00eb menaxhimin strukturor t\u00eb organit t\u00eb prokuroris\u00eb, n\u00ebp\u00ebrmjet pe\u0308rcaktimit t\u00eb nj\u00eb strukture t\u00eb pe\u0308rgjithshme sa m\u00eb funksionale t\u00eb prokuroris\u00eb dhe, s\u00eb dyti, t\u00eb ndihmoj\u00eb&hellip;<\/p>\n","protected":false},"author":1,"featured_media":0,"parent":3346,"menu_order":0,"comment_status":"closed","ping_status":"closed","template":"","meta":{"footnotes":""},"class_list":["post-3360","page","type-page","status-publish","hentry"],"_links":{"self":[{"href":"https:\/\/ipls.org\/projekte\/alleyesonjustice\/wp-json\/wp\/v2\/pages\/3360","targetHints":{"allow":["GET"]}}],"collection":[{"href":"https:\/\/ipls.org\/projekte\/alleyesonjustice\/wp-json\/wp\/v2\/pages"}],"about":[{"href":"https:\/\/ipls.org\/projekte\/alleyesonjustice\/wp-json\/wp\/v2\/types\/page"}],"author":[{"embeddable":true,"href":"https:\/\/ipls.org\/projekte\/alleyesonjustice\/wp-json\/wp\/v2\/users\/1"}],"replies":[{"embeddable":true,"href":"https:\/\/ipls.org\/projekte\/alleyesonjustice\/wp-json\/wp\/v2\/comments?post=3360"}],"version-history":[{"count":3,"href":"https:\/\/ipls.org\/projekte\/alleyesonjustice\/wp-json\/wp\/v2\/pages\/3360\/revisions"}],"predecessor-version":[{"id":3364,"href":"https:\/\/ipls.org\/projekte\/alleyesonjustice\/wp-json\/wp\/v2\/pages\/3360\/revisions\/3364"}],"up":[{"embeddable":true,"href":"https:\/\/ipls.org\/projekte\/alleyesonjustice\/wp-json\/wp\/v2\/pages\/3346"}],"wp:attachment":[{"href":"https:\/\/ipls.org\/projekte\/alleyesonjustice\/wp-json\/wp\/v2\/media?parent=3360"}],"curies":[{"name":"wp","href":"https:\/\/api.w.org\/{rel}","templated":true}]}}