{"id":3365,"date":"2022-02-25T17:07:44","date_gmt":"2022-02-25T17:07:44","guid":{"rendered":"http:\/\/ipls.org\/projekte\/alleyesonjustice\/?page_id=3365"},"modified":"2022-02-25T17:07:44","modified_gmt":"2022-02-25T17:07:44","slug":"rezultati-3-2-3","status":"publish","type":"page","link":"https:\/\/ipls.org\/projekte\/alleyesonjustice\/qellimi-i-politikes-3\/objektivi-specifik-3-2\/rezultati-3-2-3\/","title":{"rendered":"Rezultati 3.2.3"},"content":{"rendered":"<p>[vc_row][vc_column hide_bg_image_on_tablet=&#8221;&#8221; hide_bg_image_on_mobile=&#8221;&#8221; icons_position=&#8221;left&#8221; css=&#8221;.vc_custom_1509966252982{margin-top: -0.4rem !important;}&#8221;][vc_column_text]<\/p>\n<h2><a name=\"_Toc77083928\"><\/a><a name=\"_Toc77151005\"><\/a><strong>Rezultati 3.2.3<\/strong><\/h2>\n<p><em>\u201c<\/em><em>SPAK e krijuar dhe aktiviteti i tij i konsoliduar<\/em><em>\u201d<\/em><em>.<\/em><\/p>\n<p>Rezultatet dhe masat q\u00eb lidhen me SPAK jan\u00eb t\u00eb mbartura nga SND I p\u00ebr shkak t\u00eb mosrealizimit t\u00eb tyre n\u00eb koh\u00ebn e parshikuar, si rrjedhoj\u00eb e vones\u00ebs n\u00eb ngritjen e SPAK dhe p\u00ebr shkak t\u00eb r\u00ebnd\u00ebsis\u00eb s\u00eb madhe dhe aktuale q\u00eb paraqet funksionimi i SPAK n\u00eb kapacitete t\u00eb plota dhe t\u00eb p\u00ebrmir\u00ebsuara.<\/p>\n<p>K\u00ebto jan\u00eb arsyet pse Rezultati k\u00ebrkon q\u00eb SPAK t\u00eb jet\u00eb krijuar dhe t\u00eb ket\u00eb nj\u00eb aktivitet t\u00eb konsoliduar. Krijimi i SPAK nuk duhet interpretuar n\u00eb m\u00ebnyr\u00eb literale, pasi \u00ebsht\u00eb pranuar se SPAK funksionon prej dhjetorit t\u00eb vitit 2019, por do t\u00eb duhet t\u00eb interpretohet si plot\u00ebsim i t\u00eb gjith\u00eb baz\u00ebs ligjore dhe n\u00ebnligjore p\u00ebr funksionimin e tij dhe plot\u00ebsim i struktur\u00ebs dhe organik\u00ebs s\u00eb k\u00ebtij institucioni. Q\u00ebllimi i dyt\u00eb i vendosur n\u00eb k\u00ebt\u00eb rezultat \u00ebsht\u00eb konsolidimi i aktivitetit t\u00eb SPAK, q\u00eb lidhet me q\u00ebndrueshm\u00ebrin\u00eb, vijim\u00ebsin\u00eb normale t\u00eb aktivitetit t\u00eb tij dhe p\u00ebrmir\u00ebsimin, n\u00ebp\u00ebrmjet procesit t\u00eb trajnimit, t\u00eb kapaciteteve t\u00eb tij.<\/p>\n<p>P\u00ebr p\u00ebrmbushjen e Rezultatit, plani i veprimit t\u00eb SND II ka parashikuar tre masa, t\u00eb cilat analizohen n\u00eb vijim.<\/p>\n<p><strong><em>Konkluzion<\/em><\/strong><em>: Ky rezultat <\/em><em>\u00eb<\/em><em>sht<\/em><em>\u00eb<\/em><em> n<\/em><em>\u00eb<\/em><em> p<\/em><em>\u00eb<\/em><em>rputhje me Objektivin dhe Q<\/em><em>\u00eb<\/em><em>llimin e Politik<\/em><em>\u00eb<\/em><em>s 3, i cili k<\/em><em>\u00eb<\/em><em>rkon, n<\/em><em>\u00eb<\/em><em> m<\/em><em>\u00eb<\/em><em>nyr<\/em><em>\u00eb<\/em><em> t<\/em><em>\u00eb<\/em><em> vecant<\/em><em>\u00eb<\/em><em>, eficenc<\/em><em>\u00eb<\/em><em> dhe proaktivitet n<\/em><em>\u00eb<\/em><em> c<\/em><em>\u00eb<\/em><em>shtjet q<\/em><em>\u00eb<\/em><em> jan<\/em><em>\u00eb<\/em><em> n<\/em><em>\u00eb<\/em><em> kompetenc<\/em><em>\u00eb<\/em><em>n e SPAK. K<\/em><em>\u00eb<\/em><em>t<\/em><em>\u00eb<\/em><em> q<\/em><em>\u00eb<\/em><em>llim SPAK mund t\u2018a p<\/em><em>\u00ebrmbush<\/em><em>\u00eb<\/em><em> vet<\/em><em>\u00eb<\/em><em>m n<\/em><em>\u00eb<\/em><em> momentin q<\/em><em>\u00eb<\/em><em> ofron q<\/em><em>\u00eb<\/em><em>ndrueshm<\/em><em>\u00eb<\/em><em>ri, vijim<\/em><em>\u00eb<\/em><em>si normale t<\/em><em>\u00eb<\/em><em> aktivitetit t<\/em><em>\u00eb<\/em><em> tij dhe p<\/em><em>\u00eb<\/em><em>rmir<\/em><em>\u00eb<\/em><em>simin, n<\/em><em>\u00eb<\/em><em>p<\/em><em>\u00eb<\/em><em>rmjet procesit t<\/em><em>\u00eb<\/em><em> trajnimit, t<\/em><em>\u00eb<\/em><em> kapaciteteve t<\/em><em>\u00eb<\/em><em> tij.<\/em>[\/vc_column_text][\/vc_column][\/vc_row][vc_row][vc_column icons_position=&#8221;left&#8221;][vc_separator][\/vc_column][\/vc_row]<\/p>\n","protected":false},"excerpt":{"rendered":"<p>[vc_row][vc_column hide_bg_image_on_tablet=&#8221;&#8221; hide_bg_image_on_mobile=&#8221;&#8221; icons_position=&#8221;left&#8221; css=&#8221;.vc_custom_1509966252982{margin-top: -0.4rem !important;}&#8221;][vc_column_text] Rezultati 3.2.3 \u201cSPAK e krijuar dhe aktiviteti i tij i konsoliduar\u201d. Rezultatet dhe masat q\u00eb lidhen me SPAK jan\u00eb t\u00eb mbartura nga SND I p\u00ebr shkak t\u00eb mosrealizimit t\u00eb tyre n\u00eb koh\u00ebn e parshikuar, si rrjedhoj\u00eb e vones\u00ebs n\u00eb ngritjen e SPAK dhe p\u00ebr shkak t\u00eb r\u00ebnd\u00ebsis\u00eb s\u00eb madhe dhe aktuale q\u00eb paraqet&hellip;<\/p>\n","protected":false},"author":1,"featured_media":0,"parent":3346,"menu_order":0,"comment_status":"closed","ping_status":"closed","template":"","meta":{"footnotes":""},"class_list":["post-3365","page","type-page","status-publish","hentry"],"_links":{"self":[{"href":"https:\/\/ipls.org\/projekte\/alleyesonjustice\/wp-json\/wp\/v2\/pages\/3365","targetHints":{"allow":["GET"]}}],"collection":[{"href":"https:\/\/ipls.org\/projekte\/alleyesonjustice\/wp-json\/wp\/v2\/pages"}],"about":[{"href":"https:\/\/ipls.org\/projekte\/alleyesonjustice\/wp-json\/wp\/v2\/types\/page"}],"author":[{"embeddable":true,"href":"https:\/\/ipls.org\/projekte\/alleyesonjustice\/wp-json\/wp\/v2\/users\/1"}],"replies":[{"embeddable":true,"href":"https:\/\/ipls.org\/projekte\/alleyesonjustice\/wp-json\/wp\/v2\/comments?post=3365"}],"version-history":[{"count":1,"href":"https:\/\/ipls.org\/projekte\/alleyesonjustice\/wp-json\/wp\/v2\/pages\/3365\/revisions"}],"predecessor-version":[{"id":3366,"href":"https:\/\/ipls.org\/projekte\/alleyesonjustice\/wp-json\/wp\/v2\/pages\/3365\/revisions\/3366"}],"up":[{"embeddable":true,"href":"https:\/\/ipls.org\/projekte\/alleyesonjustice\/wp-json\/wp\/v2\/pages\/3346"}],"wp:attachment":[{"href":"https:\/\/ipls.org\/projekte\/alleyesonjustice\/wp-json\/wp\/v2\/media?parent=3365"}],"curies":[{"name":"wp","href":"https:\/\/api.w.org\/{rel}","templated":true}]}}