{"id":3368,"date":"2022-02-25T17:09:11","date_gmt":"2022-02-25T17:09:11","guid":{"rendered":"http:\/\/ipls.org\/projekte\/alleyesonjustice\/?page_id=3368"},"modified":"2022-02-25T17:09:11","modified_gmt":"2022-02-25T17:09:11","slug":"masa-3-2-10","status":"publish","type":"page","link":"https:\/\/ipls.org\/projekte\/alleyesonjustice\/qellimi-i-politikes-3\/objektivi-specifik-3-2\/masa-3-2-10\/","title":{"rendered":"Masa 3.2.10"},"content":{"rendered":"<p>[vc_row][vc_column hide_bg_image_on_tablet=&#8221;&#8221; hide_bg_image_on_mobile=&#8221;&#8221; icons_position=&#8221;left&#8221; css=&#8221;.vc_custom_1509966252982{margin-top: -0.4rem !important;}&#8221;][vc_column_text]<\/p>\n<h2><a name=\"_Toc77083928\"><\/a><a name=\"_Toc77151005\"><\/a><strong>Masa 3.2.10<\/strong><\/h2>\n<p><em>\u201c<\/em><em>P<\/em><em>\u00eb<\/em><em>rgatitja e analizave t<\/em><em>\u00eb<\/em><em> rregullta nd<\/em><em>\u00eb<\/em><em>rinstitucionale mbi efi<\/em><em>\u00e7<\/em><em>enc<\/em><em>\u00eb<\/em><em>n e hetimeve ndaj pastrimit t<\/em><em>\u00eb<\/em><em> parave, hartimi i raporteve t<\/em><em>\u00eb<\/em><em> analiz<\/em><em>\u00eb<\/em><em>s mbi evidentimin e problematikave dhep<\/em><em>\u00eb<\/em><em>rgatitja e paket<\/em><em>\u00eb<\/em><em>s s<\/em><em>\u00eb<\/em><em> rekomandimeve<\/em><em>\u201d<\/em><em>.<\/em><\/p>\n<p>Kjo mas\u00eb k\u00ebrkon q\u00eb SPAK t\u00eb realizoj\u00eb analiza mbi eficienc\u00ebn e hetimit t\u00eb tij t\u00eb rasteve t\u00eb pastrimit t\u00eb parave, raporte me q\u00ebllim evidentimin e problematikave t\u00eb hasura dhe t\u00eb jap\u00eb rekomandime aty ku \u00ebsht\u00eb e nevojshme. P\u00ebr realizimin e k\u00ebsaj mase, Plani i Veprimit t\u00eb SND II ka p\u00ebrcaktuar SPAK si organ t\u00eb vecant\u00eb dhe t\u00ebr\u00ebsisht t\u00eb pavarur n\u00eb realizimin e detyrave t\u00eb tij. Megjithat\u00eb Masa k\u00ebrkon q\u00eb t\u00eb p\u00ebrgatiten analiza t\u00eb rregullta nd\u00ebrinstitucionale.<\/p>\n<p>Nuk \u00ebsht\u00eb shum\u00eb e qart\u00eb se cilat organe t\u00eb tjera do t\u00eb kontribuojn\u00eb p\u00ebr k\u00ebto analiza. Do t\u00eb vler\u00ebsohej si m\u00eb i p\u00ebrshtatsh\u00ebm roli q\u00eb mund t\u00eb luaj\u00eb Prokurori i P\u00ebrgjithsh\u00ebm, si rrjedhim i t\u00eb drejt\u00ebs s\u00eb tij p\u00ebr t\u00eb mbledhur informacion, p\u00ebr t\u2019a p\u00ebrpunuar at\u00eb dhe p\u00ebr t\u00eb raportuar cdo vit mbi gjendjen e kriminalitetit n\u00eb vend, p\u00ebrfshir\u00eb k\u00ebtu edhe veprat penale q\u00eb jan\u00eb kompetenc\u00eb e SPAK. Gjithashtu, pjes\u00eb e k\u00ebtyre analizave mund t\u00eb jet\u00eb edhe KLP, e cila analizon raportet vjetore t\u00eb SPAK.<\/p>\n<p><strong><em>Konkluzion:<\/em><\/strong><em>Kjo mas<\/em><em>\u00eb\u00eb<\/em><em>sht<\/em><em>\u00eb<\/em><em> n<\/em><em>\u00eb<\/em><em> p<\/em><em>\u00eb<\/em><em>rputhje me Rezultatin dhe ndihmon n<\/em><em>\u00eb<\/em><em> c<\/em><em>\u00eb<\/em><em>shtje t<\/em><em>\u00eb<\/em><em> llogaridh<\/em><em>\u00eb<\/em><em>nies, p<\/em><em>\u00eb<\/em><em>rgjegj<\/em><em>\u00eb<\/em><em>sis<\/em><em>\u00eb<\/em><em> dhe komunikimit me publikun. Megjithat<\/em><em>\u00eb<\/em><em>, edhe pse q<\/em><em>\u00eb<\/em><em>llimi i mas<\/em><em>\u00eb<\/em><em>s <\/em><em>\u00eb<\/em><em>sht<\/em><em>\u00eb<\/em><em> shum<\/em><em>\u00eb<\/em><em> i vler<\/em><em>\u00eb<\/em><em>suesh<\/em><em>\u00eb<\/em><em>m pasi lidhet me mund<\/em><em>\u00eb<\/em><em>sin<\/em><em>\u00eb<\/em><em> q<\/em><em>\u00eb<\/em><em> SPAK t<\/em><em>\u00eb<\/em><em> kontrolloj<\/em><em>\u00eb<\/em><em> dhe p<\/em><em>\u00eb<\/em><em>rmir<\/em><em>\u00eb<\/em><em>soj<\/em><em>\u00eb<\/em><em> vetveten, p<\/em><em>\u00eb<\/em><em>r t<\/em><em>\u00eb<\/em><em> b<\/em><em>\u00eb<\/em><em>r<\/em><em>\u00eb<\/em><em>t<\/em><em>\u00eb<\/em><em> mundur p<\/em><em>\u00eb<\/em><em>rmbushjen e saj <\/em><em>\u00eb<\/em><em>sht<\/em><em>\u00eb<\/em><em> i nevojsh<\/em><em>\u00eb<\/em><em>m nj<\/em><em>\u00eb<\/em><em> sqarim m<\/em><em>\u00eb<\/em><em> i detajuar i veprimeve q<\/em><em>\u00eb<\/em><em> mund t<\/em><em>\u00eb<\/em><em> nd<\/em><em>\u00eb<\/em><em>rmerren dhe organeve q<\/em><em>\u00eb<\/em><em> mund t<\/em><em>\u00eb<\/em><em> p<\/em><em>\u00eb<\/em><em>rfshihen n<\/em><em>\u00eb<\/em><em> k<\/em><em>\u00eb<\/em><em>t<\/em><em>\u00eb<\/em><em>proces. Kjo mas<\/em><em>\u00eb<\/em><em> parashikohet t<\/em><em>\u00eb<\/em><em> realizohet deri n<\/em><em>\u00eb<\/em><em> p<\/em><em>\u00eb<\/em><em>rfundim t<\/em><em>\u00eb<\/em><em> SND II, parashikim i cili <\/em><em>\u00eb<\/em><em>sht<\/em><em>\u00eb<\/em><em> pozitiv, sepse lejon qart<\/em><em>\u00eb<\/em><em>simin n<\/em><em>\u00eb<\/em><em> detyra m<\/em><em>\u00eb<\/em><em> konkrete t<\/em><em>\u00eb<\/em><em> k<\/em><em>\u00eb<\/em><em>saj mase dhe n<\/em><em>\u00eb<\/em><em> b<\/em><em>\u00eb<\/em><em>rjen efektive t<\/em><em>\u00eb<\/em><em> saj. <\/em>[\/vc_column_text][\/vc_column][\/vc_row][vc_row][vc_column icons_position=&#8221;left&#8221;][vc_separator][\/vc_column][\/vc_row]<\/p>\n","protected":false},"excerpt":{"rendered":"<p>[vc_row][vc_column hide_bg_image_on_tablet=&#8221;&#8221; hide_bg_image_on_mobile=&#8221;&#8221; icons_position=&#8221;left&#8221; css=&#8221;.vc_custom_1509966252982{margin-top: -0.4rem !important;}&#8221;][vc_column_text] Masa 3.2.10 \u201cP\u00ebrgatitja e analizave t\u00eb rregullta nd\u00ebrinstitucionale mbi efi\u00e7enc\u00ebn e hetimeve ndaj pastrimit t\u00eb parave, hartimi i raporteve t\u00eb analiz\u00ebs mbi evidentimin e problematikave dhep\u00ebrgatitja e paket\u00ebs s\u00eb rekomandimeve\u201d. Kjo mas\u00eb k\u00ebrkon q\u00eb SPAK t\u00eb realizoj\u00eb analiza mbi eficienc\u00ebn e hetimit t\u00eb tij t\u00eb rasteve t\u00eb pastrimit t\u00eb parave, raporte me q\u00ebllim&hellip;<\/p>\n","protected":false},"author":1,"featured_media":0,"parent":3346,"menu_order":0,"comment_status":"closed","ping_status":"closed","template":"","meta":{"footnotes":""},"class_list":["post-3368","page","type-page","status-publish","hentry"],"_links":{"self":[{"href":"https:\/\/ipls.org\/projekte\/alleyesonjustice\/wp-json\/wp\/v2\/pages\/3368","targetHints":{"allow":["GET"]}}],"collection":[{"href":"https:\/\/ipls.org\/projekte\/alleyesonjustice\/wp-json\/wp\/v2\/pages"}],"about":[{"href":"https:\/\/ipls.org\/projekte\/alleyesonjustice\/wp-json\/wp\/v2\/types\/page"}],"author":[{"embeddable":true,"href":"https:\/\/ipls.org\/projekte\/alleyesonjustice\/wp-json\/wp\/v2\/users\/1"}],"replies":[{"embeddable":true,"href":"https:\/\/ipls.org\/projekte\/alleyesonjustice\/wp-json\/wp\/v2\/comments?post=3368"}],"version-history":[{"count":1,"href":"https:\/\/ipls.org\/projekte\/alleyesonjustice\/wp-json\/wp\/v2\/pages\/3368\/revisions"}],"predecessor-version":[{"id":3369,"href":"https:\/\/ipls.org\/projekte\/alleyesonjustice\/wp-json\/wp\/v2\/pages\/3368\/revisions\/3369"}],"up":[{"embeddable":true,"href":"https:\/\/ipls.org\/projekte\/alleyesonjustice\/wp-json\/wp\/v2\/pages\/3346"}],"wp:attachment":[{"href":"https:\/\/ipls.org\/projekte\/alleyesonjustice\/wp-json\/wp\/v2\/media?parent=3368"}],"curies":[{"name":"wp","href":"https:\/\/api.w.org\/{rel}","templated":true}]}}