{"id":3375,"date":"2022-02-25T17:13:24","date_gmt":"2022-02-25T17:13:24","guid":{"rendered":"http:\/\/ipls.org\/projekte\/alleyesonjustice\/?page_id=3375"},"modified":"2022-02-25T17:13:24","modified_gmt":"2022-02-25T17:13:24","slug":"masa-3-2-14","status":"publish","type":"page","link":"https:\/\/ipls.org\/projekte\/alleyesonjustice\/qellimi-i-politikes-3\/objektivi-specifik-3-2\/masa-3-2-14\/","title":{"rendered":"Masa 3.2.14"},"content":{"rendered":"<p>[vc_row][vc_column hide_bg_image_on_tablet=&#8221;&#8221; hide_bg_image_on_mobile=&#8221;&#8221; icons_position=&#8221;left&#8221; css=&#8221;.vc_custom_1509966252982{margin-top: -0.4rem !important;}&#8221;][vc_column_text]<\/p>\n<h2><a name=\"_Toc77083928\"><\/a><a name=\"_Toc77151005\"><\/a><strong>Masa 3.2.14<\/strong><\/h2>\n<p><em>\u201c<\/em><em>Trajnimi i kapaciteteve institucionale t<\/em><em>\u00eb<\/em><em> SPAK (trajnime\/seminare)<\/em><em>\u201d<\/em>.<\/p>\n<p>Kjo mas\u00eb parashikon se SPAK duhet t\u00eb realizoj\u00eb procesin e trajnimit p\u00ebr administrat\u00ebn e institucionit. Edhe pse kjo mas\u00eb ka qen\u00eb e parashikuar edhe n\u00eb SND I, konkretisht masa 4.02 f, \u201c<em>Trajnimi i an<\/em><em>\u00eb<\/em><em>tar<\/em><em>\u00eb<\/em><em>ve t<\/em><em>\u00eb<\/em><em> SPAK dhe stafit administrativ. Krijimi i kurrikulave\/trajnimit pilot<\/em>\u201d, s\u00ebrish \u00ebsht\u00eb i nevojsh\u00ebm parashikimi i saj n\u00eb SND II, si rrjedhoj\u00eb e funksionimit t\u00eb pjessh\u00ebm t\u00eb SPAK p\u00ebrgjat\u00eb SND I, si n\u00eb koh\u00eb, edhe n\u00eb burime njer\u00ebzore.<\/p>\n<p>\u00cbsht\u00eb me vend t\u00eb theksohet r\u00ebnd\u00ebsia q\u00eb ka trajnimi p\u00ebr k\u00ebt\u00eb institucion. N\u00eb Kushtetut\u00eb, e m\u00eb tej n\u00eb ligj, SPAK \u00ebsht\u00eb konceptuar si organ hetimor q\u00eb ka karakteristik\u00eb faktin se \u00ebsht\u00eb organi specializuar. Pra, SPAK duhet t\u00eb p\u00ebrb\u00ebhet nga profesionist\u00ebt m\u00eb t\u00eb mir\u00eb t\u00eb fush\u00ebs, t\u00eb cil\u00ebt duhet t\u2019i n\u00ebnshtrohen trajnimeve t\u00eb specializuara p\u00ebr t\u00eb qen\u00eb n\u00eb gjendje t\u00eb veprojn\u00eb si trupa q\u00eb p\u00ebrdorin \u00e7do lloj metode t\u00eb avancuar dhe speciale p\u00ebr detektimin, ndjekjen dhe nd\u00ebshkimin e veprave penale q\u00eb ato kan\u00eb n\u00eb p\u00ebrgjegj\u00ebsi. V\u00ebshtir\u00ebsi t\u00eb nj\u00eb natyre t\u00eb vecant\u00eb ka edhe stafi administrativ i SPAK, p\u00ebr shkak t\u00eb element\u00ebve thelb\u00ebsor\u00eb kufizues t\u00eb disa t\u00eb drejtave q\u00eb iu vijn\u00eb si rrjedhoj\u00eb e pun\u00ebs s\u00eb tyre n\u00eb k\u00ebt\u00eb institucion. T\u00eb gjith\u00eb punonj\u00ebsit duhet t\u00eb p\u00ebrmbushin kushte t\u00eb vecanta, t\u00eb parashikuara nga ligji i posac\u00ebm<a href=\"#_ftn1\" name=\"_ftnref1\"><sup>[1]<\/sup><\/a>, p\u00ebr t\u00eb qen\u00eb t\u00eb p\u00ebrshtatsh\u00ebm p\u00ebr k\u00ebto pozicione.<\/p>\n<p>Gjithashtu, SPAK, konkretisht, Drejtuesi i Prokurorise\u0308 se\u0308 Posac\u0327me dhe drejtuesit e sektore\u0308ve, kryejne\u0308 mbike\u0308qyrjen administrative te\u0308 marrjes ne\u0308 pune\u0308, trajnimit, disipline\u0308s dhe vlere\u0308simit t\u00eb punonje\u0308sve dhe eksperte\u0308ve te\u0308 Prokurorise\u0308 se\u0308 Posac\u0327me, si dhe i caktojne\u0308 ata te\u0308 punojne\u0308 me prokurore\u0308t.<\/p>\n<p><strong><em>Konkluzion<\/em><\/strong><em>: Kjo mas<\/em><em>\u00eb<\/em><em> vazhdon t<\/em><em>\u00eb<\/em><em> jet<\/em><em>\u00eb<\/em><em> relevante, edhepse ka qen<\/em><em>\u00eb<\/em><em> e parashikuar n<\/em><em>\u00eb<\/em><em> SND I. Kjo lidhet me vones<\/em><em>\u00eb<\/em><em>n n<\/em><em>\u00eb<\/em><em> krijimin e SPAK dhe n<\/em><em>\u00eb<\/em><em> funksionimin e pjessh<\/em><em>\u00eb<\/em><em>m t<\/em><em>\u00eb<\/em><em> SPAK deri m<\/em><em>\u00eb<\/em><em> tani si n<\/em><em>\u00eb<\/em><em> prokuror<\/em><em>\u00eb<\/em><em>, edhe n<\/em><em>\u00eb<\/em><em> burime njer<\/em><em>\u00eb<\/em><em>zore mb<\/em><em>\u00eb<\/em><em>shtet<\/em><em>\u00eb<\/em><em>se dhe infrastruktur<\/em><em>\u00eb<\/em><em>.<\/em><\/p>\n<p><a href=\"#_ftnref1\" name=\"_ftn1\">[1]<\/a>Ligj 95\/2016, \u201cP\u00ebr organizimin dhe funksionimin e institucioneve p\u00ebr t\u00eb luftuar korrupsionin dhe krimin e organizuar\u201d;[\/vc_column_text][\/vc_column][\/vc_row][vc_row][vc_column icons_position=&#8221;left&#8221;][vc_separator][\/vc_column][\/vc_row]<\/p>\n","protected":false},"excerpt":{"rendered":"<p>[vc_row][vc_column hide_bg_image_on_tablet=&#8221;&#8221; hide_bg_image_on_mobile=&#8221;&#8221; icons_position=&#8221;left&#8221; css=&#8221;.vc_custom_1509966252982{margin-top: -0.4rem !important;}&#8221;][vc_column_text] Masa 3.2.14 \u201cTrajnimi i kapaciteteve institucionale t\u00eb SPAK (trajnime\/seminare)\u201d. Kjo mas\u00eb parashikon se SPAK duhet t\u00eb realizoj\u00eb procesin e trajnimit p\u00ebr administrat\u00ebn e institucionit. Edhe pse kjo mas\u00eb ka qen\u00eb e parashikuar edhe n\u00eb SND I, konkretisht masa 4.02 f, \u201cTrajnimi i an\u00ebtar\u00ebve t\u00eb SPAK dhe stafit administrativ. Krijimi i kurrikulave\/trajnimit pilot\u201d, s\u00ebrish&hellip;<\/p>\n","protected":false},"author":1,"featured_media":0,"parent":3346,"menu_order":0,"comment_status":"closed","ping_status":"closed","template":"","meta":{"footnotes":""},"class_list":["post-3375","page","type-page","status-publish","hentry"],"_links":{"self":[{"href":"https:\/\/ipls.org\/projekte\/alleyesonjustice\/wp-json\/wp\/v2\/pages\/3375","targetHints":{"allow":["GET"]}}],"collection":[{"href":"https:\/\/ipls.org\/projekte\/alleyesonjustice\/wp-json\/wp\/v2\/pages"}],"about":[{"href":"https:\/\/ipls.org\/projekte\/alleyesonjustice\/wp-json\/wp\/v2\/types\/page"}],"author":[{"embeddable":true,"href":"https:\/\/ipls.org\/projekte\/alleyesonjustice\/wp-json\/wp\/v2\/users\/1"}],"replies":[{"embeddable":true,"href":"https:\/\/ipls.org\/projekte\/alleyesonjustice\/wp-json\/wp\/v2\/comments?post=3375"}],"version-history":[{"count":1,"href":"https:\/\/ipls.org\/projekte\/alleyesonjustice\/wp-json\/wp\/v2\/pages\/3375\/revisions"}],"predecessor-version":[{"id":3376,"href":"https:\/\/ipls.org\/projekte\/alleyesonjustice\/wp-json\/wp\/v2\/pages\/3375\/revisions\/3376"}],"up":[{"embeddable":true,"href":"https:\/\/ipls.org\/projekte\/alleyesonjustice\/wp-json\/wp\/v2\/pages\/3346"}],"wp:attachment":[{"href":"https:\/\/ipls.org\/projekte\/alleyesonjustice\/wp-json\/wp\/v2\/media?parent=3375"}],"curies":[{"name":"wp","href":"https:\/\/api.w.org\/{rel}","templated":true}]}}