{"id":3378,"date":"2022-02-25T17:14:55","date_gmt":"2022-02-25T17:14:55","guid":{"rendered":"http:\/\/ipls.org\/projekte\/alleyesonjustice\/?page_id=3378"},"modified":"2022-02-25T17:14:55","modified_gmt":"2022-02-25T17:14:55","slug":"rezultati-3-2-4","status":"publish","type":"page","link":"https:\/\/ipls.org\/projekte\/alleyesonjustice\/qellimi-i-politikes-3\/objektivi-specifik-3-2\/rezultati-3-2-4\/","title":{"rendered":"Rezultati 3.2.4"},"content":{"rendered":"<p>[vc_row][vc_column hide_bg_image_on_tablet=&#8221;&#8221; hide_bg_image_on_mobile=&#8221;&#8221; icons_position=&#8221;left&#8221; css=&#8221;.vc_custom_1509966252982{margin-top: -0.4rem !important;}&#8221;][vc_column_text]<\/p>\n<h2><a name=\"_Toc77083928\"><\/a><a name=\"_Toc77151005\"><\/a><strong>Rezultati 3.2.4 <\/strong><\/h2>\n<p><em>\u201c<\/em><em>BKH e krijuar dhe aktiviteti i saj i konsoliduar<\/em><em>\u201d<\/em><em>.<\/em><\/p>\n<p>Byroja Kombe\u0308tare e Hetimit (BKH) e\u0308shte\u0308 strukture\u0308 e specializuar e Policise\u0308 Gjyqe\u0308sore, qe\u0308 heton veprat penale ne\u0308 juridiksionin penal te\u0308 Prokurorise\u0308 se\u0308 Posac\u0327me.<\/p>\n<p>Rezultati i fundit q\u00eb k\u00ebrkohet t\u00eb arrihet n\u00eb funksion t\u00eb plot\u00ebsimit t\u00eb sistemit t\u00eb prokuroris\u00eb\u00ebsht\u00eb krijimi dhe konsolidimi i BKH, struktur\u00eb hetimore q\u00eb ka munguar deri n\u00eb vitin 2020<a href=\"#_ftn1\" name=\"_ftnref1\"><sup>[1]<\/sup><\/a>. P\u00ebr shkak t\u00eb mungesave t\u00eb saj t\u00eb m\u00ebdha n\u00eb burime njer\u00ebzore dhe nevoj\u00ebs p\u00ebr t\u2018a pasur sa m\u00eb shpejt funksionale k\u00ebt\u00eb hallk\u00eb shum\u00eb t\u00eb r\u00ebnd\u00ebsishme t\u00eb procesit hetimor nga SPAK, ky rezultat ka nevoj\u00eb emergjente p\u00ebr t\u2018u p\u00ebrmbushur.<\/p>\n<p>Konsolidimi i aktivitetit t\u00eb saj n\u00ebnkupton q\u00eb BKH \u00ebsht\u00eb duke kryer detyrat n\u00eb m\u00ebnyr\u00eb plot\u00ebsisht t\u00eb q\u00ebndrueshme, sipas nj\u00eb strukture dhe organike t\u00eb qart\u00eb e t\u00eb plot\u00ebsuar, sipas rregullave e udh\u00ebzimeve t\u00eb hartuara e t\u00eb miratuara dhe me profesionalitet.<\/p>\n<p>N\u00eb p\u00ebrmbushje t\u00eb k\u00ebtij rezultati, plani i masave t\u00eb SND II ka parashikuar gjithsej dy masa, t\u00eb cilat do t\u00eb analizohen n\u00eb vijim.<\/p>\n<p><strong><em>Konkluzion<\/em><\/strong><em>: Ky rezultat k<\/em><em>\u00eb<\/em><em>rkon krijimin dhe konsolidimin e hallk<\/em><em>\u00eb<\/em><em>s q<\/em><em>\u00eb<\/em><em> ka munguar deri m<\/em><em>\u00eb<\/em><em> tani dhe q<\/em><em>\u00eb\u00eb<\/em><em>sht<\/em><em>\u00eb<\/em><em> risi p<\/em><em>\u00eb<\/em><em>r Shqip<\/em><em>\u00eb<\/em><em>rin<\/em><em>\u00eb<\/em><em>, BKH-n<\/em><em>\u00eb<\/em><em>. Arritja e k<\/em><em>\u00eb<\/em><em>tij rezultati <\/em><em>\u00eb<\/em><em>sht<\/em><em>\u00eb<\/em><em> nj<\/em><em>\u00eb<\/em><em> hap i r<\/em><em>\u00eb<\/em><em>nd<\/em><em>\u00eb<\/em><em>sish<\/em><em>\u00eb<\/em><em>m n<\/em><em>\u00eb<\/em><em> funksion t<\/em><em>\u00eb<\/em><em> hetimit.<\/em><\/p>\n<p><a href=\"#_ftnref1\" name=\"_ftn1\">[1]<\/a>Sh\u00ebnim i autorit: Pas krijimit te\u0308 Prokurorise\u0308 se\u0308 Posac\u0327me dhe fillimit te\u0308 ushtrimit te\u0308 funksioneve nga kjo prokurori me date\u0308n 19.12 2019, procesi i pe\u0308rzgjedhjes se kandidatit pe\u0308r pozicionin e Drejtorit te\u0308 Byrose\u0308 Kombe\u0308tare\u0308 te\u0308 Hetimit, ka qe\u0308ne\u0308 procesi me\u0308 i re\u0308nde\u0308sishe\u0308m i organizuar ne\u0308 Prokurorine\u0308 e Posac\u0327me, ne\u0308 drejtim te\u0308 ngritjes se\u0308 strukture\u0308s se\u0308 Byrose\u0308 Kombe\u0308tare te\u0308 Hetimit. Ke\u0308shilli i Larte\u0308 i Prokurorise\u0308, me vendimin Nr.183, date 30.07.2020 ka eme\u0308ruar Drejtorin e Byrose\u0308 Kombe\u0308tare te\u0308 Hetimit, pe\u0308r nje\u0308 mandat pese\u0308vjec\u0327ar, i cili fillon nga data 01.09.2020. Menje\u0308here\u0308 pas fillimit pune\u0308 te\u0308 Drejtorit te\u0308 BKH-se\u0308, ka filluar dhe procedura e pe\u0308rzgjedhjes se\u0308 hetuesve te\u0308 BKH-se\u0308, e cila nuk u p\u00ebrmbyll dot brenda vitit 2020 dhe n\u00eb prill 2021 \u00ebsht\u00eb njoftuar s\u00ebrish p\u00ebr hapjen e tridhjet\u00eb e dy vendeve vakante p\u00ebr hetues.[\/vc_column_text][\/vc_column][\/vc_row][vc_row][vc_column icons_position=&#8221;left&#8221;][vc_separator][\/vc_column][\/vc_row]<\/p>\n","protected":false},"excerpt":{"rendered":"<p>[vc_row][vc_column hide_bg_image_on_tablet=&#8221;&#8221; hide_bg_image_on_mobile=&#8221;&#8221; icons_position=&#8221;left&#8221; css=&#8221;.vc_custom_1509966252982{margin-top: -0.4rem !important;}&#8221;][vc_column_text] Rezultati 3.2.4 \u201cBKH e krijuar dhe aktiviteti i saj i konsoliduar\u201d. Byroja Kombe\u0308tare e Hetimit (BKH) e\u0308shte\u0308 strukture\u0308 e specializuar e Policise\u0308 Gjyqe\u0308sore, qe\u0308 heton veprat penale ne\u0308 juridiksionin penal te\u0308 Prokurorise\u0308 se\u0308 Posac\u0327me. Rezultati i fundit q\u00eb k\u00ebrkohet t\u00eb arrihet n\u00eb funksion t\u00eb plot\u00ebsimit t\u00eb sistemit t\u00eb prokuroris\u00eb\u00ebsht\u00eb krijimi dhe konsolidimi i&hellip;<\/p>\n","protected":false},"author":1,"featured_media":0,"parent":3346,"menu_order":0,"comment_status":"closed","ping_status":"closed","template":"","meta":{"footnotes":""},"class_list":["post-3378","page","type-page","status-publish","hentry"],"_links":{"self":[{"href":"https:\/\/ipls.org\/projekte\/alleyesonjustice\/wp-json\/wp\/v2\/pages\/3378","targetHints":{"allow":["GET"]}}],"collection":[{"href":"https:\/\/ipls.org\/projekte\/alleyesonjustice\/wp-json\/wp\/v2\/pages"}],"about":[{"href":"https:\/\/ipls.org\/projekte\/alleyesonjustice\/wp-json\/wp\/v2\/types\/page"}],"author":[{"embeddable":true,"href":"https:\/\/ipls.org\/projekte\/alleyesonjustice\/wp-json\/wp\/v2\/users\/1"}],"replies":[{"embeddable":true,"href":"https:\/\/ipls.org\/projekte\/alleyesonjustice\/wp-json\/wp\/v2\/comments?post=3378"}],"version-history":[{"count":1,"href":"https:\/\/ipls.org\/projekte\/alleyesonjustice\/wp-json\/wp\/v2\/pages\/3378\/revisions"}],"predecessor-version":[{"id":3379,"href":"https:\/\/ipls.org\/projekte\/alleyesonjustice\/wp-json\/wp\/v2\/pages\/3378\/revisions\/3379"}],"up":[{"embeddable":true,"href":"https:\/\/ipls.org\/projekte\/alleyesonjustice\/wp-json\/wp\/v2\/pages\/3346"}],"wp:attachment":[{"href":"https:\/\/ipls.org\/projekte\/alleyesonjustice\/wp-json\/wp\/v2\/media?parent=3378"}],"curies":[{"name":"wp","href":"https:\/\/api.w.org\/{rel}","templated":true}]}}