{"id":3381,"date":"2022-02-25T17:16:42","date_gmt":"2022-02-25T17:16:42","guid":{"rendered":"http:\/\/ipls.org\/projekte\/alleyesonjustice\/?page_id=3381"},"modified":"2022-02-25T17:16:42","modified_gmt":"2022-02-25T17:16:42","slug":"masa-3-2-12","status":"publish","type":"page","link":"https:\/\/ipls.org\/projekte\/alleyesonjustice\/qellimi-i-politikes-3\/objektivi-specifik-3-2\/masa-3-2-12\/","title":{"rendered":"Masa 3.2.12"},"content":{"rendered":"<p>[vc_row][vc_column hide_bg_image_on_tablet=&#8221;&#8221; hide_bg_image_on_mobile=&#8221;&#8221; icons_position=&#8221;left&#8221; css=&#8221;.vc_custom_1509966252982{margin-top: -0.4rem !important;}&#8221;][vc_column_text]<\/p>\n<h2><a name=\"_Toc77083928\"><\/a><a name=\"_Toc77151005\"><\/a><strong>Masa 3.2.12 <\/strong><\/h2>\n<p><em>\u201c<\/em><em>Konsolidimi <\/em><em>i<\/em><em> burimeve njer<\/em><em>\u00eb<\/em><em>zore p<\/em><em>\u00eb<\/em><em>r funksionimin e plot<\/em><em>\u00eb<\/em><em> t<\/em><em>\u00eb<\/em><em> BKH (60+kapacitetet administrative)<\/em><em>\u201d.<\/em><\/p>\n<p>Kjo mas\u00eb parashikon plot\u00ebsimin me personel (drejtori, z\u00ebvend\u00ebsdrejtori, hetuesit, oficer\u00ebt e sh\u00ebrbimeve t\u00eb Policis\u00eb Gjyq\u00ebsore dhe stafi administrativ i BKH),\u00a0 sigurimin e q\u00ebndrueshm\u00ebris\u00eb dhe trajtimin financiar<a href=\"#_ftn1\" name=\"_ftnref1\"><sup>[1]<\/sup><\/a>t\u00eb tyre.<\/p>\n<p><em><strong>Konkluzion<\/strong>: B\u00ebrja funksionale e BKH-s\u00eb\u00ebsht\u00eb nj\u00eb mas\u00eb thelb\u00ebsore p\u00ebr ecurin\u00eb e procesit hetimor, prandaj ajo \u00ebsht\u00eb relevante dhe emergjente p\u00ebr t\u2019u zbatuar. Afati i p\u00ebrcaktuar n\u00eb Planin e Veprimit t\u00eb SND II, viti 2022, \u00ebsht\u00eb i p\u00ebrshtatsh\u00ebm dhe i mundsh\u00ebm p\u00ebr t\u2019u realizuar.<\/em><\/p>\n<p><a href=\"#_ftnref1\" name=\"_ftn1\">[1]<\/a>N\u00eb mars t\u00eb vitit 2021, Kuvendi miratoi shtesa t\u00eb r\u00ebnd\u00ebsishme n\u00eb ligjin 95\/2016 p\u00ebr t\u00eb rritur dhe p\u00ebrforcuar trajtimin financiar t\u00eb Drejtorit t\u00eb BKH-s\u00eb, N\u00ebndrejtorit t\u00eb BKH-s\u00eb, hetuesve t\u00eb k\u00ebtij institucioni dhe n\u00ebpun\u00ebsve civil gjyqe\u0308sor ne\u0308 gjykatat e posac\u0327me pe\u0308r gjykimin e veprave penale te\u0308 korrupsionit dhe krimit te\u0308 organizuar, n\u00eb prokurorine\u0308 e posac\u0327me dhe ne\u0308 Byrone\u0308 Kombe\u0308tare te\u0308 Hetimit[1]. K\u00ebto shtesa ishin t\u00eb domosdoshme p\u00ebr t\u00eb garantuar nj\u00eb sistem hetimi t\u00eb pavarur ndaj \u00e7do influence politike, t\u00eb paansh\u00ebm, t\u00eb p\u00ebrgjegjsh\u00ebm, t\u00eb drejt\u00eb e profesional.[\/vc_column_text][\/vc_column][\/vc_row][vc_row][vc_column icons_position=&#8221;left&#8221;][vc_separator][\/vc_column][\/vc_row]<\/p>\n","protected":false},"excerpt":{"rendered":"<p>[vc_row][vc_column hide_bg_image_on_tablet=&#8221;&#8221; hide_bg_image_on_mobile=&#8221;&#8221; icons_position=&#8221;left&#8221; css=&#8221;.vc_custom_1509966252982{margin-top: -0.4rem !important;}&#8221;][vc_column_text] Masa 3.2.12 \u201cKonsolidimi i burimeve njer\u00ebzore p\u00ebr funksionimin e plot\u00eb t\u00eb BKH (60+kapacitetet administrative)\u201d. Kjo mas\u00eb parashikon plot\u00ebsimin me personel (drejtori, z\u00ebvend\u00ebsdrejtori, hetuesit, oficer\u00ebt e sh\u00ebrbimeve t\u00eb Policis\u00eb Gjyq\u00ebsore dhe stafi administrativ i BKH),\u00a0 sigurimin e q\u00ebndrueshm\u00ebris\u00eb dhe trajtimin financiar[1]t\u00eb tyre. Konkluzion: B\u00ebrja funksionale e BKH-s\u00eb\u00ebsht\u00eb nj\u00eb mas\u00eb thelb\u00ebsore p\u00ebr ecurin\u00eb e procesit&hellip;<\/p>\n","protected":false},"author":1,"featured_media":0,"parent":3346,"menu_order":0,"comment_status":"closed","ping_status":"closed","template":"","meta":{"footnotes":""},"class_list":["post-3381","page","type-page","status-publish","hentry"],"_links":{"self":[{"href":"https:\/\/ipls.org\/projekte\/alleyesonjustice\/wp-json\/wp\/v2\/pages\/3381","targetHints":{"allow":["GET"]}}],"collection":[{"href":"https:\/\/ipls.org\/projekte\/alleyesonjustice\/wp-json\/wp\/v2\/pages"}],"about":[{"href":"https:\/\/ipls.org\/projekte\/alleyesonjustice\/wp-json\/wp\/v2\/types\/page"}],"author":[{"embeddable":true,"href":"https:\/\/ipls.org\/projekte\/alleyesonjustice\/wp-json\/wp\/v2\/users\/1"}],"replies":[{"embeddable":true,"href":"https:\/\/ipls.org\/projekte\/alleyesonjustice\/wp-json\/wp\/v2\/comments?post=3381"}],"version-history":[{"count":1,"href":"https:\/\/ipls.org\/projekte\/alleyesonjustice\/wp-json\/wp\/v2\/pages\/3381\/revisions"}],"predecessor-version":[{"id":3382,"href":"https:\/\/ipls.org\/projekte\/alleyesonjustice\/wp-json\/wp\/v2\/pages\/3381\/revisions\/3382"}],"up":[{"embeddable":true,"href":"https:\/\/ipls.org\/projekte\/alleyesonjustice\/wp-json\/wp\/v2\/pages\/3346"}],"wp:attachment":[{"href":"https:\/\/ipls.org\/projekte\/alleyesonjustice\/wp-json\/wp\/v2\/media?parent=3381"}],"curies":[{"name":"wp","href":"https:\/\/api.w.org\/{rel}","templated":true}]}}