{"id":3387,"date":"2022-02-25T17:21:09","date_gmt":"2022-02-25T17:21:09","guid":{"rendered":"http:\/\/ipls.org\/projekte\/alleyesonjustice\/?page_id=3387"},"modified":"2022-02-25T17:21:09","modified_gmt":"2022-02-25T17:21:09","slug":"qellimi-i-politikes-4","status":"publish","type":"page","link":"https:\/\/ipls.org\/projekte\/alleyesonjustice\/qellimi-i-politikes-4\/","title":{"rendered":"Q\u00ebllimi i Politik\u00ebs 4"},"content":{"rendered":"<p>[vc_row][vc_column hide_bg_image_on_tablet=&#8221;&#8221; hide_bg_image_on_mobile=&#8221;&#8221; icons_position=&#8221;left&#8221; css=&#8221;.vc_custom_1509966252982{margin-top: -0.4rem !important;}&#8221;][vc_column_text]<\/p>\n<h2><a name=\"_Toc77083928\"><\/a><a name=\"_Toc77151005\"><\/a><strong>Q<\/strong><strong>\u00eb<\/strong><strong>llimi i Politik<\/strong><strong>\u00eb<\/strong><strong>s 4<\/strong><\/h2>\n<p><em>\u201cKoordinimi dhe menaxhimi efikas dhe efektiv i sektorit n<\/em><em>\u00eb<\/em><em> t<\/em><em>\u00eb<\/em><em> gjitha institucionet n<\/em><em>\u00eb<\/em><em> sektorin e drejt<\/em><em>\u00eb<\/em><em>sis<\/em><em>\u00eb<\/em><em>\u201d.<\/em><\/p>\n<p>Ky q\u00ebllim lidhet me koordinimin dhe menaxhimin efikas dhe efektiv t\u00eb sistemit t\u00eb drejt\u00ebsis\u00eb. Koordinimi institucional ka qen\u00eb dhe mbetet nj\u00eb sfid\u00eb q\u00eb duhet t\u2019a adresojn\u00eb t\u00eb gjitha institucionet e drejt\u00ebsis\u00eb. Koordinimi \u00ebsht\u00eb nj\u00eb proces i vazhduesh\u00ebm. Menaxhimi efikas dhe efektiv \u00ebsht\u00eb gjithashtu nj\u00eb sfid\u00eb p\u00ebr sistemin, s\u00eb cil\u00ebs ende nuk i \u00ebsht\u00eb dh\u00ebn\u00eb v\u00ebmendja e duhur nga institucionet (KLGJ, KLP). Kjo pasi aktualisht institucionet e qeverisjes p\u00ebrballen me vakanca t\u00eb shumta n\u00eb sistem.<\/p>\n<p>Pavar\u00ebsisht se k\u00ebto elemente kan\u00eb pasur mang\u00ebsi n\u00eb t\u00eb kaluar\u00ebn, tashm\u00eb organeve t\u00eb sistemit t\u00eb drejt\u00ebsis\u00eb u k\u00ebrkohet t\u00eb koordinohen m\u00eb mir\u00eb midis tyre, si dhe t\u00eb administrojn\u00eb burimet e v\u00ebna n\u00eb dispozicion n\u00eb m\u00ebnyr\u00eb efikase dhe efektive.<\/p>\n<p>Nj\u00eb parashikim i ngjash\u00ebm ka ekzistuar edhe n\u00eb SND 1. Konkretisht, n\u00ebObjektivin 7 parashikohej: \u2018<em>P<\/em><em>\u00eb<\/em><em>rmir<\/em><em>\u00eb<\/em><em>simi i funksionimit t<\/em><em>\u00eb<\/em><em> Ministris<\/em><em>\u00eb<\/em><em> s<\/em><em>\u00eb<\/em><em> Drejt<\/em><em>\u00eb<\/em><em>sis<\/em><em>\u00eb<\/em><em> dhe institucioneve t<\/em><em>\u00eb<\/em><em> saj t<\/em><em>\u00eb<\/em><em> var<\/em><em>\u00eb<\/em><em>sis<\/em><em>\u00eb<\/em><em> krejt<\/em><em>\u00eb<\/em><em>sisht t<\/em><em>\u00eb<\/em><em> reja apo thelb<\/em><em>\u00eb<\/em><em>sisht t<\/em><em>\u00eb<\/em><em> ndryshuara\u2019<\/em>. Aktiviteti 7.06 i k\u00ebtij Objektivi parashikonte: \u2018<em>Projektimi dhe zbatimi i sistemeve t<\/em><em>\u00eb<\/em><em> menaxhimit, aktiviteteve operacionale dhe t<\/em><em>\u00eb<\/em><em> kontrollit dhe funksionimi financiar i MD dhe institucioneve t<\/em><em>\u00eb<\/em><em> tjera (KLGJ, KLP, Inspektoriati i ri, K<\/em><em>\u00eb<\/em><em>shilli i Em<\/em><em>\u00eb<\/em><em>rimeve) p<\/em><em>\u00eb<\/em><em>r t<\/em><em>\u00eb<\/em><em> mund<\/em><em>\u00eb<\/em><em>suar q<\/em><em>\u00eb<\/em><em> ato t<\/em><em>\u00eb<\/em><em> menaxhojn<\/em><em>\u00eb<\/em><em> procesin e reform<\/em><em>\u00eb<\/em><em>s (lidhur me Objektivin 5)<\/em>\u2019. Nd\u00ebrkoh\u00eb, Aktiviteti 7.07 parashikonte: \u2018<em>Do t<\/em><em>\u00eb<\/em><em> ofrohet mb<\/em><em>\u00eb<\/em><em>shtetje p<\/em><em>\u00eb<\/em><em>r t<\/em><em>\u00eb<\/em><em> gjitha institucionet e reja dhe t<\/em><em>\u00eb<\/em><em> ndryshuara me q<\/em><em>\u00eb<\/em><em>llim q<\/em><em>\u00eb<\/em><em> t<\/em><em>\u00eb<\/em><em> sigurohet zbatimi i sistemeve t<\/em><em>\u00eb<\/em><em> reja t<\/em><em>\u00eb<\/em><em> menaxhimit, aktiviteteve operacionale dhe t<\/em><em>\u00eb<\/em><em> kontrollit dhe funksionimit financiar t<\/em><em>\u00eb<\/em><em> MD (KLGJ, KLP, Inspektoriati i ri, K<\/em><em>\u00eb<\/em><em>shilli i Em<\/em><em>\u00eb<\/em><em>rimeve) p<\/em><em>\u00eb<\/em><em>r t<\/em><em>\u00eb<\/em><em> mund<\/em><em>\u00eb<\/em><em>suar q<\/em><em>\u00eb<\/em><em> ato t<\/em><em>\u00eb<\/em><em> menaxhojn<\/em><em>\u00eb<\/em><em> procesin e reform<\/em><em>\u00eb<\/em><em>s<\/em>\u2019.<\/p>\n<p>P\u00ebr sa i takon SND I, referuar Raporteve t\u00eb Monitorimit Periodik<a href=\"#_ftn1\" name=\"_ftnref1\"><sup>[1]<\/sup><\/a> t\u00eb periudhave\/viteve t\u00eb ndryshme q\u00eb jan\u00eb publikuar n\u00eb faqen zyrtare t\u00eb Ministris\u00eb s\u00eb Drejt\u00ebsis\u00eb, aktivitetet e pik\u00ebs 7.06 dhe 7.07\u00a0 kan\u00eb mbetur t\u00eb parealizuara n\u00eb kushtet kur ILD \u00ebsht\u00eb krijuar n\u00eb Shkurt 2020. Kjo mund t\u00eb jet\u00eb nj\u00eb nga arsyet pse \u00ebsht\u00eb p\u00ebrfshir\u00eb n\u00eb Dokumentin Strategjik p\u00ebr SND II.<\/p>\n<p><strong><em>Konkluzion<\/em><\/strong><em>: Koordinimi institucional <\/em><em>\u00eb<\/em><em>sht<\/em><em>\u00eb<\/em><em> sfid<\/em><em>\u00eb<\/em><em> p<\/em><em>\u00eb<\/em><em>r t<\/em><em>\u00eb<\/em><em> gjitha institucionet e drejt<\/em><em>\u00eb<\/em><em>sis<\/em><em>\u00eb<\/em><em>. Me t<\/em><em>\u00eb<\/em><em> drejt<\/em><em>\u00eb<\/em><em>, ai <\/em><em>\u00eb<\/em><em>sht<\/em><em>\u00eb<\/em><em> gjykuar q<\/em><em>\u00eb<\/em><em> t<\/em><em>\u00eb<\/em><em> vendoset si Objektiv Strategjik me efekt p<\/em><em>\u00eb<\/em><em>r t<\/em><em>\u00eb<\/em><em> gjitha institucionet.<\/em><\/p>\n<p><a href=\"#_ftnref1\" name=\"_ftn1\">[1]<\/a><a href=\"https:\/\/www.drejtesia.gov.al\/plani-i-veprimit-te-strategjise-ndersektoriale-te-drejtesise\/\">https:\/\/www.drejtesia.gov.al\/plani-i-veprimit-te-strategjise-ndersektoriale-te-drejtesise\/<\/a><\/p>\n<p>[\/vc_column_text][\/vc_column][\/vc_row][vc_row][vc_column icons_position=&#8221;left&#8221;][vc_separator][\/vc_column][\/vc_row]<\/p>\n","protected":false},"excerpt":{"rendered":"<p>[vc_row][vc_column hide_bg_image_on_tablet=&#8221;&#8221; hide_bg_image_on_mobile=&#8221;&#8221; icons_position=&#8221;left&#8221; css=&#8221;.vc_custom_1509966252982{margin-top: -0.4rem !important;}&#8221;][vc_column_text] Q\u00ebllimi i Politik\u00ebs 4 \u201cKoordinimi dhe menaxhimi efikas dhe efektiv i sektorit n\u00eb t\u00eb gjitha institucionet n\u00eb sektorin e drejt\u00ebsis\u00eb\u201d. Ky q\u00ebllim lidhet me koordinimin dhe menaxhimin efikas dhe efektiv t\u00eb sistemit t\u00eb drejt\u00ebsis\u00eb. Koordinimi institucional ka qen\u00eb dhe mbetet nj\u00eb sfid\u00eb q\u00eb duhet t\u2019a adresojn\u00eb t\u00eb gjitha institucionet e drejt\u00ebsis\u00eb. Koordinimi \u00ebsht\u00eb&hellip;<\/p>\n","protected":false},"author":1,"featured_media":0,"parent":0,"menu_order":0,"comment_status":"closed","ping_status":"closed","template":"","meta":{"footnotes":""},"class_list":["post-3387","page","type-page","status-publish","hentry"],"_links":{"self":[{"href":"https:\/\/ipls.org\/projekte\/alleyesonjustice\/wp-json\/wp\/v2\/pages\/3387","targetHints":{"allow":["GET"]}}],"collection":[{"href":"https:\/\/ipls.org\/projekte\/alleyesonjustice\/wp-json\/wp\/v2\/pages"}],"about":[{"href":"https:\/\/ipls.org\/projekte\/alleyesonjustice\/wp-json\/wp\/v2\/types\/page"}],"author":[{"embeddable":true,"href":"https:\/\/ipls.org\/projekte\/alleyesonjustice\/wp-json\/wp\/v2\/users\/1"}],"replies":[{"embeddable":true,"href":"https:\/\/ipls.org\/projekte\/alleyesonjustice\/wp-json\/wp\/v2\/comments?post=3387"}],"version-history":[{"count":1,"href":"https:\/\/ipls.org\/projekte\/alleyesonjustice\/wp-json\/wp\/v2\/pages\/3387\/revisions"}],"predecessor-version":[{"id":3388,"href":"https:\/\/ipls.org\/projekte\/alleyesonjustice\/wp-json\/wp\/v2\/pages\/3387\/revisions\/3388"}],"wp:attachment":[{"href":"https:\/\/ipls.org\/projekte\/alleyesonjustice\/wp-json\/wp\/v2\/media?parent=3387"}],"curies":[{"name":"wp","href":"https:\/\/api.w.org\/{rel}","templated":true}]}}