{"id":3393,"date":"2022-02-25T17:28:00","date_gmt":"2022-02-25T17:28:00","guid":{"rendered":"http:\/\/ipls.org\/projekte\/alleyesonjustice\/?page_id=3393"},"modified":"2022-02-25T17:28:00","modified_gmt":"2022-02-25T17:28:00","slug":"rezultati-4-1-1","status":"publish","type":"page","link":"https:\/\/ipls.org\/projekte\/alleyesonjustice\/qellimi-i-politikes-4\/objektivi-specifik-4-1\/rezultati-4-1-1\/","title":{"rendered":"Rezultati 4.1.1"},"content":{"rendered":"<p>[vc_row][vc_column hide_bg_image_on_tablet=&#8221;&#8221; hide_bg_image_on_mobile=&#8221;&#8221; icons_position=&#8221;left&#8221; css=&#8221;.vc_custom_1509966252982{margin-top: -0.4rem !important;}&#8221;][vc_column_text]<\/p>\n<h2><a name=\"_Toc77083928\"><\/a><a name=\"_Toc77151005\"><\/a><strong>Rezultati 4.1.1<\/strong><\/h2>\n<p><em>\u201cSistemi i menaxhimit t\u00eb \u00e7\u00ebshtjeve gjyq\u00ebsore i p\u00ebrdit\u00ebsuar dhe plot\u00ebsisht operacional bazuar n\u00eb regjistrat elektronik\u00eb\u201d.<\/em><\/p>\n<p>Ky rezultat k\u00ebrkon q\u00eb n\u00eb p\u00ebrmbushje t\u00eb Objektivit 4.1 t\u00eb kemi nj\u00eb sistem t\u00eb ri dhe funksional t\u00ebmenaxhimit t\u00eb \u00e7\u00ebshtjeve gjyq\u00ebsore. N\u00eb k\u00ebt\u00eb aspekt, Rezultati 4.1.1 \u00ebsht\u00eb n\u00eb p\u00ebrputhje me Objektivin Specifik 4.1.<\/p>\n<p>Si\u00e7 e p\u00ebrmend\u00ebm edhe m\u00eb sip\u00ebr, KLGJ ka n\u00eb proces pun\u00ebn p\u00ebr sistemin e menaxhimit t\u00eb \u00e7\u00ebshtjeve gjyq\u00ebsore (ICMIS dhe ARKIT) . Ajo ka ngritur nj\u00eb grup t\u00eb posa\u00e7\u00ebm pune dhe po punon me kompanin\u00eb p\u00ebrkat\u00ebse q\u00eb do t\u00eb mir\u00ebmbaj\u00eb dhe zhvilloj\u00eb sistemin<a href=\"#_ftn1\" name=\"_ftnref1\">[1]<\/a>.\u00a0 P\u00ebr vitin 2020, KLGJ raporton n\u00eb Raportin Vjetor Mbi Veprimtarin\u00eb e Komisionit t\u00eb Planifikimit Strategjik, Administrimit dhe Buxhetit p\u00ebr Vitin 2020 se \u201c<em>n\u00eb bashk\u00ebpunim m\u00eb kompanin\u00eb \u201cKREATX\u201d shpk. ka b\u00ebr\u00eb t\u00eb mundur instalimin e versionit t\u00eb p\u00ebrmir\u00ebsuar t\u00eb sistemit t\u00eb menaxhimit t\u00eb \u00e7\u00ebshtjeve ICMIS, duke shtuar n\u00eb k\u00ebt\u00eb version 84 zhvillime t\u00eb reja, shum\u00eb t\u00eb r\u00ebnd\u00ebsishme p\u00ebr sistemin gjyq\u00ebsor dhe pun\u00ebn n\u00eb KLGJ<a href=\"#_ftn2\" name=\"_ftnref2\"><strong>[2]<\/strong><\/a>.\u201d<\/em> N\u00eb k\u00ebt\u00eb aspekt, ky rezultat vjen edhe n\u00eb zbatim t\u00eb pun\u00ebs s\u00eb deritanishme t\u00eb b\u00ebr\u00eb nga KLGJ dhe prioriteteve t\u00eb saj p\u00ebr t\u00eb ardhmen.<\/p>\n<p>Rezultati matet n\u00ebp\u00ebrmjet indikatorit t\u00eb <em>\u201c% e gjykatave p\u00ebr t\u00eb cilat sistemi i ri i menaxhimit t\u00eb \u00e7\u00ebshtjeve \u00ebsht\u00eb ngritur dhe funksionon me kapacitet t\u00eb plot\u00eb<\/em>\u201d, si dhe <em>\u201c% e trup\u00ebs gjyq\u00ebsore\/ \/inspektor\u00eb dhe i stafit administrativ t\u00eb trajnuar mbi p\u00ebrdorimin e sistemit t\u00eb ri t\u00eb menaxhimit t\u00eb \u00e7\u00ebshtjeve\u201d.<\/em>K\u00ebta indikator\u00eb jan\u00eb t\u00eb p\u00ebrshtatsh\u00ebm p\u00ebr matjen e k\u00ebtij Rezultati. Gjithashtu nj\u00eb indikator tjet\u00ebr q\u00eb mat funksionalitetin e sistemit dhe p\u00ebrdit\u00ebsimin e tij mund t\u00eb jet\u00eb <em>\u201c% e \u00e7\u00ebshtjeve gjyq\u00ebsore p\u00ebr t\u00eb cilat informacioni \u00ebsht\u00eb i aksesuesh\u00ebm online dhe i p\u00ebrdit\u00ebsuar\u201d.<\/em><\/p>\n<p><em>\u00a0<\/em><\/p>\n<p><strong><em>Konkluzion<\/em><\/strong><em>: Rezultati \u00ebsht\u00eb n\u00eb p\u00ebrputhje me Objektivin Specifik 4.4. Ai \u00ebsht\u00eb i formuluar qart\u00eb dhe mbetet realist dhe i domosdosh\u00ebm. Sugjerojm\u00eb t\u00eb p\u00ebrfshihet si <\/em><em>indikator q\u00eb mat funksionalitetin e sistemit dhe p\u00ebrdit\u00ebsimin e tij\u201c% e \u00e7\u00ebshtjeve gjyq\u00ebsore p\u00ebr t\u00eb cilat informacioni \u00ebsht\u00eb i aksesuesh\u00ebm online dhe i p\u00ebrdit\u00ebsuar\u201d.<\/em><\/p>\n<p><a href=\"#_ftnref1\" name=\"_ftn1\">[1]<\/a>Shih Raportin e Monitorimit p\u00ebr Planin Strategjik t\u00eb KLGJ (Korrik 2019-Korrik 2020) per kompanin\u00eb q\u00eb do t\u00eb mir\u00ebmbaj\u00eb dhe zhvilloj\u00eb systemin, fq 23<\/p>\n<p><a href=\"#_ftnref2\" name=\"_ftn2\">[2]<\/a>Shih Raportin e lart permendur, fq 20 P\u00ebr m\u00eb tep\u00ebr: <a href=\"http:\/\/klgj.al\/\u00ebp-content\/uploads\/2021\/02\/RAPORTI-VJETOR-MBI-VEPRIMTARINE%CC%88-E-KOMISIONIT-TE%CC%88-PLANIFIKIMIT-STRATEGJIK-ADMINISTRIMIT-DHE-BUXHETIT-PE%CC%88R-VITIN-2020-BASHKE%CC%88LIDHUR-VENDIM-NR.-39-DATE%CC%88-04.02.2021-.pdf\">http:\/\/klgj.al\/\u00ebp-content\/uploads\/2021\/02\/RAPORTI-VJETOR-MBI-VEPRIMTARINE%CC%88-E-KOMISIONIT-TE%CC%88-PLANIFIKIMIT-STRATEGJIK-ADMINISTRIMIT-DHE-BUXHETIT-PE%CC%88R-VITIN-2020-BASHKE%CC%88LIDHUR-VENDIM-NR.-39-DATE%CC%88-04.02.2021-.pdf<\/a>[\/vc_column_text][\/vc_column][\/vc_row][vc_row][vc_column icons_position=&#8221;left&#8221;][vc_separator][\/vc_column][\/vc_row]<\/p>\n","protected":false},"excerpt":{"rendered":"<p>[vc_row][vc_column hide_bg_image_on_tablet=&#8221;&#8221; hide_bg_image_on_mobile=&#8221;&#8221; icons_position=&#8221;left&#8221; css=&#8221;.vc_custom_1509966252982{margin-top: -0.4rem !important;}&#8221;][vc_column_text] Rezultati 4.1.1 \u201cSistemi i menaxhimit t\u00eb \u00e7\u00ebshtjeve gjyq\u00ebsore i p\u00ebrdit\u00ebsuar dhe plot\u00ebsisht operacional bazuar n\u00eb regjistrat elektronik\u00eb\u201d. Ky rezultat k\u00ebrkon q\u00eb n\u00eb p\u00ebrmbushje t\u00eb Objektivit 4.1 t\u00eb kemi nj\u00eb sistem t\u00eb ri dhe funksional t\u00ebmenaxhimit t\u00eb \u00e7\u00ebshtjeve gjyq\u00ebsore. N\u00eb k\u00ebt\u00eb aspekt, Rezultati 4.1.1 \u00ebsht\u00eb n\u00eb p\u00ebrputhje me Objektivin Specifik 4.1. Si\u00e7 e p\u00ebrmend\u00ebm&hellip;<\/p>\n","protected":false},"author":1,"featured_media":0,"parent":3390,"menu_order":0,"comment_status":"closed","ping_status":"closed","template":"","meta":{"footnotes":""},"class_list":["post-3393","page","type-page","status-publish","hentry"],"_links":{"self":[{"href":"https:\/\/ipls.org\/projekte\/alleyesonjustice\/wp-json\/wp\/v2\/pages\/3393","targetHints":{"allow":["GET"]}}],"collection":[{"href":"https:\/\/ipls.org\/projekte\/alleyesonjustice\/wp-json\/wp\/v2\/pages"}],"about":[{"href":"https:\/\/ipls.org\/projekte\/alleyesonjustice\/wp-json\/wp\/v2\/types\/page"}],"author":[{"embeddable":true,"href":"https:\/\/ipls.org\/projekte\/alleyesonjustice\/wp-json\/wp\/v2\/users\/1"}],"replies":[{"embeddable":true,"href":"https:\/\/ipls.org\/projekte\/alleyesonjustice\/wp-json\/wp\/v2\/comments?post=3393"}],"version-history":[{"count":1,"href":"https:\/\/ipls.org\/projekte\/alleyesonjustice\/wp-json\/wp\/v2\/pages\/3393\/revisions"}],"predecessor-version":[{"id":3394,"href":"https:\/\/ipls.org\/projekte\/alleyesonjustice\/wp-json\/wp\/v2\/pages\/3393\/revisions\/3394"}],"up":[{"embeddable":true,"href":"https:\/\/ipls.org\/projekte\/alleyesonjustice\/wp-json\/wp\/v2\/pages\/3390"}],"wp:attachment":[{"href":"https:\/\/ipls.org\/projekte\/alleyesonjustice\/wp-json\/wp\/v2\/media?parent=3393"}],"curies":[{"name":"wp","href":"https:\/\/api.w.org\/{rel}","templated":true}]}}