{"id":3399,"date":"2022-02-25T17:33:28","date_gmt":"2022-02-25T17:33:28","guid":{"rendered":"http:\/\/ipls.org\/projekte\/alleyesonjustice\/?page_id=3399"},"modified":"2022-02-25T17:33:28","modified_gmt":"2022-02-25T17:33:28","slug":"masa-4-1-8","status":"publish","type":"page","link":"https:\/\/ipls.org\/projekte\/alleyesonjustice\/qellimi-i-politikes-4\/objektivi-specifik-4-1\/masa-4-1-8\/","title":{"rendered":"Masa 4.1.8"},"content":{"rendered":"<p>[vc_row][vc_column hide_bg_image_on_tablet=&#8221;&#8221; hide_bg_image_on_mobile=&#8221;&#8221; icons_position=&#8221;left&#8221; css=&#8221;.vc_custom_1509966252982{margin-top: -0.4rem !important;}&#8221;][vc_column_text]<\/p>\n<h2><a name=\"_Toc77083928\"><\/a><a name=\"_Toc77151005\"><\/a><strong>Masa 4.1.8<\/strong><\/h2>\n<p>\u201c<em>Mir\u00ebmbajtja p\u00ebr sistemin e menaxhimit t\u00eb c\u00ebshtjeve p\u00ebr gjykatat\/PP\/KLP\/KLGJ\/ILD\u201d.<\/em><\/p>\n<p>Masa 4.1.8 parashikon\u00a0 mir\u00ebmbajtjen e sistemit t\u00eb menaxhimit t\u00eb \u00e7\u00ebshtjeve. Kjo mas\u00eb\u00ebsht\u00eb n\u00eb vijim logjik t\u00eb mas\u00ebs 4.1.2. Aplikimi i programit t\u00eb sistemit duhet t\u00eb shoq\u00ebrohet me mir\u00ebmbajtjen e tij. Mir\u00ebmbajtja \u00ebsht\u00eb kusht p\u00ebr funksionalitetin afatgjat\u00eb t\u00eb sistemit e p\u00ebr pasoj\u00eb masa 4.1.8 \u00ebsht\u00eb n\u00eb p\u00ebrputhje me Rezultatin 4.1.1,<\/p>\n<p>Sa koh\u00eb mir\u00ebmbajtja e sistemit menaxhimit t\u00eb c\u00ebshtjeve \u00ebsht\u00eb domosdoshm\u00ebri, ajo\u00a0 vler\u00ebsohet si mas\u00eb realiste.<\/p>\n<p>Kjo mas\u00eb duhet t\u00eb rishikohet n\u00eb raport me mas\u00ebn 4.1.13 <em>\u201cInvestime dhe mir\u00ebmbajtje p\u00ebr sistemin e menaxhimit t\u00eb \u00e7\u00ebshtjeve, pajijset dhe software respektive p\u00ebr gjykatat\/PP\/KLP\/KLGJ\/ILD\u201d, <\/em>pasi ka mbivendosje. Sa koh\u00eb q\u00eb dhe kjo e fundit p\u00ebrfshin \u201c<em>mir\u00ebmbajtje p\u00ebr sistemin e menaxhimit t\u00eb \u00e7\u00ebshtjeve\u201d<\/em> nuk del i qart\u00eb dallimi apo fokusi i secil\u00ebs mas\u00eb.<\/p>\n<p><strong><em>Konkluzion<\/em><\/strong><em>: Masa \u00ebsht\u00eb e formuluar qart\u00eb. Ajo \u00ebsht\u00eb n\u00eb p\u00ebrputhje me rezultatin 4.1.1, dhe Objektivin Strategjik 4.1, si dhe \u00a0vler\u00ebsohet realiste. Sugjerojm\u00eb q\u00eb kjo mas\u00eb t\u00eb rishikohet <\/em><em>n\u00eb raport me mas\u00ebn 4.1.13 p\u00ebr t\u00eb mos krijuar mbivendosje.<\/em>[\/vc_column_text][\/vc_column][\/vc_row][vc_row][vc_column icons_position=&#8221;left&#8221;][vc_separator][\/vc_column][\/vc_row]<\/p>\n","protected":false},"excerpt":{"rendered":"<p>[vc_row][vc_column hide_bg_image_on_tablet=&#8221;&#8221; hide_bg_image_on_mobile=&#8221;&#8221; icons_position=&#8221;left&#8221; css=&#8221;.vc_custom_1509966252982{margin-top: -0.4rem !important;}&#8221;][vc_column_text] Masa 4.1.8 \u201cMir\u00ebmbajtja p\u00ebr sistemin e menaxhimit t\u00eb c\u00ebshtjeve p\u00ebr gjykatat\/PP\/KLP\/KLGJ\/ILD\u201d. Masa 4.1.8 parashikon\u00a0 mir\u00ebmbajtjen e sistemit t\u00eb menaxhimit t\u00eb \u00e7\u00ebshtjeve. Kjo mas\u00eb\u00ebsht\u00eb n\u00eb vijim logjik t\u00eb mas\u00ebs 4.1.2. Aplikimi i programit t\u00eb sistemit duhet t\u00eb shoq\u00ebrohet me mir\u00ebmbajtjen e tij. Mir\u00ebmbajtja \u00ebsht\u00eb kusht p\u00ebr funksionalitetin afatgjat\u00eb t\u00eb sistemit e p\u00ebr pasoj\u00eb masa&hellip;<\/p>\n","protected":false},"author":1,"featured_media":0,"parent":3390,"menu_order":0,"comment_status":"closed","ping_status":"closed","template":"","meta":{"footnotes":""},"class_list":["post-3399","page","type-page","status-publish","hentry"],"_links":{"self":[{"href":"https:\/\/ipls.org\/projekte\/alleyesonjustice\/wp-json\/wp\/v2\/pages\/3399","targetHints":{"allow":["GET"]}}],"collection":[{"href":"https:\/\/ipls.org\/projekte\/alleyesonjustice\/wp-json\/wp\/v2\/pages"}],"about":[{"href":"https:\/\/ipls.org\/projekte\/alleyesonjustice\/wp-json\/wp\/v2\/types\/page"}],"author":[{"embeddable":true,"href":"https:\/\/ipls.org\/projekte\/alleyesonjustice\/wp-json\/wp\/v2\/users\/1"}],"replies":[{"embeddable":true,"href":"https:\/\/ipls.org\/projekte\/alleyesonjustice\/wp-json\/wp\/v2\/comments?post=3399"}],"version-history":[{"count":1,"href":"https:\/\/ipls.org\/projekte\/alleyesonjustice\/wp-json\/wp\/v2\/pages\/3399\/revisions"}],"predecessor-version":[{"id":3400,"href":"https:\/\/ipls.org\/projekte\/alleyesonjustice\/wp-json\/wp\/v2\/pages\/3399\/revisions\/3400"}],"up":[{"embeddable":true,"href":"https:\/\/ipls.org\/projekte\/alleyesonjustice\/wp-json\/wp\/v2\/pages\/3390"}],"wp:attachment":[{"href":"https:\/\/ipls.org\/projekte\/alleyesonjustice\/wp-json\/wp\/v2\/media?parent=3399"}],"curies":[{"name":"wp","href":"https:\/\/api.w.org\/{rel}","templated":true}]}}