{"id":3402,"date":"2022-02-25T17:34:42","date_gmt":"2022-02-25T17:34:42","guid":{"rendered":"http:\/\/ipls.org\/projekte\/alleyesonjustice\/?page_id=3402"},"modified":"2022-02-25T17:34:42","modified_gmt":"2022-02-25T17:34:42","slug":"masa-4-1-11","status":"publish","type":"page","link":"https:\/\/ipls.org\/projekte\/alleyesonjustice\/qellimi-i-politikes-4\/objektivi-specifik-4-1\/masa-4-1-11\/","title":{"rendered":"Masa 4.1.11"},"content":{"rendered":"<p>[vc_row][vc_column hide_bg_image_on_tablet=&#8221;&#8221; hide_bg_image_on_mobile=&#8221;&#8221; icons_position=&#8221;left&#8221; css=&#8221;.vc_custom_1509966252982{margin-top: -0.4rem !important;}&#8221;][vc_column_text]<\/p>\n<h2><a name=\"_Toc77083928\"><\/a><a name=\"_Toc77151005\"><\/a><strong>Masa 4.1.11<\/strong><\/h2>\n<p><em>\u201cTrajnimi i trup\u00ebs gjyq\u00ebsore\/prokuror\u00eb\/inspektor\u00eb dhe i stafit administrative mbi p\u00ebrdorimin e sistemit t\u00eb ri t\u00eb menaxhimit t\u00eb \u00e7\u00ebshtjeve\u201d<\/em><\/p>\n<p>S\u00eb fundmi, p\u00ebr t\u00eb pasur nj\u00eb sistem t\u00eb menaxhimit t\u00eb \u00e7\u00ebshtjeve funksional, duhet q\u00eb p\u00ebrdoruesit e tij (trupa gjyq\u00ebsore\/prokuror\u00ebt\/inspektor\u00ebt, dhe stafet p\u00ebrkat\u00ebse administrative), t\u00eb trajnohen n\u00eb lidhje me p\u00ebrdorimin e sistemit t\u00eb ri. P\u00ebr k\u00ebt\u00eb arsye, kjo mas\u00eb\u00ebsht\u00eb n\u00eb koherenc\u00eb me masat 4.1.1 dhe 4.1.8, si dhe n\u00eb p\u00ebrputhje me Rezultatin 4.1.1 dhe Objektivin Specifik 4.1<\/p>\n<p>Njohurit\u00eb p\u00ebr ve\u00e7orit\u00eb e sistemit, si dhe p\u00ebrdorimi i sakt\u00eb i sistemeve jan\u00eb t\u00eb domosdoshme p\u00ebr t\u00eb pasur nj\u00eb sistem menaxhimi t\u00eb c\u00ebshtjeve q\u00eb funksionon me efikasitet. N\u00eb k\u00ebt\u00eb aspekt, masa \u00ebsht\u00eb e domosdoshme dhe realiste.<\/p>\n<p><strong><em>Konkluzion<\/em><\/strong><em>: Masat e lartp\u00ebrmendura (4.1.1, , 4.1.8 dhe 4.1.11) q\u00eb synohet t\u00eb nd\u00ebrmerren n\u00eb funksion t\u00eb arritjes s\u00eb Rezultatit 4.1.1 jan\u00eb n\u00eb vijim\u00ebsi logjike t\u00eb nj\u00ebra tjet\u00ebr\u00ebs dhe aplikimi i tyre s\u00eb bashku \u00ebsht\u00eb i nevojsh\u00ebm p\u00ebr t\u00eb mund\u00ebsuar rezultatin. Masat jan\u00eb t\u00eb formuluara qart\u00eb dhe nuk krijojn\u00eb konfondim me rezultatin dhe jan\u00eb jan\u00eb n\u00eb harmoni me objektivin strategjik 4.1. Sugjerojm\u00eb vet\u00ebm rishikim t\u00eb mas\u00ebs 4.1.8 n\u00eb raport me 4.1.11 p\u00ebr t\u00eb shmangur mbivendosjet.<\/em>[\/vc_column_text][\/vc_column][\/vc_row][vc_row][vc_column icons_position=&#8221;left&#8221;][vc_separator][\/vc_column][\/vc_row]<\/p>\n","protected":false},"excerpt":{"rendered":"<p>[vc_row][vc_column hide_bg_image_on_tablet=&#8221;&#8221; hide_bg_image_on_mobile=&#8221;&#8221; icons_position=&#8221;left&#8221; css=&#8221;.vc_custom_1509966252982{margin-top: -0.4rem !important;}&#8221;][vc_column_text] Masa 4.1.11 \u201cTrajnimi i trup\u00ebs gjyq\u00ebsore\/prokuror\u00eb\/inspektor\u00eb dhe i stafit administrative mbi p\u00ebrdorimin e sistemit t\u00eb ri t\u00eb menaxhimit t\u00eb \u00e7\u00ebshtjeve\u201d S\u00eb fundmi, p\u00ebr t\u00eb pasur nj\u00eb sistem t\u00eb menaxhimit t\u00eb \u00e7\u00ebshtjeve funksional, duhet q\u00eb p\u00ebrdoruesit e tij (trupa gjyq\u00ebsore\/prokuror\u00ebt\/inspektor\u00ebt, dhe stafet p\u00ebrkat\u00ebse administrative), t\u00eb trajnohen n\u00eb lidhje me p\u00ebrdorimin e sistemit t\u00eb ri.&hellip;<\/p>\n","protected":false},"author":1,"featured_media":0,"parent":3390,"menu_order":0,"comment_status":"closed","ping_status":"closed","template":"","meta":{"footnotes":""},"class_list":["post-3402","page","type-page","status-publish","hentry"],"_links":{"self":[{"href":"https:\/\/ipls.org\/projekte\/alleyesonjustice\/wp-json\/wp\/v2\/pages\/3402","targetHints":{"allow":["GET"]}}],"collection":[{"href":"https:\/\/ipls.org\/projekte\/alleyesonjustice\/wp-json\/wp\/v2\/pages"}],"about":[{"href":"https:\/\/ipls.org\/projekte\/alleyesonjustice\/wp-json\/wp\/v2\/types\/page"}],"author":[{"embeddable":true,"href":"https:\/\/ipls.org\/projekte\/alleyesonjustice\/wp-json\/wp\/v2\/users\/1"}],"replies":[{"embeddable":true,"href":"https:\/\/ipls.org\/projekte\/alleyesonjustice\/wp-json\/wp\/v2\/comments?post=3402"}],"version-history":[{"count":1,"href":"https:\/\/ipls.org\/projekte\/alleyesonjustice\/wp-json\/wp\/v2\/pages\/3402\/revisions"}],"predecessor-version":[{"id":3403,"href":"https:\/\/ipls.org\/projekte\/alleyesonjustice\/wp-json\/wp\/v2\/pages\/3402\/revisions\/3403"}],"up":[{"embeddable":true,"href":"https:\/\/ipls.org\/projekte\/alleyesonjustice\/wp-json\/wp\/v2\/pages\/3390"}],"wp:attachment":[{"href":"https:\/\/ipls.org\/projekte\/alleyesonjustice\/wp-json\/wp\/v2\/media?parent=3402"}],"curies":[{"name":"wp","href":"https:\/\/api.w.org\/{rel}","templated":true}]}}