{"id":3405,"date":"2022-02-25T17:36:29","date_gmt":"2022-02-25T17:36:29","guid":{"rendered":"http:\/\/ipls.org\/projekte\/alleyesonjustice\/?page_id=3405"},"modified":"2022-02-25T17:36:29","modified_gmt":"2022-02-25T17:36:29","slug":"rezultati-4-1-2","status":"publish","type":"page","link":"https:\/\/ipls.org\/projekte\/alleyesonjustice\/qellimi-i-politikes-4\/objektivi-specifik-4-1\/rezultati-4-1-2\/","title":{"rendered":"Rezultati 4.1.2"},"content":{"rendered":"<p>[vc_row][vc_column hide_bg_image_on_tablet=&#8221;&#8221; hide_bg_image_on_mobile=&#8221;&#8221; icons_position=&#8221;left&#8221; css=&#8221;.vc_custom_1509966252982{margin-top: -0.4rem !important;}&#8221;][vc_column_text]<\/p>\n<h2><a name=\"_Toc77083928\"><\/a><a name=\"_Toc77151005\"><\/a><strong>Rezultati 4.1.2<\/strong><\/h2>\n<p>\u201c<em>Baza e t\u00eb dh\u00ebnave gjyq\u00ebsore e ngritur, e cila mund t\u00eb sh\u00ebrbej\u00eb p\u00ebr statistika dhe t\u00eb dh\u00ebna n\u00eb koh\u00eb reale bazuar n\u00eb konceptin e p\u00ebrdorimit t\u00eb nj\u00eb klasifikuesi t\u00eb unifikuar p\u00ebr \u00e7\u00ebshtjet zinxhir t\u00eb institucioneve t\u00eb drejt\u00ebsis\u00eb\u201d.<\/em><\/p>\n<p>Ky rezultat n\u00ebnkupton krijimin\u00a0 e baz\u00ebs t\u00eb t\u00eb dh\u00ebnave p\u00ebr sistemin gjyq\u00ebsor. Kjo mund\u00ebson, s\u00eb pari mund\u00ebsin\u00eb e pasjes dhe aksesimit n\u00eb koh\u00eb reale t\u00eb statistikave dhe t\u00eb dh\u00ebnave t\u00eb tjera tjera, dhe s\u00eb dyti, \u00a0krijimin e nj\u00eb sistemi unik p\u00ebr t\u00eb dh\u00ebna q\u00eb p\u00ebrfshijn\u00eb disa institucione. Ky rezultat \u00ebsht\u00eb n\u00eb koherenc\u00eb me Objektivin Strategjik 4.1, i cili n\u00eb kuad\u00ebr t\u00eb sistemit elektronik t\u00eb integruar k\u00ebrkon dhe ngritjen e baz\u00ebs s\u00eb t\u00eb dh\u00ebnave.<\/p>\n<p>T\u00eb dh\u00ebnat e CEPEJ<a href=\"#_ftn1\" name=\"_ftnref1\"><sup>[1]<\/sup><\/a>tregojn\u00eb se Shqip\u00ebria s\u00eb bashku me vende t\u00eb tjera t\u00eb rajonit t\u00eb Ballkanit Per\u00ebndimor kan\u00eb nivelin m\u00eb t\u00eb ul\u00ebt t\u00eb p\u00ebrdorimit t\u00eb sistemeve elektronike t\u00eb komunikimit midis gjykatavedhe prokuror\u00ebve dhe avokat\u00ebve. Gjenerimi\u00a0 i t\u00eb dh\u00ebnave statistikore t\u00eb performanc\u00ebs \u00ebsht\u00eb n\u00eb proces p\u00ebr t\u2019u p\u00ebrmir\u00ebsuar. KLGJ aktualisht ka miratuar Vendimin \u201c<em>P\u00ebr <\/em><em>Mbajtjen dhe plot\u00ebsimin e tabelave me t\u00eb dh\u00ebna statistikore p\u00ebr efekt t\u00eb matjes dhe monitorimit t\u00eb produktivitetit dhe efi\u00e7enc\u00ebs s\u00eb gjykatave<\/em>\u201d<a href=\"#_ftn2\" name=\"_ftnref2\">[2]<\/a> dhe e r\u00ebnd\u00ebsishme n\u00eb k\u00ebt\u00eb faze \u00ebsht\u00eb t\u00eb ket\u00eb nj\u00eb baz\u00eb t\u00eb dh\u00ebnash ku mund t\u00eb gjenden k\u00ebto statistika. N\u00eb k\u00ebt\u00eb aspekt, masa \u00ebsht\u00eb realiste dhe n\u00eb koherenc\u00eb me gjendjen aktuale.Rezultati mund t\u00eb rishikohet n\u00eb formulim, pasi fjalia \u00ebsht\u00eb e gjat\u00eb, dhe gjuha e p\u00ebrdorur nuk e nxjerr t\u00eb qart\u00eb p\u00ebr lexuesin kuptimin e tij. Gjithashtu nuk identifikohet sakt\u00eb se \u00e7far\u00eb informacioni do t\u00eb gjendet n\u00eb baz\u00ebn e t\u00eb dh\u00ebnave. P\u00ebrmenden statistika, por pa specifikuar n\u00eb lidhje me \u00e7far\u00eb do t\u00ebjen\u00eb k\u00ebtostatistika, si dhe \u00ebsht\u00eb e paqart\u00eb se \u00e7far\u00eb n\u00ebnkuptojn\u00eb \u201ct\u00eb dh\u00ebnat e tjera\u201d. Sqarimi i tyre do t\u00eb mund\u00ebsonte matjen e k\u00ebtij rezultati. Nga ana tjet\u00ebr do t\u00eb linte t\u00eb kuptohej qart\u00eb dhe cilat \u00e7\u00ebshtje\/ t\u00eb dh\u00ebna k\u00ebrkojn\u00eb apo nd\u00ebrthurin informacion nga disa institucione t\u00eb drejt\u00ebsis\u00eb (q\u00eb edhe n\u00eb k\u00ebt\u00eb rast nuk kuptohet se kujt i referohen). P\u00ebr matjen e k\u00ebtij Rezultati nuk jan\u00eb identifikuar indikator\u00ebt. Nj\u00eb indikator q\u00eb mat arritjen e plot\u00eb t\u00eb k\u00ebtij rezultati mund t\u00eb jet\u00eb<em>\u201c% e<\/em><em> statistikave\/informacioneve t\u00eb hedhur n\u00eb baz\u00ebn e t\u00eb dh\u00ebnave n\u00eb vijim\u00ebsi, n\u00eb raport me t\u00ebr\u00ebsin\u00eb e t\u00eb dh\u00ebnave q\u00eb duhet t\u00eb p\u00ebrfshij\u00eb\u00a0 baza e t\u00eb dh\u00ebnave<\/em>\u201d apo\u00a0 <em>\u201c% e<\/em><em>organizatave t\u00eb shoq\u00ebris\u00eb civile\/studiuesve t\u00eb s\u00eb drejt\u00ebs<\/em><em>q\u00eb mendojn\u00eb se baza e t\u00eb dh\u00ebnave jep rezultat mbi performanc\u00ebn e sistemit t\u00eb drejt\u00ebsis\u00eb\u201d.<\/em><\/p>\n<p><strong><em>Konkluzion<\/em><\/strong><em>: Ky rezultat \u00ebsht\u00eb n\u00eb p\u00ebrputhje me Objektivin 4.1 dhe vler\u00ebsohet realist dhe i domosdosh\u00ebm. Sugjerojm\u00eb t\u00eb rishikohet gjuha e p\u00ebrdorur n\u00eb funksion t\u00eb qart\u00ebsimit t\u00eb t\u00eb dh\u00ebnave apo informacioneve q\u00eb p\u00ebrmban baza e t\u00eb dh\u00ebnave. P\u00ebr matjen e k\u00ebtij rezultati sugjerojm\u00ebsi indikatore \u201c% e statistikave\/informacioneve t\u00eb hedhur n\u00eb baz\u00ebn e t\u00eb dh\u00ebnave n\u00eb vijim\u00ebsi, n\u00eb raport me t\u00ebr\u00ebsin\u00eb e t\u00eb dh\u00ebnave q\u00eb duhet t\u00eb p\u00ebrfshij\u00eb baza e t\u00eb dh\u00ebnave<\/em>\u201d apo <em>\u201c% e <\/em><em>organizatave t\u00eb shoq\u00ebris\u00eb civile\/studiuesve t\u00eb s\u00eb drejt\u00ebs<\/em><em>q\u00eb mendojn\u00eb se baza e t\u00eb dh\u00ebnave jep rezultat mbi performanc\u00ebn e sistemit t\u00eb drejt\u00ebsis\u00eb.<\/em><\/p>\n<p><a href=\"#_ftnref1\" name=\"_ftn1\">[1]<\/a>Shih p\u00ebr m\u00eb tep\u00ebr https:\/\/www.coe.int\/en\/web\/cepej\/documentation\/cepej-studies<\/p>\n<p><a href=\"#_ftnref2\" name=\"_ftn2\">[2]<\/a>Shih p\u00ebr m\u00eb tep\u00ebr http:\/\/klgj.al\/njoftim-per-shtyp-date-11-shkurt-2021-2\/[\/vc_column_text][\/vc_column][\/vc_row][vc_row][vc_column icons_position=&#8221;left&#8221;][vc_separator][\/vc_column][\/vc_row]<\/p>\n","protected":false},"excerpt":{"rendered":"<p>[vc_row][vc_column hide_bg_image_on_tablet=&#8221;&#8221; hide_bg_image_on_mobile=&#8221;&#8221; icons_position=&#8221;left&#8221; css=&#8221;.vc_custom_1509966252982{margin-top: -0.4rem !important;}&#8221;][vc_column_text] Rezultati 4.1.2 \u201cBaza e t\u00eb dh\u00ebnave gjyq\u00ebsore e ngritur, e cila mund t\u00eb sh\u00ebrbej\u00eb p\u00ebr statistika dhe t\u00eb dh\u00ebna n\u00eb koh\u00eb reale bazuar n\u00eb konceptin e p\u00ebrdorimit t\u00eb nj\u00eb klasifikuesi t\u00eb unifikuar p\u00ebr \u00e7\u00ebshtjet zinxhir t\u00eb institucioneve t\u00eb drejt\u00ebsis\u00eb\u201d. Ky rezultat n\u00ebnkupton krijimin\u00a0 e baz\u00ebs t\u00eb t\u00eb dh\u00ebnave p\u00ebr sistemin gjyq\u00ebsor. Kjo mund\u00ebson,&hellip;<\/p>\n","protected":false},"author":1,"featured_media":0,"parent":3390,"menu_order":0,"comment_status":"closed","ping_status":"closed","template":"","meta":{"footnotes":""},"class_list":["post-3405","page","type-page","status-publish","hentry"],"_links":{"self":[{"href":"https:\/\/ipls.org\/projekte\/alleyesonjustice\/wp-json\/wp\/v2\/pages\/3405","targetHints":{"allow":["GET"]}}],"collection":[{"href":"https:\/\/ipls.org\/projekte\/alleyesonjustice\/wp-json\/wp\/v2\/pages"}],"about":[{"href":"https:\/\/ipls.org\/projekte\/alleyesonjustice\/wp-json\/wp\/v2\/types\/page"}],"author":[{"embeddable":true,"href":"https:\/\/ipls.org\/projekte\/alleyesonjustice\/wp-json\/wp\/v2\/users\/1"}],"replies":[{"embeddable":true,"href":"https:\/\/ipls.org\/projekte\/alleyesonjustice\/wp-json\/wp\/v2\/comments?post=3405"}],"version-history":[{"count":1,"href":"https:\/\/ipls.org\/projekte\/alleyesonjustice\/wp-json\/wp\/v2\/pages\/3405\/revisions"}],"predecessor-version":[{"id":3406,"href":"https:\/\/ipls.org\/projekte\/alleyesonjustice\/wp-json\/wp\/v2\/pages\/3405\/revisions\/3406"}],"up":[{"embeddable":true,"href":"https:\/\/ipls.org\/projekte\/alleyesonjustice\/wp-json\/wp\/v2\/pages\/3390"}],"wp:attachment":[{"href":"https:\/\/ipls.org\/projekte\/alleyesonjustice\/wp-json\/wp\/v2\/media?parent=3405"}],"curies":[{"name":"wp","href":"https:\/\/api.w.org\/{rel}","templated":true}]}}