{"id":3411,"date":"2022-02-25T17:46:28","date_gmt":"2022-02-25T17:46:28","guid":{"rendered":"http:\/\/ipls.org\/projekte\/alleyesonjustice\/?page_id=3411"},"modified":"2022-02-25T17:46:28","modified_gmt":"2022-02-25T17:46:28","slug":"masa-4-1-3","status":"publish","type":"page","link":"https:\/\/ipls.org\/projekte\/alleyesonjustice\/qellimi-i-politikes-4\/objektivi-specifik-4-1\/masa-4-1-3\/","title":{"rendered":"Masa 4.1.3"},"content":{"rendered":"<p>[vc_row][vc_column hide_bg_image_on_tablet=&#8221;&#8221; hide_bg_image_on_mobile=&#8221;&#8221; icons_position=&#8221;left&#8221; css=&#8221;.vc_custom_1509966252982{margin-top: -0.4rem !important;}&#8221;][vc_column_text]<\/p>\n<h2><a name=\"_Toc77083928\"><\/a><a name=\"_Toc77151005\"><\/a><strong>Masa 4.1.3<\/strong><\/h2>\n<p><em>\u201cP\u00ebrmir\u00ebsimi i qendr\u00ebs s\u00eb p\u00ebrpunimit t\u00eb t\u00eb dh\u00ebnave\u201d.<\/em><\/p>\n<p>Kjo mas\u00eb p\u00ebr nga m\u00ebnyra se si \u00ebsht\u00eb formuluar duket disi e paqart\u00eb. Nuk kuptohet koncepti i qendr\u00ebs s\u00eb p\u00ebrpunimit t\u00eb t\u00eb dh\u00ebnave, si dhe cfar\u00eb synon p\u00ebrmir\u00ebsimi i saj.<\/p>\n<p>Qendra e p\u00ebrpunimit t\u00eb t\u00eb dh\u00ebnave nuk \u00ebsht\u00eb parashikuar n\u00eb ligjin nr.115\/2016. Ky i fundit parashikon n\u00eb nenin 92 t\u00eb tij \u201cQendr\u00ebn e Teknologjis\u00eb s\u00eb Informacionit p\u00ebr sistemin e drejt\u00ebsis\u00eb\u201d. Pika 2 e nenit 92 p\u00ebrmend edhe p\u00ebrmir\u00ebsimin e t\u00eb dh\u00ebnave si nj\u00eb kompetenc\u00eb e k\u00ebsaj Qendre. Nd\u00ebrkoh\u00eb\u00ebsht\u00eb miratuar VKM nr.972, dat\u00eb 02.12.2020 \u2018P\u00ebr organizimin, funksionimin e p\u00ebrcaktimin e kompetencave t\u00eb qendr\u00ebs s\u00eb teknologjis\u00eb s\u00eb informacionit p\u00ebr sistemin e drejt\u00ebsis\u00eb\u2019, me t\u00eb cil\u00ebn \u00ebsht\u00ebngritur kjo Qend\u00ebr, si dhe \u00ebsht\u00eb miratuar vendimi \u2018P\u00ebr miratimin e rregullave p\u00ebr politikat e p\u00ebrgjithshme shtet\u00ebrore p\u00ebr sistemin e teknologjis\u00eb s\u00eb informacionit p\u00ebr sistemin e drejt\u00ebsis\u00eb\u2019.<\/p>\n<p>N\u00ebse kjo mas\u00eb lidhet me detyrimet q\u00eb burojn\u00eb nga neni 92 i Ligjit nr.115\/2016 sugjerohet q\u00eb t\u00eb riformulohet dhe t\u00eb sakt\u00ebsohet. Gjithashtu, zhvillimet sa m\u00eb sip\u00ebr t\u00eb merren n\u00eb kosiderat\u00eb dhe t\u00eb sh\u00ebrbejn\u00eb si pik\u00eb lidh\u00ebse p\u00ebr hartimin e mas\u00ebs.<\/p>\n<p>P\u00ebrpunimi i t\u00eb dh\u00ebnave \u00ebsht\u00eb nj\u00eb nga mang\u00ebsit\u00eb m\u00eb t\u00eb m\u00ebdha dhe problematike t\u00eb sistemit t\u00eb drejt\u00ebsis\u00eb. T\u00eb dh\u00ebnat q\u00eb raportohen nga gjykatat dhe prokurorit\u00eb, n\u00eb pjes\u00ebn m\u00eb t\u00eb madhe, nxirren dhe p\u00ebrpunohen manualisht n\u00eb regjistrat p\u00ebrkat\u00ebs. Shum\u00eb pak t\u00eb dh\u00ebna prodhohen elektronikisht, t\u00eb cilat, p\u00ebr efekt t\u00eb sakt\u00ebsis\u00eb s\u00eb tyre, duhet q\u00eb t\u00eb verifikohen shpesh me t\u00eb dh\u00ebnat e nxjerra nga regjistrat manual\u00eb.<\/p>\n<p><strong><em>Konkluzion<\/em><\/strong><em>: Nisur nga m\u00ebnyra se si \u00ebsht\u00eb formuluar, kjo mas\u00eb mbetet e paqart\u00eb sa koh\u00eb koncepti \u201cQend\u00ebr e p\u00ebrpunimit t\u00eb t\u00eb dh\u00ebnave\u201d nuk parashikohet n\u00eb Ligjin nr.115\/2016 \u2018P\u00ebr qeverisjen e sistemit t\u00eb drejt\u00ebsis\u00eb\u2019. Nuk kuptohet se ku do t\u00eb ekzistoj\u00eb qendra e p\u00ebrpunimit t\u00eb t\u00eb dh\u00ebnave dhe cfar\u00eb t\u00eb dh\u00ebnash do t\u00eb ruhen dhe p\u00ebrpunohen n\u00eb k\u00ebt\u00eb qend\u00ebr. Vet\u00ebm t\u00eb dh\u00ebnat e gjykatave, apo\/dhe prokurorive\u00a0 apo t\u00eb ILD-s\u00eb? Sugjerohet sqarimi i k\u00ebsaj mase n\u00eb m\u00ebnyr\u00eb q\u00eb t\u00eb jet\u00eb sa m\u00ebe matshme dhe e realizueshme.<\/em>[\/vc_column_text][\/vc_column][\/vc_row][vc_row][vc_column icons_position=&#8221;left&#8221;][vc_separator][\/vc_column][\/vc_row]<\/p>\n","protected":false},"excerpt":{"rendered":"<p>[vc_row][vc_column hide_bg_image_on_tablet=&#8221;&#8221; hide_bg_image_on_mobile=&#8221;&#8221; icons_position=&#8221;left&#8221; css=&#8221;.vc_custom_1509966252982{margin-top: -0.4rem !important;}&#8221;][vc_column_text] Masa 4.1.3 \u201cP\u00ebrmir\u00ebsimi i qendr\u00ebs s\u00eb p\u00ebrpunimit t\u00eb t\u00eb dh\u00ebnave\u201d. Kjo mas\u00eb p\u00ebr nga m\u00ebnyra se si \u00ebsht\u00eb formuluar duket disi e paqart\u00eb. Nuk kuptohet koncepti i qendr\u00ebs s\u00eb p\u00ebrpunimit t\u00eb t\u00eb dh\u00ebnave, si dhe cfar\u00eb synon p\u00ebrmir\u00ebsimi i saj. Qendra e p\u00ebrpunimit t\u00eb t\u00eb dh\u00ebnave nuk \u00ebsht\u00eb parashikuar n\u00eb ligjin nr.115\/2016. Ky&hellip;<\/p>\n","protected":false},"author":1,"featured_media":0,"parent":3390,"menu_order":0,"comment_status":"closed","ping_status":"closed","template":"","meta":{"footnotes":""},"class_list":["post-3411","page","type-page","status-publish","hentry"],"_links":{"self":[{"href":"https:\/\/ipls.org\/projekte\/alleyesonjustice\/wp-json\/wp\/v2\/pages\/3411","targetHints":{"allow":["GET"]}}],"collection":[{"href":"https:\/\/ipls.org\/projekte\/alleyesonjustice\/wp-json\/wp\/v2\/pages"}],"about":[{"href":"https:\/\/ipls.org\/projekte\/alleyesonjustice\/wp-json\/wp\/v2\/types\/page"}],"author":[{"embeddable":true,"href":"https:\/\/ipls.org\/projekte\/alleyesonjustice\/wp-json\/wp\/v2\/users\/1"}],"replies":[{"embeddable":true,"href":"https:\/\/ipls.org\/projekte\/alleyesonjustice\/wp-json\/wp\/v2\/comments?post=3411"}],"version-history":[{"count":1,"href":"https:\/\/ipls.org\/projekte\/alleyesonjustice\/wp-json\/wp\/v2\/pages\/3411\/revisions"}],"predecessor-version":[{"id":3412,"href":"https:\/\/ipls.org\/projekte\/alleyesonjustice\/wp-json\/wp\/v2\/pages\/3411\/revisions\/3412"}],"up":[{"embeddable":true,"href":"https:\/\/ipls.org\/projekte\/alleyesonjustice\/wp-json\/wp\/v2\/pages\/3390"}],"wp:attachment":[{"href":"https:\/\/ipls.org\/projekte\/alleyesonjustice\/wp-json\/wp\/v2\/media?parent=3411"}],"curies":[{"name":"wp","href":"https:\/\/api.w.org\/{rel}","templated":true}]}}