{"id":3414,"date":"2022-02-25T17:48:15","date_gmt":"2022-02-25T17:48:15","guid":{"rendered":"http:\/\/ipls.org\/projekte\/alleyesonjustice\/?page_id=3414"},"modified":"2022-02-25T17:48:15","modified_gmt":"2022-02-25T17:48:15","slug":"masa-4-1-4","status":"publish","type":"page","link":"https:\/\/ipls.org\/projekte\/alleyesonjustice\/qellimi-i-politikes-4\/objektivi-specifik-4-1\/masa-4-1-4\/","title":{"rendered":"Masa 4.1.4"},"content":{"rendered":"<p>[vc_row][vc_column hide_bg_image_on_tablet=&#8221;&#8221; hide_bg_image_on_mobile=&#8221;&#8221; icons_position=&#8221;left&#8221; css=&#8221;.vc_custom_1509966252982{margin-top: -0.4rem !important;}&#8221;][vc_column_text]<\/p>\n<h2><a name=\"_Toc77083928\"><\/a><a name=\"_Toc77151005\"><\/a><strong>Masa 4.1.4<\/strong><\/h2>\n<p><em>\u201cP\u00ebrmir\u00ebsimi i infrastruktur\u00ebs s\u00eb IT-s\u00eb n\u00eb gjykata\u201d.<\/em><\/p>\n<p>Masa lidhet me p\u00ebrmir\u00ebsimin e infrastruktur\u00ebs s\u00eb IT t\u00eb gjykatave. Infrastruktura e duhur e sistemeve t\u00eb IT-s\u00eb ndihmon n\u00eb nj\u00eb menaxhim eficient t\u00eb \u00e7\u00ebshtjeve, funksionimin si duhet t\u00eb baz\u00ebs s\u00eb t\u00eb dh\u00ebnave e, si p\u00ebrfundim, \u00ebsht\u00eb premis\u00eb p\u00ebr t\u00eb pasur nj\u00eb sistem t\u00eb unifikuar t\u00eb drejt\u00ebsis\u00eb elektronike. N\u00eb k\u00ebt\u00eb aspect, masa \u00ebsht\u00eb \u00ebsht\u00eb e nevojshm\u00eb p\u00ebr arritjen e Rezultatit 4.1.1 dhe 4.1.2, si dhe \u00ebsht\u00eb n\u00eb p\u00ebrputhje me Objektivin 4.1.<\/p>\n<p>Masa \u00ebsht\u00eb aktuale sa koh\u00eb q\u00eb sistemi IT shihet si nj\u00eb shtys\u00eb p\u00ebr modernizimin e t\u00eb gjitha gjykatave, prokurorive dhe informacioneve q\u00eb ato japin apo sh\u00ebrbimeve q\u00eb ofrojn\u00eb. Nj\u00eb mas\u00eb e till\u00eb b\u00ebn t\u00eb mundur ofrimin e m\u00ebnyrave novatore p\u00ebr rritjen e bashk\u00ebpunimit mes vet\u00eb institucioneve dhe k\u00ebtyre t\u00eb fundit me publikun.V\u00ebrehet q\u00eb sistemi\u00a0 IT i prokurorive nuk \u00ebsht\u00eb p\u00ebrmendur n\u00eb k\u00ebt\u00eb mas\u00eb. Duke qen\u00eb se synohet krijimi i nj\u00eb sistemi t\u00eb unifikuar t\u00eb dh\u00ebnash, sipas t\u00eb cil\u00ebs \u00ebsht\u00eb e mundshme ndjekja e ecuris\u00eb s\u00eb dosjes q\u00eb nga prokuroria e deri m\u00eb von\u00eb n\u00eb gjykat\u00eb, formulimi i n\u00eb lidhjeje vet\u00ebm me p\u00ebrmir\u00ebsimin e infrastruktur\u00ebs s\u00eb IT-s\u00eb s\u00eb gjykat\u00ebs duket e paplot\u00eb.<\/p>\n<p><strong><em>Konkluzion<\/em><\/strong><em>: Masa \u00ebsht\u00eb n\u00eb koherenc\u00eb me Rezultatet 4.1.1 dhe 4.1.2 si dhe me Objektivin Specifik 4.1. Sugjerojm\u00eb q\u00eb sistemi i infrastruktur\u00ebs n\u00eb prokurori t\u00eb jet\u00eb gjithashtu fokus i mas\u00ebs. P\u00ebr k\u00ebt\u00eb arsye sugjerohet riformulim i mas\u00ebs p\u00ebr t\u00eb qen\u00eb m\u00eb af\u00ebr realitetit dhe m\u00eb e matshme.<\/em>[\/vc_column_text][\/vc_column][\/vc_row][vc_row][vc_column icons_position=&#8221;left&#8221;][vc_separator][\/vc_column][\/vc_row]<\/p>\n","protected":false},"excerpt":{"rendered":"<p>[vc_row][vc_column hide_bg_image_on_tablet=&#8221;&#8221; hide_bg_image_on_mobile=&#8221;&#8221; icons_position=&#8221;left&#8221; css=&#8221;.vc_custom_1509966252982{margin-top: -0.4rem !important;}&#8221;][vc_column_text] Masa 4.1.4 \u201cP\u00ebrmir\u00ebsimi i infrastruktur\u00ebs s\u00eb IT-s\u00eb n\u00eb gjykata\u201d. Masa lidhet me p\u00ebrmir\u00ebsimin e infrastruktur\u00ebs s\u00eb IT t\u00eb gjykatave. Infrastruktura e duhur e sistemeve t\u00eb IT-s\u00eb ndihmon n\u00eb nj\u00eb menaxhim eficient t\u00eb \u00e7\u00ebshtjeve, funksionimin si duhet t\u00eb baz\u00ebs s\u00eb t\u00eb dh\u00ebnave e, si p\u00ebrfundim, \u00ebsht\u00eb premis\u00eb p\u00ebr t\u00eb pasur nj\u00eb sistem t\u00eb unifikuar&hellip;<\/p>\n","protected":false},"author":1,"featured_media":0,"parent":3390,"menu_order":0,"comment_status":"closed","ping_status":"closed","template":"","meta":{"footnotes":""},"class_list":["post-3414","page","type-page","status-publish","hentry"],"_links":{"self":[{"href":"https:\/\/ipls.org\/projekte\/alleyesonjustice\/wp-json\/wp\/v2\/pages\/3414","targetHints":{"allow":["GET"]}}],"collection":[{"href":"https:\/\/ipls.org\/projekte\/alleyesonjustice\/wp-json\/wp\/v2\/pages"}],"about":[{"href":"https:\/\/ipls.org\/projekte\/alleyesonjustice\/wp-json\/wp\/v2\/types\/page"}],"author":[{"embeddable":true,"href":"https:\/\/ipls.org\/projekte\/alleyesonjustice\/wp-json\/wp\/v2\/users\/1"}],"replies":[{"embeddable":true,"href":"https:\/\/ipls.org\/projekte\/alleyesonjustice\/wp-json\/wp\/v2\/comments?post=3414"}],"version-history":[{"count":1,"href":"https:\/\/ipls.org\/projekte\/alleyesonjustice\/wp-json\/wp\/v2\/pages\/3414\/revisions"}],"predecessor-version":[{"id":3415,"href":"https:\/\/ipls.org\/projekte\/alleyesonjustice\/wp-json\/wp\/v2\/pages\/3414\/revisions\/3415"}],"up":[{"embeddable":true,"href":"https:\/\/ipls.org\/projekte\/alleyesonjustice\/wp-json\/wp\/v2\/pages\/3390"}],"wp:attachment":[{"href":"https:\/\/ipls.org\/projekte\/alleyesonjustice\/wp-json\/wp\/v2\/media?parent=3414"}],"curies":[{"name":"wp","href":"https:\/\/api.w.org\/{rel}","templated":true}]}}