{"id":3417,"date":"2022-02-25T17:49:35","date_gmt":"2022-02-25T17:49:35","guid":{"rendered":"http:\/\/ipls.org\/projekte\/alleyesonjustice\/?page_id=3417"},"modified":"2022-02-25T17:49:35","modified_gmt":"2022-02-25T17:49:35","slug":"rezultati-4-1-5","status":"publish","type":"page","link":"https:\/\/ipls.org\/projekte\/alleyesonjustice\/qellimi-i-politikes-4\/objektivi-specifik-4-1\/rezultati-4-1-5\/","title":{"rendered":"Rezultati 4.1.5"},"content":{"rendered":"<p>[vc_row][vc_column hide_bg_image_on_tablet=&#8221;&#8221; hide_bg_image_on_mobile=&#8221;&#8221; icons_position=&#8221;left&#8221; css=&#8221;.vc_custom_1509966252982{margin-top: -0.4rem !important;}&#8221;][vc_column_text]<\/p>\n<h2><a name=\"_Toc77083928\"><\/a><a name=\"_Toc77151005\"><\/a><strong>Rezultati 4.1.5<\/strong><\/h2>\n<p><em>\u201d<\/em><em>Institucionet e tjera t\u00eb drejt\u00ebsis\u00eb, duke p\u00ebrfshir\u00eb institucionet e var\u00ebsis\u00eb, t\u00eb mb\u00ebshtetura n\u00eb zhvillimin e zgjidhjeve t\u00eb tyre t\u00eb teknologjis\u00eb s\u00eb informacionit, p\u00ebrfshir\u00eb koordinimin me Qendr\u00ebn e Teknologjis\u00eb s\u00eb Informacionit\u201d<\/em><\/p>\n<p>P\u00ebr nga m\u00ebnyra se si \u00ebsht\u00eb formuluar, ky rezultat \u00ebsht\u00eb i paqart\u00eb. S\u00eb pari,fjalia me t\u00eb cil\u00ebn shprehet Rezultati \u00ebsht\u00eb e paplot\u00eb dhe nuk nxjerr t\u00eb qart\u00eb cfar\u00eb pritet nga p\u00ebrmbushja e tij n\u00eb funksion t\u00eb Objektivit Specifik 4.1. S\u00eb dyti, nuk \u00ebsht\u00eb identifikuar qart\u00eb lloji dhe natyra e mb\u00ebshtetjes.Gjithashtu, n\u00eb t\u00eb p\u00ebrmenden \u2018institucionet e tjera t\u00eb drejt\u00ebsis\u00eb\u2019 si dhe \u201cinstitucionet e var\u00ebsis\u00eb\u201d, duke b\u00ebr\u00eb q\u00eb target grupi p\u00ebr k\u00ebt\u00eb rezultat t\u00eb jet\u00eb evaziv. Duhet sakt\u00ebsuar formulimi duke dh\u00ebn\u00eb nj\u00eb orientim ose p\u00ebrdorur nj\u00eb term shoq\u00ebrues p\u00ebr t\u00eb identifikuar \u201cinstitucionet e tjera\u201d apo \u201cinstitucionet e var\u00ebsis\u00eb\u2019 t\u00eb cilat nuk jan\u00eb t\u00eb qarta. Paqart\u00ebsia n\u00eb formulim e k\u00ebtij rezultati b\u00ebn t\u00eb v\u00ebshtir\u00eb identifikimin e masave q\u00eb i sh\u00ebrbejn\u00eb arritjes s\u00eb tij. Duket se Masat 4.1.14 dhe 4.1.15 i referohen k\u00ebtij rezultati, megjithat\u00eb, t\u00eb lexuara n\u00eb t\u00ebr\u00ebsin\u00eb e tyre (Rezultati dhe Masat), nuk nxjerrin t\u00eb qart\u00eb n\u00ebse \u201csistemi i menaxhimit t\u00eb \u00e7\u00ebshtjeve\u201d q\u00eb do t\u00ebmbahet nga MD dhe institucionet e var\u00ebsis\u00eb i referohet sistemit t\u00eb menaxhimit t\u00eb \u00e7\u00ebshtjeve gjyq\u00ebsore\/t\u00eb prokuroris\u00eb, apo sistemi tjet\u00ebr q\u00eb menaxhon MD dhe institucionet vart\u00ebse t\u00eb saj.<\/p>\n<p><strong><em>Konkluzion<\/em><\/strong><em>: Paqart\u00ebsia n\u00eb formulimin e k\u00ebtij Rezultati (relevanca me Objektivin Specifik 4.1, nocioni i mb\u00ebshtetjes dhe institucionet e var\u00ebsis\u00eb) e b\u00ebn t\u00eb v\u00ebshtir\u00eb identifikimin e indikator\u00ebve q\u00eb do t\u00eb masin arritjen e Rezultatit.<\/em>[\/vc_column_text][\/vc_column][\/vc_row][vc_row][vc_column icons_position=&#8221;left&#8221;][vc_separator][\/vc_column][\/vc_row]<\/p>\n","protected":false},"excerpt":{"rendered":"<p>[vc_row][vc_column hide_bg_image_on_tablet=&#8221;&#8221; hide_bg_image_on_mobile=&#8221;&#8221; icons_position=&#8221;left&#8221; css=&#8221;.vc_custom_1509966252982{margin-top: -0.4rem !important;}&#8221;][vc_column_text] Rezultati 4.1.5 \u201dInstitucionet e tjera t\u00eb drejt\u00ebsis\u00eb, duke p\u00ebrfshir\u00eb institucionet e var\u00ebsis\u00eb, t\u00eb mb\u00ebshtetura n\u00eb zhvillimin e zgjidhjeve t\u00eb tyre t\u00eb teknologjis\u00eb s\u00eb informacionit, p\u00ebrfshir\u00eb koordinimin me Qendr\u00ebn e Teknologjis\u00eb s\u00eb Informacionit\u201d P\u00ebr nga m\u00ebnyra se si \u00ebsht\u00eb formuluar, ky rezultat \u00ebsht\u00eb i paqart\u00eb. S\u00eb pari,fjalia me t\u00eb cil\u00ebn shprehet Rezultati \u00ebsht\u00eb e&hellip;<\/p>\n","protected":false},"author":1,"featured_media":0,"parent":3390,"menu_order":0,"comment_status":"closed","ping_status":"closed","template":"","meta":{"footnotes":""},"class_list":["post-3417","page","type-page","status-publish","hentry"],"_links":{"self":[{"href":"https:\/\/ipls.org\/projekte\/alleyesonjustice\/wp-json\/wp\/v2\/pages\/3417","targetHints":{"allow":["GET"]}}],"collection":[{"href":"https:\/\/ipls.org\/projekte\/alleyesonjustice\/wp-json\/wp\/v2\/pages"}],"about":[{"href":"https:\/\/ipls.org\/projekte\/alleyesonjustice\/wp-json\/wp\/v2\/types\/page"}],"author":[{"embeddable":true,"href":"https:\/\/ipls.org\/projekte\/alleyesonjustice\/wp-json\/wp\/v2\/users\/1"}],"replies":[{"embeddable":true,"href":"https:\/\/ipls.org\/projekte\/alleyesonjustice\/wp-json\/wp\/v2\/comments?post=3417"}],"version-history":[{"count":1,"href":"https:\/\/ipls.org\/projekte\/alleyesonjustice\/wp-json\/wp\/v2\/pages\/3417\/revisions"}],"predecessor-version":[{"id":3418,"href":"https:\/\/ipls.org\/projekte\/alleyesonjustice\/wp-json\/wp\/v2\/pages\/3417\/revisions\/3418"}],"up":[{"embeddable":true,"href":"https:\/\/ipls.org\/projekte\/alleyesonjustice\/wp-json\/wp\/v2\/pages\/3390"}],"wp:attachment":[{"href":"https:\/\/ipls.org\/projekte\/alleyesonjustice\/wp-json\/wp\/v2\/media?parent=3417"}],"curies":[{"name":"wp","href":"https:\/\/api.w.org\/{rel}","templated":true}]}}