{"id":3420,"date":"2022-02-25T17:51:28","date_gmt":"2022-02-25T17:51:28","guid":{"rendered":"http:\/\/ipls.org\/projekte\/alleyesonjustice\/?page_id=3420"},"modified":"2022-02-25T18:00:15","modified_gmt":"2022-02-25T18:00:15","slug":"objektivi-specifik-4-4","status":"publish","type":"page","link":"https:\/\/ipls.org\/projekte\/alleyesonjustice\/qellimi-i-politikes-4\/objektivi-specifik-4-4\/","title":{"rendered":"Objektivi Specifik 4.4"},"content":{"rendered":"<p>[vc_row][vc_column hide_bg_image_on_tablet=&#8221;&#8221; hide_bg_image_on_mobile=&#8221;&#8221; icons_position=&#8221;left&#8221; css=&#8221;.vc_custom_1509966252982{margin-top: -0.4rem !important;}&#8221;][vc_column_text]<\/p>\n<h2><a name=\"_Toc77083928\"><\/a><a name=\"_Toc77151005\"><\/a><strong>Objektivi Specifik 4.4<\/strong><\/h2>\n<p><em>\u201c<\/em><em>P\u00ebrdit\u00ebsimi i kuadrit ligjor dhe kapaciteteve t\u00eb MD-s\u00eb dhe p\u00ebrmir\u00ebsimet n\u00eb fush\u00ebn e bashk\u00ebpunimit ligjor nd\u00ebrkomb\u00ebtar dhe p\u00ebrgatitja e Shqip\u00ebris\u00eb p\u00ebr an\u00ebtar\u00ebsimin n\u00eb BE me an\u00eb t\u00eb harmonizimit t\u00eb legjislacionit shqiptar me acquis e BE dhe aktet e tjera t\u00eb integrimit me BE dhe shtetet an\u00ebtare n\u00eb fush\u00ebn e drejt\u00ebsis\u00eb.\u201d<\/em><\/p>\n<p>Ky objektiv \u00ebsht\u00eb i orientuar n\u00eb dy drejtime. S\u00eb pari, n\u00eb p\u00ebrmir\u00ebsim t\u00eb kuadrit ligjor dhe rritje t\u00eb kapaciteteve t\u00eb MD n\u00eb fush\u00ebn e bashk\u00ebpunimit nd\u00ebrkomb\u00ebtar dhe, s\u00eb dyti, n\u00eb harmonizimin e legjislacionit me acquis dhe akte t\u00eb tjera t\u00eb BE p\u00ebr t\u00eb p\u00ebrgatitur vendin p\u00ebr faz\u00ebn e integrimit n\u00eb BE. Ky objektiv, \u00ebsht\u00eb n\u00eb koherenc\u00eb me Q\u00ebllimin e Politik\u00ebs 4, t\u00eb cilat i referohen menaxhimitefikas dhe efektiv t\u00eb sistemit t\u00eb drejt\u00ebsis\u00eb n\u00eb t\u00eb gjith\u00eb institucionet e sektorit.<\/p>\n<p>Megjith\u00ebse nuk rezulton e qart\u00eb nga formulimi i Objektivit, referuar mas\u00ebs 4.4.1 dhe 4.4.2, kuptojm\u00eb q\u00eb pjesa e par\u00eb e tij i referohet\u00a0 p\u00ebrmir\u00ebsimit t\u00eb legjislacionit dhe kapaciteteve t\u00eb MD-s\u00eb lidhur me bashk\u00ebpunimin nd\u00ebrkomb\u00ebtar n\u00eb \u00e7\u00ebshtjet penale. N\u00ebse e kuptojm\u00eb drejt dhe ky \u00ebsht\u00eb q\u00ebllimi i Objektivit, rezulton se me ligjin Nr. 97\/2021 jan\u00eb parashikuar shtesa dhe ndryshime n\u00eb Ligjin nr. 10 193, Dat\u00eb 3.12.2009 \u201cP\u00ebr marr\u00ebdh\u00ebniet juridiksionale me autoritetet e huaja n\u00eb \u00e7\u00ebshtjet penale\u201d<a href=\"#_ftn1\" name=\"_ftnref1\">[1]<\/a>. N\u00eb k\u00ebt\u00eb aspekt sugjerojm\u00eb q\u00eb t\u00eb rishikohet ky Objektiv n\u00eb lidhje me pjes\u00ebn e p\u00ebrmir\u00ebsimit t\u00eb legjislacionit, i cili ka m\u00eb pak se tre muaj q\u00eb\u00ebsht\u00eb ndryshuar n\u00eb drejtim t\u00eb p\u00ebrmir\u00ebsimit t\u00eb procedurave q\u00eb ndiqen n\u00eb rastet e marr\u00ebdh\u00ebnieve juridiksionale, duke e sjell\u00eb n\u00eb p\u00ebrputhje me konventat e fush\u00ebs. Objektivi mund t\u00eb fokusohet n\u00eb plot\u00ebsimin e tij me akte n\u00ebnligjore p\u00ebr miratimin e t\u00eb cilave Ligji l\u00eb afat prej 6 muajsh nga hyrja n\u00eb fuqi e tij.<\/p>\n<p>Nd\u00ebrkoh\u00eb, duke qen\u00eb se marr\u00ebdh\u00ebniet juridiksionale me shtetet e huaja \u00ebsht\u00eb nj\u00eb nd\u00ebr fushat q\u00eb mbulon MD, rritja e kapaciteteve t\u00eb MD-s\u00eb n\u00eb lidhje me bashk\u00ebpunimin ligjor nd\u00ebrkomb\u00ebtar, si dhe p\u00ebrmir\u00ebsimet e fundit t\u00eb legjislacionit shihen t\u00eb nevojshme dhe aktuale.<\/p>\n<p>Pjesa tjet\u00ebr e k\u00ebtij Objektivi evidenton t\u00eb nevojsh\u00ebm vijimin e m\u00ebtejsh\u00ebm t\u00eb harmonizimit t\u00eb legjislacionit vendas me Acquis, si nj\u00eb domosdoshm\u00ebri n\u00eb kuad\u00ebr t\u00eb procesit t\u00eb integrimit n\u00eb BE. Ky \u00ebsht\u00eb nj\u00eb proces i vazhduesh\u00ebm, ku p\u00ebr \u00e7do akt ligjor t\u00eb miratuar shihet p\u00ebrputhshm\u00ebria me Acquis-n\u00eb e fush\u00ebs dhe hartimi i tabel\u00ebs s\u00eb p\u00ebrputhshm\u00ebris\u00ebq\u00eb\u00ebsht\u00eb nj\u00eb detyrim ligjor. Sa koh\u00eb Shqip\u00ebria vijon p\u00ebrmbushjen e t\u00eb gjitha detyrimeve q\u00eb i rrjedhin nga MSA dhe faz\u00ebn e p\u00ebrgatitjes p\u00ebr an\u00ebtar\u00ebsim n\u00eb BE, ky objektiv mbetet aktual. Nd\u00ebrkoh\u00eb shihet e nevojshme q\u00eb n\u00eb k\u00ebt\u00eb faz\u00eb t\u00eb vler\u00ebsohen kapacitetet n\u00eb k\u00ebt\u00eb drejtim dhe t\u00eb investohet n\u00eb drejtim t\u00eb stafeve dhe personave p\u00ebrgjegj\u00ebs p\u00ebr k\u00ebt\u00eb proces. Kjo pjes\u00eb e Objektivit afekton, ve\u00e7 MD-s\u00eb, \u00a0MEPJ-n\u00eb, dhe\u00a0 t\u00eb gjitha institucionet e sistemit t\u00eb drejt\u00ebsis\u00eb, si dhe ato t\u00eb pushtetit ekzekutiv (Ministrit\u00eb dhe K\u00ebshillin e Ministrave).\u00a0 Objektivi Specifik 4.4 \u00ebsht\u00eb hartuar rishtazi p\u00ebr efekt t\u00eb SND II dhe nuk ka qen\u00eb i p\u00ebrfshir\u00eb n\u00eb SND I.<\/p>\n<p><strong><em>Konkluzion<\/em><\/strong><em>: Objektivi Specifik 4.4 \u00ebsht\u00eb n\u00eb harmoni me Q\u00ebllimin e Politik\u00ebs 4. Sugjerojm\u00eb riformulimin e tij n\u00eb funksion t\u00eb sakt\u00ebsimit t\u00eb terminologjis\u00eb dhe q\u00ebllimit t\u00eb tij, si dhe rishikimin e pjes\u00ebs s\u00eb p\u00ebrmir\u00ebsimit t\u00eb legjislacionit lidhur me bashk\u00ebpunimin nd\u00ebrkomb\u00ebtar, i cili rezulton i ndryshuar rishtazi. <\/em><\/p>\n<p><a href=\"#_ftnref1\" name=\"_ftn1\">[1]<\/a>Shih LIGJ Nr. 97\/2021 \u201cP\u00ebr disa shtesa dhe ndryshime n\u00eb ligjin nr. 10 193, dat\u00eb 3.12.2009 \u201cp\u00ebr marr\u00ebdh\u00ebniet juridiksionale me autoritetet e huaja n\u00eb \u00e7\u00ebshtjet penale\u201d, <a href=\"https:\/\/www.parlament.al\/Files\/ProjektLigje\/20210714135014ligj%20nr.%2097,%20dt.%207.7.2021.pdf\">https:\/\/www.parlament.al\/Files\/ProjektLigje\/20210714135014ligj%20nr.%2097,%20dt.%207.7.2021.pdf<\/a>[\/vc_column_text][\/vc_column][\/vc_row][vc_row][vc_column icons_position=&#8221;left&#8221;][vc_separator][\/vc_column][\/vc_row]<\/p>\n","protected":false},"excerpt":{"rendered":"<p>[vc_row][vc_column hide_bg_image_on_tablet=&#8221;&#8221; hide_bg_image_on_mobile=&#8221;&#8221; icons_position=&#8221;left&#8221; css=&#8221;.vc_custom_1509966252982{margin-top: -0.4rem !important;}&#8221;][vc_column_text] Objektivi Specifik 4.4 \u201cP\u00ebrdit\u00ebsimi i kuadrit ligjor dhe kapaciteteve t\u00eb MD-s\u00eb dhe p\u00ebrmir\u00ebsimet n\u00eb fush\u00ebn e bashk\u00ebpunimit ligjor nd\u00ebrkomb\u00ebtar dhe p\u00ebrgatitja e Shqip\u00ebris\u00eb p\u00ebr an\u00ebtar\u00ebsimin n\u00eb BE me an\u00eb t\u00eb harmonizimit t\u00eb legjislacionit shqiptar me acquis e BE dhe aktet e tjera t\u00eb integrimit me BE dhe shtetet an\u00ebtare n\u00eb fush\u00ebn e drejt\u00ebsis\u00eb.\u201d&hellip;<\/p>\n","protected":false},"author":1,"featured_media":0,"parent":3387,"menu_order":0,"comment_status":"closed","ping_status":"closed","template":"","meta":{"footnotes":""},"class_list":["post-3420","page","type-page","status-publish","hentry"],"_links":{"self":[{"href":"https:\/\/ipls.org\/projekte\/alleyesonjustice\/wp-json\/wp\/v2\/pages\/3420","targetHints":{"allow":["GET"]}}],"collection":[{"href":"https:\/\/ipls.org\/projekte\/alleyesonjustice\/wp-json\/wp\/v2\/pages"}],"about":[{"href":"https:\/\/ipls.org\/projekte\/alleyesonjustice\/wp-json\/wp\/v2\/types\/page"}],"author":[{"embeddable":true,"href":"https:\/\/ipls.org\/projekte\/alleyesonjustice\/wp-json\/wp\/v2\/users\/1"}],"replies":[{"embeddable":true,"href":"https:\/\/ipls.org\/projekte\/alleyesonjustice\/wp-json\/wp\/v2\/comments?post=3420"}],"version-history":[{"count":2,"href":"https:\/\/ipls.org\/projekte\/alleyesonjustice\/wp-json\/wp\/v2\/pages\/3420\/revisions"}],"predecessor-version":[{"id":3433,"href":"https:\/\/ipls.org\/projekte\/alleyesonjustice\/wp-json\/wp\/v2\/pages\/3420\/revisions\/3433"}],"up":[{"embeddable":true,"href":"https:\/\/ipls.org\/projekte\/alleyesonjustice\/wp-json\/wp\/v2\/pages\/3387"}],"wp:attachment":[{"href":"https:\/\/ipls.org\/projekte\/alleyesonjustice\/wp-json\/wp\/v2\/media?parent=3420"}],"curies":[{"name":"wp","href":"https:\/\/api.w.org\/{rel}","templated":true}]}}