{"id":3423,"date":"2022-02-25T17:53:48","date_gmt":"2022-02-25T17:53:48","guid":{"rendered":"http:\/\/ipls.org\/projekte\/alleyesonjustice\/?page_id=3423"},"modified":"2022-02-25T17:56:39","modified_gmt":"2022-02-25T17:56:39","slug":"rezultati-4-4-4","status":"publish","type":"page","link":"https:\/\/ipls.org\/projekte\/alleyesonjustice\/qellimi-i-politikes-4\/objektivi-specifik-4-4\/rezultati-4-4-4\/","title":{"rendered":"Rezultati 4.4.4"},"content":{"rendered":"<p>[vc_row][vc_column hide_bg_image_on_tablet=&#8221;&#8221; hide_bg_image_on_mobile=&#8221;&#8221; icons_position=&#8221;left&#8221; css=&#8221;.vc_custom_1509966252982{margin-top: -0.4rem !important;}&#8221;][vc_column_text]<\/p>\n<h2><a name=\"_Toc77083928\"><\/a><a name=\"_Toc77151005\"><\/a><strong>Rezultati 4.4.4<\/strong><\/h2>\n<p><em>\u201cKapacitetet e MD dhe institucioneve sektoriale p\u00ebr t\u00eb menaxhuar Instrumentin e ri t\u00eb Para An\u00ebtar\u00ebsimit dhe modalitetet e tjera t\u00eb mb\u00ebshtetjes s\u00eb BE-s\u00eb jan\u00eb zhvilluar n\u00eb m\u00ebnyr\u00ebn e duhur dhe sektori i drejt\u00ebsis\u00eb merr mb\u00ebshtetje t\u00eb konsiderueshme financiare nga k\u00ebto fonde.\u201d<\/em><\/p>\n<p>Me q\u00ebllim p\u00ebrthithjen e fondeve me vler\u00eb t\u00eb lart\u00eb, t\u00eb gjitha institucionet e sistemit t\u00eb drejt\u00ebsis\u00eb duhet t\u00eb jen\u00eb n\u00eb \u201clart\u00ebsin\u00eb e duhur\u2018 p\u00ebr sa i takon kapaciteteve q\u00eb kan\u00eb. P\u00ebr t\u00eb qen\u00eb n\u00eb lart\u00ebsin\u00eb e duhur duhet t\u00eb p\u00ebrmbushen disa parakushte. Nj\u00eb parakusht lidhet me nivelin profesional t\u00eb burimeve njer\u00ebzore q\u00eb duhet t\u00eb ken\u00eb mjaftueshm\u00ebrisht njohuri, si dhe nivelin e duhur t\u00eb trajnimit. Kjo vihet re n\u00eb disa ministri, si ajo p\u00ebr Evrop\u00ebn dhe Pun\u00ebt e Jashtme dhe Ministria e Financ\u00ebs q\u00eb kan\u00eb patur q\u00ebndrueshm\u00ebri p\u00ebr sa i takon burimeve njer\u00ebzore, nd\u00ebrkoh\u00eb\u00a0 q\u00ebp\u00ebr Ministrin\u00eb e Drejt\u00ebsis\u00eb, e cila nuk ka ka patur q\u00ebndrueshm\u00ebri n\u00eb burimet njer\u00ebzore, ngritja e kapaciteve profesionale \u00ebsht\u00eb m\u00ebse e domosdoshme. Nj\u00eb tjet\u00ebr parakusht lidhet me ekzistenc\u00ebn e strukturave t\u00eb specializuara brenda institucioneveve, si dhe me nivelin e nd\u00ebrgjegj\u00ebsimit t\u00eb punonj\u00ebsve t\u00eb tyre n\u00eb lidhje me r\u00ebnd\u00ebsin\u00eb e k\u00ebtij rezultati.<\/p>\n<p>P\u00ebr sa m\u00eb lart, ky rezultat \u00ebsht\u00eb n\u00eb p\u00ebrputhje me Objektivin 4.4.<\/p>\n<p>SND II nuk parashikon indikator p\u00ebr matjen e k\u00ebtij rezultati. Nd\u00ebrkoh\u00eb, si indikator mund t\u00eb sh\u00ebrbej\u00eb<em>\u201c% e fondeve t\u00eb p\u00ebrthithura nga BE\u201d.<\/em><\/p>\n<p><strong><em>Konkluzion<\/em><\/strong><em>: Ky \u00ebsht\u00eb rezultat shum\u00eb i r\u00ebnd\u00ebsish\u00ebm pasi lidhet me pasjen e kapaciteteve t\u00eb duhura njer\u00ebzore dhe institucionale p\u00ebr t\u00eb p\u00ebrthithur sa m\u00eb tep\u00ebr fonde nga ana e t\u00eb gjitha institucioneve t\u00eb sistemit t\u00eb drejt\u00ebsis\u00eb dhe p\u00ebr t\u2019i menaxhuar ato me efikasitet. Sugjerojm\u00eb t\u00eb p\u00ebrfshihet si indikator <\/em><em>\u201c% e fondeve t\u00eb p\u00ebrthithura nga BE\u201d.<\/em>[\/vc_column_text][\/vc_column][\/vc_row][vc_row][vc_column icons_position=&#8221;left&#8221;][vc_separator][\/vc_column][\/vc_row]<\/p>\n","protected":false},"excerpt":{"rendered":"<p>[vc_row][vc_column hide_bg_image_on_tablet=&#8221;&#8221; hide_bg_image_on_mobile=&#8221;&#8221; icons_position=&#8221;left&#8221; css=&#8221;.vc_custom_1509966252982{margin-top: -0.4rem !important;}&#8221;][vc_column_text] Rezultati 4.4.4 \u201cKapacitetet e MD dhe institucioneve sektoriale p\u00ebr t\u00eb menaxhuar Instrumentin e ri t\u00eb Para An\u00ebtar\u00ebsimit dhe modalitetet e tjera t\u00eb mb\u00ebshtetjes s\u00eb BE-s\u00eb jan\u00eb zhvilluar n\u00eb m\u00ebnyr\u00ebn e duhur dhe sektori i drejt\u00ebsis\u00eb merr mb\u00ebshtetje t\u00eb konsiderueshme financiare nga k\u00ebto fonde.\u201d Me q\u00ebllim p\u00ebrthithjen e fondeve me vler\u00eb t\u00eb lart\u00eb, t\u00eb&hellip;<\/p>\n","protected":false},"author":1,"featured_media":0,"parent":3420,"menu_order":0,"comment_status":"closed","ping_status":"closed","template":"","meta":{"footnotes":""},"class_list":["post-3423","page","type-page","status-publish","hentry"],"_links":{"self":[{"href":"https:\/\/ipls.org\/projekte\/alleyesonjustice\/wp-json\/wp\/v2\/pages\/3423","targetHints":{"allow":["GET"]}}],"collection":[{"href":"https:\/\/ipls.org\/projekte\/alleyesonjustice\/wp-json\/wp\/v2\/pages"}],"about":[{"href":"https:\/\/ipls.org\/projekte\/alleyesonjustice\/wp-json\/wp\/v2\/types\/page"}],"author":[{"embeddable":true,"href":"https:\/\/ipls.org\/projekte\/alleyesonjustice\/wp-json\/wp\/v2\/users\/1"}],"replies":[{"embeddable":true,"href":"https:\/\/ipls.org\/projekte\/alleyesonjustice\/wp-json\/wp\/v2\/comments?post=3423"}],"version-history":[{"count":2,"href":"https:\/\/ipls.org\/projekte\/alleyesonjustice\/wp-json\/wp\/v2\/pages\/3423\/revisions"}],"predecessor-version":[{"id":3429,"href":"https:\/\/ipls.org\/projekte\/alleyesonjustice\/wp-json\/wp\/v2\/pages\/3423\/revisions\/3429"}],"up":[{"embeddable":true,"href":"https:\/\/ipls.org\/projekte\/alleyesonjustice\/wp-json\/wp\/v2\/pages\/3420"}],"wp:attachment":[{"href":"https:\/\/ipls.org\/projekte\/alleyesonjustice\/wp-json\/wp\/v2\/media?parent=3423"}],"curies":[{"name":"wp","href":"https:\/\/api.w.org\/{rel}","templated":true}]}}