{"id":3437,"date":"2022-02-25T18:10:04","date_gmt":"2022-02-25T18:10:04","guid":{"rendered":"http:\/\/ipls.org\/projekte\/alleyesonjustice\/?page_id=3437"},"modified":"2022-04-07T17:39:14","modified_gmt":"2022-04-07T17:39:14","slug":"lista-e-referencave","status":"publish","type":"page","link":"https:\/\/ipls.org\/projekte\/alleyesonjustice\/lista-e-referencave\/","title":{"rendered":"LISTA E REFERENCAVE"},"content":{"rendered":"<p>[vc_row][vc_column hide_bg_image_on_tablet=&#8221;&#8221; hide_bg_image_on_mobile=&#8221;&#8221; icons_position=&#8221;left&#8221; css=&#8221;.vc_custom_1509966252982{margin-top: -0.4rem !important;}&#8221;][vc_column_text]<\/p>\n<h2><\/h2>\n<h1><a name=\"_Toc77151056\"><\/a><strong>LISTA E REFERENCAVE<\/strong><\/h1>\n<h5>Ligje dhe akte<\/h5>\n<ol>\n<li>Kushtetuta e Republik\u00ebs s\u00eb Shqip\u00ebris\u00eb;<\/li>\n<li>Kodi i familjes i Republik\u00ebs s\u00eb Shqip\u00ebris\u00eb;<\/li>\n<li>Ligj 115\/2016 \u201cP\u00ebr organet e qeverisjes s\u00eb sistemit t\u00eb drejt\u00ebsis\u00eb\u201d;<\/li>\n<li>Ligj 97\/2016, \u201cP\u00ebr organizimin dhe funksionimin e prokuroris\u00eb n\u00eb Republik\u00ebn e Shqip\u00ebris\u00eb\u201d;<\/li>\n<li>Ligj 95\/2016, \u201cP\u00ebr organizimin dhe funksionimin e institucioneve p\u00ebr t\u00eb luftuar korrupsionin dhe krimin e organizuar;<\/li>\n<li>Ligj 96\/2016, \u201cP\u00ebr statusin e gjyqtar\u00ebve dhe prokuror\u00ebve n\u00eb Republik\u00ebn e Shqip\u00ebris\u00eb\u201d;<\/li>\n<li>Ligj 98\/2016, \u201cP\u00ebr organizimin e pushtetit gjyq\u00ebsor n\u00eb Republik\u00ebn e Shqip\u00ebris\u00eb\u201d;<\/li>\n<li>OECD (2018), Ex-post assessment of regulation: Practices and lessons from OECD countries, OECD Publishing, Paris;<\/li>\n<li>Vendim i KLGj nr.316, date\u030809.2020, \u201cPe\u0308r miratimin e Rregullores \u201cPe\u0308r procedurat disiplinore ne\u0308 Ke\u0308shillin e Larte\u0308 Gjyqe\u0308sor\u201d;<\/li>\n<li>Vendim i KLP nr. 171, date\u030809.2019, \u201cP\u00ebr miratimin e Rregullores \u201cPe\u0308r procedure\u0308n e verifikimit te\u0308 kushteve dhe kritereve ligjore pe\u0308r rekrutimin, eme\u0308rimin si magjistrat dhe caktimin ne\u0308 pozicion te\u0308 kandidate\u0308ve pe\u0308r prokurore\u0308, si dhe pe\u0308r zhvillimin e karriere\u0308s se\u0308 prokuror\u00ebve\u201d;<\/li>\n<li>Rregullore e brendshme e Shkoll\u00ebs s\u00eb Magjistratur\u00ebs t\u00eb Republik\u00ebs t\u00eb Shqip\u00ebris\u00eb;<\/li>\n<li>Strategjia Nd\u00ebrsektoriale e Drejt\u00ebsis\u00eb 2016-2020;<\/li>\n<li>Strategjia Nd\u00ebrsektoriale e Drejt\u00ebsis\u00eb 2021-2025;<\/li>\n<li>Vendim i KLGj nr.264, date\u030811.2019, \u201cMetodologjia e pike\u0308zimit me qe\u0308llim pe\u0308rcaktimin e nivelit te\u0308 vlere\u0308simit te\u0308 gjyqtarit\u201d;<\/li>\n<li>Vendim i KLGj nr.209, date\u030810.2019, \u201cMetodologjia pe\u0308r vlere\u0308simin dhe pike\u0308zimin e kandidate\u0308ve jogjyqtare\u0308 pe\u0308r ne\u0308 Gjykate\u0308n e Larte\u0308\u201d;<\/li>\n<li>Vendim i KLGj nr. 622, date\u030812.2020, \u201cPe\u0308r le\u0308vizjen paralele, ngritjen ne\u0308 detyre\u0308 dhe pranimin ne\u0308 she\u0308rbimin civil gjyqe\u0308sor\u201d;<\/li>\n<li>Vendim i KLGj nr. 171, date 22.04.2021, \u201cP\u00ebr miratimin e Kodi i etik\u00ebs gjyq\u00ebsore;<\/li>\n<li>Vendim i KLGj nr. 47, dat\u00eb02.2021 \u201cP\u00ebr miratimin e \u201cUdh\u00ebzuesi \u201cP\u00ebr mbajtjen dhe plot\u00ebsimin e tabelave me t\u00eb dh\u00ebna statistikore p\u00ebr efekt t\u00eb matjes dhe monitorimit t\u00eb produktivitetit dhe efi\u00e7enc\u00ebs s\u00eb gjykatave\u201d;<\/li>\n<li>Vendim i KLGj, nr. 78, dat\u00eb05.2019 \u201cP\u00ebr kalendarin e shqyrtimit t\u00eb\u00e7\u00ebshtjeve n\u00eb gjykat\u00ebn e apelit\u201d;<\/li>\n<li>Vendim i KLP, nr.183, date 30.07.2020.<\/li>\n<li>VKM nr.409, dat\u00eb06.2019 \u201cP\u00ebr miratimin e planit t\u00eb veprimit 2019-2021 t\u00eb Strategjis\u00eb Nd\u00ebrsektoriale t\u00eb Drejt\u00ebsis\u00eb\u201d.<\/li>\n<li>Raporti Vjetor i Monitorimit Janar-Dhjetor 2020 n\u00eb zbatim t\u00eb Strategjis\u00eb Nd\u00ebrsektoriale t\u00eb Drejt\u00ebsis\u00eb dhe t\u00eb Planit t\u00eb veprimit.<\/li>\n<\/ol>\n<p>[\/vc_column_text][\/vc_column][\/vc_row][vc_row][vc_column icons_position=&#8221;left&#8221;][vc_separator][\/vc_column][\/vc_row]<\/p>\n","protected":false},"excerpt":{"rendered":"<p>[vc_row][vc_column hide_bg_image_on_tablet=&#8221;&#8221; hide_bg_image_on_mobile=&#8221;&#8221; icons_position=&#8221;left&#8221; css=&#8221;.vc_custom_1509966252982{margin-top: -0.4rem !important;}&#8221;][vc_column_text] LISTA E REFERENCAVE Ligje dhe akte Kushtetuta e Republik\u00ebs s\u00eb Shqip\u00ebris\u00eb; Kodi i familjes i Republik\u00ebs s\u00eb Shqip\u00ebris\u00eb; Ligj 115\/2016 \u201cP\u00ebr organet e qeverisjes s\u00eb sistemit t\u00eb drejt\u00ebsis\u00eb\u201d; Ligj 97\/2016, \u201cP\u00ebr organizimin dhe funksionimin e prokuroris\u00eb n\u00eb Republik\u00ebn e Shqip\u00ebris\u00eb\u201d; Ligj 95\/2016, \u201cP\u00ebr organizimin dhe funksionimin e institucioneve p\u00ebr t\u00eb luftuar korrupsionin dhe&hellip;<\/p>\n","protected":false},"author":1,"featured_media":0,"parent":0,"menu_order":0,"comment_status":"closed","ping_status":"closed","template":"","meta":{"footnotes":""},"class_list":["post-3437","page","type-page","status-publish","hentry"],"_links":{"self":[{"href":"https:\/\/ipls.org\/projekte\/alleyesonjustice\/wp-json\/wp\/v2\/pages\/3437","targetHints":{"allow":["GET"]}}],"collection":[{"href":"https:\/\/ipls.org\/projekte\/alleyesonjustice\/wp-json\/wp\/v2\/pages"}],"about":[{"href":"https:\/\/ipls.org\/projekte\/alleyesonjustice\/wp-json\/wp\/v2\/types\/page"}],"author":[{"embeddable":true,"href":"https:\/\/ipls.org\/projekte\/alleyesonjustice\/wp-json\/wp\/v2\/users\/1"}],"replies":[{"embeddable":true,"href":"https:\/\/ipls.org\/projekte\/alleyesonjustice\/wp-json\/wp\/v2\/comments?post=3437"}],"version-history":[{"count":2,"href":"https:\/\/ipls.org\/projekte\/alleyesonjustice\/wp-json\/wp\/v2\/pages\/3437\/revisions"}],"predecessor-version":[{"id":3629,"href":"https:\/\/ipls.org\/projekte\/alleyesonjustice\/wp-json\/wp\/v2\/pages\/3437\/revisions\/3629"}],"wp:attachment":[{"href":"https:\/\/ipls.org\/projekte\/alleyesonjustice\/wp-json\/wp\/v2\/media?parent=3437"}],"curies":[{"name":"wp","href":"https:\/\/api.w.org\/{rel}","templated":true}]}}