{"id":3456,"date":"2022-03-10T10:23:47","date_gmt":"2022-03-10T10:23:47","guid":{"rendered":"http:\/\/ipls.org\/projekte\/alleyesonjustice\/?page_id=3456"},"modified":"2022-03-10T10:25:00","modified_gmt":"2022-03-10T10:25:00","slug":"indikatoret-e-klp","status":"publish","type":"page","link":"https:\/\/ipls.org\/projekte\/alleyesonjustice\/matrica\/indikatoret-e-klp\/","title":{"rendered":"Indikatoret e KLP"},"content":{"rendered":"<p>[vc_row hide_bg_image_on_tablet=&#8221;&#8221; hide_bg_image_on_mobile=&#8221;&#8221; row_delimiter=&#8221;&#8221; row_hide_unfixed=&#8221;&#8221; hide_on_desktop=&#8221;&#8221; hide_on_notebook=&#8221;&#8221; hide_on_tablet=&#8221;&#8221; hide_on_mobile=&#8221;&#8221; hide_on_frontpage=&#8221;&#8221; hide_on_singular=&#8221;&#8221; hide_on_other=&#8221;&#8221;][vc_column icons_position=&#8221;left&#8221;][vc_column_text]<\/p>\n<h2><strong>K\u00cbSHILLIN E LART\u00cb T\u00cb PROKURORIS\u00cb<\/strong><\/h2>\n<p><strong>Indikator\u00ebt e rezultateve p\u00ebr KLP, propozuar nga ISPL, n\u00eb baz\u00eb t\u00eb SND 2021-2025<\/strong><\/p>\n<p><em>Projekti \u201c<strong>All Eyes on Justice &#8211; Monitoring the Justice Reform in Albania<\/strong>\u201d<\/em><\/p>\n<p><em>Financuar nga: <strong>Programi MATRA\/Ambasada e Mbret\u00ebris\u00eb s\u00eb Holand\u00ebs n\u00eb Shqip\u00ebri<\/strong><\/em><\/p>\n<p><em>Zbatuar nga:\u00a0 <strong>Instituti p\u00ebr Studime Publike e Ligjore (ISPL<\/strong>)<\/em><\/p>\n<p>&nbsp;<\/p>\n<ol>\n<li>\n<h6><strong><em>\u201c% e buxhetit t\u00eb shtetit dedikuar organeve t\u00eb qeverisjes s\u00eb sistemit t\u00eb drejt\u00ebsis\u00eb (pjesa e KLP-se)<\/em><\/strong><strong>\u201d. (Indikator 3 i Pasaportes). <\/strong><\/h6>\n<\/li>\n<\/ol>\n<p>Burimi: Raporti vjetor i MFE-s\u00eb.<\/p>\n<p>Vlera Baz\u00eb n\u00eb 2020: 0.028 %.<\/p>\n<p>Vlera e synuar n\u00eb 2021: 0.045%.<\/p>\n<p>&nbsp;<\/p>\n<ol start=\"2\">\n<li>\n<h6><strong><em>\u201c% e prokuror\u00ebve q\u00eb besojn\u00eb se prokuror\u00ebt jan\u00eb em\u00ebruar \/ ngritur n\u00eb detyr\u00eb bazuar n\u00eb meritokraci dhe sistemin e karrier\u00ebs\u201d<\/em><\/strong><strong>. (<\/strong><strong>Indikator i propozuar nga projekti). <\/strong><\/h6>\n<\/li>\n<\/ol>\n<p>Burimi: Sondazhi i hartuar dhe administruar nga KLP, sipas metodologjis\u00eb s\u00eb Rrjetit Evropian t\u00eb K\u00ebshillave p\u00ebr Gjyq\u00ebsorin.<\/p>\n<p>Vlera Baz\u00eb n\u00eb 2021: 75 %.<\/p>\n<p>Vlera e synuar n\u00eb 2022: 85%<\/p>\n<p>&nbsp;<\/p>\n<ol start=\"3\">\n<li>\n<h6><strong><em>\u201c% e k\u00ebshilltar\u00ebve\/administrat\u00ebs s\u00eb KLP-s\u00eb q\u00eb jan\u00eb trajnuar mbi detyrat e tyre funksionale\u201d.<\/em><\/strong><strong> (Indikator i propozuar nga projekti). <\/strong><\/h6>\n<\/li>\n<\/ol>\n<p>Burimi: T\u00eb dh\u00ebnat zyrtare t\u00eb KLP mbi numrin e trajnimeve t\u00eb ndjekura nga stafi, p\u00ebrfshir\u00eb k\u00ebshilltar\u00ebt e an\u00ebtar\u00ebve (magjistrat\u00eb t\u00eb komanduar dhe jo-magjistrat\u00eb).<\/p>\n<p>Vlera Baz\u00eb n\u00eb 2020: Do t\u00eb merren t\u00eb dh\u00ebnat nga KLP.<\/p>\n<p>Vlera e synuar n\u00eb 2022: T\u00eb pakt\u00ebn 2 trajnime.<\/p>\n<p>&nbsp;<\/p>\n<ol start=\"4\">\n<li>\n<h6><strong><em>\u201c% e prokuror\u00ebve q\u00eb jan\u00eb vler\u00ebsuar nga KLP n\u00eb p\u00ebrputhje me aktet n\u00ebnligjore t\u00eb miratura nga KLP\u201d<\/em><\/strong><strong>. (<\/strong><strong>Indikator i propozuar nga Projekti si me interes p\u00ebr t\u2019u vler\u00ebsuar dhe monitoruar dhe n\u00eb p\u00ebrputhje me Indikatorin 3 t\u00eb p\u00ebrcaktuar n\u00eb planin strategjik t\u00eb KLP 2021-2024). <\/strong><\/h6>\n<\/li>\n<\/ol>\n<p>Burimi: T\u00eb dh\u00ebnat zyrtare t\u00eb KLP mbi numrin e vler\u00ebsimeve t\u00eb kryera, procedur\u00ebn e ndjekur dhe koh\u00ebn p\u00ebr t\u00eb cil\u00ebn \u00ebsht\u00eb p\u00ebrfunduar secila procedur\u00eb.<\/p>\n<p>Vlera baz\u00eb n\u00eb 2020<strong>: <\/strong>\u00a0Do t\u00eb merren t\u00eb dh\u00ebnat nga KLP.<\/p>\n<p>Vlera e synuar ne 2021\/\u201922: Do t\u00eb merren t\u00eb dh\u00ebnat nga KLP.<\/p>\n<p>&nbsp;<\/p>\n<ol start=\"5\">\n<li>\n<h6><strong><em>\u201cKLP monitoron dhe vler\u00ebson ecurin\u00eb e planit strategjik institucional\u201d. (<\/em><\/strong><strong>Indikator i propozuar nga projekti bazuar n\u00eb objektivat dhe pritshm\u00ebrit\u00eb q\u00eb vet KLP i ka vendosur vetes). <\/strong><\/h6>\n<\/li>\n<\/ol>\n<p>Burimi: 1. Informacion i marr\u00eb nga KLP n\u00ebse ka pasur plan monitorimi dhe proces monitorimi; 2. Analiz\u00eb sintetike e dokumentave t\u00eb prodhuara nga ky proces monitorues (p\u00ebr shembull, a ka pasur raportime p\u00ebr cdo objektiv strategjik, a ka pasur rishikim t\u00eb objektivave dhe masave). 3. Pjes\u00ebmarrje n\u00eb mbledhjet\/takimet e organizuara p\u00ebr k\u00ebt\u00eb q\u00ebllim (a ka pasur diskutim mbi arritjet\/sfidat?).<\/p>\n<p>&nbsp;<\/p>\n<ol start=\"6\">\n<li>\n<h6><strong><em>\u201c% e \u00e7\u00ebshtjeve t\u00eb p\u00ebrfunduara me vendim t\u00eb KLP, n\u00eb raport me k\u00ebrkesat e d\u00ebrguara nga ILD\u201d<\/em><\/strong><strong>. (<\/strong><strong>Indikator i propozuar nga projekti). <\/strong><\/h6>\n<\/li>\n<\/ol>\n<p>Burimi: T\u00eb dh\u00ebnat zyrtare t\u00eb KLP dhe ILD.<\/p>\n<p>Vlera baz\u00eb n\u00eb 2020: 75%.<\/p>\n<p>Vlera e synuar: Do t\u00eb merren t\u00eb dh\u00ebnat nga KLP.<\/p>\n<p>&nbsp;<\/p>\n<ol start=\"7\">\n<li>\n<h6><strong><em>\u201c% e \u00e7\u00ebshtjeve disiplinore ndaj prokuror\u00ebve, n\u00eb rastin kur informacionet p\u00ebrkat\u00ebse gjenden online\u201d<\/em><\/strong><strong>. <\/strong><strong>(Indikatori 5 n\u00eb Planin Strategjik t\u00eb KLP 2021-2024). <\/strong><\/h6>\n<\/li>\n<\/ol>\n<p>Burimi: Faqja zyrtare e internetit t\u00eb KLP.<\/p>\n<p>Vlera baz\u00eb n\u00eb 2020<strong>: <\/strong>0.<\/p>\n<p>Vlera e synuar: 80%.<\/p>\n<p>&nbsp;<\/p>\n<ol start=\"8\">\n<li>\n<h6><strong><em>\u201c% e akteve t\u00eb analizuara nga KLP q\u00eb kan\u00eb arritur t\u00eb marrin form\u00ebn e projektligjeve apo t\u00eb ligjeve\u201d<\/em><\/strong><strong>. (Indikator i propozuar nga Projekti<\/strong>).<\/h6>\n<\/li>\n<\/ol>\n<p>Burimi: KLP.<\/p>\n<p>Vlera baz\u00eb n\u00eb 2020: Do t\u00eb merret nga KLP.<\/p>\n<p>Vlera e synuar: 80%<\/p>\n<p>&nbsp;<\/p>\n<ol start=\"9\">\n<li>\n<h6><strong><em>\u201cKuotat vjetore t\u00eb kandidat\u00ebve magjistrat\u00eb, k\u00ebshilltar\u00ebve dhe ndihm\u00ebsve n\u00eb Shkoll\u00ebn e Magjistatur\u00ebs\u201d<\/em><\/strong><strong>. (Indikator 8 i Pasaportes). <\/strong><\/h6>\n<\/li>\n<\/ol>\n<p>Burimi: T\u00eb dh\u00ebnat zyrtare t\u00eb ShM mbi numrin e magjistrat\u00ebve t\u00eb pranuar n\u00eb nj\u00eb vit akademik.<\/p>\n<p>Vlera baz\u00eb n\u00eb 2020\/2021: 80 kandidat\u00eb.<\/p>\n<p>Vlera e synuar n\u00eb 2022: 100 kandidat\u00eb.<\/p>\n<p>&nbsp;<\/p>\n<ol start=\"10\">\n<li>\n<h6><strong><em>\u201c% e <\/em><\/strong><strong><em>prokuror<\/em><\/strong><strong><em>\u00eb<\/em><\/strong><strong><em>ve q\u00eb kan\u00eb marr\u00eb pjes\u00eb n\u00eb t\u00eb pakt\u00ebn 5 dit\u00eb trajnimi n\u00eb vit<\/em><\/strong><strong><em>\u201d<\/em><\/strong><strong>-(Indikator i propozuar nga projekti). <\/strong><\/h6>\n<\/li>\n<\/ol>\n<p>Burimi: T\u00eb dh\u00ebnat zyrtare t\u00eb ShM.<\/p>\n<p>Vlera baz\u00eb n\u00eb 2020-2021: Do t\u00eb merret nga ShM.<\/p>\n<p>Vlera e synuar: 80%.<\/p>\n<p>&nbsp;<\/p>\n<ol start=\"11\">\n<li>\n<h6><strong>\u201c<em>Numri i komunikimeve me median nga magjistrati i shtypit ose personi i autorizuar n\u00eb gjykat\u00eb\/prokurori\u201d<\/em>. (Indikator i propozuar nga Projekti). <\/strong><\/h6>\n<\/li>\n<\/ol>\n<p>Burimi: T\u00eb dh\u00ebnat zyrtare te KLP\/prokurorive mbi deklaratat dhe komunikimet e b\u00ebra nga magjistrati i shtypit.<\/p>\n<p>Vlera baz\u00eb: Do t\u00eb merret nga KLP\/Prokurorit\u00eb.<\/p>\n<p>Vlera e synuar: Do t\u00eb merret nga KLP\/Prokurorit\u00eb.<\/p>\n<p>&nbsp;<\/p>\n<ol start=\"12\">\n<li>\n<h6><strong><em>\u201cVlera e pasurive t\u00eb sekuestruara\/konfiskuara\u201d<\/em><\/strong><strong>. (Indikator i propozuar nga Projekti). <\/strong><\/h6>\n<\/li>\n<\/ol>\n<p>Burimi: KLP, PP, SPAK.<\/p>\n<p>Vlera baz\u00eb: 0<\/p>\n<p>Vlera e synuar: m\u00eb e madhe se 50%<\/p>\n<p>&nbsp;<\/p>\n<ol start=\"13\">\n<li>\n<h6><strong><em>\u201c% e prokurorive p\u00ebr t\u00eb cilat sistemi i ri i menaxhimit t\u00eb \u00e7\u00ebshtjeve \u00ebsht\u00eb ngritur dhe funksionon me kapacitet t\u00eb plot\u00eb\u201d<\/em><\/strong><strong>. (Indikator 25 i Pasaportes). <\/strong><\/h6>\n<\/li>\n<\/ol>\n<p>Burimi: T\u00eb dh\u00ebnat e KLP-se dhe MD-se.<\/p>\n<p>Vlera baz\u00eb: 0;<\/p>\n<p>Vlera e synuar:[\/vc_column_text][\/vc_column][\/vc_row][vc_row][vc_column icons_position=&#8221;left&#8221;][vc_separator][\/vc_column][\/vc_row]<\/p>\n","protected":false},"excerpt":{"rendered":"<p>[vc_row hide_bg_image_on_tablet=&#8221;&#8221; hide_bg_image_on_mobile=&#8221;&#8221; row_delimiter=&#8221;&#8221; row_hide_unfixed=&#8221;&#8221; hide_on_desktop=&#8221;&#8221; hide_on_notebook=&#8221;&#8221; hide_on_tablet=&#8221;&#8221; hide_on_mobile=&#8221;&#8221; hide_on_frontpage=&#8221;&#8221; hide_on_singular=&#8221;&#8221; hide_on_other=&#8221;&#8221;][vc_column icons_position=&#8221;left&#8221;][vc_column_text] K\u00cbSHILLIN E LART\u00cb T\u00cb PROKURORIS\u00cb Indikator\u00ebt e rezultateve p\u00ebr KLP, propozuar nga ISPL, n\u00eb baz\u00eb t\u00eb SND 2021-2025 Projekti \u201cAll Eyes on Justice &#8211; Monitoring the Justice Reform in Albania\u201d Financuar nga: Programi MATRA\/Ambasada e Mbret\u00ebris\u00eb s\u00eb Holand\u00ebs n\u00eb Shqip\u00ebri Zbatuar nga:\u00a0 Instituti p\u00ebr Studime Publike e&hellip;<\/p>\n","protected":false},"author":1,"featured_media":0,"parent":3225,"menu_order":0,"comment_status":"closed","ping_status":"closed","template":"","meta":{"footnotes":""},"class_list":["post-3456","page","type-page","status-publish","hentry"],"_links":{"self":[{"href":"https:\/\/ipls.org\/projekte\/alleyesonjustice\/wp-json\/wp\/v2\/pages\/3456","targetHints":{"allow":["GET"]}}],"collection":[{"href":"https:\/\/ipls.org\/projekte\/alleyesonjustice\/wp-json\/wp\/v2\/pages"}],"about":[{"href":"https:\/\/ipls.org\/projekte\/alleyesonjustice\/wp-json\/wp\/v2\/types\/page"}],"author":[{"embeddable":true,"href":"https:\/\/ipls.org\/projekte\/alleyesonjustice\/wp-json\/wp\/v2\/users\/1"}],"replies":[{"embeddable":true,"href":"https:\/\/ipls.org\/projekte\/alleyesonjustice\/wp-json\/wp\/v2\/comments?post=3456"}],"version-history":[{"count":1,"href":"https:\/\/ipls.org\/projekte\/alleyesonjustice\/wp-json\/wp\/v2\/pages\/3456\/revisions"}],"predecessor-version":[{"id":3457,"href":"https:\/\/ipls.org\/projekte\/alleyesonjustice\/wp-json\/wp\/v2\/pages\/3456\/revisions\/3457"}],"up":[{"embeddable":true,"href":"https:\/\/ipls.org\/projekte\/alleyesonjustice\/wp-json\/wp\/v2\/pages\/3225"}],"wp:attachment":[{"href":"https:\/\/ipls.org\/projekte\/alleyesonjustice\/wp-json\/wp\/v2\/media?parent=3456"}],"curies":[{"name":"wp","href":"https:\/\/api.w.org\/{rel}","templated":true}]}}