{"id":3459,"date":"2022-03-10T10:35:09","date_gmt":"2022-03-10T10:35:09","guid":{"rendered":"http:\/\/ipls.org\/projekte\/alleyesonjustice\/?page_id=3459"},"modified":"2022-03-10T10:37:32","modified_gmt":"2022-03-10T10:37:32","slug":"indikatoret-e-md","status":"publish","type":"page","link":"https:\/\/ipls.org\/projekte\/alleyesonjustice\/matrica\/indikatoret-e-md\/","title":{"rendered":"Indikatoret e MD"},"content":{"rendered":"<p>[vc_row hide_bg_image_on_tablet=&#8221;&#8221; hide_bg_image_on_mobile=&#8221;&#8221; row_delimiter=&#8221;&#8221; row_hide_unfixed=&#8221;&#8221; hide_on_desktop=&#8221;&#8221; hide_on_notebook=&#8221;&#8221; hide_on_tablet=&#8221;&#8221; hide_on_mobile=&#8221;&#8221; hide_on_frontpage=&#8221;&#8221; hide_on_singular=&#8221;&#8221; hide_on_other=&#8221;&#8221;][vc_column icons_position=&#8221;left&#8221;][vc_column_text]<\/p>\n<h2><strong>MINISTRINE E DREJTESISE<\/strong><\/h2>\n<p><strong>Indikator\u00ebt e rezultateve p\u00ebr MD, propozuar nga ISPL, n\u00eb baz\u00eb t\u00eb SND 2021-2025<\/strong><\/p>\n<p><strong><em>Projekti \u201cAll Eyes on Justice &#8211; Monitoring the Justice Reform in Albania\u201d<\/em><\/strong><\/p>\n<p><strong><em>Financuar nga: Programi MATRA\/Ambasada e Mbret\u00ebris\u00eb s\u00eb Holand\u00ebs n\u00eb Shqip\u00ebri<\/em><\/strong><\/p>\n<p><strong><em>Zbatuar nga:\u00a0 Instituti p\u00ebr Studime Publike e Ligjore (ISPL)<\/em><\/strong><\/p>\n<p>&nbsp;<\/p>\n<p>&nbsp;<\/p>\n<ol>\n<li>\n<h6><strong><em>\u201c% e akteve t\u00eb analizuara nga KLGj q\u00eb kan\u00eb arritur t\u00eb marrin form\u00ebn e projektligjeve apo t\u00eb ligjeve<\/em><\/strong><strong>\u201d. (Indikator i propozuar nga projekti).<\/strong><\/h6>\n<\/li>\n<\/ol>\n<p>Burimi: MD-Numri i akteve ligjore t\u00eb analizuara nga KLGJ, n\u00eb bashk\u00ebpunim me aktor\u00eb t\u00eb tjer\u00eb t\u00eb sistemit t\u00eb sistemit t\u00eb drejt\u00ebsis\u00eb, t\u00eb cilat kan\u00eb arritur t\u00eb marrin form\u00ebn e projektligjeve\/ligjeve.<\/p>\n<p>Vlera baz\u00eb n\u00eb 2020: E dh\u00ebna do t\u00eb merret nga MD\/KLGj.<\/p>\n<p>Vlera e synuar n\u00eb 2022: E dh\u00ebna do t\u00eb merret nga MD\/KLGj.<\/p>\n<p>&nbsp;<\/p>\n<ol start=\"2\">\n<li>\n<h6><strong><em>\u201cNumri i akteve ligjore t\u00eb BE-s\u00eb t\u00eb harmonizuara si\u00e7 duhet me acquis (kapitulli 23)\u201d. <\/em><\/strong><strong>(Indikatori 24 i Pasaportes). <\/strong><\/h6>\n<\/li>\n<\/ol>\n<p>Burimi: T\u00eb dh\u00ebnat e MD-s\u00eb<\/p>\n<p>Vlera baz\u00eb n\u00eb 2020: 0<\/p>\n<p>Vlera e synuar n\u00eb 2021: 2<\/p>\n<p>Vlera e synuar n\u00eb 2022: 5<\/p>\n<p>&nbsp;<\/p>\n<ol start=\"3\">\n<li>\n<h6><strong><em>\u201c% e aplikimeve t\u00eb pranuara p\u00ebr t\u00eb marr\u00eb ndihm\u00eb juridike par\u00ebsore falas<\/em><\/strong><strong>\u201d. (Indikatori 16 i Pasaportes).<\/strong><\/h6>\n<\/li>\n<\/ol>\n<p>Burimi: MD-Statistikat e Ndihm\u00ebs Juridike Falas p\u00ebr numrin e personave q\u00eb kan\u00eb p\u00ebrfituar ndihm\u00eb juridike par\u00ebsore falas.<\/p>\n<p>Vlera baz\u00eb n\u00eb 2020: 4200 persona kan\u00eb p\u00ebrfituar ndihm\u00eb juridike par\u00ebsore t\u00eb garantuar nga shteti.<\/p>\n<p>Vlera e synuar n\u00eb 2021\/2022: Rritje 5% n\u00eb krahasim me vitin paraardh\u00ebs.<\/p>\n<p>&nbsp;<\/p>\n<ol start=\"4\">\n<li>\n<h6><strong><em>\u201c% e aplikimeve t\u00eb pranuara p\u00ebr t\u00eb marr\u00eb ndihm\u00eb juridike dyt\u00ebsore falas<\/em><\/strong><strong>\u201d. (Indikatori 17 i Pasaportes).<\/strong><\/h6>\n<\/li>\n<\/ol>\n<p>Burimi: MD-Statistikat e Ndihm\u00ebs Juridike Falas p\u00ebr numrin e personave q\u00eb kan\u00eb p\u00ebrfituar ndihm\u00eb juridike dyt\u00ebsore falas.<\/p>\n<p>Vlera baz\u00eb n\u00eb 2020: 157 (numri I personave q\u00eb kan\u00eb p\u00ebrfituar ndihm\u00eb juridike dyt\u00ebsore).<\/p>\n<p>Vlera e synuar n\u00eb 2021\/2022: Rritje 15% n\u00eb krahasim me vitin paraardh\u00ebs.[\/vc_column_text][\/vc_column][\/vc_row][vc_row][vc_column icons_position=&#8221;left&#8221;][vc_separator][\/vc_column][\/vc_row]<\/p>\n","protected":false},"excerpt":{"rendered":"<p>[vc_row hide_bg_image_on_tablet=&#8221;&#8221; hide_bg_image_on_mobile=&#8221;&#8221; row_delimiter=&#8221;&#8221; row_hide_unfixed=&#8221;&#8221; hide_on_desktop=&#8221;&#8221; hide_on_notebook=&#8221;&#8221; hide_on_tablet=&#8221;&#8221; hide_on_mobile=&#8221;&#8221; hide_on_frontpage=&#8221;&#8221; hide_on_singular=&#8221;&#8221; hide_on_other=&#8221;&#8221;][vc_column icons_position=&#8221;left&#8221;][vc_column_text] MINISTRINE E DREJTESISE Indikator\u00ebt e rezultateve p\u00ebr MD, propozuar nga ISPL, n\u00eb baz\u00eb t\u00eb SND 2021-2025 Projekti \u201cAll Eyes on Justice &#8211; Monitoring the Justice Reform in Albania\u201d Financuar nga: Programi MATRA\/Ambasada e Mbret\u00ebris\u00eb s\u00eb Holand\u00ebs n\u00eb Shqip\u00ebri Zbatuar nga:\u00a0 Instituti p\u00ebr Studime Publike e Ligjore (ISPL)&hellip;<\/p>\n","protected":false},"author":1,"featured_media":0,"parent":3225,"menu_order":0,"comment_status":"closed","ping_status":"closed","template":"","meta":{"footnotes":""},"class_list":["post-3459","page","type-page","status-publish","hentry"],"_links":{"self":[{"href":"https:\/\/ipls.org\/projekte\/alleyesonjustice\/wp-json\/wp\/v2\/pages\/3459","targetHints":{"allow":["GET"]}}],"collection":[{"href":"https:\/\/ipls.org\/projekte\/alleyesonjustice\/wp-json\/wp\/v2\/pages"}],"about":[{"href":"https:\/\/ipls.org\/projekte\/alleyesonjustice\/wp-json\/wp\/v2\/types\/page"}],"author":[{"embeddable":true,"href":"https:\/\/ipls.org\/projekte\/alleyesonjustice\/wp-json\/wp\/v2\/users\/1"}],"replies":[{"embeddable":true,"href":"https:\/\/ipls.org\/projekte\/alleyesonjustice\/wp-json\/wp\/v2\/comments?post=3459"}],"version-history":[{"count":2,"href":"https:\/\/ipls.org\/projekte\/alleyesonjustice\/wp-json\/wp\/v2\/pages\/3459\/revisions"}],"predecessor-version":[{"id":3462,"href":"https:\/\/ipls.org\/projekte\/alleyesonjustice\/wp-json\/wp\/v2\/pages\/3459\/revisions\/3462"}],"up":[{"embeddable":true,"href":"https:\/\/ipls.org\/projekte\/alleyesonjustice\/wp-json\/wp\/v2\/pages\/3225"}],"wp:attachment":[{"href":"https:\/\/ipls.org\/projekte\/alleyesonjustice\/wp-json\/wp\/v2\/media?parent=3459"}],"curies":[{"name":"wp","href":"https:\/\/api.w.org\/{rel}","templated":true}]}}