{"id":3466,"date":"2022-03-10T10:45:41","date_gmt":"2022-03-10T10:45:41","guid":{"rendered":"http:\/\/ipls.org\/projekte\/alleyesonjustice\/?page_id=3466"},"modified":"2022-03-10T10:46:24","modified_gmt":"2022-03-10T10:46:24","slug":"indikatoret-e-shm","status":"publish","type":"page","link":"https:\/\/ipls.org\/projekte\/alleyesonjustice\/matrica\/indikatoret-e-shm\/","title":{"rendered":"Indikatoret e SHM"},"content":{"rendered":"<p>[vc_row hide_bg_image_on_tablet=&#8221;&#8221; hide_bg_image_on_mobile=&#8221;&#8221; row_delimiter=&#8221;&#8221; row_hide_unfixed=&#8221;&#8221; hide_on_desktop=&#8221;&#8221; hide_on_notebook=&#8221;&#8221; hide_on_tablet=&#8221;&#8221; hide_on_mobile=&#8221;&#8221; hide_on_frontpage=&#8221;&#8221; hide_on_singular=&#8221;&#8221; hide_on_other=&#8221;&#8221;][vc_column icons_position=&#8221;left&#8221;][vc_column_text]<\/p>\n<h2><strong>DREJTOR I SHKOLLES SE MAGJISTRATURES<\/strong><\/h2>\n<p><strong>Indikator\u00ebt e rezultateve p\u00ebr SHM, propozuar nga ISPL, n\u00eb baz\u00eb t\u00eb SND 2021-2025<\/strong><\/p>\n<p><em>Projekti \u201c<strong>All Eyes on Justice &#8211; Monitoring the Justice Reform in Albania<\/strong>\u201d<\/em><\/p>\n<p><em>Financuar nga: <strong>Programi MATRA\/Ambasada e Mbret\u00ebris\u00eb s\u00eb Holand\u00ebs n\u00eb Shqip\u00ebri<\/strong><\/em><\/p>\n<p><em>Zbatuar nga:\u00a0 <strong>Instituti p\u00ebr Studime Publike e Ligjore (ISPL<\/strong>)<\/em><\/p>\n<p>&nbsp;<\/p>\n<ol>\n<li>\n<h6><strong><em>\u201c% e buxhetit t\u00eb shtetit dedikuar organeve t\u00eb qeverisjes s\u00eb sistemit t\u00eb drejt\u00ebsis\u00eb (pjesa e SHM-se))<\/em><\/strong><strong>\u201d. (Indikator 3 i Pasaportes). <\/strong><\/h6>\n<\/li>\n<\/ol>\n<p>Burimi: Raporti vjetor i MFE-s\u00eb.<\/p>\n<p>Vlera Baz\u00eb n\u00eb 2020: \u00a0Do t\u00eb merret nga SHM.<\/p>\n<p>Vlera e synuar n\u00eb 2021: Do t\u00eb merret nga SHM.<\/p>\n<p>&nbsp;<\/p>\n<ol start=\"2\">\n<li>\n<h6><strong><em>\u201cSHM monitoron dhe vler\u00ebson ecurin\u00eb e planit strategjik institucional\u201d. <\/em><\/strong><\/h6>\n<\/li>\n<\/ol>\n<p><strong><em>(<\/em><\/strong><strong>Indikator i propozuar nga projekti bazuar n\u00eb objektivat dhe pritshm\u00ebrit\u00eb q\u00eb SHM i ka vendosur vetes). <\/strong><\/p>\n<p>Burimi: 1. Informacion i marr\u00eb nga SHM n\u00ebse ka pasur plan monitorimi dhe proces monitorimi; 2. Analiz\u00eb sintetike e dokumentave t\u00eb prodhuara nga ky proces monitorues (p\u00ebr shembull, a ka pasur raportime p\u00ebr cdo objektiv strategjik dhe a ka pasur rishikim t\u00eb objektivave dhe masave?). 3. Pjes\u00ebmarrje n\u00eb mbledhjet\/takimet e organizuara p\u00ebr k\u00ebt\u00eb q\u00ebllim (a ka pasur diskutim mbi arritjet\/sfidat?).<\/p>\n<p>Vlera baz\u00eb n\u00eb 2020<strong>: <\/strong>Do t\u00eb merren t\u00eb dh\u00ebnat nga SHM.<\/p>\n<p>Vlera e synuar ne 2021 dhe 2022: Do t\u00eb merren t\u00eb dh\u00ebnat nga SHM.<\/p>\n<p>&nbsp;<\/p>\n<ol start=\"3\">\n<li>\n<h6><strong><em>\u201cKuotat vjetore t\u00eb kandidat\u00ebve magjistrat\u00eb, k\u00ebshilltar\u00ebve dhe ndihm\u00ebsve n\u00eb Shkoll\u00ebn e Magjistatur\u00ebs\u201d. <\/em><\/strong><strong>(Indikator 8 i Pasaportes)<\/strong><\/h6>\n<\/li>\n<\/ol>\n<p>Burimi: T\u00eb dh\u00ebnat zyrtare t\u00eb ShM mbi numrin e magjistrat\u00ebve t\u00eb pranuar n\u00eb nj\u00eb vit akademik.<\/p>\n<p>Vlera baz\u00eb n\u00eb 2020\/2021: 80 kandidat\u00eb.<\/p>\n<p>Vlera e synuar n\u00eb 2022: 100 kandidat\u00eb.<\/p>\n<p>&nbsp;<\/p>\n<ol start=\"4\">\n<li>\n<h6><strong><em>\u201c% e gjyqtar\u00ebve dhe prokuror\u00ebve t\u00eb trajnuar p\u00ebr t\u00eb pakt\u00ebn 5 dit\u00eb trajnimi n\u00eb vit\u201d. <\/em><\/strong><strong>(<\/strong><strong>Indikator i propozuar nga projekti).<\/strong><\/h6>\n<\/li>\n<\/ol>\n<p>Burimi: T\u00eb dh\u00ebnat zyrtare t\u00eb ShM mbi numrin e magjistrat\u00ebve t\u00eb trajnuar p\u00ebr t\u00eb pakt\u00ebn 5 dit\u00eb t\u00eb plota n\u00eb vit.<\/p>\n<p>Vlera baz\u00eb n\u00eb 2020\/2021: Do t\u00eb merret nga SHM.<\/p>\n<p>Vlera e synuar n\u00eb 2022: &gt;80%<\/p>\n<p>&nbsp;<\/p>\n<ol start=\"5\">\n<li>\n<h6><strong><em>\u201c% e magjistrat\u00ebve q\u00eb marrin pjes\u00eb n\u00eb trajnimin vazhdues t\u00eb organizuar nga Shkolla e Magjistratur\u00ebs krahasuar me ata q\u00eb fton ShM t\u00eb jen\u00eb pjes\u00eb e trajnimeve\u201d.<\/em><\/strong><strong> (<\/strong><strong>Indikator i propozuar nga projekti).<\/strong><\/h6>\n<\/li>\n<\/ol>\n<p>Burimi: T\u00eb dh\u00ebnat zyrtare t\u00eb ShM lidhur me ftesat p\u00ebr pjes\u00ebmarrje n\u00eb aktivitetet e trajnimit vazhdues dhe pjes\u00ebmarrjes konkrete n\u00eb aktivitete nga magjistrat\u00ebt e ftuar.<\/p>\n<p>Vlera baz\u00eb n\u00eb 2020\/2021: Do t\u00eb merret nga ShM<\/p>\n<p>Vlera e synuar n\u00eb 2022: &gt;80%<\/p>\n<p>&nbsp;<\/p>\n<ol start=\"6\">\n<li>\n<h6><strong><em>\u201c% e inspektor\u00ebve t\u00eb ILD q\u00eb jan\u00eb trajnuar mbi c\u00ebshtje q\u00eb lidhen me funksionet e tyre\u201d. <\/em><\/strong><strong>(Indikator i propozuar nga projekti).<\/strong><\/h6>\n<\/li>\n<\/ol>\n<p>Burimi: T\u00eb dh\u00ebnat zyrtare t\u00eb SHM\/ILD mbi numrin e trajnimeve t\u00eb ndjekura nga inspektor\u00ebt (magjistrat\u00eb dhe jomagjistrat\u00eb).<\/p>\n<p>Vlera baz\u00eb n\u00eb 2020\/2021: Do t\u00eb merret nga ShM\/ILD<\/p>\n<p>Vlera e synuar n\u00eb 2022: Do t\u00eb merret nga ShM\/ILD<\/p>\n<p>&nbsp;<\/p>\n<ol start=\"7\">\n<li>\n<h6><strong><em>\u201c% e k\u00ebshilltar\u00ebve\/administrat\u00ebs s\u00eb KLGJ-s\u00eb dhe KLP-s\u00eb q\u00eb jan\u00eb trajnuar mbi detyrat e tyre funksionale\u201d. <\/em><\/strong><strong>(<\/strong><strong>Indikator i propozuar nga projekti).<\/strong><\/h6>\n<\/li>\n<\/ol>\n<p>Burimi: T\u00eb dh\u00ebnat zyrtare t\u00eb SHM\/KLGJ\/KLP mbi numrin e trajnimeve t\u00eb ndjekura nga stafi, p\u00ebrfshir\u00eb k\u00ebshilltar\u00ebt e an\u00ebtar\u00ebve (magjistrat\u00eb t\u00eb komanduar dhe jomagjistrat\u00eb).<\/p>\n<p>Vlera baz\u00eb n\u00eb 2020: Do t\u00eb merret nga SHM\/KLGJ\/KLP.<\/p>\n<p>Vlera e synuar n\u00eb 2022: Do t\u00eb merret nga SHM\/KLGJ\/KLP.<\/p>\n<p>&nbsp;<\/p>\n<ol start=\"8\">\n<li>\n<h6><strong><em>% e pjes\u00ebmarr\u00ebsve n\u00eb trajnim q\u00eb besojn\u00eb se trajnimi ishte i dobish\u00ebm p\u00ebr pun\u00ebn e tyre\u201d. <\/em><\/strong><strong>(<\/strong><strong>Indikator i propozuar nga projekti).<\/strong><\/h6>\n<\/li>\n<\/ol>\n<p>Burimi: T\u00eb dh\u00ebnat zyrtare t\u00eb ShM t\u00eb mbledhura nga raportet e vler\u00ebsimit t\u00eb pjes\u00ebmarr\u00ebsve.<\/p>\n<p>Vlera baz\u00eb n\u00eb 2020\/2021: Do t\u00eb merret nga SHM.<\/p>\n<p>Vlera e synuar n\u00eb 2022: &gt;80%<\/p>\n<p>&nbsp;<\/p>\n<ol start=\"9\">\n<li>\n<h6><strong><em>\u201c% e trajnimeve q\u00eb trajtojn\u00eb ligjin shqiptar duke e krahasuar me at\u00eb t\u00eb BE\u201d. <\/em><\/strong><strong>(Indikator i propozuar nga projekti).<\/strong><\/h6>\n<\/li>\n<\/ol>\n<p>Burimi: T\u00eb dh\u00ebnat zyrtare t\u00eb ShM mbi numrin e trajnimeve q\u00eb kan\u00eb referim edhe n\u00eb ligjin dhe standardet e BE, p\u00ebrve\u00e7 ligjit shqiptar.<\/p>\n<p>Vlera baz\u00eb n\u00eb 2020\/2021: Do t\u00eb merret nga SHM.<\/p>\n<p>Vlera e synuar n\u00eb 2022: &gt;50%<\/p>\n<p><em>\u00a0<\/em>[\/vc_column_text][\/vc_column][\/vc_row][vc_row][vc_column icons_position=&#8221;left&#8221;][vc_separator][\/vc_column][\/vc_row]<\/p>\n","protected":false},"excerpt":{"rendered":"<p>[vc_row hide_bg_image_on_tablet=&#8221;&#8221; hide_bg_image_on_mobile=&#8221;&#8221; row_delimiter=&#8221;&#8221; row_hide_unfixed=&#8221;&#8221; hide_on_desktop=&#8221;&#8221; hide_on_notebook=&#8221;&#8221; hide_on_tablet=&#8221;&#8221; hide_on_mobile=&#8221;&#8221; hide_on_frontpage=&#8221;&#8221; hide_on_singular=&#8221;&#8221; hide_on_other=&#8221;&#8221;][vc_column icons_position=&#8221;left&#8221;][vc_column_text] DREJTOR I SHKOLLES SE MAGJISTRATURES Indikator\u00ebt e rezultateve p\u00ebr SHM, propozuar nga ISPL, n\u00eb baz\u00eb t\u00eb SND 2021-2025 Projekti \u201cAll Eyes on Justice &#8211; Monitoring the Justice Reform in Albania\u201d Financuar nga: Programi MATRA\/Ambasada e Mbret\u00ebris\u00eb s\u00eb Holand\u00ebs n\u00eb Shqip\u00ebri Zbatuar nga:\u00a0 Instituti p\u00ebr Studime Publike e&hellip;<\/p>\n","protected":false},"author":1,"featured_media":0,"parent":3225,"menu_order":0,"comment_status":"closed","ping_status":"closed","template":"","meta":{"footnotes":""},"class_list":["post-3466","page","type-page","status-publish","hentry"],"_links":{"self":[{"href":"https:\/\/ipls.org\/projekte\/alleyesonjustice\/wp-json\/wp\/v2\/pages\/3466","targetHints":{"allow":["GET"]}}],"collection":[{"href":"https:\/\/ipls.org\/projekte\/alleyesonjustice\/wp-json\/wp\/v2\/pages"}],"about":[{"href":"https:\/\/ipls.org\/projekte\/alleyesonjustice\/wp-json\/wp\/v2\/types\/page"}],"author":[{"embeddable":true,"href":"https:\/\/ipls.org\/projekte\/alleyesonjustice\/wp-json\/wp\/v2\/users\/1"}],"replies":[{"embeddable":true,"href":"https:\/\/ipls.org\/projekte\/alleyesonjustice\/wp-json\/wp\/v2\/comments?post=3466"}],"version-history":[{"count":2,"href":"https:\/\/ipls.org\/projekte\/alleyesonjustice\/wp-json\/wp\/v2\/pages\/3466\/revisions"}],"predecessor-version":[{"id":3468,"href":"https:\/\/ipls.org\/projekte\/alleyesonjustice\/wp-json\/wp\/v2\/pages\/3466\/revisions\/3468"}],"up":[{"embeddable":true,"href":"https:\/\/ipls.org\/projekte\/alleyesonjustice\/wp-json\/wp\/v2\/pages\/3225"}],"wp:attachment":[{"href":"https:\/\/ipls.org\/projekte\/alleyesonjustice\/wp-json\/wp\/v2\/media?parent=3466"}],"curies":[{"name":"wp","href":"https:\/\/api.w.org\/{rel}","templated":true}]}}