{"id":3528,"date":"2022-04-07T10:54:56","date_gmt":"2022-04-07T10:54:56","guid":{"rendered":"http:\/\/ipls.org\/projekte\/alleyesonjustice\/?page_id=3528"},"modified":"2022-04-12T20:59:12","modified_gmt":"2022-04-12T20:59:12","slug":"analiza","status":"publish","type":"page","link":"https:\/\/ipls.org\/projekte\/alleyesonjustice\/analiza\/","title":{"rendered":"Analiza"},"content":{"rendered":"<p>[vc_row][vc_column hide_bg_image_on_tablet=&#8221;&#8221; hide_bg_image_on_mobile=&#8221;&#8221; icons_position=&#8221;left&#8221; css=&#8221;.vc_custom_1509966252982{margin-top: -0.4rem !important;}&#8221;][vc_column_text]<\/p>\n<h2><a name=\"_Toc77083928\"><\/a><a name=\"_Toc77151005\"><\/a><strong>HYRJE<\/strong><a name=\"_Toc77083961\"><\/a><\/h2>\n<p>Analiza e Planit t\u00eb Masave t\u00eb Strategjis\u00eb Nd\u00ebrsektoriale t\u00eb Drejt\u00ebsis\u00eb 2021-2025 \u00ebsht\u00eb realizuar n\u00eb kuad\u00ebr t\u00eb projektit \u201cMe Syt\u00eb nga Drejt\u00ebsia\u201d, financuar nga programi MATRA i Ambasad\u00ebs Hollandeze n\u00eb Shqip\u00ebri dhe zbatuar nga Instituti p\u00ebr Studime Publike e Ligjore (ISPL). Projekti p\u00ebrfshin periudh\u00ebn 2020-2022, periudh\u00eb gjat\u00eb s\u00eb cil\u00ebs u hartua Strategjia Nd\u00ebrsektoriale e Drejt\u00ebsis\u00eb 2021-2025 (SND II) dhe fillon zbatimi i saj pes\u00eb-vje\u00e7ar.<\/p>\n<p>SND II \u00ebsht\u00eb vazhdim i SND I dhe zhvillohet e i p\u00ebrgjigjet nevojave t\u00eb reform\u00ebs n\u00eb drejt\u00ebsi, e konsideruar tashm\u00eb nga t\u00eb gjith\u00eb aktor\u00ebt komb\u00ebtar\u00eb e nd\u00ebrkomb\u00ebtar\u00eb si reforma m\u00eb e r\u00ebnd\u00ebsishme aktualisht n\u00eb Shqip\u00ebri. Ecuria dhe rezultatet e k\u00ebsaj reforme kusht\u00ebzojn\u00eb n\u00eb nj\u00eb mas\u00eb t\u00eb konsiderueshme procesin e integrimit t\u00eb Shqip\u00ebris\u00eb n\u00eb Bashkimin Europian. E udh\u00ebhequr dhe koordinuar nga Ministria e Drejt\u00ebsis\u00eb dhe e mb\u00ebshtetur nga programi Euralius i BE-s\u00eb, Strategjia Nd\u00ebr-sektoriale e Drejt\u00ebsis\u00eb 2021-2025, \u00ebsht\u00eb fryt i nj\u00eb bashk\u00ebpunimi mes gjith\u00eb institucioneve aktuale t\u00eb sistemit t\u00eb drejt\u00ebsis\u00eb, si dhe i nj\u00eb procesi konsultimi me aktor\u00eb t\u00eb ndrysh\u00ebm nd\u00ebrkomb\u00ebtar\u00eb e anatar\u00eb t\u00eb shoq\u00ebris\u00eb civile shqiptare. Ky dokument strategjik b\u00ebhet i zbatuesh\u00ebm n\u00eb m\u00ebnyr\u00eb m\u00eb konkrete p\u00ebrmes nj\u00eb Plani Veprimi t\u00eb integruar dhe nj\u00eb baterie indikator\u00ebsh q\u00eb do t\u00eb mund\u00ebsojn\u00eb monitorimin e vler\u00ebsimin e zbatimit t\u00eb tij.<\/p>\n<p>N\u00eb k\u00ebt\u00eb kontekst, Instituti p\u00ebr Studime Publike e Ligjore ( k\u00ebtu e m\u00eb posht\u00eb \u201cISPL\u201d), si nj\u00eb nga aktor\u00ebt e interesuar t\u00eb shoq\u00ebris\u00eb civile, \u00ebsht\u00eb angazhuar, n\u00eb kuad\u00ebr t\u00eb projektit \u201cMe Syt\u00eb nga Drejt\u00ebsia\u201d, t\u00eb mb\u00ebshtes\u00eb dhe t\u00eb ndihmoj\u00eb n\u00eb zbatimin sa m\u00eb efikas t\u00eb Strategjis\u00eb Nd\u00ebrsektoriale e Drejt\u00ebsis\u00eb 2021-2025, pik\u00ebs\u00ebpari duke iu ofruar institucioneve t\u00eb drejt\u00ebsis\u00eb dhe aktor\u00ebve t\u00eb tjer\u00eb t\u00eb angazhuar n\u00eb k\u00ebt\u00eb reform\u00eb: nj\u00eb analiz\u00eb kritike konstruktive p\u00ebr vet\u00eb dokumentin strategjik dhe at\u00eb operacional (Plani i Veprimit dhe indikator\u00ebt e tij); nj\u00eb baz\u00eb metodologjike p\u00ebr nj\u00eb monitorim sa m\u00eb objektiv e efikas t\u00eb nj\u00eb numri dometh\u00ebn\u00ebs t\u00eb masave kryesore t\u00ebPlanit t\u00ebVeprimit; dhe, mbi k\u00ebt\u00eb baz\u00eb, nj\u00eb pro\u00e7es monitorimi nj\u00eb-vjecar t\u00eb pavarur e objektiv t\u00eb zbatimit t\u00eb Planit t\u00eb Veprimit. N\u00eb lidhje me k\u00ebt\u00eb t\u00eb fundit, metodologjia e p\u00ebrzgjedhur n\u00eb k\u00ebt\u00eb projekt nuk paragjykon metodologjin\u00eb q\u00eb do t\u00eb ndjek\u00eb qeveria p\u00ebr monitorimin e masave e rezultateve t\u00eb Planit t\u00eb Veprimit, por ofron nj\u00eb alternativ\u00eb q\u00eb e p\u00ebrforcon dhe ndoshta e plot\u00ebson at\u00eb. Zbatimi i projektit mb\u00ebshtetet n\u00eb nj\u00eb bashk\u00ebpunim efikas me aktor\u00ebt institucional\u00eb t\u00eb SND II.<\/p>\n<p>Si nj\u00eb hap i par\u00eb n\u00eb zbatimin e tij, grupi i ekspert\u00ebve t\u00eb projektit ka p\u00ebrgatitur nj\u00eb analiz\u00eb t\u00eb detajuar t\u00eb dokumentit strategjik 2021-2025, planit t\u00eb tij t\u00eb veprimit si dhe t\u00eb indikator\u00ebve t\u00eb realizimit t\u00eb tij. Analiza synon: t\u00eb qart\u00ebsoj\u00eb p\u00ebr nj\u00eb publik sa m\u00eb t\u00eb gjer\u00eb kuptimin e q\u00ebllimeve, objektivave, rezultateve e masave t\u00eb SND II; t\u00eb ver\u00eb n\u00eb dukje pikat e forta por edhe element\u00ebt e paplot\u00eb ose t\u00eb pap\u00ebrshtatsh\u00ebm n\u00eb raport me nevojat e sistemit t\u00eb drejt\u00ebsis\u00eb; dhe, t\u00eb sugjeroj\u00eb p\u00ebrmir\u00ebsime t\u00eb mundshme p\u00ebr vendimmarr\u00ebsit. Gjithashtu, kjo analiz\u00eb do t\u00eb sh\u00ebrbej\u00eb si baz\u00eb p\u00ebr hartimin e nj\u00eb metodologjie monitorimi dhe bashk\u00ebpunimin sa m\u00eb efikas me institucionet e drejt\u00ebsis\u00eb q\u00eb jan\u00eb n\u00eb fokus t\u00eb k\u00ebtij projekti.<\/p>\n<p>Analiza eshtjelluar m\u00eb posht\u00eb\u00ebsht\u00eb strukturuar sipas dokumentit strategjik SND II dhe planit t\u00eb tij t\u00eb veprimit, dhe ndjek renditjen e tij, duke p\u00ebrzgjedhur kat\u00ebr (4) q\u00ebllimet e politik\u00ebs, n\u00ebnt\u00eb(9) objektiva specifik\u00eb, n\u00ebnt\u00ebmb\u00ebshjet\u00eb (19) rezultate, dyzet e nj\u00eb (41) masa dhe tet\u00ebmb\u00ebdhjet\u00eb(18) indikator\u00eb. P\u00ebrzgjedhja e b\u00ebr\u00eb nga lista t\u00ebr\u00ebsore e SND II bazohet n\u00eb interesin e vecant\u00eb q\u00eb paraqesin k\u00ebto objektiva, rezultate, masa e indikator\u00eb p\u00ebr q\u00ebllime t\u00eb monitorimit nga shoq\u00ebria civile t\u00eb progresit t\u00eb b\u00ebr\u00eb nga institucionet e drejt\u00ebsis\u00ebn\u00eb zbatimin e Strategjis\u00eb 2021-2025.[\/vc_column_text][\/vc_column][\/vc_row][vc_row][vc_column icons_position=&#8221;left&#8221;][vc_separator][\/vc_column][\/vc_row]<\/p>\n","protected":false},"excerpt":{"rendered":"<p>[vc_row][vc_column hide_bg_image_on_tablet=&#8221;&#8221; hide_bg_image_on_mobile=&#8221;&#8221; icons_position=&#8221;left&#8221; css=&#8221;.vc_custom_1509966252982{margin-top: -0.4rem !important;}&#8221;][vc_column_text] HYRJE Analiza e Planit t\u00eb Masave t\u00eb Strategjis\u00eb Nd\u00ebrsektoriale t\u00eb Drejt\u00ebsis\u00eb 2021-2025 \u00ebsht\u00eb realizuar n\u00eb kuad\u00ebr t\u00eb projektit \u201cMe Syt\u00eb nga Drejt\u00ebsia\u201d, financuar nga programi MATRA i Ambasad\u00ebs Hollandeze n\u00eb Shqip\u00ebri dhe zbatuar nga Instituti p\u00ebr Studime Publike e Ligjore (ISPL). Projekti p\u00ebrfshin periudh\u00ebn 2020-2022, periudh\u00eb gjat\u00eb s\u00eb cil\u00ebs u hartua Strategjia Nd\u00ebrsektoriale&hellip;<\/p>\n","protected":false},"author":1,"featured_media":0,"parent":0,"menu_order":0,"comment_status":"closed","ping_status":"closed","template":"","meta":{"footnotes":""},"class_list":["post-3528","page","type-page","status-publish","hentry"],"_links":{"self":[{"href":"https:\/\/ipls.org\/projekte\/alleyesonjustice\/wp-json\/wp\/v2\/pages\/3528","targetHints":{"allow":["GET"]}}],"collection":[{"href":"https:\/\/ipls.org\/projekte\/alleyesonjustice\/wp-json\/wp\/v2\/pages"}],"about":[{"href":"https:\/\/ipls.org\/projekte\/alleyesonjustice\/wp-json\/wp\/v2\/types\/page"}],"author":[{"embeddable":true,"href":"https:\/\/ipls.org\/projekte\/alleyesonjustice\/wp-json\/wp\/v2\/users\/1"}],"replies":[{"embeddable":true,"href":"https:\/\/ipls.org\/projekte\/alleyesonjustice\/wp-json\/wp\/v2\/comments?post=3528"}],"version-history":[{"count":7,"href":"https:\/\/ipls.org\/projekte\/alleyesonjustice\/wp-json\/wp\/v2\/pages\/3528\/revisions"}],"predecessor-version":[{"id":3897,"href":"https:\/\/ipls.org\/projekte\/alleyesonjustice\/wp-json\/wp\/v2\/pages\/3528\/revisions\/3897"}],"wp:attachment":[{"href":"https:\/\/ipls.org\/projekte\/alleyesonjustice\/wp-json\/wp\/v2\/media?parent=3528"}],"curies":[{"name":"wp","href":"https:\/\/api.w.org\/{rel}","templated":true}]}}